{"id":475,"date":"2019-12-17T21:04:48","date_gmt":"2019-12-17T21:04:48","guid":{"rendered":"http:\/\/www.movilh.cl\/trans\/?page_id=475"},"modified":"2019-12-26T23:26:33","modified_gmt":"2019-12-26T23:26:33","slug":"ley-de-identidad-de-genero","status":"publish","type":"page","link":"https:\/\/www.movilh.cl\/trans\/ley-de-identidad-de-genero\/","title":{"rendered":"Ley de identidad de g\u00e9nero"},"content":{"rendered":"<hr>\n\n\n<hr class=\"wp-block-separator\"\/>\n\n\n\n<h2 class=\"has-text-color\" style=\"color:#ff00ae\">Gu\u00eda para usar la ley<\/h2>\n\n\n\n<hr class=\"wp-block-separator\"\/>\n\n\n\n<h2><strong>\u00bfPara qu\u00e9\nsirve la ley?<\/strong><\/h2>\n\n\n\n<p>La <a href=\"http:\/\/www.movilh.cl\/wp-content\/uploads\/2018\/12\/Ley_Identidad_de_Genero_21.120.pdf\"><strong>Ley 21.120<\/strong> que Reconoce y da Protecci\u00f3n a la Ley de Identidad<\/a> de G\u00e9nero fue publicada en el Diario Oficial al 10 de diciembre del 2018 y entr\u00f3 en vigencia el 27 de diciembre del 2019.<\/p>\n\n\n\n<p>Los principales objetivos de la ley son garantizar la no discriminaci\u00f3n\npor identidad de g\u00e9nero y regular el cambio de nombre y sexo legal para personas\nmayores de 14 a\u00f1os. <\/p>\n\n\n\n<p>La regulaci\u00f3n es distinta para las&nbsp; personas solteras mayores de 18 a\u00f1os; para las personas casadas y para  quienes tienen entre 14 y 17 a\u00f1os.<\/p>\n\n\n\n<p>La ley define la identidad de g\u00e9nero como \u201cla convicci\u00f3n personal e interna de ser hombre o mujer, tal como la persona se percibe a s\u00ed misma, la cual puede corresponder o no con el sexo y nombre verificados en el acta de inscripci\u00f3n del nacimiento\u201d.<\/p>\n\n\n<hr>\n\n\n<h2><strong>Principios y\nderechos de la ley<\/strong><\/h2>\n\n\n\n<ul><li>Garantiza la dignidad en el trato a personas trans.<\/li><li>Proh\u00edbe la discriminaci\u00f3n a las personas trans.<\/li><li>Proh\u00edbe tratar a personas como enfermas.<\/li><li>Garantiza la confidencialidad de los datos privados de las personas trans.<\/li><li>Reconoce la autonom\u00eda progresiva de los ni\u00f1os, ni\u00f1as y adolescentes trans.<\/li><li>Respeta el inter\u00e9s superior del ni\u00f1o para reconocer y respetar su identidad de g\u00e9nero.<\/li><\/ul>\n\n\n\n<hr class=\"wp-block-separator\"\/>\n\n\n\n<h2><strong>Rectificaci\u00f3n\nde partida de nacimiento para mayores de 18 a\u00f1os y solteros<\/strong><\/h2>\n\n\n\n<p>Las personas mayores de 18 a\u00f1os y solteras podr\u00e1n solicitar por un\nm\u00e1ximo de dos veces la rectificaci\u00f3n de su partida de nacimiento en cualquier\nRegistro Civil del pa\u00eds.<\/p>\n\n\n\n<p>La solicitud se hace en cualquier oficina del Registro Civil, donde basta con asistir solo con la c\u00e9dula de identidad y teniendo claro los nombres y rut de dos testigos.  Tras pedir la solicitud el Registro Civil entregar\u00e1 una hora de audiencia, a la cual la persona deber\u00e1 asistir con dos testigos. <\/p>\n\n\n\n<p> En dicha audiencia los testigos deber\u00e1n declarar que el solicitante es mayor de 18 a\u00f1os y soltero\/a y que conocen los efectos jur\u00eddicos de cambiar el nombre y sexo legal<\/p>\n\n\n\n<p>En un plazo promedio de 45 d\u00edas se aceptar\u00e1 la solicitud si se cumplen con los requisitos<\/p>\n\n\n\n<p>Un vez aceptada la solicitud, el Registro Civil rectificar\u00e1 la partida\nde nacimiento y, 15 d\u00edas h\u00e1biles despu\u00e9s de ello, se emitir\u00e1n los nuevos\ndocumentos y se citar\u00e1 a la persona para que los retire.<\/p>\n\n\n\n<p>El Registro Civil informar\u00e1 de la nueva identidad a otros organismos a\nobjeto de que tambi\u00e9n efect\u00faen los cambios correspondientes.<\/p>\n\n\n\n<p>El Registro Civil deber\u00e1 resguardar que todo el tr\u00e1mite, y la pasada identidad del solicitante, se mantengan en reserva.<\/p>\n\n\n\n<hr class=\"wp-block-separator\"\/>\n\n\n\n<h2><strong>Rectificaci\u00f3n\nde partida de nacimiento para personas trans casadas<\/strong><\/h2>\n\n\n\n<p>La petici\u00f3n debe formularse en tribunales de\nfamilia, justificando porque se quiere rectificar la partida de nacimiento e\nidentificando el nombre y rut del c\u00f3nyuge.<\/p>\n\n\n\n<p>Tras ello la persona trans y su c\u00f3nyuge ser\u00e1n\ncitadas a una audiencia y se dictar\u00e1 sentencia. <\/p>\n\n\n\n<p>De aprobarse la rectificaci\u00f3n de partida de\nnacimiento, el matrimonio se declarar\u00e1 nulo.<\/p>\n\n\n\n<p>Con sentencia en mano,&nbsp; el Servicio de Registro Civil e Identificaci\u00f3n\nproceder\u00e1 a rectificar la partida de nacimiento.<\/p>\n\n\n\n<p>La persona trans&nbsp; o su ex c\u00f3nyuge tendr\u00e1n derecho a demandar compensaci\u00f3n econ\u00f3mica si es que por dedicarse a la labores dom\u00e9sticas durante el matrimonio alguno de ellos\/as no pudo desarrollar&nbsp; una actividad remunerada.<\/p>\n\n\n\n<hr class=\"wp-block-separator\"\/>\n\n\n\n<h2><strong>Rectificaci\u00f3n\nde partida de nacimiento para mayores de 14 y menores de 18 a\u00f1os.<\/strong><\/h2>\n\n\n\n<p>La solicitud deben\npresentarla uno o m\u00e1s representantes legales del adolescente en el Tribunal de\nFamilia&nbsp; correspondiente a &nbsp;su domicilio.<\/p>\n\n\n\n<p>En la solicitud\ndebe fundamentarse por qu\u00e9 el cambio de nombre y sexo legal ser\u00e1 beneficioso\npara el adolescente. <\/p>\n\n\n\n<p>En la ocasi\u00f3n se\ndeben acompa\u00f1ar antecedentes del contexto familiar que apoyen la solicitud,\ncomo son informes psicol\u00f3gicos o psicosociales donde se garantice que el\nadolescente y su entorno han recibido apoyo u orientaci\u00f3n profesional por un\nplazo de un a\u00f1o o m\u00e1s y que la o el joven no fue influenciado para cambiar su\nnombre y sexo.<\/p>\n\n\n\n<p>Tras 15 d\u00edas de\npresentada la solicitud, el adolescente y sus representantes ser\u00e1n citados a\nuna audiencia preliminar. Desde ah\u00ed en adelante el adolecentes podr\u00e1 a dar a\nconocer su punto de vista.<\/p>\n\n\n\n<p>Luego, y de manera\ninmediata, se realizar\u00e1 una audiencia preparatoria, donde podr\u00e1n ser citados el\nadolescente y sus representantes, as\u00ed tambi\u00e9n las personas que firmaron los\ninformes psicol\u00f3gicos o psicosociales..<\/p>\n\n\n\n<p>Finalmente se dictar\u00e1 sentencia y el Tribunal ordenar\u00e1 al Servicio de Registro Civil e Identificaci\u00f3n la rectificaci\u00f3n de la partida de nacimiento.<\/p>\n\n\n\n<hr class=\"wp-block-separator\"\/>\n\n\n\n<h2><strong>\u00bfQu\u00e9\npasa con los menores de 14 a\u00f1os?<\/strong><\/h2>\n\n\n\n<p>El cambio de nombre y sexo legal de los\nmenores de 14 a\u00f1os no fue incluido en la Ley de Identidad de G\u00e9nero por lo que\nni\u00f1os y ni\u00f1as &nbsp;podr\u00edan solicitar la\nrectificaci\u00f3n de su partida de nacimiento mediante la antigua legislaci\u00f3n. Sin\nembargo, solo el juez definir\u00e1 si acepta o no ello.<\/p>\n\n\n\n<p>De todas formas, la Ley de Identidad de G\u00e9nero si crea <a href=\"https:\/\/www.movilh.cl\/wp-content\/uploads\/2019\/12\/reglamento-ninos-trans-ley-identidad-de-genero-movilh.pdf\">un programa de acompa\u00f1amiento <\/a>para el menor de 14 a\u00f1os y sus familias, al cual pueden acceder si lo desean.<\/p>\n\n\n\n<p>Los prestadores de programas de acompa\u00f1amiento profesional pueden ser \u00f3rganos estatales o entidades sin fines de lucro con acreditaci\u00f3n vigente ante el Ministerio de Desarrollo Social y Familia. A estos \u00f3rganos&nbsp; podr\u00e1n acudir las familias con ni\u00f1os o ni\u00f1as trans menores de 14 a\u00f1os que requieran orientaci\u00f3n o ayuda profesional<\/p>\n\n\n\n<hr class=\"wp-block-separator\"\/>\n\n\n\n<h2>\u00bfQu\u00e9 pasa con los extranjeros?<\/h2>\n\n\n\n<p><\/p>\n\n\n\n<p>La ley establece que \u00ablos extranjeros \u00abs\u00f3lo podr\u00e1n rectificar su sexo y nombre para efectos de la emisi\u00f3n de documentos chilenos, cumpliendo los requisitos establecidos en esta ley. Para ello, deber\u00e1n inscribir previamente su nacimiento en la oficina de Santiago del Servicio de Registro Civil e Identificaci\u00f3n. Asimismo, en el procedimiento de rectificaci\u00f3n correspondiente, los extranjeros<br> deber\u00e1n siempre acreditar su permanencia definitiva en Chile\u00bb.<\/p>\n\n\n\n<hr class=\"wp-block-separator\"\/>\n","protected":false},"excerpt":{"rendered":"<p>Gu\u00eda para usar la ley \u00bfPara qu\u00e9 sirve la ley? La Ley 21.120 que Reconoce y da Protecci\u00f3n a la Ley de Identidad de G\u00e9nero fue publicada en el Diario Oficial al 10 de diciembre del 2018 y entr\u00f3 en vigencia el 27 de diciembre del 2019. Los principales objetivos de la ley son garantizar&hellip;<\/p>\n","protected":false},"author":1,"featured_media":575,"parent":0,"menu_order":0,"comment_status":"closed","ping_status":"closed","template":"","meta":[],"_links":{"self":[{"href":"https:\/\/www.movilh.cl\/trans\/wp-json\/wp\/v2\/pages\/475"}],"collection":[{"href":"https:\/\/www.movilh.cl\/trans\/wp-json\/wp\/v2\/pages"}],"about":[{"href":"https:\/\/www.movilh.cl\/trans\/wp-json\/wp\/v2\/types\/page"}],"author":[{"embeddable":true,"href":"https:\/\/www.movilh.cl\/trans\/wp-json\/wp\/v2\/users\/1"}],"replies":[{"embeddable":true,"href":"https:\/\/www.movilh.cl\/trans\/wp-json\/wp\/v2\/comments?post=475"}],"version-history":[{"count":14,"href":"https:\/\/www.movilh.cl\/trans\/wp-json\/wp\/v2\/pages\/475\/revisions"}],"predecessor-version":[{"id":632,"href":"https:\/\/www.movilh.cl\/trans\/wp-json\/wp\/v2\/pages\/475\/revisions\/632"}],"wp:featuredmedia":[{"embeddable":true,"href":"https:\/\/www.movilh.cl\/trans\/wp-json\/wp\/v2\/media\/575"}],"wp:attachment":[{"href":"https:\/\/www.movilh.cl\/trans\/wp-json\/wp\/v2\/media?parent=475"}],"curies":[{"name":"wp","href":"https:\/\/api.w.org\/{rel}","templated":true}]}}