{"id":468,"date":"2019-12-17T20:40:13","date_gmt":"2019-12-17T20:40:13","guid":{"rendered":"http:\/\/www.movilh.cl\/trans\/?page_id=468"},"modified":"2019-12-26T21:42:45","modified_gmt":"2019-12-26T21:42:45","slug":"recomendaciones-y-derechos","status":"publish","type":"page","link":"https:\/\/www.movilh.cl\/trans\/recomendaciones-y-derechos\/","title":{"rendered":"Recomendaciones y derechos"},"content":{"rendered":"\n<p>Mayor igualdad y mejor calidad de vida para las personas trans es un desaf\u00edo que involucra a toda la sociedad.<\/p>\n\n\n\n<p>Todas,\ntodos y todes podemos aportar si conocemos derechos&nbsp; y aceptamos\nrecomendaciones en planos que son vitales para las personas, como son el&nbsp;\nfamiliar,&nbsp; el de la salud, el educacional, el laboral y el legal.<\/p>\n\n\n\n<hr class=\"wp-block-separator\"\/>\n\n\n\n<h2><strong>Familia:&nbsp;<\/strong><\/h2>\n\n\n\n<p>El\nconocimiento en las familias sobre la transexualidad es nulo o muy escaso, lo\ncual tiene un impacto negativo directo en cualquier pariente cuya identidad o\nexpresi\u00f3n de g\u00e9nero sea distinta a la mayoritaria.<\/p>\n\n\n\n<p>Los\npadres, madres,&nbsp; otros familiares o\ntutores tienen un rol fundamental para contribuir a que la ni\u00f1ez y adolescencia\nde las personas trans sea feliz o lo menos dram\u00e1tica posible.<\/p>\n\n\n\n<p><strong>Aqu\u00ed algunas recomendaciones:<\/strong><\/p>\n\n\n\n<ul><li>Si su hijo\/a tiene conductas o intereses que usted piensa son diferentes al sexo asignado en su nacimiento, deje que se exprese y fluya su naturalidad. Nunca reprima o sancione. &nbsp;<\/li><li>Pregunte&nbsp; a su hijo\/a que siente, como le gustar\u00eda ser llamado\/a o tratado\/a o&nbsp; si el\/ella cree que es mujer, hombre o no binario. Sea cual sea la respuesta, transmita que lo\/a acepta y ama.<\/li><li>Si la identificaci\u00f3n de su hijo\/a con un sexo distinto al de su nacimiento es persistente,&nbsp; es decir se siente hombre teniendo vagina o mujer teniendo pene, lo m\u00e1s probable es que sea trans.&nbsp;<\/li><li>Si su hijo\/a es trans, o no tiene certeza de que lo es,&nbsp; busque orientaci\u00f3n para usted y&nbsp; toda su familia.&nbsp;<\/li><li>Posibilite espacios seguros para su hijo\/a, es decir, lugares donde se pueda expresar libremente, sin censurar su identidad. Esto pasa por realizar un trabajo de sensibilizaci\u00f3n en todo el entorno de su hijo\/a, incluida la escuela, sus m\u00e9dicos, sus amigos\/as, etc.<\/li><li>Aliente permanentemente a su hijo\/a a denunciar cualquier maltrato, burla o abuso que sufra.<\/li><li>Crea en lo que su hijo\/a dice. Si dice que es ni\u00f1a, lo es. Si dice que es ni\u00f1o, lo es. Exija en todo&nbsp; contexto que el\/a ni\u00f1o\/a sea tratado\/a seg\u00fan su identidad de g\u00e9nero.<\/li><li>Gestione toda la ayuda profesional necesaria para que su hijo\/a inicie su proceso de transici\u00f3n en la edad m\u00e1s temprana posible.<\/li><li>Gu\u00ede en todo momento a su hijo\/a en el desarrollo de actividades o ideas relacionadas con su identidad de g\u00e9nero, ayud\u00e1ndolo\/a a hablar, a vestirse o a expresarse en esa l\u00ednea.<\/li><\/ul>\n\n\n\n<hr class=\"wp-block-separator\"\/>\n\n\n\n<h2><strong>Educaci\u00f3n y trabajo<\/strong><\/h2>\n\n\n\n<p>Uno de los deberes de todo establecimiento educacional o espacio laboral, sea p\u00fablico o privado, es garantizar la no discriminaci\u00f3n a sus integrantes.<\/p>\n\n\n\n<p>En\nrelaci\u00f3n a los derechos de personas trans, las instituciones educacionales y\nlaborales&nbsp; deben:<\/p>\n\n\n\n<ul><li>Interiorizarse sobre las identidades de g\u00e9nero y la realidad de personas trans, solicitando charlas de capacitaci\u00f3n a organismos de derechos humanos.<\/li><li>Generar debates o espacios de conversaci\u00f3n sobre los derechos de las personas trans.<\/li><li>Preguntar a las personas trans c\u00f3mo desean ser llamadas o tratadas.<\/li><li>Llamar&nbsp; y tratar siempre a las personas trans por su nombre y sexo social, a\u00fan cuando su identidad de g\u00e9nero sea diferente a la legal.<\/li><li>Permitir que las personas trans se vistan de acuerdo a su identidad de g\u00e9nero.<\/li><li>Facilitar que las personas trans usen ba\u00f1os&nbsp; acordes a su identidad de g\u00e9nero.<\/li><li>Sensibilizar a todo el entorno laboral o educacional sobre la realidad de quienes tienen una identidad de g\u00e9nero diversa.<\/li><li>Establecer un contacto peri\u00f3dico con los parientes y\/o amigos\/as de las personas trans, para en conjunto contribuir a mejorar su calidad de vida, lo cual siempre implicar\u00e1 garantizar la libre expresi\u00f3n de su identidad de g\u00e9nero.<\/li><li>Prohibir y denunciar cualquier tipo de discriminaci\u00f3n contra las personas trans.<\/li><li>Jam\u00e1s negar el acceso a la educaci\u00f3n o al trabajo a personas cuya identidad legal es diferente al g\u00e9nero que expresan.<\/li><li>Leer materiales educativos referentes a derechos de grupos discriminados.<\/li><\/ul>\n\n\n\n<p>Se\nrecomienda<a href=\"http:\/\/issuu.com\/movilh\/docs\/www.movilh.cl?e=0\/3842602\">&nbsp;\u201cEducando en la diversidad, orientaci\u00f3n sexual e\nidentidad de g\u00e9nero en las aulas\u201d<\/a>. (Movilh-2010)<\/p>\n\n\n\n<p>Todas las recomendaciones expuestas, son parte de la circular sobre <a href=\"http:\/\/www.movilh.cl\/wp-content\/uploads\/2017\/04\/derechos-de-estudiantes-trans-en-la-educacion.pdf\">\u201cDerechos de ni\u00f1as, ni\u00f1os y estudiantes trans en el \u00e1mbito de la Educaci\u00f3n\u00bb<\/a>, lanzada en 2017. El texto de la Superintendencia de\u00a0 Educaci\u00f3n surgi\u00f3 en el marco del cumplimiento del <a href=\"https:\/\/www.movilh.cl\/documentacion\/2016\/Acuerdo-MOVILH-Estado.pdf\"><strong>Acuerdo de Soluci\u00f3n Amistosa <\/strong><\/a>que el Estado firm\u00f3 con el Movilh ante la Comisi\u00f3n Interamericana de Derechos Humanos (CIDH) <\/p>\n\n\n\n<hr class=\"wp-block-separator\"\/>\n\n\n\n<h2><strong>Salud:<\/strong><\/h2>\n\n\n\n<p>Sea\ncual sea la raz\u00f3n porque una persona trans visite un servicio de salud, los\nfuncionarios est\u00e1n obligados a respetar su identidad de g\u00e9nero.<\/p>\n\n\n\n<p>Al\nrespecto el Minsal ha emitido dos circulares (la n\u00fameros&nbsp;<a href=\"http:\/\/www.movilh.cl\/documentacion\/trans\/circular%2034%20instruye%20sobre%20la%20atenci%C3%B3n%20de%20personas%20trans%20y%20fortalecimiento%20de%20la%20estrategia.pdf\">34<\/a>&nbsp;y&nbsp;<a href=\"http:\/\/www.movilh.cl\/documentacion\/CIRCULAR21MINSAL.pdf\">21<\/a>)&nbsp; donde se exige a los\nestablecimientos&nbsp; de Salud que:<\/p>\n\n\n\n<p><strong>1.-<\/strong>&nbsp;En todos\nlos registros de la atenci\u00f3n \u201cdeben contemplar en primer lugar el nombre legal\nde la persona (consignado en el carnet de identidad) y en segundo lugar el\nnombre social con el cual dicha persona se identifica.&nbsp; Esto aplica tanto\npara la ficha cl\u00ednica como para la solicitud de ex\u00e1menes, procedimientos,\nprescripci\u00f3n de medicamentos y brazaletes de identificaci\u00f3n.<strong>&nbsp;Se insiste en que la identificaci\u00f3n\nverbal debe ser a trav\u00e9s de su nombre social<\/strong>\u201d.<\/p>\n\n\n\n<p><strong>2.-<\/strong>&nbsp;\u201cEn los\ncasos cuando la hospitalizaci\u00f3n se realice en Unidades Cr\u00edticas la informaci\u00f3n\nsobre el Estado de salud puede ser entregada a personas cercanas, sean o no\nfamiliares, pareja o a quien determine el paciente\u201d.<\/p>\n\n\n\n<p><strong>3.-<\/strong>&nbsp;En\nrelaci\u00f3n a la hospitalizaci\u00f3n debe internarse \u201cen sector de hombres, mujeres o\nen camas de aislamiento seg\u00fan el aspecto externo de la persona sujeta de ser hospitalizada\u201d.<\/p>\n\n\n\n<p>En el caso del las personas intersex, existe desde el 2015 una <a href=\"http:\/\/www.movilh.cl\/documentacion\/2016\/circular-18-MINSAL-intersex.pdf\">circular<\/a>&nbsp;del\nMinsal. Esta&nbsp; reglamentaci\u00f3n, proh\u00edbe\nsometer a cirug\u00edas&nbsp;a las personas intersex reci\u00e9n nacidas hasta que puedan\ndecidir sobre sus propios cuerpos. <\/p>\n\n\n\n<p>Por \u00faltimo, en relaci\u00f3n a las Isapres, ninguna entidad puede considerar a la transexualidad como patolog\u00eda y rebajar por ello la cobertura a las personas trans. Al respecto, el Movilh gan\u00f3 <a href=\"https:\/\/www.movilh.cl\/wp-content\/uploads\/2019\/08\/sentencia-trans-isapre.pdf\">un juicio<\/a> a una isapre que incurri\u00f3 en estos abusos, sentando un precedente a favor de la igualdad.  A ra\u00edz del juicio la Superintendencia de Salud emiti\u00f3 <a href=\"https:\/\/www.movilh.cl\/wp-content\/uploads\/2019\/10\/Circular_Trans_336_Isapres_Movilh.pdf\">una circular<\/a> que proh\u00edbe la discriminaci\u00f3n en todas las isapres.<\/p>\n\n\n\n<hr class=\"wp-block-separator\"\/>\n\n\n\n<h2>Legal:<\/h2>\n\n\n\n<p>La <a href=\"http:\/\/www.movilh.cl\/documentacion\/Ley-Antidiscriminacion-Chile-2012.pdf\">Ley que Establece Medidas contra la Discriminaci\u00f3n<\/a> proh\u00edbe toda forma de exclusi\u00f3n arbitraria motivada por la identidad de g\u00e9nero de las personas.<\/p>\n\n\n\n<p>Cuando\nuna persona trans es impedida de expresar su identidad o es tratada de manera\nde distinta a su g\u00e9nero, se est\u00e1 incurriendo en un acto de discriminaci\u00f3n.<\/p>\n\n\n\n<p>Consciente\nde ello es que cada vez son m\u00e1s las instituciones que est\u00e1n implementando\nmedidas para tratar a las personas trans seg\u00fan su identidad de g\u00e9nero. <\/p>\n\n\n\n<p>En tanto la<a href=\"http:\/\/www.movilh.cl\/wp-content\/uploads\/2018\/12\/Ley_Identidad_de_Genero_21.120.pdf\"> ley de Identidad de G\u00e9nero<\/a>, junto con garantizar la no discriminaci\u00f3n e impedir que las personas trans sean tratadas como enfermas, regula el cambio de nombre y sexo legal para los mayores de 14 a\u00f1os. <\/p>\n\n\n\n<p><\/p>\n","protected":false},"excerpt":{"rendered":"<p>Mayor igualdad y mejor calidad de vida para las personas trans es un desaf\u00edo que involucra a toda la sociedad. Todas, todos y todes podemos aportar si conocemos derechos&nbsp; y aceptamos recomendaciones en planos que son vitales para las personas, como son el&nbsp; familiar,&nbsp; el de la salud, el educacional, el laboral y el legal.&hellip;<\/p>\n","protected":false},"author":1,"featured_media":584,"parent":0,"menu_order":0,"comment_status":"closed","ping_status":"closed","template":"","meta":[],"_links":{"self":[{"href":"https:\/\/www.movilh.cl\/trans\/wp-json\/wp\/v2\/pages\/468"}],"collection":[{"href":"https:\/\/www.movilh.cl\/trans\/wp-json\/wp\/v2\/pages"}],"about":[{"href":"https:\/\/www.movilh.cl\/trans\/wp-json\/wp\/v2\/types\/page"}],"author":[{"embeddable":true,"href":"https:\/\/www.movilh.cl\/trans\/wp-json\/wp\/v2\/users\/1"}],"replies":[{"embeddable":true,"href":"https:\/\/www.movilh.cl\/trans\/wp-json\/wp\/v2\/comments?post=468"}],"version-history":[{"count":3,"href":"https:\/\/www.movilh.cl\/trans\/wp-json\/wp\/v2\/pages\/468\/revisions"}],"predecessor-version":[{"id":604,"href":"https:\/\/www.movilh.cl\/trans\/wp-json\/wp\/v2\/pages\/468\/revisions\/604"}],"wp:featuredmedia":[{"embeddable":true,"href":"https:\/\/www.movilh.cl\/trans\/wp-json\/wp\/v2\/media\/584"}],"wp:attachment":[{"href":"https:\/\/www.movilh.cl\/trans\/wp-json\/wp\/v2\/media?parent=468"}],"curies":[{"name":"wp","href":"https:\/\/api.w.org\/{rel}","templated":true}]}}