{"id":4585,"date":"2025-08-27T16:56:13","date_gmt":"2025-08-27T19:56:13","guid":{"rendered":"https:\/\/www.movilh.cl\/opusgay\/?page_id=4585"},"modified":"2025-08-27T17:38:27","modified_gmt":"2025-08-27T20:38:27","slug":"opusgay-el-primer-periodico-lgbtiq-de-chile","status":"publish","type":"page","link":"https:\/\/www.movilh.cl\/opusgay\/opusgay-el-primer-periodico-lgbtiq-de-chile\/","title":{"rendered":"Opusgay: el primer peri\u00f3dico LGBTIQ+ de Chile"},"content":{"rendered":"\n<p>Opusgay fue el primer peri\u00f3dico LGBTIQ+ de Chile, marcando un hito en la historia de las comunicaciones sobre los derechos de la diversidad sexual y de g\u00e9nero en el pa\u00eds.<\/p>\n\n\n\n<p>Aut\u00f3nomo e independiente, el medio fue ideado por un grupo de periodistas bajo la direcci\u00f3n de Ram\u00f3n G\u00f3mez Roa, quien utiliz\u00f3 el seud\u00f3nimo de <strong>Alberto Roa<\/strong>.&nbsp;<\/p>\n\n\n\n<p>Su lanzamiento tuvo lugar el <strong>4 de mayo de 2002 en el Palacio Arizt\u00eda<\/strong>, entonces sede de la C\u00e1mara de Diputadas y Diputados, generando\u00a0 al instante un <strong>debate nacional e internacional<\/strong> y un <strong>gran impacto medi\u00e1tico<\/strong>.<\/p>\n\n\n\n<p>\ud83d\udc49 <a href=\"https:\/\/movilh.cl\/archivo\/category\/primer-periodico-lgbtiq\" target=\"_blank\" rel=\"noreferrer noopener\"><strong>Ver archivo hist\u00f3rico<\/strong><\/a><\/p>\n\n\n\n<p>El nombre del peri\u00f3dico provoc\u00f3 una dura batalla legal con el <strong>Opus Dei<\/strong>, que intent\u00f3 despojarlo de su identidad. La disputa por el registro impreso se extendi\u00f3 hasta el 2004, y la relativa al dominio web Opusgay.cl hasta el 2011. En ambos casos, <strong>Opusgay derrot\u00f3 al Opus Dei<\/strong>, consolidando su legitimidad y dejando una huella en la libertad de expresi\u00f3n en Chile.<\/p>\n\n\n\n<p>\ud83d\udc49 <a href=\"https:\/\/movilh.cl\/archivo\/2507-2\/\" target=\"_blank\" rel=\"noreferrer noopener\"><strong>Disputa inicial<\/strong><\/a><br>\ud83d\udc49 <a href=\"https:\/\/www.movilh.cl\/historico-triunfo-opusgay-gana-batalla-legal-a-opus-dei-en-chile\/\" target=\"_blank\" rel=\"noreferrer noopener\"><strong>Triunfo legal de 2004<\/strong><\/a><br>\ud83d\udc49 <a href=\"https:\/\/www.movilh.cl\/diversidad-sexual-vence-en-chile-al-opus-dei-en-disputa-por-el-dominio-opusgay-cl\" target=\"_blank\" rel=\"noreferrer noopener\"><strong>Victoria por el dominio web<\/strong><\/a><\/p>\n\n\n\n<p>Entre <strong>mayo y diciembre de 2002<\/strong>, el peri\u00f3dico circul\u00f3 en formato impreso y se distribu\u00eda en quioscos.<\/p>\n\n\n\n<p>\ud83d\udc49 <a href=\"https:\/\/movilh.cl\/archivo\/content\/opusgay\" target=\"_blank\" rel=\"noreferrer noopener\"><strong>Revisa las ediciones impresas<\/strong><\/a><\/p>\n\n\n\n<p>Desde <strong>enero de 2003 hasta octubre de 2011<\/strong>, funcion\u00f3 exclusivamente en versi\u00f3n electr\u00f3nica. Sin embargo, todos esos archivos digitales se perdieron con el paso de los a\u00f1os.<\/p>\n\n\n\n<p>Tras <strong>casi un a\u00f1o de trabajo de recuperaci\u00f3n<\/strong>, el Movilh logr\u00f3 en agosto del 2025 rescatar la totalidad de los contenidos perdidos, gracias a un proyecto financiado por el Gobierno de Santiago a trav\u00e9s del <strong>Fondo Comunidad Activa<\/strong>, con la aprobaci\u00f3n del <strong>Consejo Regional Metropolitano<\/strong>.<\/p>\n\n\n\n<p>Hoy, este <strong>patrimonio hist\u00f3rico<\/strong> vuelve a estar disponible para todas las personas e instituciones interesadas en conocer de primera fuente la realidad LGBTIQ+ en Chile durante una de las etapas de mayor debate p\u00fablico y de m\u00e1s fuerte impacto medi\u00e1tico sobre los derechos de la diversidad sexual y de g\u00e9nero (2002-2011).<\/p>\n\n\n\n<p><\/p>\n\n\n\n<hr class=\"wp-block-separator has-alpha-channel-opacity\"\/>\n","protected":false},"excerpt":{"rendered":"<p>Opusgay fue el primer peri\u00f3dico LGBTIQ+ de Chile, marcando un hito en la historia de las comunicaciones sobre los derechos de la diversidad sexual y de g\u00e9nero en el pa\u00eds. Aut\u00f3nomo e independiente, el medio fue ideado por un grupo de periodistas bajo la direcci\u00f3n de Ram\u00f3n G\u00f3mez Roa, quien utiliz\u00f3 el seud\u00f3nimo de Alberto [&hellip;]<\/p>\n","protected":false},"author":1,"featured_media":0,"parent":0,"menu_order":0,"comment_status":"closed","ping_status":"closed","template":"","meta":{"footnotes":""},"class_list":["post-4585","page","type-page","status-publish","hentry"],"_links":{"self":[{"href":"https:\/\/www.movilh.cl\/opusgay\/wp-json\/wp\/v2\/pages\/4585","targetHints":{"allow":["GET"]}}],"collection":[{"href":"https:\/\/www.movilh.cl\/opusgay\/wp-json\/wp\/v2\/pages"}],"about":[{"href":"https:\/\/www.movilh.cl\/opusgay\/wp-json\/wp\/v2\/types\/page"}],"author":[{"embeddable":true,"href":"https:\/\/www.movilh.cl\/opusgay\/wp-json\/wp\/v2\/users\/1"}],"replies":[{"embeddable":true,"href":"https:\/\/www.movilh.cl\/opusgay\/wp-json\/wp\/v2\/comments?post=4585"}],"version-history":[{"count":3,"href":"https:\/\/www.movilh.cl\/opusgay\/wp-json\/wp\/v2\/pages\/4585\/revisions"}],"predecessor-version":[{"id":4591,"href":"https:\/\/www.movilh.cl\/opusgay\/wp-json\/wp\/v2\/pages\/4585\/revisions\/4591"}],"wp:attachment":[{"href":"https:\/\/www.movilh.cl\/opusgay\/wp-json\/wp\/v2\/media?parent=4585"}],"curies":[{"name":"wp","href":"https:\/\/api.w.org\/{rel}","templated":true}]}}