{"id":77,"date":"2022-03-04T15:53:54","date_gmt":"2022-03-04T15:53:54","guid":{"rendered":"https:\/\/www.movilh.cl\/matrimonioigualitario\/?page_id=77"},"modified":"2022-03-08T23:28:28","modified_gmt":"2022-03-08T23:28:28","slug":"biblioteca","status":"publish","type":"page","link":"https:\/\/www.movilh.cl\/matrimonioigualitario\/biblioteca\/","title":{"rendered":"Biblioteca"},"content":{"rendered":"<h4><strong>Leyes y ASA\u00a0<\/strong><\/h4>\n<ul>\n<li><strong><a href=\"https:\/\/www.movilh.cl\/wp-content\/uploads\/2021\/12\/Ley-21.400-matrimonio-igualitario.pdf\" target=\"_blank\" rel=\"noopener\">Ley de matrimonio igualitario<\/a><\/strong><\/li>\n<li><strong><a href=\"https:\/\/www.movilh.cl\/documentacion\/2016\/Acuerdo-MOVILH-Estado.pdf\" target=\"_blank\" rel=\"noopener\">Acuerdo de Soluci\u00f3n Amistosa (ASA) que dio origen a la ley de matrimonio igualitario<\/a><\/strong><\/li>\n<li><strong><a href=\"https:\/\/www.movilh.cl\/wp-content\/uploads\/2022\/03\/Acuerdo-de-Union-Civil-AUC-Movilh.pdf\" target=\"_blank\" rel=\"noopener\">Acuerdo de Uni\u00f3n Civil (AUC)<\/a><\/strong><\/li>\n<\/ul>\n<hr \/>\n<h4><strong>Proyectos de ley<\/strong><\/h4>\n<ul>\n<li><strong><a href=\"http:\/\/www.movilh.cl\/documentacion\/matrimonio_homosexual_chile.pdf\" target=\"_blank\" rel=\"noopener\">Primer proyecto de matrimonio igualitario (2008)<\/a><\/strong><\/li>\n<li><strong><a href=\"http:\/\/www.movilh.cl\/documentacion\/proyecto-matrimonio-homosexual-2.pdf\" target=\"_blank\" rel=\"noopener\">Segundo proyecto de matrimonio igualitario (2010)<\/a><\/strong><\/li>\n<li><strong><a href=\"http:\/\/www.movilh.cl\/wp-content\/uploads\/2015\/02\/leydematrimonioigualitario.pdf\" target=\"_blank\" rel=\"noopener\">Tercer proyecto de ley de matrimonio igualitario (2014)<\/a><\/strong><\/li>\n<li><strong><a href=\"http:\/\/www.movilh.cl\/wp-content\/uploads\/2017\/09\/matrimonio_igualitario.pdf\" target=\"_blank\" rel=\"noopener\">Cuarto proyecto de ley de matrimonio igualitario<\/a>, el finalmente tramitado en el marco del ASA (2017)<\/strong><\/li>\n<\/ul>\n<hr \/>\n<h4><strong>Politica p\u00fablica<\/strong><\/h4>\n<p><span>En 2022, un\u00a0<\/span><strong><a href=\"https:\/\/www.movilh.cl\/wp-content\/uploads\/2022\/02\/hombres-trans-embarazos-trabajo-dictamen-147.pdf\" target=\"_blank\" rel=\"noopener\">dictamen<\/a><\/strong><span>\u00a0de la Direcci\u00f3n del Trabajo garantiz\u00f3 a hombres trans embarazados ls mismos derechos laborales que a las mujeres gestantes, enmarcando ello en un art\u00edculo de la Ley de Matrimonio Igualitario.<\/span><\/p>\n<p><span>El 2015 el Departamento de Extranjer\u00eda emiti\u00f3 una<strong>\u00a0<\/strong><\/span><strong><a href=\"http:\/\/www.movilh.cl\/wp-content\/uploads\/2015\/03\/Circular-N6.pdf\" target=\"_blank\" rel=\"noopener noreferrer\">circular<\/a><\/strong><span><strong>\u00a0<\/strong>que permite a los extranjeros vinculados por matrimonio o uni\u00f3n civil con chilenos\/as acceder a la residencia temporal, sea cual sea su orientaci\u00f3n sexual.<\/span><\/p>\n<hr \/>\n<h4><strong>Sentencias del Tribunal Constitucional (TC)<\/strong><\/h4>\n<p>-En 2021 el TC emiti\u00f3 una hist\u00f3rica\u00a0<strong><a href=\"http:\/\/www.movilh.cl\/documentacion\/matrimonio-TC.pdf\" target=\"_blank\" rel=\"noopener noreferrer\">sentencia<\/a><\/strong><span> <\/span>sobre el matrimonio igualitario. Sostuvo que extender tal derecho a parejas homosexuales es s\u00f3lo decisi\u00f3n del Congreso Nacional.\u00a0 Aunque en su resoluci\u00f3n el TC rechaz\u00f3 un recurso de inaplicabilidad , 8 de sus 3 ministros se pronunciaron a favor de la regulaci\u00f3n de las uniones de hecho y 5 a favor del matrimonio igualitario.<\/p>\n<p>-En 2020 hubo una<span>\u00a0<\/span><a href=\"https:\/\/www.movilh.cl\/wp-content\/uploads\/2020\/12\/TC-sentencia-Auc-Matrimonio-Movilh.pdf\" target=\"_blank\" rel=\"noopener noreferrer\"><strong>segunda sentencia<\/strong>,<\/a><span>\u00a0<\/span>que si bien rechaz\u00f3 por 5 votos contra 4 reconocer el matrimonio igualitario, sus argumentaciones fueron m\u00e1s discriminatorias e insultantes que las del 2011.<\/p>\n<hr \/>\n<h4><strong>Fallos de tribunales sobre el matrimonio igualitario<\/strong><\/h4>\n<ul>\n<li>La Primera Sala de la Corte de Apelaciones de Santiago rechaz\u00f3 el 2011 un recurso de protecci\u00f3n a favor del matrimonio igualitario. Sin embargo, el presidente de la Sala, Alejandro Sol\u00eds, llam\u00f3 en el mismo <strong><a href=\"http:\/\/www.movilh.cl\/documentacion\/Matrimonio-corte-de-apelaciones.pdf\" target=\"_blank\" rel=\"noopener noreferrer\">fallo<\/a>\u00a0<\/strong>a reflexionar y hacer una relectura sobre los conceptos de matrimonio y familia, aclarando que las\u00a0 demandas de las parejas del mismo sexo han sido deso\u00eddas.<\/li>\n<li>En 2012 la Corte Suprema tambi\u00e9n<span>\u00a0<\/span><a href=\"http:\/\/www.movilh.cl\/documentacion\/documentos\/SENTENCIASUPREMA(04-04-2012).pdf\">fall\u00f3<\/a>\u00a0contra el matrimonio igualitario, lo que llev\u00f3 al Movilh a presentar una denuncia ante la Comisi\u00f3n Interamericana de Derechos Humanos, que termin\u00f3 con un<span>\u00a0<\/span><a href=\"http:\/\/www.movilh.cl\/documentacion\/2016\/Acuerdo-MOVILH-Estado.pdf\" target=\"_blank\" rel=\"noopener noreferrer\"><strong>hist\u00f3rico acuerdo<\/strong><span>\u00a0<\/span><\/a>a favor de la diversidad sexual y de g\u00e9nero<\/li>\n<li>La Tercera Sala de la Corte de Apelaciones de Santiago, rechaz\u00f3 en 2016 un nuevo recurso a favor del matrimonio igualitario, pero destac\u00f3 ampliamente que el Tribunal Constitucional espa\u00f1ol lo hubiese validado. Al mismo tiempo, se\u00f1al\u00f3 que el tema era competencia del TC chileno. El<strong><a href=\"http:\/\/www.movilh.cl\/wp-content\/uploads\/2017\/01\/sentencia_matrimonio_igualitario_2016_Corte_Apelaciones.pdf\" target=\"_blank\" rel=\"noopener noreferrer\">fallo<\/a><\/strong>fue confirmado por la Suprema.<\/li>\n<li>En 2018 la Corte Suprema emiti\u00f3 un fallo referente a los derechos de una ciudadana dominicana y un chileno. Si bien no se refiere a una pareja del mismo sexo, la<span>\u00a0<\/span><strong><a href=\"http:\/\/www.movilh.cl\/wp-content\/uploads\/2018\/12\/matrimonio_derecho_humano.pdf\">sentencia<\/a><\/strong><span>\u00a0<\/span>se\u00f1ala que el matrimonio es un derecho humano.<\/li>\n<\/ul>\n<hr \/>\n<h4><strong>Estudios y textos educativos\u00a0<\/strong><\/h4>\n<ul>\n<li><strong><a href=\"https:\/\/www.movilh.cl\/wp-content\/uploads\/2021\/11\/encuesta-matrimonio-igualitario-movilh.pdf\" target=\"_blank\" rel=\"noopener\">Primera Encuesta Nacional: las parejas del mismo sexo frente al matrimonio igualitario (2021).<\/a><\/strong><\/li>\n<li><strong><span style=\"font-size: 12pt;\"><a href=\"http:\/\/www.movilh.cl\/documentacion\/2020\/Encuesta-homo-lesboparentalidad-Movilh.pdf\" target=\"_blank\" rel=\"noopener noreferrer\">Primera Encuesta Nacional sobre Homo\/Lesboparentalidad aplicada en Chile (2020)<\/a><\/span><\/strong><\/li>\n<li>Desde el 2002 en adelante consultoras, universidades y centros de estudios consultaron a la ciudadan\u00eda sobre los niveles de aprobaci\u00f3n y rechazo en Chile al matrimonio igualitario. En <a href=\"https:\/\/www.movilh.cl\/biblioteca\/banco-de-encuestas\/\" target=\"_blank\" rel=\"noopener\"><strong>este enlace<\/strong><\/a> se encuentran los resultados de todas encuestas.<\/li>\n<li><strong><a href=\"https:\/\/issuu.com\/movilh\/docs\/nicolas_tiene_dos_pap__s\" target=\"_blank\" rel=\"noopener\">Cuento infantil: Nicol\u00e1s tiene dos pap\u00e1s (2014)<\/a><\/strong><\/li>\n<\/ul>\n<hr \/>\n<h4><strong>Declaraciones o textos internacionales <\/strong><\/h4>\n<ul>\n<li><strong><a href=\"https:\/\/www.movilh.cl\/documentacion\/2016\/Acuerdo-MOVILH-Estado.pdf\" target=\"_blank\" rel=\"noopener\">Acuerdo de Soluci\u00f3n Amistosa (ASA)<\/a><\/strong> firmado ante la CIDH, donde Chile se comprometi\u00f3\u00a0 en 2016 a aprobar el matrimonio igualitario.<\/li>\n<li>Opini\u00f3n Consultiva 24\/7 la <span>Corte Interamericana de Derechos Humanos<strong>\u00a0<\/strong><\/span><strong><a href=\"http:\/\/www.movilh.cl\/wp-content\/uploads\/2018\/01\/Corte_InteramericanaDDHH_MatrimonioIgualitarioEIdentidadDeGenero.pdf\">insta<\/a><\/strong><span> en\u00a0 2017 a los Estados a avanzar en el matrimonio igualitario.<\/span><\/li>\n<li>El Comit\u00e9 para la eliminaci\u00f3n de la discriminaci\u00f3n contra la muje<span>r (Cedaw)<strong><a href=\"http:\/\/www.movilh.cl\/wp-content\/uploads\/2019\/01\/Cedaw_Chile_2018.pdf\" target=\"_blank\" rel=\"noopener\">\u00a0pidi\u00f3 en 2018<\/a><\/strong> a Chile aprobar el matrimonio igualitario.<\/span><\/li>\n<li>En el marco de la rendici\u00f3n del tercer <strong><a href=\"https:\/\/www.movilh.cl\/wp-content\/uploads\/2019\/12\/Epu_Chile-2019-3erCiclo-Movilh.pdf\" target=\"_blank\" rel=\"noopener\">Examen Peri\u00f3dico Universal (EPU)<\/a><\/strong>, el Consejo de Derechos Humanos de la ONU pidi\u00f3 en 2019 a Chile aprobar el matrimonio igualitario.<\/li>\n<li>En 2020 la OCDE<strong><a href=\"https:\/\/www.movilh.cl\/wp-content\/uploads\/2020\/12\/OCDE-LGBTI-2020-CHILE.pdf\" target=\"_blank\" rel=\"noopener noreferrer\">\u00a0formul\u00f3<\/a>\u00a0<\/strong>una serie de observaciones y recomendaciones a Chile entre esas la aprobaci\u00f3n del matrimonio igualitario.<\/li>\n<li><span>El Consejo de Representantes de la Asociaci\u00f3n Americana de Psiquiatr\u00eda (APA) aprob\u00f3 el 2011 la\u00a0<\/span><strong><a href=\"http:\/\/www.movilh.cl\/documentacion\/Resolucion-APA-sobre-matrimonio-homosexual.pdf\" target=\"_blank\" rel=\"noopener noreferrer\">\u201cResoluci\u00f3n sobre la igualdad de matrimonio para parejas del mismo sexo\u201d<\/a>,<\/strong><\/li>\n<li>En 2018 el Tribunal de Justicia de Europa<span>\u00a0<\/span><strong><a href=\"http:\/\/www.movilh.cl\/wp-content\/uploads\/2019\/01\/Sentencia_residencia_UE_2018.pdf\">determin\u00f3<\/a>\u00a0<\/strong>que el derecho de circulaci\u00f3n y residencia no puede ser negado por ninguno de sus pa\u00edses al c\u00f3nyuge del mismo sexo de un\/a ciudadano\/a de la uni\u00f3n. Aquellos pa\u00edses de la UE que no cuentan con matrimonio igualitario tampoco pueden negar esos derechos.<\/li>\n<li>En 2021 Tribunal de Justicia de la Uni\u00f3n Europea (TJUE)<span>\u00a0<\/span><strong><a href=\"https:\/\/www.movilh.cl\/wp-content\/uploads\/2021\/12\/Fallo-hijos-de-parejas-del-mismo-sexo-en-la-union-europea.pdf\">reconoci\u00f3 <\/a><\/strong>los derechos de los\/as hijos\/as de pareja del mismo sexo en todo el bloque, incluso en aquellos pa\u00edses donde no hay matrimonio igualitario u otras legislaciones favorables a las familias homoparentales.<\/li>\n<li>En 2021 el Parlamento Europeo aprob\u00f3 una<span>\u00a0<\/span><strong><a href=\"https:\/\/www.movilh.cl\/wp-content\/uploads\/2021\/12\/Parlamento-Europeo-y-Derechos-LGBTIQA.pdf\" target=\"_blank\" rel=\"noopener\">resoluci\u00f3n<\/a>\u00a0<\/strong>donde insta a la Comisi\u00f3n Europea a adoptar medidas para que, entre otros puntos, todos los Estados cumplan con las sentencias pro derechos LGBTIA+ del TJUE.<br \/>\n<hr \/>\n<\/li>\n<\/ul>\n<p>&nbsp;<\/p>\n","protected":false},"excerpt":{"rendered":"<p>Leyes y ASA\u00a0 Ley de matrimonio igualitario Acuerdo de Soluci\u00f3n Amistosa (ASA) que dio origen a la ley de matrimonio igualitario Acuerdo de Uni\u00f3n Civil (AUC) Proyectos de ley Primer proyecto de matrimonio igualitario (2008) Segundo proyecto de matrimonio igualitario (2010) Tercer proyecto de ley de matrimonio igualitario (2014) Cuarto [&hellip;]<\/p>\n","protected":false},"author":1,"featured_media":267,"parent":0,"menu_order":0,"comment_status":"closed","ping_status":"closed","template":"","meta":{"footnotes":""},"class_list":["post-77","page","type-page","status-publish","has-post-thumbnail","hentry"],"_links":{"self":[{"href":"https:\/\/www.movilh.cl\/matrimonioigualitario\/wp-json\/wp\/v2\/pages\/77","targetHints":{"allow":["GET"]}}],"collection":[{"href":"https:\/\/www.movilh.cl\/matrimonioigualitario\/wp-json\/wp\/v2\/pages"}],"about":[{"href":"https:\/\/www.movilh.cl\/matrimonioigualitario\/wp-json\/wp\/v2\/types\/page"}],"author":[{"embeddable":true,"href":"https:\/\/www.movilh.cl\/matrimonioigualitario\/wp-json\/wp\/v2\/users\/1"}],"replies":[{"embeddable":true,"href":"https:\/\/www.movilh.cl\/matrimonioigualitario\/wp-json\/wp\/v2\/comments?post=77"}],"version-history":[{"count":18,"href":"https:\/\/www.movilh.cl\/matrimonioigualitario\/wp-json\/wp\/v2\/pages\/77\/revisions"}],"predecessor-version":[{"id":270,"href":"https:\/\/www.movilh.cl\/matrimonioigualitario\/wp-json\/wp\/v2\/pages\/77\/revisions\/270"}],"wp:featuredmedia":[{"embeddable":true,"href":"https:\/\/www.movilh.cl\/matrimonioigualitario\/wp-json\/wp\/v2\/media\/267"}],"wp:attachment":[{"href":"https:\/\/www.movilh.cl\/matrimonioigualitario\/wp-json\/wp\/v2\/media?parent=77"}],"curies":[{"name":"wp","href":"https:\/\/api.w.org\/{rel}","templated":true}]}}