{"id":47,"date":"2022-03-03T20:44:07","date_gmt":"2022-03-03T20:44:07","guid":{"rendered":"https:\/\/www.movilh.cl\/matrimonioigualitario\/?page_id=47"},"modified":"2022-03-09T22:30:37","modified_gmt":"2022-03-09T22:30:37","slug":"preguntas-frecuentes","status":"publish","type":"page","link":"https:\/\/www.movilh.cl\/matrimonioigualitario\/preguntas-frecuentes\/","title":{"rendered":"Preguntas frecuentes"},"content":{"rendered":"<p><strong>PREGUNTAS FRECUENTES<\/strong><\/p>\n<p>La Ley 21.400 sobre matrimonio igualitario garantiza a las parejas del mismo sexo los mismos derechos y deberes que a los v\u00ednculos heterosexuales.<\/p>\n<p>Pese a ello han surgido algunas dudas.<\/p>\n<p>Desde la aprobaci\u00f3n de la norma en el Congreso Nacional, el Movilh ha recibido unos 300 correos electr\u00f3nicos con consultas, la mayor\u00eda de \u00e9stas muy similares.<\/p>\n<p>A continuaci\u00f3n, respondemos a las\u00a0 preguntas m\u00e1s frecuentes:<\/p>\n<h5><strong>I.-\u00a0 Consultas generales<\/strong><\/h5>\n<p><strong>\u00a0<\/strong><strong>\u00bfDesde cu\u00e1ndo podemos casarnos y\/o pedir hora de matrimonio?<\/strong><\/p>\n<p>Desde el 10 de marzo del 2022. Horas se agendan en <a href=\"https:\/\/www.registrocivil.cl\/principal\/canal-tramites\/solicitud-matrimonio-igualitario-2\" target=\"_blank\" rel=\"noopener\">este enlace.<\/a><\/p>\n<hr \/>\n<p><strong>Si tengo Acuerdo de\u00a0 Uni\u00f3n Civil (AUC), pero ahora quiero contraer matrimonio, \u00bfqu\u00e9 debo hacer?<\/strong><\/p>\n<p>Si vas a contraer matrimonio con la misma persona que tienes uni\u00f3n civil, no debes hacer nada. Basta con que se unan en matrimonio y el AUC se anular\u00e1 autom\u00e1ticamente.<\/p>\n<p>Ahora, si contraer\u00e1s matrimonio con una persona distinta a la cual est\u00e1s unida civilmente, deber\u00e1s primero anular el AUC, lo cual\u00a0 \u201cdeber\u00e1 constar por escritura p\u00fablica o en acta otorgada ante oficial del Registro Civil\u201d. (art\u00edculo 26 del AUC)<\/p>\n<hr \/>\n<p><strong>\u00bfSi ya tengo hora de uni\u00f3n civil para una fecha determinada, puedo\u00a0 cambiarla por una de matrimonio?<\/strong><\/p>\n<p>No, no puedes. Deber\u00e1s pedir una hora de matrimonio.<\/p>\n<hr \/>\n<p><strong>Si tengo uno o m\u00e1s a\u00f1os de AUC,\u00a0 estos se sumar\u00e1n luego a los del matrimonio si me caso.<\/strong><\/p>\n<p>No, no se suman. El AUC y el matrimonio, son instituciones distintas.<\/p>\n<hr \/>\n<p><strong>\u00bfQu\u00e9 r\u00e9gimen de bienes existe para las parejas del mismo sexo que contraen matrimonio?<\/strong><\/p>\n<p>Al momento de casarse se asumir\u00e1n\u00a0 totalmente separados los bienes. Sin embargo,\u00a0 durante o despu\u00e9s del v\u00ednculo se puede optar por el r\u00e9gimen de participaci\u00f3n en los gananciales (bienes adquiridos por los c\u00f3nyuges durante el matrimonio) en las capitulaciones matrimoniales (pacto sobre los bienes).<\/p>\n<p>Si optan por el r\u00e9gimen de participaci\u00f3n en los gananciales,\u00a0 todo lo adquirido, comprado, ganado o adeudado durante el matrimonio pertenecer\u00e1 o ser\u00e1 responsabilidad en igualdad de condiciones a ambos c\u00f3nyuges.<\/p>\n<hr \/>\n<p><strong>\u00bfLas personas trans deberemos divorciarnos para rectificar nuestra partida de nacimiento?<\/strong><\/p>\n<p>El divorcio era exigido por la Ley de Identidad de G\u00e9nero, pero con la Ley de Matrimonio Igualitario ese obst\u00e1culo fue eliminado.<\/p>\n<hr \/>\n<h5><strong>II.- Homoparentalidad<\/strong><\/h5>\n<p><strong>En la actualidad solo yo soy reconocido\/a legalmente como el padre o la madre biol\u00f3gica de mi hijo\/a. \u00bfC\u00f3mo lo hacemos para que mi pareja del mismo sexo tambi\u00e9n sea reconocida? <\/strong><\/p>\n<p>El otro\/a padre o madre deber\u00e1 reconocerlo mediante una declaraci\u00f3n ante el Registro Civil, ya sea cuando nace el\/a ni\u00f1o\/a nazca \u00a0\u00f3 cuando la pareja contraiga matrimonio.<\/p>\n<p>En otros momentos, el reconocimiento puede hacerse mediante acta ante el Registro Civil.<\/p>\n<hr \/>\n<p><strong>Si mi hijo\/a ya est\u00e1 reconocido\/a legalmente tanto por m\u00ed, como por mi pasada pareja que es\u00a0 heterosexual? Puede mi actual pareja del mismo sexo reconocerlo\/a tambi\u00e9n como su hijo\/a<\/strong><\/p>\n<p>S\u00ed, puede pues la ley de matrimonio igualitario no limita el reconocimiento de la filiaci\u00f3n solo a uno o dos progenitores.<\/p>\n<hr \/>\n<p><strong>Si no estamos unidos\/as en matrimonio, podemos reconocer a un ni\u00f1o\/a como hijo\/a de ambos\/as<\/strong><\/p>\n<p>S\u00ed, desde la entrada en vigencia de la ley de matrimonio igualitario, se puede. Como lo se\u00f1ala el art\u00edculo 186 del C\u00f3digo Civil \u00abla filiaci\u00f3n no matrimonial queda determinada legalmente por el reconocimiento de uno de los progenitores, o de ambos, o por sentencia firme en juicio de filiaci\u00f3n\u201d.<\/p>\n<hr \/>\n<p><strong>\u00bfQui\u00e9nes son progenitores de acuerdo a la ley de matrimonio igualitario? \u00bfSolo quienes son padres o madres biol\u00f3gicos\/as?<\/strong><\/p>\n<p>Un progenitor es cualquier persona que establece una relaci\u00f3n de filiaci\u00f3n, pudiendo ser o no el padre o la madre biol\u00f3gica. La filiaci\u00f3n es el reconocimiento jur\u00eddico de la relaci\u00f3n entre la padre o la madre con su hijo\/a.<\/p>\n<hr \/>\n<p><strong>\u00bfSi nos unimos en matrimonio, podemos adoptar?<\/strong><\/p>\n<p>S\u00ed, pueden hacerlo, siguiendo los mismos procedimientos que una pareja heterosexual unida en matrimonio.<\/p>\n<hr \/>\n<p><strong>\u00bfC\u00f3mo se regula el orden de apellidos de nuestros hijos?<\/strong><\/p>\n<p>Al momento de la inscripci\u00f3n de nacimiento los\/as progenitores\/as decidir\u00e1n el orden de los apellidos para primer hijo\/a. Todos\/as\u00a0 los\/as hijos\/as comunes futuros, deber\u00e1n llevar el mismo orden de apellidos.<\/p>\n<p>Si no hay acuerdo entre los\/as progenitores\/as, el orden de los apellidos se definir\u00e1 mediante sorteo ante el Registro Civil.<\/p>\n<hr \/>\n<p><strong>Si junto a mi pareja nos sometemos a t\u00e9cnicas de reproducci\u00f3n humana asistida, ambos\/as tendremos derechos de filiaci\u00f3n de los hijos que nazcan de ese procedimiento?\u00a0\u00a0\u00a0\u00a0\u00a0\u00a0\u00a0\u00a0\u00a0\u00a0\u00a0\u00a0\u00a0\u00a0 <\/strong><\/p>\n<p>S\u00ed, ambos\/as tendr\u00e1n iguales derechos de filiaci\u00f3n.<\/p>\n<hr \/>\n<p><strong>\u00bfComo padres o madres tenemos derechos laborales?<\/strong><\/p>\n<p>S\u00ed, el\/a trabajador\/a gestante goza del derecho a descanso de pre y postnatal. El permiso especial de cinco d\u00edas le corresponder\u00e1 al otro\/as progenitor\/a.<\/p>\n<hr \/>\n<h5><strong>III.- Extranjeros\/as y matrimonio<\/strong><\/h5>\n<p><strong>Soy chileno\/a y me cas\u00e9 con mi pareja en otro pa\u00eds. \u00bfPodemos reconocer desde el extranjero el v\u00ednculo en Chile?<\/strong><\/p>\n<p>S\u00ed, pueden. Para ello, cualquiera de los c\u00f3nyuges chilenos\/as puede solicitar la inscripci\u00f3n de matrimonio en el consulado donde residen.<\/p>\n<p>Ahora, si el otro c\u00f3nyuge es extranjero\/a, \u00e9ste solo podr\u00e1 solicitar la inscripci\u00f3n en caso de fallecimiento del\/a chileno\/a.<\/p>\n<hr \/>\n<p><strong>Soy extranjero\/a y quiero casarme\u00a0 con un\/a chileno\/a en Chile \u00bfQu\u00e9 debo hacer?<\/strong><\/p>\n<p>No requieres un tiempo de permanencia para casarte en Chile, pero si\u00ed tener todos tus documentos en regla y vigentes.<\/p>\n<p>Para pedir hora de matrimonio en el Registro Civil debes contar con un rut nacional o con tu c\u00e9dula de identidad del pa\u00eds de origen o pasaporte al d\u00eda. Sea cual sea el documento que presentes, no puede estar vencido.<\/p>\n<hr \/>\n<p><strong>Si soy extranjero\/a, puede casarme con un\/a extranjero\/a bajo las leyes chilenas. \u00bfQu\u00e9 debo hacer?<\/strong><\/p>\n<p>Solo podr\u00e1n contraer el v\u00ednculo si uno de los\/as dos ya cuenta con permiso de residencia temporal o definitiva o est\u00e1 nacionalizado\/a.<\/p>\n<hr \/>\n<p><strong>Soy extranjero\/a \u00bfobtendr\u00e9 al instante un permiso de residencia si me caso?<\/strong><\/p>\n<p>No lo obtendr\u00e1s al instante, pero al estar casado\/a bajo las leyes chilenas podr\u00e1s postular y acceder a la residencia temporal. \u00a0\u00a0Quienes postulen a un permiso de residencia temporal desde el extranjero pueden hacerlo de manera remota.<\/p>\n<p>Solo si estuviste en el pa\u00eds m\u00e1s de dos a\u00f1os con residencia temporal,\u00a0 podr\u00e1s postular a la residencia definitiva.<\/p>\n<p>Luego de dos a\u00f1os de residencia definitiva, y con el matrimonio ya inscrito en Chile, podr\u00e1s solicitar la nacionalizaci\u00f3n.<\/p>\n<hr \/>\n<p><strong>Soy extranjero\/a. Mi pareja y\/o hijos\/a est\u00e1n en su pa\u00eds de origen, \u00bfPueden ingresar y vivir en Chile?<\/strong><\/p>\n<p>Podr\u00e1n hacerlo solo si ya cuentas con alg\u00fan permiso de residencia\u00a0 y tienes v\u00ednculo jur\u00eddico con tu pareja.<\/p>\n<p>La reunificaci\u00f3n familiar est\u00e1 garantizada en el art\u00edculo 19 de la Ley 21.235 \u00a0de Migraci\u00f3n y Extranjer\u00eda: \u201cLos residentes podr\u00e1n solicitar la reunificaci\u00f3n familiar con su c\u00f3nyuge o con aquella persona que mantenga una relaci\u00f3n que, de conformidad con el derecho aplicable, produzca efectos equivalentes al matrimonio, padres, hijos menores de edad, hijos con discapacidad, hijos solteros menores de 24 a\u00f1os que se encuentren estudiando y menores de edad que se encuentren bajo su cuidado personal o curadur\u00eda, debiendo el Estado promover la protecci\u00f3n de la unidad de la familia\u201d<\/p>\n<hr \/>\n<h5><strong>IV.- Otros<\/strong><\/h5>\n<p><strong>\u00bfQu\u00e9 podemos hacer si nos rechazan la posibilidad de casarnos o nos niegan los derechos de filiaci\u00f3n?<\/strong><\/p>\n<p>Si cumplieron con todos los requisitos legales y les niegan alg\u00fan derecho, debes denunciar a <strong><a href=\"mailto:movilh@gmail.com\">movilh@gmail.com<\/a><\/strong>, respondiendo a todas las consultas aqu\u00ed expuestas: <a href=\"http:\/\/www.movilh.cl\/servicios\/#asesoria\"><strong>http:\/\/www.movilh.cl\/servicios\/#asesoria<\/strong><\/a><\/p>\n<hr \/>\n<p>&nbsp;<\/p>\n","protected":false},"excerpt":{"rendered":"<p>PREGUNTAS FRECUENTES La Ley 21.400 sobre matrimonio igualitario garantiza a las parejas del mismo sexo los mismos derechos y deberes que a los v\u00ednculos heterosexuales. Pese a ello han surgido algunas dudas. Desde la aprobaci\u00f3n de la norma en el Congreso Nacional, el Movilh ha recibido unos 300 correos electr\u00f3nicos [&hellip;]<\/p>\n","protected":false},"author":1,"featured_media":117,"parent":0,"menu_order":0,"comment_status":"closed","ping_status":"closed","template":"","meta":{"footnotes":""},"class_list":["post-47","page","type-page","status-publish","has-post-thumbnail","hentry"],"_links":{"self":[{"href":"https:\/\/www.movilh.cl\/matrimonioigualitario\/wp-json\/wp\/v2\/pages\/47","targetHints":{"allow":["GET"]}}],"collection":[{"href":"https:\/\/www.movilh.cl\/matrimonioigualitario\/wp-json\/wp\/v2\/pages"}],"about":[{"href":"https:\/\/www.movilh.cl\/matrimonioigualitario\/wp-json\/wp\/v2\/types\/page"}],"author":[{"embeddable":true,"href":"https:\/\/www.movilh.cl\/matrimonioigualitario\/wp-json\/wp\/v2\/users\/1"}],"replies":[{"embeddable":true,"href":"https:\/\/www.movilh.cl\/matrimonioigualitario\/wp-json\/wp\/v2\/comments?post=47"}],"version-history":[{"count":8,"href":"https:\/\/www.movilh.cl\/matrimonioigualitario\/wp-json\/wp\/v2\/pages\/47\/revisions"}],"predecessor-version":[{"id":275,"href":"https:\/\/www.movilh.cl\/matrimonioigualitario\/wp-json\/wp\/v2\/pages\/47\/revisions\/275"}],"wp:featuredmedia":[{"embeddable":true,"href":"https:\/\/www.movilh.cl\/matrimonioigualitario\/wp-json\/wp\/v2\/media\/117"}],"wp:attachment":[{"href":"https:\/\/www.movilh.cl\/matrimonioigualitario\/wp-json\/wp\/v2\/media?parent=47"}],"curies":[{"name":"wp","href":"https:\/\/api.w.org\/{rel}","templated":true}]}}