{"id":43,"date":"2022-03-03T20:36:22","date_gmt":"2022-03-03T20:36:22","guid":{"rendered":"https:\/\/www.movilh.cl\/matrimonioigualitario\/?page_id=43"},"modified":"2022-03-08T22:03:41","modified_gmt":"2022-03-08T22:03:41","slug":"que-es-el-matrimonio","status":"publish","type":"page","link":"https:\/\/www.movilh.cl\/matrimonioigualitario\/que-es-el-matrimonio\/","title":{"rendered":"\u00bfQu\u00e9 es el matrimonio?"},"content":{"rendered":"<h4><strong><a href=\"https:\/\/www.movilh.cl\/matrimonioigualitario\/wp-content\/uploads\/2022\/03\/b6866e05-movilh-agencia-uno.jpeg\"><img loading=\"lazy\" decoding=\"async\" src=\"https:\/\/www.movilh.cl\/matrimonioigualitario\/wp-content\/uploads\/2022\/03\/b6866e05-movilh-agencia-uno.jpeg\" alt=\"\" width=\"900\" height=\"600\" class=\"alignnone size-full wp-image-112\" srcset=\"https:\/\/www.movilh.cl\/matrimonioigualitario\/wp-content\/uploads\/2022\/03\/b6866e05-movilh-agencia-uno.jpeg 900w, https:\/\/www.movilh.cl\/matrimonioigualitario\/wp-content\/uploads\/2022\/03\/b6866e05-movilh-agencia-uno-300x200.jpeg 300w, https:\/\/www.movilh.cl\/matrimonioigualitario\/wp-content\/uploads\/2022\/03\/b6866e05-movilh-agencia-uno-768x512.jpeg 768w, https:\/\/www.movilh.cl\/matrimonioigualitario\/wp-content\/uploads\/2022\/03\/b6866e05-movilh-agencia-uno-360x240.jpeg 360w\" sizes=\"auto, (max-width: 900px) 100vw, 900px\" \/><\/a><\/strong><\/h4>\n<hr \/>\n<h4><strong><a href=\"https:\/\/www.movilh.cl\/matrimonioigualitario\/wp-content\/uploads\/2022\/03\/b6866e05-movilh-agencia-uno.jpeg\"><\/a>\u00bfQu\u00e9 es el matrimonio igualitario?<\/strong><\/h4>\n<p style=\"text-align: left;\">La <strong><a href=\"https:\/\/www.movilh.cl\/wp-content\/uploads\/2021\/12\/Ley-21.400-matrimonio-igualitario.pdf\" target=\"_blank\" rel=\"noopener\">Ley 21.400 sobre matrimonio igualitario<\/a><\/strong> extiende a las parejas del mismo sexo todos los derechos y deberes de las uniones legales heterosexuales, incluida la filiaci\u00f3n y adopci\u00f3n homoparental.<\/p>\n<p style=\"text-align: left;\">A fines del 2021 Chile entr\u00f3 en el reducido y selecto grupo de 30 pa\u00edses que permiten el matrimonio igualitario en todo su territorio, cerrando el pa\u00eds un ciclo en la historia de la lucha por la igualdad emprendida por el movimiento LGBTIQA+ de manera ininterrumpida desde 1991.<\/p>\n<p style=\"text-align: left;\">Al pionero paso dado por el Reino de los Pa\u00edses Bajos en 2001, siguieron B\u00e9lgica (2003), Espa\u00f1a (2005), Canad\u00e1 (2005), Sud\u00e1frica (2006), Noruega (2009), Suecia (2009), Portugal (2010), Islandia (2010), Argentina (2010), Dinamarca (2012), Brasil (2013), Francia (2013), Uruguay (2013), Nueva Zelanda (2013), Luxemburgo (2015), Estados Unidos (2015), Irlanda (2015), Colombia (2016), Finlandia (2017), Malta (2017), Alemania (2017), Australia (2017), Austria (2019), Taiw\u00e1n (2019), Ecuador (2019), Reino Unido (2020), Costa Rica (2020), Chile (2021) y Suiza (2021). Por su lado M\u00e9xico lo permite en 26 de sus 32 Estados.<\/p>\n<p style=\"text-align: left;\">La Ley sobre matrimonio igualitario fue publicada en el Diario Oficial el 10 de diciembre del 2021 por el presidente Sebasti\u00e1n Pi\u00f1era y surgi\u00f3 de un <strong><a href=\"http:\/\/www.movilh.cl\/documentacion\/2016\/Acuerdo-MOVILH-Estado.pdf\" target=\"_blank\" rel=\"noopener\">Acuerdo de Soluci\u00f3n Amistosa\u00a0 (ASA)<\/a> <\/strong>que el \u00a0<strong>Estado de Chile<\/strong> y el <strong>Movilh<\/strong> firmaron en 2016 ante la Comisi\u00f3n Interamericana de Derechos Humanos, bajo el gobierno de Michelle Bachelet.<\/p>\n<p style=\"text-align: left;\">En materia de homoparentalidad, la ley garantiza la no discriminaci\u00f3n por orientaci\u00f3n sexual e identidad de g\u00e9nero, entre otras categor\u00edas, para efectos de custodia de hijos o hijas, filiaci\u00f3n y adopci\u00f3n, est\u00e9n o no las parejas unidas en matrimonio y hubiesen tenido o no a sus hijos\/as \u00a0mediante fertilizaci\u00f3n humana asistida. En tal sentido, se reconoce la maternidad de mujeres trans y la paternidad de hombres trans en los certificados de nacimiento de sus hijos\/as.<\/p>\n<p style=\"text-align: left;\">La ley determina que el orden de los apellidos de los\/as hijos\/as parejas del mismo sexo lo decidir\u00e1n los\/as progenitores\/as y, si no hay acuerdo, el Registro Civil lo someter\u00e1 a sorteo.<\/p>\n<p style=\"text-align: left;\">A la par se regulan los bienes de las parejas del mismo sexo, se garantizan las pensiones para viudos\/as,\u00a0 los permisos laborales en caso de nacimiento de hijos\/as y las asignaciones familiares y se ampl\u00eda el concepto de hermanos\/as, reconociendo tal calidad para quienes lo son por parte de ambos progenitores (doble conjunci\u00f3n) o solo por uno de ellos (simple conjunci\u00f3n). Se eliminaron as\u00ed conceptos de hermanos maternos y paternos.<\/p>\n<p style=\"text-align: left;\">De igual manera se reconocen los matrimonios igualitarios contra\u00eddos en el extranjero, entre otros derechos.<\/p>\n<p style=\"text-align: left;\">De los 194 Estados reconocidos por Naciones Unidas apenas el 15,5% cuenta con ley de matrimonio igualitario versus un alarmante 84,5% que sigue negando la plena igualdad de derechos para todas las parejas y familias solo en virtud de prejuicios, ignorancia, fundamentalismos u homofobia.<\/p>\n<p style=\"text-align: left;\">M\u00e1s dram\u00e1tico a\u00fan: el n\u00famero de pa\u00edses donde a\u00fan se criminalizan las relaciones sexuales entre adultos asciende a 69, m\u00e1s del doble de aquellos donde hay matrimonio igualitario.<\/p>\n<hr \/>\n<h4 style=\"text-align: left;\"><strong>\u00bfCu\u00e1l es la relevancia del matrimonio igualitario en Chile?<\/strong><\/h4>\n<p style=\"text-align: left;\">Para comprender la importancia de esta ley, reproducimos en su integridad el discurso que public\u00f3 el <strong>Movilh<\/strong> el 7 de diciembre del 2021, d\u00eda de aprobaci\u00f3n de la norma:<\/p>\n<blockquote>\n<p style=\"text-align: center;\">\u201cEn Chile \u00a0ya es ley el matrimonio igualitario.<\/p>\n<p style=\"text-align: center;\">Retroalimentaci\u00f3n de luchas sociales, avance, transformaci\u00f3n socio-cultural pol\u00edtica y estatal, perseverancia, solidaridad, indiferencias, resiliencia, sue\u00f1os, desaf\u00edos, historia y alto costo social y humano son los procesos vividos en los \u00a0\u00faltimos 30 a\u00f1os y que bien resumen el camino hacia el \u00a0desenlace que conocemos hoy, un inolvidable martes 7 de diciembre del 2021.<\/p>\n<p>&nbsp;<\/p>\n<p style=\"text-align: center;\">Con la aprobaci\u00f3n del matrimonio igualitario, Chile ha dado un paso hist\u00f3rico y decisivo para el avance y consolidaci\u00f3n de los derechos humanos de las parejas del mismo sexo y de las familias homoparentales, todas las cuales, sin distinci\u00f3n, ven\u00edan siendo discriminadas y vulneradas desde los or\u00edgenes de nuestro pa\u00eds.<br \/>\nLa definici\u00f3n estatal sobre el matrimonio existente hasta hoy en Chile se derrumb\u00f3. La homofobia, la \u00a0hetero-normatividad y la desigualdad que lo caracterizaba, \u00a0en desmedro de las personas LGBTIA+ , ha llegado a su fin.<\/p>\n<p>&nbsp;<\/p>\n<p style=\"text-align: center;\">Ya no existir\u00e1n m\u00e1s privilegios jur\u00eddicos para una parejas y familias sobre otras solo en raz\u00f3n de su orientaci\u00f3n sexual o identidad de g\u00e9nero. Cualquier pareja o familia podr\u00e1 o no formalizar su relaci\u00f3n en igualdad de condiciones que las heterosexuales a trav\u00e9s de una instituci\u00f3n que por tanto tiempo les fue esquiva.<\/p>\n<p>&nbsp;<\/p>\n<p style=\"text-align: center;\">El abanico de posibilidades que otorgaba el matrimonio solo a un grupo de parejas, hoy se despliega para todas, todos y todes con cada uno de los colores, dejando atr\u00e1s un pasado gris, de siglos de discriminaci\u00f3n y abusos.<\/p>\n<p>&nbsp;<\/p>\n<p style=\"text-align: center;\">Tantas muertes, tanta tristeza, tantas l\u00e1grimas y dolor signific\u00f3 llegar a este momento.<br \/>\nConocemos de 55 v\u00edctimas fatales de la homo\/lesbo\/bi\/transfobia en Chile. Y sabemos que son m\u00e1s. Para estas v\u00edctimas, y para las cuales cuyo asesinatos de odio fueron silenciados o no denunciados, va este avance, este triunfo de la igualdad, del amor. \u00a0Un cambio radical a favor de la dignidad humana que tambi\u00e9n dedicamos a todas aquellas parejas y familias que fueron encarceladas, torturadas, separadas o distanciadas \u00a0solo por su orientaci\u00f3n sexual o identidad de g\u00e9nero.<\/p>\n<p>&nbsp;<\/p>\n<p style=\"text-align: center;\">Extendemos especial reconocimiento a las valientes \u00a0parejas del mismo sexo que confiaron en Movilh para que judicializaremos su demanda para ser reconocidos como familia y matrimonio, permiti\u00e9ndonos llegar hasta la Comisi\u00f3n Interamericana de Derechos Humanos (CIDH) hasta concluir con un Acuerdo de Soluci\u00f3n Amistosa que deriv\u00f3 en la redacci\u00f3n e ingreso al Congreso Nacional del proyecto de ley que hoy aprob\u00f3 el Congreso Nacional.<\/p>\n<p>&nbsp;<\/p>\n<p style=\"text-align: center;\">Gracias a cada una de las personas, \u00a0autoridades e instituciones que empujaron esta lucha, haciendo posible que entre todas y todos y todes consigui\u00e9ramos lo que a hasta la d\u00e9cada de los 90 era un imposible, un sue\u00f1o inimaginable, un sue\u00f1o inexistente.<\/p>\n<p>&nbsp;<\/p>\n<p style=\"text-align: center;\">Somos una organizaci\u00f3n ya adulta. Con m\u00e1s de 30 a\u00f1os de trayectoria. Nuestros primeros pasos de conformaci\u00f3n los dimos cuando la Organizaci\u00f3n Mundial de la Salud segu\u00eda considerando a la homosexualidad como una patolog\u00eda; cuando la homosexualidad \u00a0era sancionada con la c\u00e1rcel en Chile; cuando la sociedad en su casi totalidad hac\u00eda suyas las creencias religiosas y ve\u00eda a toda persona LGBTIQA+ como pecadora, inmoral, anti-natura y sucia.\u00a0 En ese contexto, por cierto que el matrimonio igualitario era un sue\u00f1o inexistente, hab\u00eda que derribar otros extendidos y crudos estigmas antes de llegar al d\u00eda de hoy.<\/p>\n<p>&nbsp;<\/p>\n<p style=\"text-align: center;\">Nos emociona \u00a0recordar que cuando por primera vez pensamos en luchar por el \u00a0matrimonio igualitario, por ah\u00ed en 1999, la conclusi\u00f3n del momento fue \u201chag\u00e1moslo, \u00a0pero seguro no estaremos vivos\/as para verlo\u201d.<\/p>\n<p>&nbsp;<\/p>\n<p style=\"text-align: center;\">Recordamos que cuando fuimos al Registro Civil hace una d\u00e9cada con parejas del mismo sexo a pedir horas de matrimonio, nos dijeron locos\/as, irresponsables y rid\u00edculos\/s, en circunstancias que esa estrategia termin\u00f3 siendo la base que cambi\u00f3 el rumbo de la historia jur\u00eddica y legislativa de las parejas del mismo sexo en nuestro pa\u00eds.<\/p>\n<p>&nbsp;<\/p>\n<p style=\"text-align: center;\">El matrimonio igualitario; que viene a mejorar la calidad de vida de personas,\u00a0 familias y parejas; es el resultado de todas las luchas por los derechos humanos: la de las mujeres, la de los pueblos originarios, la de las personas con capacidades diversas, la de los j\u00f3venes, la de los adultos mayores, la de los migrantes, la de las personas con VIH, la de los pobres, la de quienes viven con alguna enfermedad y las de todo sector que ha visto vulnerado sus derechos por los prejuicios, la ignorancia, los estigmas y la desigualdad estructural que, en tantos \u00e1mbitos; a\u00fan pesa en Chile.<\/p>\n<p>&nbsp;<\/p>\n<p style=\"text-align: center;\">Toda lucha por la igualdad y la no discriminaci\u00f3n, sabi\u00e9ndolo o no; queri\u00e9ndolo o no; se retroalimenta con otras y va cambiando las sensibilidades y los conocimientos de la ciudadan\u00eda, volvi\u00e9ndonos m\u00e1s justos\/as, nobles, emp\u00e1ticos\/as y comprensivos\/as.<br \/>\nToda lucha por los derechos humanos, cualquiera sea \u00e9sta, \u00a0sienta las bases para mejores condiciones de vida y permite m\u00e1s conquistas.<\/p>\n<p>&nbsp;<\/p>\n<p style=\"text-align: center;\">Gracias a todas las luchas; individuales, grupales o institucionales; hoy dimos un nuevo paso que confiamos sea un impulso y una esperanza para \u00a0las diversidades de otros pa\u00edses, en particular para aquellos donde ser LGBTIQ+ sigue siendo un delito y\/o significa la pena de muerte. No los olvidamos. Nunca. Estamos con ustedes y con cada una de las personas que a\u00fan en nuestra propia tierra siguen sufriendo debido a los nocivos efectos de la homo\/lesbo\/bi\/transfobia<\/p>\n<p>&nbsp;<\/p>\n<p style=\"text-align: center;\"><strong>Movilh<\/strong>\u00ab.<\/p>\n<\/blockquote>\n<hr \/>\n<div id=\"attachment_242\" style=\"width: 760px\" class=\"wp-caption alignnone\"><a href=\"https:\/\/www.movilh.cl\/matrimonioigualitario\/wp-content\/uploads\/2022\/03\/celebracion-matrimonio-igualitario-Chile-Movilh.jpg\"><img loading=\"lazy\" decoding=\"async\" aria-describedby=\"caption-attachment-242\" src=\"https:\/\/www.movilh.cl\/matrimonioigualitario\/wp-content\/uploads\/2022\/03\/celebracion-matrimonio-igualitario-Chile-Movilh-1024x576.jpg\" alt=\"\" width=\"750\" height=\"422\" class=\"wp-image-242 size-large\" srcset=\"https:\/\/www.movilh.cl\/matrimonioigualitario\/wp-content\/uploads\/2022\/03\/celebracion-matrimonio-igualitario-Chile-Movilh-1024x576.jpg 1024w, https:\/\/www.movilh.cl\/matrimonioigualitario\/wp-content\/uploads\/2022\/03\/celebracion-matrimonio-igualitario-Chile-Movilh-300x169.jpg 300w, https:\/\/www.movilh.cl\/matrimonioigualitario\/wp-content\/uploads\/2022\/03\/celebracion-matrimonio-igualitario-Chile-Movilh-768x432.jpg 768w, https:\/\/www.movilh.cl\/matrimonioigualitario\/wp-content\/uploads\/2022\/03\/celebracion-matrimonio-igualitario-Chile-Movilh-1536x864.jpg 1536w, https:\/\/www.movilh.cl\/matrimonioigualitario\/wp-content\/uploads\/2022\/03\/celebracion-matrimonio-igualitario-Chile-Movilh.jpg 2048w\" sizes=\"auto, (max-width: 750px) 100vw, 750px\" \/><\/a><p id=\"caption-attachment-242\" class=\"wp-caption-text\">Celebraci\u00f3n de la aprobaci\u00f3n del Matrimonio Igualitario en Chile organizada por el Movilh en Plaza Dignidad\u00a0<\/p><\/div>\n<hr \/>\n<p>&nbsp;<\/p>\n","protected":false},"excerpt":{"rendered":"<p>\u00bfQu\u00e9 es el matrimonio igualitario? La Ley 21.400 sobre matrimonio igualitario extiende a las parejas del mismo sexo todos los derechos y deberes de las uniones legales heterosexuales, incluida la filiaci\u00f3n y adopci\u00f3n homoparental. A fines del 2021 Chile entr\u00f3 en el reducido y selecto grupo de 30 pa\u00edses que [&hellip;]<\/p>\n","protected":false},"author":1,"featured_media":89,"parent":0,"menu_order":0,"comment_status":"closed","ping_status":"closed","template":"","meta":{"footnotes":""},"class_list":["post-43","page","type-page","status-publish","has-post-thumbnail","hentry"],"_links":{"self":[{"href":"https:\/\/www.movilh.cl\/matrimonioigualitario\/wp-json\/wp\/v2\/pages\/43","targetHints":{"allow":["GET"]}}],"collection":[{"href":"https:\/\/www.movilh.cl\/matrimonioigualitario\/wp-json\/wp\/v2\/pages"}],"about":[{"href":"https:\/\/www.movilh.cl\/matrimonioigualitario\/wp-json\/wp\/v2\/types\/page"}],"author":[{"embeddable":true,"href":"https:\/\/www.movilh.cl\/matrimonioigualitario\/wp-json\/wp\/v2\/users\/1"}],"replies":[{"embeddable":true,"href":"https:\/\/www.movilh.cl\/matrimonioigualitario\/wp-json\/wp\/v2\/comments?post=43"}],"version-history":[{"count":12,"href":"https:\/\/www.movilh.cl\/matrimonioigualitario\/wp-json\/wp\/v2\/pages\/43\/revisions"}],"predecessor-version":[{"id":252,"href":"https:\/\/www.movilh.cl\/matrimonioigualitario\/wp-json\/wp\/v2\/pages\/43\/revisions\/252"}],"wp:featuredmedia":[{"embeddable":true,"href":"https:\/\/www.movilh.cl\/matrimonioigualitario\/wp-json\/wp\/v2\/media\/89"}],"wp:attachment":[{"href":"https:\/\/www.movilh.cl\/matrimonioigualitario\/wp-json\/wp\/v2\/media?parent=43"}],"curies":[{"name":"wp","href":"https:\/\/api.w.org\/{rel}","templated":true}]}}