{"id":34,"date":"2023-07-06T14:18:14","date_gmt":"2023-07-06T17:18:14","guid":{"rendered":"https:\/\/www.movilh.cl\/educa\/?page_id=34"},"modified":"2023-12-28T18:21:19","modified_gmt":"2023-12-28T21:21:19","slug":"inicio","status":"publish","type":"page","link":"https:\/\/www.movilh.cl\/educa\/","title":{"rendered":"Inicio"},"content":{"rendered":"","protected":false},"excerpt":{"rendered":"","protected":false},"author":1,"featured_media":0,"parent":0,"menu_order":0,"comment_status":"closed","ping_status":"closed","template":"front","meta":{"footnotes":""},"class_list":["post-34","page","type-page","status-publish","hentry"],"yoast_head":"<!-- This site is optimized with the Yoast SEO plugin v23.1 - https:\/\/yoast.com\/wordpress\/plugins\/seo\/ -->\n<title>Inicio - Movilh Educa<\/title>\n<meta name=\"description\" content=\"Centro especializado de capacitaci\u00f3n en diversidad sexual y del g\u00e9nero en Chile. Somos la organizaci\u00f3n con m\u00e1s experticia y conocimiento en la materia. Cont\u00e1ctanos y solicita una charla informativa, sensibilizaci\u00f3n o actualizaci\u00f3n de est\u00e1ndares de inclusi\u00f3n de tu instituci\u00f3n.\" \/>\n<meta name=\"robots\" content=\"index, follow, max-snippet:-1, max-image-preview:large, max-video-preview:-1\" \/>\n<link rel=\"canonical\" href=\"https:\/\/www.movilh.cl\/educa\/\" \/>\n<meta property=\"og:locale\" content=\"es_ES\" \/>\n<meta property=\"og:type\" content=\"article\" \/>\n<meta property=\"og:title\" content=\"Inicio - Movilh Educa\" \/>\n<meta property=\"og:description\" content=\"Centro especializado de capacitaci\u00f3n en diversidad sexual y del g\u00e9nero en Chile. Somos la organizaci\u00f3n con m\u00e1s experticia y conocimiento en la materia. Cont\u00e1ctanos y solicita una charla informativa, sensibilizaci\u00f3n o actualizaci\u00f3n de est\u00e1ndares de inclusi\u00f3n de tu instituci\u00f3n.\" \/>\n<meta property=\"og:url\" content=\"https:\/\/www.movilh.cl\/educa\/\" \/>\n<meta property=\"og:site_name\" content=\"Movilh Educa\" \/>\n<meta property=\"article:modified_time\" content=\"2023-12-28T21:21:19+00:00\" \/>\n<meta name=\"twitter:card\" content=\"summary_large_image\" \/>\n<script type=\"application\/ld+json\" class=\"yoast-schema-graph\">{\"@context\":\"https:\/\/schema.org\",\"@graph\":[{\"@type\":\"WebPage\",\"@id\":\"https:\/\/www.movilh.cl\/educa\/\",\"url\":\"https:\/\/www.movilh.cl\/educa\/\",\"name\":\"Inicio - Movilh Educa\",\"isPartOf\":{\"@id\":\"https:\/\/www.movilh.cl\/educa\/#website\"},\"datePublished\":\"2023-07-06T17:18:14+00:00\",\"dateModified\":\"2023-12-28T21:21:19+00:00\",\"description\":\"Centro especializado de capacitaci\u00f3n en diversidad sexual y del g\u00e9nero en Chile. Somos la organizaci\u00f3n con m\u00e1s experticia y conocimiento en la materia. Cont\u00e1ctanos y solicita una charla informativa, sensibilizaci\u00f3n o actualizaci\u00f3n de est\u00e1ndares de inclusi\u00f3n de tu instituci\u00f3n.\",\"breadcrumb\":{\"@id\":\"https:\/\/www.movilh.cl\/educa\/#breadcrumb\"},\"inLanguage\":\"es-CL\",\"potentialAction\":[{\"@type\":\"ReadAction\",\"target\":[\"https:\/\/www.movilh.cl\/educa\/\"]}]},{\"@type\":\"BreadcrumbList\",\"@id\":\"https:\/\/www.movilh.cl\/educa\/#breadcrumb\",\"itemListElement\":[{\"@type\":\"ListItem\",\"position\":1,\"name\":\"Portada\",\"item\":\"https:\/\/www.movilh.cl\/educa\/\"},{\"@type\":\"ListItem\",\"position\":2,\"name\":\"Inicio\"}]},{\"@type\":\"WebSite\",\"@id\":\"https:\/\/www.movilh.cl\/educa\/#website\",\"url\":\"https:\/\/www.movilh.cl\/educa\/\",\"name\":\"Movilh Educa\",\"description\":\"Centro especializado de capacitaci\u00f3n en diversidad sexual y del g\u00e9nero en Chile\",\"alternateName\":\"Centro especializado de capacitaci\u00f3n en diversidad sexual y del g\u00e9nero en Chile\",\"potentialAction\":[{\"@type\":\"SearchAction\",\"target\":{\"@type\":\"EntryPoint\",\"urlTemplate\":\"https:\/\/www.movilh.cl\/educa\/?s={search_term_string}\"},\"query-input\":\"required name=search_term_string\"}],\"inLanguage\":\"es-CL\"}]}<\/script>\n<!-- \/ Yoast SEO plugin. -->","yoast_head_json":{"title":"Inicio - Movilh Educa","description":"Centro especializado de capacitaci\u00f3n en diversidad sexual y del g\u00e9nero en Chile. Somos la organizaci\u00f3n con m\u00e1s experticia y conocimiento en la materia. Cont\u00e1ctanos y solicita una charla informativa, sensibilizaci\u00f3n o actualizaci\u00f3n de est\u00e1ndares de inclusi\u00f3n de tu instituci\u00f3n.","robots":{"index":"index","follow":"follow","max-snippet":"max-snippet:-1","max-image-preview":"max-image-preview:large","max-video-preview":"max-video-preview:-1"},"canonical":"https:\/\/www.movilh.cl\/educa\/","og_locale":"es_ES","og_type":"article","og_title":"Inicio - Movilh Educa","og_description":"Centro especializado de capacitaci\u00f3n en diversidad sexual y del g\u00e9nero en Chile. Somos la organizaci\u00f3n con m\u00e1s experticia y conocimiento en la materia. Cont\u00e1ctanos y solicita una charla informativa, sensibilizaci\u00f3n o actualizaci\u00f3n de est\u00e1ndares de inclusi\u00f3n de tu instituci\u00f3n.","og_url":"https:\/\/www.movilh.cl\/educa\/","og_site_name":"Movilh Educa","article_modified_time":"2023-12-28T21:21:19+00:00","twitter_card":"summary_large_image","schema":{"@context":"https:\/\/schema.org","@graph":[{"@type":"WebPage","@id":"https:\/\/www.movilh.cl\/educa\/","url":"https:\/\/www.movilh.cl\/educa\/","name":"Inicio - Movilh Educa","isPartOf":{"@id":"https:\/\/www.movilh.cl\/educa\/#website"},"datePublished":"2023-07-06T17:18:14+00:00","dateModified":"2023-12-28T21:21:19+00:00","description":"Centro especializado de capacitaci\u00f3n en diversidad sexual y del g\u00e9nero en Chile. Somos la organizaci\u00f3n con m\u00e1s experticia y conocimiento en la materia. Cont\u00e1ctanos y solicita una charla informativa, sensibilizaci\u00f3n o actualizaci\u00f3n de est\u00e1ndares de inclusi\u00f3n de tu instituci\u00f3n.","breadcrumb":{"@id":"https:\/\/www.movilh.cl\/educa\/#breadcrumb"},"inLanguage":"es-CL","potentialAction":[{"@type":"ReadAction","target":["https:\/\/www.movilh.cl\/educa\/"]}]},{"@type":"BreadcrumbList","@id":"https:\/\/www.movilh.cl\/educa\/#breadcrumb","itemListElement":[{"@type":"ListItem","position":1,"name":"Portada","item":"https:\/\/www.movilh.cl\/educa\/"},{"@type":"ListItem","position":2,"name":"Inicio"}]},{"@type":"WebSite","@id":"https:\/\/www.movilh.cl\/educa\/#website","url":"https:\/\/www.movilh.cl\/educa\/","name":"Movilh Educa","description":"Centro especializado de capacitaci\u00f3n en diversidad sexual y del g\u00e9nero en Chile","alternateName":"Centro especializado de capacitaci\u00f3n en diversidad sexual y del g\u00e9nero en Chile","potentialAction":[{"@type":"SearchAction","target":{"@type":"EntryPoint","urlTemplate":"https:\/\/www.movilh.cl\/educa\/?s={search_term_string}"},"query-input":"required name=search_term_string"}],"inLanguage":"es-CL"}]}},"_links":{"self":[{"href":"https:\/\/www.movilh.cl\/educa\/wp-json\/wp\/v2\/pages\/34","targetHints":{"allow":["GET"]}}],"collection":[{"href":"https:\/\/www.movilh.cl\/educa\/wp-json\/wp\/v2\/pages"}],"about":[{"href":"https:\/\/www.movilh.cl\/educa\/wp-json\/wp\/v2\/types\/page"}],"author":[{"embeddable":true,"href":"https:\/\/www.movilh.cl\/educa\/wp-json\/wp\/v2\/users\/1"}],"replies":[{"embeddable":true,"href":"https:\/\/www.movilh.cl\/educa\/wp-json\/wp\/v2\/comments?post=34"}],"version-history":[{"count":1,"href":"https:\/\/www.movilh.cl\/educa\/wp-json\/wp\/v2\/pages\/34\/revisions"}],"predecessor-version":[{"id":35,"href":"https:\/\/www.movilh.cl\/educa\/wp-json\/wp\/v2\/pages\/34\/revisions\/35"}],"wp:attachment":[{"href":"https:\/\/www.movilh.cl\/educa\/wp-json\/wp\/v2\/media?parent=34"}],"curies":[{"name":"wp","href":"https:\/\/api.w.org\/{rel}","templated":true}]}}