{"id":266,"date":"2023-07-14T13:35:49","date_gmt":"2023-07-14T16:35:49","guid":{"rendered":"https:\/\/www.movilh.cl\/educa\/?page_id=266"},"modified":"2023-07-14T16:28:56","modified_gmt":"2023-07-14T19:28:56","slug":"contacto","status":"publish","type":"page","link":"https:\/\/www.movilh.cl\/educa\/contacto\/","title":{"rendered":"Contacto"},"content":{"rendered":"\t\t<div data-elementor-type=\"wp-page\" data-elementor-id=\"266\" class=\"elementor elementor-266\">\n\t\t\t\t\t\t\t\t\t<section class=\"elementor-section elementor-top-section elementor-element elementor-element-2119b18f elementor-section-boxed elementor-section-height-default elementor-section-height-default\" data-id=\"2119b18f\" data-element_type=\"section\">\n\t\t\t\t\t\t<div class=\"elementor-container elementor-column-gap-default\">\n\t\t\t\t\t<div class=\"elementor-column elementor-col-100 elementor-top-column elementor-element elementor-element-18031172\" data-id=\"18031172\" data-element_type=\"column\">\n\t\t\t<div class=\"elementor-widget-wrap elementor-element-populated\">\n\t\t\t\t\t\t\t\t<div class=\"elementor-element elementor-element-426e9815 elementor-widget elementor-widget-text-editor\" data-id=\"426e9815\" data-element_type=\"widget\" data-widget_type=\"text-editor.default\">\n\t\t\t\t<div class=\"elementor-widget-container\">\n\t\t\t<style>\/*! elementor - v3.18.0 - 20-12-2023 *\/\n.elementor-widget-text-editor.elementor-drop-cap-view-stacked .elementor-drop-cap{background-color:#69727d;color:#fff}.elementor-widget-text-editor.elementor-drop-cap-view-framed .elementor-drop-cap{color:#69727d;border:3px solid;background-color:transparent}.elementor-widget-text-editor:not(.elementor-drop-cap-view-default) .elementor-drop-cap{margin-top:8px}.elementor-widget-text-editor:not(.elementor-drop-cap-view-default) .elementor-drop-cap-letter{width:1em;height:1em}.elementor-widget-text-editor .elementor-drop-cap{float:left;text-align:center;line-height:1;font-size:50px}.elementor-widget-text-editor .elementor-drop-cap-letter{display:inline-block}<\/style>\t\t\t\t&nbsp;\n\n&nbsp;\n\n&nbsp;\t\t\t\t\t\t<\/div>\n\t\t\t\t<\/div>\n\t\t\t\t\t<\/div>\n\t\t<\/div>\n\t\t\t\t\t\t\t<\/div>\n\t\t<\/section>\n\t\t\t\t<section class=\"elementor-section elementor-top-section elementor-element elementor-element-17e3a53f elementor-section-boxed elementor-section-height-default elementor-section-height-default\" data-id=\"17e3a53f\" data-element_type=\"section\">\n\t\t\t\t\t\t<div class=\"elementor-container elementor-column-gap-default\">\n\t\t\t\t\t<div class=\"elementor-column elementor-col-100 elementor-top-column elementor-element elementor-element-20aa14c7\" data-id=\"20aa14c7\" data-element_type=\"column\">\n\t\t\t<div class=\"elementor-widget-wrap elementor-element-populated\">\n\t\t\t\t\t\t\t\t<div class=\"elementor-element elementor-element-449832a5 elementor-widget__width-inherit elementor-arrows-position-inside elementor-pagination-position-outside elementor-widget elementor-widget-image-carousel\" data-id=\"449832a5\" data-element_type=\"widget\" data-settings=\"{&quot;slides_to_show&quot;:&quot;1&quot;,&quot;pause_on_hover&quot;:&quot;no&quot;,&quot;navigation&quot;:&quot;both&quot;,&quot;autoplay&quot;:&quot;yes&quot;,&quot;pause_on_interaction&quot;:&quot;yes&quot;,&quot;autoplay_speed&quot;:5000,&quot;infinite&quot;:&quot;yes&quot;,&quot;effect&quot;:&quot;slide&quot;,&quot;speed&quot;:500}\" data-widget_type=\"image-carousel.default\">\n\t\t\t\t<div class=\"elementor-widget-container\">\n\t\t\t<style>\/*! elementor - v3.18.0 - 20-12-2023 *\/\n.elementor-widget-image-carousel .swiper,.elementor-widget-image-carousel .swiper-container{position:static}.elementor-widget-image-carousel .swiper-container .swiper-slide figure,.elementor-widget-image-carousel .swiper .swiper-slide figure{line-height:inherit}.elementor-widget-image-carousel .swiper-slide{text-align:center}.elementor-image-carousel-wrapper:not(.swiper-container-initialized):not(.swiper-initialized) .swiper-slide{max-width:calc(100% \/ var(--e-image-carousel-slides-to-show, 3))}<\/style>\t\t<div class=\"elementor-image-carousel-wrapper swiper\" dir=\"ltr\">\n\t\t\t<div class=\"elementor-image-carousel swiper-wrapper swiper-image-stretch\" aria-live=\"off\">\n\t\t\t\t\t\t\t\t<div class=\"swiper-slide\" role=\"group\" aria-roledescription=\"slide\" aria-label=\"1 de 11\"><figure class=\"swiper-slide-inner\"><img decoding=\"async\" class=\"swiper-slide-image\" src=\"https:\/\/www.movilh.cl\/educa\/wp-content\/uploads\/2023\/07\/capacitacion-SUVPREVDELITO.jpeg\" alt=\"Subsecretar\u00eda de Prevenci\u00f3n del Delito\" \/><\/figure><\/div><div class=\"swiper-slide\" role=\"group\" aria-roledescription=\"slide\" aria-label=\"2 de 11\"><figure class=\"swiper-slide-inner\"><img decoding=\"async\" class=\"swiper-slide-image\" src=\"https:\/\/www.movilh.cl\/educa\/wp-content\/uploads\/2023\/07\/capacitacion-escuelas.jpeg\" alt=\"capacitacion-escuelas\" \/><\/figure><\/div><div class=\"swiper-slide\" role=\"group\" aria-roledescription=\"slide\" aria-label=\"3 de 11\"><figure class=\"swiper-slide-inner\"><img decoding=\"async\" class=\"swiper-slide-image\" src=\"https:\/\/www.movilh.cl\/educa\/wp-content\/uploads\/2023\/07\/capacitacion-carabineros.jpg\" alt=\"capacitacion-carabineros\" \/><\/figure><\/div><div class=\"swiper-slide\" role=\"group\" aria-roledescription=\"slide\" aria-label=\"4 de 11\"><figure class=\"swiper-slide-inner\"><img decoding=\"async\" class=\"swiper-slide-image\" src=\"https:\/\/www.movilh.cl\/educa\/wp-content\/uploads\/2023\/07\/capacitacion-directivos.jpeg\" alt=\"capacitacion-directivos\" \/><\/figure><\/div><div class=\"swiper-slide\" role=\"group\" aria-roledescription=\"slide\" aria-label=\"5 de 11\"><figure class=\"swiper-slide-inner\"><img decoding=\"async\" class=\"swiper-slide-image\" src=\"https:\/\/www.movilh.cl\/educa\/wp-content\/uploads\/2023\/07\/capacitacion-direccion-trabajo.jpeg\" alt=\"capacitacion-direccion-trabajo\" \/><\/figure><\/div><div class=\"swiper-slide\" role=\"group\" aria-roledescription=\"slide\" aria-label=\"6 de 11\"><figure class=\"swiper-slide-inner\"><img decoding=\"async\" class=\"swiper-slide-image\" src=\"https:\/\/www.movilh.cl\/educa\/wp-content\/uploads\/2023\/07\/Capacitacion-UNAB.jpeg\" alt=\"Capacitacion-UNAB\" \/><\/figure><\/div><div class=\"swiper-slide\" role=\"group\" aria-roledescription=\"slide\" aria-label=\"7 de 11\"><figure class=\"swiper-slide-inner\"><img decoding=\"async\" class=\"swiper-slide-image\" src=\"https:\/\/www.movilh.cl\/educa\/wp-content\/uploads\/2023\/07\/Capacitacion-Biblioteca-del-Senado.jpeg\" alt=\"Capacitacion-Biblioteca-del-Senado\" \/><\/figure><\/div><div class=\"swiper-slide\" role=\"group\" aria-roledescription=\"slide\" aria-label=\"8 de 11\"><figure class=\"swiper-slide-inner\"><img decoding=\"async\" class=\"swiper-slide-image\" src=\"https:\/\/www.movilh.cl\/educa\/wp-content\/uploads\/2023\/07\/Capacitacion-Escuela.jpeg\" alt=\"Capacitacion-Escuela\" \/><\/figure><\/div><div class=\"swiper-slide\" role=\"group\" aria-roledescription=\"slide\" aria-label=\"9 de 11\"><figure class=\"swiper-slide-inner\"><img decoding=\"async\" class=\"swiper-slide-image\" src=\"https:\/\/www.movilh.cl\/educa\/wp-content\/uploads\/2023\/07\/Capacitacion-Posta-Central.jpeg\" alt=\"Capacitacion-Posta-Central\" \/><\/figure><\/div><div class=\"swiper-slide\" role=\"group\" aria-roledescription=\"slide\" aria-label=\"10 de 11\"><figure class=\"swiper-slide-inner\"><img decoding=\"async\" class=\"swiper-slide-image\" src=\"https:\/\/www.movilh.cl\/educa\/wp-content\/uploads\/2023\/07\/Capacitacion-Escuyela-Publicidad-UDP.jpeg\" alt=\"Capacitacion-Escuyela-Publicidad-UDP\" \/><\/figure><\/div><div class=\"swiper-slide\" role=\"group\" aria-roledescription=\"slide\" aria-label=\"11 de 11\"><figure class=\"swiper-slide-inner\"><img decoding=\"async\" class=\"swiper-slide-image\" src=\"https:\/\/www.movilh.cl\/educa\/wp-content\/uploads\/2023\/07\/Capacitacion-Municipalidad-SanBernardo.jpeg\" alt=\"Capacitacion-Municipalidad-SanBernardo\" \/><\/figure><\/div>\t\t\t<\/div>\n\t\t\t\t\t\t\t\t\t\t\t\t<div class=\"elementor-swiper-button elementor-swiper-button-prev\" role=\"button\" tabindex=\"0\">\n\t\t\t\t\t\t<i aria-hidden=\"true\" class=\"eicon-chevron-left\"><\/i>\t\t\t\t\t<\/div>\n\t\t\t\t\t<div class=\"elementor-swiper-button elementor-swiper-button-next\" role=\"button\" tabindex=\"0\">\n\t\t\t\t\t\t<i aria-hidden=\"true\" class=\"eicon-chevron-right\"><\/i>\t\t\t\t\t<\/div>\n\t\t\t\t\n\t\t\t\t\t\t\t\t\t<div class=\"swiper-pagination\"><\/div>\n\t\t\t\t\t\t\t\t\t<\/div>\n\t\t\t\t<\/div>\n\t\t\t\t<\/div>\n\t\t\t\t\t<\/div>\n\t\t<\/div>\n\t\t\t\t\t\t\t<\/div>\n\t\t<\/section>\n\t\t\t\t<section class=\"elementor-section elementor-top-section elementor-element elementor-element-1397c8d4 elementor-section-boxed elementor-section-height-default elementor-section-height-default\" data-id=\"1397c8d4\" data-element_type=\"section\">\n\t\t\t\t\t\t<div class=\"elementor-container elementor-column-gap-default\">\n\t\t\t\t\t<div class=\"elementor-column elementor-col-50 elementor-top-column elementor-element elementor-element-6bc38514\" data-id=\"6bc38514\" data-element_type=\"column\">\n\t\t\t<div class=\"elementor-widget-wrap elementor-element-populated\">\n\t\t\t\t\t\t\t\t<div class=\"elementor-element elementor-element-279ac1a3 elementor-widget elementor-widget-image\" data-id=\"279ac1a3\" data-element_type=\"widget\" data-widget_type=\"image.default\">\n\t\t\t\t<div class=\"elementor-widget-container\">\n\t\t\t<style>\/*! elementor - v3.18.0 - 20-12-2023 *\/\n.elementor-widget-image{text-align:center}.elementor-widget-image a{display:inline-block}.elementor-widget-image a img[src$=\".svg\"]{width:48px}.elementor-widget-image img{vertical-align:middle;display:inline-block}<\/style>\t\t\t\t\t\t\t\t\t\t\t\t<img fetchpriority=\"high\" decoding=\"async\" width=\"834\" height=\"466\" src=\"https:\/\/www.movilh.cl\/educa\/wp-content\/uploads\/2023\/07\/Capacitacion-Coquimbo.jpeg\" class=\"attachment-large size-large wp-image-267\" alt=\"\" srcset=\"https:\/\/www.movilh.cl\/educa\/wp-content\/uploads\/2023\/07\/Capacitacion-Coquimbo.jpeg 834w, https:\/\/www.movilh.cl\/educa\/wp-content\/uploads\/2023\/07\/Capacitacion-Coquimbo-300x168.jpeg 300w, https:\/\/www.movilh.cl\/educa\/wp-content\/uploads\/2023\/07\/Capacitacion-Coquimbo-768x429.jpeg 768w\" sizes=\"(max-width: 834px) 100vw, 834px\" \/>\t\t\t\t\t\t\t\t\t\t\t\t\t\t\t<\/div>\n\t\t\t\t<\/div>\n\t\t\t\t\t<\/div>\n\t\t<\/div>\n\t\t\t\t<div class=\"elementor-column elementor-col-50 elementor-top-column elementor-element elementor-element-28b35e3\" data-id=\"28b35e3\" data-element_type=\"column\">\n\t\t\t<div class=\"elementor-widget-wrap elementor-element-populated\">\n\t\t\t\t\t\t\t\t<div class=\"elementor-element elementor-element-68a91238 elementor-widget__width-initial elementor-widget elementor-widget-text-editor\" data-id=\"68a91238\" data-element_type=\"widget\" data-widget_type=\"text-editor.default\">\n\t\t\t\t<div class=\"elementor-widget-container\">\n\t\t\t\t\t\t\t<p><span style=\"font-size: 14pt;\">Si necesitas una capacitaci\u00f3n que sensibilice y potencie las capacidades de tu organizaci\u00f3n y entregue conocimientos sobre diversidad sexual y de g\u00e9nero, as\u00ed como instrucci\u00f3n sobre DDHH y legislaci\u00f3n en la materia, no dudes en contactarnos.<\/span><\/p><p><span style=\"font-size: 14pt;\">Por favor env\u00edanos un correo electr\u00f3nico a <span style=\"color: #0000ff;\"><strong>educa@movilh.cl<\/strong><\/span> y estaremos encantad@s en ofrecerte posibilidades.<\/span><\/p><p><span style=\"font-size: 14pt;\">Una instituci\u00f3n que respeta los derechos de cada uno de sus integrantes y permite la libre expresi\u00f3n de los mismos, posibilita un mejor ambiente laboral entre sus colaboradores generando mejores resultados y un espacio de libertad y respeto mutuo.<\/span><\/p>\t\t\t\t\t\t<\/div>\n\t\t\t\t<\/div>\n\t\t\t\t\t<\/div>\n\t\t<\/div>\n\t\t\t\t\t\t\t<\/div>\n\t\t<\/section>\n\t\t\t\t\t\t\t<\/div>\n\t\t","protected":false},"excerpt":{"rendered":"<p>&nbsp; &nbsp; &nbsp; Si necesitas una capacitaci\u00f3n que sensibilice y potencie las capacidades de tu organizaci\u00f3n y entregue conocimientos sobre diversidad sexual y de g\u00e9nero, as\u00ed como instrucci\u00f3n sobre DDHH y legislaci\u00f3n en la materia, no dudes en contactarnos. Por favor env\u00edanos un correo electr\u00f3nico a educa@movilh.cl y estaremos encantad@s en ofrecerte posibilidades. Una instituci\u00f3n [&hellip;]<\/p>\n","protected":false},"author":1,"featured_media":0,"parent":0,"menu_order":0,"comment_status":"closed","ping_status":"closed","template":"","meta":{"footnotes":""},"class_list":["post-266","page","type-page","status-publish","hentry"],"yoast_head":"<!-- This site is optimized with the Yoast SEO plugin v23.1 - https:\/\/yoast.com\/wordpress\/plugins\/seo\/ -->\n<title>Contacto - Movilh Educa<\/title>\n<meta name=\"robots\" content=\"index, follow, max-snippet:-1, max-image-preview:large, max-video-preview:-1\" \/>\n<link rel=\"canonical\" href=\"https:\/\/www.movilh.cl\/educa\/contacto\/\" \/>\n<meta property=\"og:locale\" content=\"es_ES\" \/>\n<meta property=\"og:type\" content=\"article\" \/>\n<meta property=\"og:title\" content=\"Contacto - Movilh Educa\" \/>\n<meta property=\"og:description\" content=\"&nbsp; &nbsp; &nbsp; Si necesitas una capacitaci\u00f3n que sensibilice y potencie las capacidades de tu organizaci\u00f3n y entregue conocimientos sobre diversidad sexual y de g\u00e9nero, as\u00ed como instrucci\u00f3n sobre DDHH y legislaci\u00f3n en la materia, no dudes en contactarnos. Por favor env\u00edanos un correo electr\u00f3nico a educa@movilh.cl y estaremos encantad@s en ofrecerte posibilidades. Una instituci\u00f3n [&hellip;]\" \/>\n<meta property=\"og:url\" content=\"https:\/\/www.movilh.cl\/educa\/contacto\/\" \/>\n<meta property=\"og:site_name\" content=\"Movilh Educa\" \/>\n<meta property=\"article:modified_time\" content=\"2023-07-14T19:28:56+00:00\" \/>\n<meta property=\"og:image\" content=\"https:\/\/www.movilh.cl\/educa\/wp-content\/uploads\/2023\/07\/capacitacion-SUVPREVDELITO.jpeg\" \/>\n<meta name=\"twitter:card\" content=\"summary_large_image\" \/>\n<meta name=\"twitter:label1\" content=\"Tiempo estimado de lectura\" \/>\n\t<meta name=\"twitter:data1\" content=\"1 minuto\" \/>\n<script type=\"application\/ld+json\" class=\"yoast-schema-graph\">{\"@context\":\"https:\/\/schema.org\",\"@graph\":[{\"@type\":\"WebPage\",\"@id\":\"https:\/\/www.movilh.cl\/educa\/contacto\/\",\"url\":\"https:\/\/www.movilh.cl\/educa\/contacto\/\",\"name\":\"Contacto - Movilh Educa\",\"isPartOf\":{\"@id\":\"https:\/\/www.movilh.cl\/educa\/#website\"},\"primaryImageOfPage\":{\"@id\":\"https:\/\/www.movilh.cl\/educa\/contacto\/#primaryimage\"},\"image\":{\"@id\":\"https:\/\/www.movilh.cl\/educa\/contacto\/#primaryimage\"},\"thumbnailUrl\":\"https:\/\/www.movilh.cl\/educa\/wp-content\/uploads\/2023\/07\/capacitacion-SUVPREVDELITO.jpeg\",\"datePublished\":\"2023-07-14T16:35:49+00:00\",\"dateModified\":\"2023-07-14T19:28:56+00:00\",\"breadcrumb\":{\"@id\":\"https:\/\/www.movilh.cl\/educa\/contacto\/#breadcrumb\"},\"inLanguage\":\"es-CL\",\"potentialAction\":[{\"@type\":\"ReadAction\",\"target\":[\"https:\/\/www.movilh.cl\/educa\/contacto\/\"]}]},{\"@type\":\"ImageObject\",\"inLanguage\":\"es-CL\",\"@id\":\"https:\/\/www.movilh.cl\/educa\/contacto\/#primaryimage\",\"url\":\"https:\/\/www.movilh.cl\/educa\/wp-content\/uploads\/2023\/07\/capacitacion-SUVPREVDELITO.jpeg\",\"contentUrl\":\"https:\/\/www.movilh.cl\/educa\/wp-content\/uploads\/2023\/07\/capacitacion-SUVPREVDELITO.jpeg\",\"width\":1300,\"height\":495,\"caption\":\"Subsecretar\u00eda de Prevenci\u00f3n del Delito\"},{\"@type\":\"BreadcrumbList\",\"@id\":\"https:\/\/www.movilh.cl\/educa\/contacto\/#breadcrumb\",\"itemListElement\":[{\"@type\":\"ListItem\",\"position\":1,\"name\":\"Portada\",\"item\":\"https:\/\/www.movilh.cl\/educa\/\"},{\"@type\":\"ListItem\",\"position\":2,\"name\":\"Contacto\"}]},{\"@type\":\"WebSite\",\"@id\":\"https:\/\/www.movilh.cl\/educa\/#website\",\"url\":\"https:\/\/www.movilh.cl\/educa\/\",\"name\":\"Movilh Educa\",\"description\":\"Centro especializado de capacitaci\u00f3n en diversidad sexual y del g\u00e9nero en Chile\",\"alternateName\":\"Centro especializado de capacitaci\u00f3n en diversidad sexual y del g\u00e9nero en Chile\",\"potentialAction\":[{\"@type\":\"SearchAction\",\"target\":{\"@type\":\"EntryPoint\",\"urlTemplate\":\"https:\/\/www.movilh.cl\/educa\/?s={search_term_string}\"},\"query-input\":\"required name=search_term_string\"}],\"inLanguage\":\"es-CL\"}]}<\/script>\n<!-- \/ Yoast SEO plugin. -->","yoast_head_json":{"title":"Contacto - Movilh Educa","robots":{"index":"index","follow":"follow","max-snippet":"max-snippet:-1","max-image-preview":"max-image-preview:large","max-video-preview":"max-video-preview:-1"},"canonical":"https:\/\/www.movilh.cl\/educa\/contacto\/","og_locale":"es_ES","og_type":"article","og_title":"Contacto - Movilh Educa","og_description":"&nbsp; &nbsp; &nbsp; Si necesitas una capacitaci\u00f3n que sensibilice y potencie las capacidades de tu organizaci\u00f3n y entregue conocimientos sobre diversidad sexual y de g\u00e9nero, as\u00ed como instrucci\u00f3n sobre DDHH y legislaci\u00f3n en la materia, no dudes en contactarnos. Por favor env\u00edanos un correo electr\u00f3nico a educa@movilh.cl y estaremos encantad@s en ofrecerte posibilidades. Una instituci\u00f3n [&hellip;]","og_url":"https:\/\/www.movilh.cl\/educa\/contacto\/","og_site_name":"Movilh Educa","article_modified_time":"2023-07-14T19:28:56+00:00","og_image":[{"url":"https:\/\/www.movilh.cl\/educa\/wp-content\/uploads\/2023\/07\/capacitacion-SUVPREVDELITO.jpeg"}],"twitter_card":"summary_large_image","twitter_misc":{"Tiempo estimado de lectura":"1 minuto"},"schema":{"@context":"https:\/\/schema.org","@graph":[{"@type":"WebPage","@id":"https:\/\/www.movilh.cl\/educa\/contacto\/","url":"https:\/\/www.movilh.cl\/educa\/contacto\/","name":"Contacto - Movilh Educa","isPartOf":{"@id":"https:\/\/www.movilh.cl\/educa\/#website"},"primaryImageOfPage":{"@id":"https:\/\/www.movilh.cl\/educa\/contacto\/#primaryimage"},"image":{"@id":"https:\/\/www.movilh.cl\/educa\/contacto\/#primaryimage"},"thumbnailUrl":"https:\/\/www.movilh.cl\/educa\/wp-content\/uploads\/2023\/07\/capacitacion-SUVPREVDELITO.jpeg","datePublished":"2023-07-14T16:35:49+00:00","dateModified":"2023-07-14T19:28:56+00:00","breadcrumb":{"@id":"https:\/\/www.movilh.cl\/educa\/contacto\/#breadcrumb"},"inLanguage":"es-CL","potentialAction":[{"@type":"ReadAction","target":["https:\/\/www.movilh.cl\/educa\/contacto\/"]}]},{"@type":"ImageObject","inLanguage":"es-CL","@id":"https:\/\/www.movilh.cl\/educa\/contacto\/#primaryimage","url":"https:\/\/www.movilh.cl\/educa\/wp-content\/uploads\/2023\/07\/capacitacion-SUVPREVDELITO.jpeg","contentUrl":"https:\/\/www.movilh.cl\/educa\/wp-content\/uploads\/2023\/07\/capacitacion-SUVPREVDELITO.jpeg","width":1300,"height":495,"caption":"Subsecretar\u00eda de Prevenci\u00f3n del Delito"},{"@type":"BreadcrumbList","@id":"https:\/\/www.movilh.cl\/educa\/contacto\/#breadcrumb","itemListElement":[{"@type":"ListItem","position":1,"name":"Portada","item":"https:\/\/www.movilh.cl\/educa\/"},{"@type":"ListItem","position":2,"name":"Contacto"}]},{"@type":"WebSite","@id":"https:\/\/www.movilh.cl\/educa\/#website","url":"https:\/\/www.movilh.cl\/educa\/","name":"Movilh Educa","description":"Centro especializado de capacitaci\u00f3n en diversidad sexual y del g\u00e9nero en Chile","alternateName":"Centro especializado de capacitaci\u00f3n en diversidad sexual y del g\u00e9nero en Chile","potentialAction":[{"@type":"SearchAction","target":{"@type":"EntryPoint","urlTemplate":"https:\/\/www.movilh.cl\/educa\/?s={search_term_string}"},"query-input":"required name=search_term_string"}],"inLanguage":"es-CL"}]}},"_links":{"self":[{"href":"https:\/\/www.movilh.cl\/educa\/wp-json\/wp\/v2\/pages\/266","targetHints":{"allow":["GET"]}}],"collection":[{"href":"https:\/\/www.movilh.cl\/educa\/wp-json\/wp\/v2\/pages"}],"about":[{"href":"https:\/\/www.movilh.cl\/educa\/wp-json\/wp\/v2\/types\/page"}],"author":[{"embeddable":true,"href":"https:\/\/www.movilh.cl\/educa\/wp-json\/wp\/v2\/users\/1"}],"replies":[{"embeddable":true,"href":"https:\/\/www.movilh.cl\/educa\/wp-json\/wp\/v2\/comments?post=266"}],"version-history":[{"count":6,"href":"https:\/\/www.movilh.cl\/educa\/wp-json\/wp\/v2\/pages\/266\/revisions"}],"predecessor-version":[{"id":276,"href":"https:\/\/www.movilh.cl\/educa\/wp-json\/wp\/v2\/pages\/266\/revisions\/276"}],"wp:attachment":[{"href":"https:\/\/www.movilh.cl\/educa\/wp-json\/wp\/v2\/media?parent=266"}],"curies":[{"name":"wp","href":"https:\/\/api.w.org\/{rel}","templated":true}]}}