{"id":20,"date":"2023-07-06T14:03:07","date_gmt":"2023-07-06T17:03:07","guid":{"rendered":"https:\/\/www.movilh.cl\/educa\/?page_id=20"},"modified":"2026-03-16T11:06:57","modified_gmt":"2026-03-16T14:06:57","slug":"servicios","status":"publish","type":"page","link":"https:\/\/www.movilh.cl\/educa\/servicios\/","title":{"rendered":"Servicios"},"content":{"rendered":"\t\t<div data-elementor-type=\"wp-page\" data-elementor-id=\"20\" class=\"elementor elementor-20\">\n\t\t\t\t\t\t\t\t\t<section class=\"elementor-section elementor-top-section elementor-element elementor-element-4c8a380 elementor-section-boxed elementor-section-height-default elementor-section-height-default\" data-id=\"4c8a380\" data-element_type=\"section\">\n\t\t\t\t\t\t<div class=\"elementor-container elementor-column-gap-default\">\n\t\t\t\t\t<div class=\"elementor-column elementor-col-100 elementor-top-column elementor-element elementor-element-2e9f8eef\" data-id=\"2e9f8eef\" data-element_type=\"column\">\n\t\t\t<div class=\"elementor-widget-wrap elementor-element-populated\">\n\t\t\t\t\t\t\t\t<div class=\"elementor-element elementor-element-1d20e59b elementor-widget__width-inherit elementor-arrows-position-inside elementor-pagination-position-outside elementor-widget elementor-widget-image-carousel\" data-id=\"1d20e59b\" data-element_type=\"widget\" data-settings=\"{&quot;slides_to_show&quot;:&quot;1&quot;,&quot;pause_on_hover&quot;:&quot;no&quot;,&quot;navigation&quot;:&quot;both&quot;,&quot;autoplay&quot;:&quot;yes&quot;,&quot;pause_on_interaction&quot;:&quot;yes&quot;,&quot;autoplay_speed&quot;:5000,&quot;infinite&quot;:&quot;yes&quot;,&quot;effect&quot;:&quot;slide&quot;,&quot;speed&quot;:500}\" data-widget_type=\"image-carousel.default\">\n\t\t\t\t<div class=\"elementor-widget-container\">\n\t\t\t<style>\/*! elementor - v3.18.0 - 20-12-2023 *\/\n.elementor-widget-image-carousel .swiper,.elementor-widget-image-carousel .swiper-container{position:static}.elementor-widget-image-carousel .swiper-container .swiper-slide figure,.elementor-widget-image-carousel .swiper .swiper-slide figure{line-height:inherit}.elementor-widget-image-carousel .swiper-slide{text-align:center}.elementor-image-carousel-wrapper:not(.swiper-container-initialized):not(.swiper-initialized) .swiper-slide{max-width:calc(100% \/ var(--e-image-carousel-slides-to-show, 3))}<\/style>\t\t<div class=\"elementor-image-carousel-wrapper swiper\" dir=\"ltr\">\n\t\t\t<div class=\"elementor-image-carousel swiper-wrapper swiper-image-stretch\" aria-live=\"off\">\n\t\t\t\t\t\t\t\t<div class=\"swiper-slide\" role=\"group\" aria-roledescription=\"slide\" aria-label=\"1 de 11\"><figure class=\"swiper-slide-inner\"><img decoding=\"async\" class=\"swiper-slide-image\" src=\"https:\/\/www.movilh.cl\/educa\/wp-content\/uploads\/2023\/07\/capacitacion-SUVPREVDELITO.jpeg\" alt=\"Subsecretar\u00eda de Prevenci\u00f3n del Delito\" \/><\/figure><\/div><div class=\"swiper-slide\" role=\"group\" aria-roledescription=\"slide\" aria-label=\"2 de 11\"><figure class=\"swiper-slide-inner\"><img decoding=\"async\" class=\"swiper-slide-image\" src=\"https:\/\/www.movilh.cl\/educa\/wp-content\/uploads\/2023\/07\/capacitacion-escuelas.jpeg\" alt=\"capacitacion-escuelas\" \/><\/figure><\/div><div class=\"swiper-slide\" role=\"group\" aria-roledescription=\"slide\" aria-label=\"3 de 11\"><figure class=\"swiper-slide-inner\"><img decoding=\"async\" class=\"swiper-slide-image\" src=\"https:\/\/www.movilh.cl\/educa\/wp-content\/uploads\/2023\/07\/capacitacion-carabineros.jpg\" alt=\"capacitacion-carabineros\" \/><\/figure><\/div><div class=\"swiper-slide\" role=\"group\" aria-roledescription=\"slide\" aria-label=\"4 de 11\"><figure class=\"swiper-slide-inner\"><img decoding=\"async\" class=\"swiper-slide-image\" src=\"https:\/\/www.movilh.cl\/educa\/wp-content\/uploads\/2023\/07\/capacitacion-directivos.jpeg\" alt=\"capacitacion-directivos\" \/><\/figure><\/div><div class=\"swiper-slide\" role=\"group\" aria-roledescription=\"slide\" aria-label=\"5 de 11\"><figure class=\"swiper-slide-inner\"><img decoding=\"async\" class=\"swiper-slide-image\" src=\"https:\/\/www.movilh.cl\/educa\/wp-content\/uploads\/2023\/07\/capacitacion-direccion-trabajo.jpeg\" alt=\"capacitacion-direccion-trabajo\" \/><\/figure><\/div><div class=\"swiper-slide\" role=\"group\" aria-roledescription=\"slide\" aria-label=\"6 de 11\"><figure class=\"swiper-slide-inner\"><img decoding=\"async\" class=\"swiper-slide-image\" src=\"https:\/\/www.movilh.cl\/educa\/wp-content\/uploads\/2023\/07\/Capacitacion-UNAB.jpeg\" alt=\"Capacitacion-UNAB\" \/><\/figure><\/div><div class=\"swiper-slide\" role=\"group\" aria-roledescription=\"slide\" aria-label=\"7 de 11\"><figure class=\"swiper-slide-inner\"><img decoding=\"async\" class=\"swiper-slide-image\" src=\"https:\/\/www.movilh.cl\/educa\/wp-content\/uploads\/2023\/07\/Capacitacion-Biblioteca-del-Senado.jpeg\" alt=\"Capacitacion-Biblioteca-del-Senado\" \/><\/figure><\/div><div class=\"swiper-slide\" role=\"group\" aria-roledescription=\"slide\" aria-label=\"8 de 11\"><figure class=\"swiper-slide-inner\"><img decoding=\"async\" class=\"swiper-slide-image\" src=\"https:\/\/www.movilh.cl\/educa\/wp-content\/uploads\/2023\/07\/Capacitacion-Escuela.jpeg\" alt=\"Capacitacion-Escuela\" \/><\/figure><\/div><div class=\"swiper-slide\" role=\"group\" aria-roledescription=\"slide\" aria-label=\"9 de 11\"><figure class=\"swiper-slide-inner\"><img decoding=\"async\" class=\"swiper-slide-image\" src=\"https:\/\/www.movilh.cl\/educa\/wp-content\/uploads\/2023\/07\/Capacitacion-Posta-Central.jpeg\" alt=\"Capacitacion-Posta-Central\" \/><\/figure><\/div><div class=\"swiper-slide\" role=\"group\" aria-roledescription=\"slide\" aria-label=\"10 de 11\"><figure class=\"swiper-slide-inner\"><img decoding=\"async\" class=\"swiper-slide-image\" src=\"https:\/\/www.movilh.cl\/educa\/wp-content\/uploads\/2023\/07\/Capacitacion-Escuyela-Publicidad-UDP.jpeg\" alt=\"Capacitacion-Escuyela-Publicidad-UDP\" \/><\/figure><\/div><div class=\"swiper-slide\" role=\"group\" aria-roledescription=\"slide\" aria-label=\"11 de 11\"><figure class=\"swiper-slide-inner\"><img decoding=\"async\" class=\"swiper-slide-image\" src=\"https:\/\/www.movilh.cl\/educa\/wp-content\/uploads\/2023\/07\/Capacitacion-Municipalidad-SanBernardo.jpeg\" alt=\"Capacitacion-Municipalidad-SanBernardo\" \/><\/figure><\/div>\t\t\t<\/div>\n\t\t\t\t\t\t\t\t\t\t\t\t<div class=\"elementor-swiper-button elementor-swiper-button-prev\" role=\"button\" tabindex=\"0\">\n\t\t\t\t\t\t<i aria-hidden=\"true\" class=\"eicon-chevron-left\"><\/i>\t\t\t\t\t<\/div>\n\t\t\t\t\t<div class=\"elementor-swiper-button elementor-swiper-button-next\" role=\"button\" tabindex=\"0\">\n\t\t\t\t\t\t<i aria-hidden=\"true\" class=\"eicon-chevron-right\"><\/i>\t\t\t\t\t<\/div>\n\t\t\t\t\n\t\t\t\t\t\t\t\t\t<div class=\"swiper-pagination\"><\/div>\n\t\t\t\t\t\t\t\t\t<\/div>\n\t\t\t\t<\/div>\n\t\t\t\t<\/div>\n\t\t\t\t\t<\/div>\n\t\t<\/div>\n\t\t\t\t\t\t\t<\/div>\n\t\t<\/section>\n\t\t\t\t<section class=\"elementor-section elementor-top-section elementor-element elementor-element-483bf635 elementor-section-boxed elementor-section-height-default elementor-section-height-default\" data-id=\"483bf635\" data-element_type=\"section\">\n\t\t\t\t\t\t<div class=\"elementor-container elementor-column-gap-default\">\n\t\t\t\t\t<div class=\"elementor-column elementor-col-50 elementor-top-column elementor-element elementor-element-16fed75c\" data-id=\"16fed75c\" data-element_type=\"column\">\n\t\t\t<div class=\"elementor-widget-wrap elementor-element-populated\">\n\t\t\t\t\t\t\t\t<div class=\"elementor-element elementor-element-1131ef63 elementor-widget elementor-widget-image\" data-id=\"1131ef63\" data-element_type=\"widget\" data-widget_type=\"image.default\">\n\t\t\t\t<div class=\"elementor-widget-container\">\n\t\t\t<style>\/*! elementor - v3.18.0 - 20-12-2023 *\/\n.elementor-widget-image{text-align:center}.elementor-widget-image a{display:inline-block}.elementor-widget-image a img[src$=\".svg\"]{width:48px}.elementor-widget-image img{vertical-align:middle;display:inline-block}<\/style>\t\t\t\t\t\t\t\t\t\t\t\t<img fetchpriority=\"high\" decoding=\"async\" width=\"1024\" height=\"680\" src=\"https:\/\/www.movilh.cl\/educa\/wp-content\/uploads\/2023\/07\/gendarmeria.jpg\" class=\"attachment-large size-large wp-image-66\" alt=\"\" srcset=\"https:\/\/www.movilh.cl\/educa\/wp-content\/uploads\/2023\/07\/gendarmeria.jpg 1024w, https:\/\/www.movilh.cl\/educa\/wp-content\/uploads\/2023\/07\/gendarmeria-300x199.jpg 300w, https:\/\/www.movilh.cl\/educa\/wp-content\/uploads\/2023\/07\/gendarmeria-768x510.jpg 768w\" sizes=\"(max-width: 1024px) 100vw, 1024px\" \/>\t\t\t\t\t\t\t\t\t\t\t\t\t\t\t<\/div>\n\t\t\t\t<\/div>\n\t\t\t\t\t<\/div>\n\t\t<\/div>\n\t\t\t\t<div class=\"elementor-column elementor-col-50 elementor-top-column elementor-element elementor-element-18d852a4\" data-id=\"18d852a4\" data-element_type=\"column\">\n\t\t\t<div class=\"elementor-widget-wrap elementor-element-populated\">\n\t\t\t\t\t\t\t\t<div class=\"elementor-element elementor-element-242f134a elementor-widget__width-initial elementor-widget elementor-widget-text-editor\" data-id=\"242f134a\" data-element_type=\"widget\" data-widget_type=\"text-editor.default\">\n\t\t\t\t<div class=\"elementor-widget-container\">\n\t\t\t<style>\/*! elementor - v3.18.0 - 20-12-2023 *\/\n.elementor-widget-text-editor.elementor-drop-cap-view-stacked .elementor-drop-cap{background-color:#69727d;color:#fff}.elementor-widget-text-editor.elementor-drop-cap-view-framed .elementor-drop-cap{color:#69727d;border:3px solid;background-color:transparent}.elementor-widget-text-editor:not(.elementor-drop-cap-view-default) .elementor-drop-cap{margin-top:8px}.elementor-widget-text-editor:not(.elementor-drop-cap-view-default) .elementor-drop-cap-letter{width:1em;height:1em}.elementor-widget-text-editor .elementor-drop-cap{float:left;text-align:center;line-height:1;font-size:50px}.elementor-widget-text-editor .elementor-drop-cap-letter{display:inline-block}<\/style>\t\t\t\t<p>La comprensi\u00f3n y conocimiento sobre la realidad de sectores hist\u00f3ricamente discriminados o desaventajados; como la poblaci\u00f3n l\u00e9sbica, gay, bisexual, trans, intersexual, queer, asexual y no binaria (LGBTIQANB+); es del todo relevante para aminorar prejuicios o exclusiones y para generar climas sociales y laborales arm\u00f3nicos y de respeto hacia el\/al otro\/a.<\/p><p>Las entidades p\u00fablicas o privadas bien puede profundizar este proceso contribuyendo, mediante capacitaciones a sus integrantes, a\u00a0 generar climas\u00a0 respetuosos de la diversidad social, lo que se traducir\u00e1 en personas con mejor calidad de vida y \u00e1nimo, y, como consecuencia, en mejor desempe\u00f1o laboral y niveles de productividad.<\/p><p>Con la aprobaci\u00f3n de la Ley Antidiscriminatoriam\u00a0 del Acuerdo de Uni\u00f3n Civil, de La Ley de Identidad de G\u00e9nero y del Matrimonio Igualitario, entre otras leyes, este desaf\u00edo es especialmente pertinente.<\/p><h2><strong>Objetivos de las capacitaciones:<\/strong><\/h2><h4><strong>Objetivo general:\u00a0 <\/strong><\/h4><ul><li>Ampliar el conocimiento sobre la realidad de la diversidad sexual y de g\u00e9nero.<\/li><\/ul><h4><strong>Objetivos espec\u00edficos: <\/strong><\/h4><ul><li style=\"list-style-type: none;\"><ul><li>Orientar en conceptos sobre diversidad sexual y de g\u00e9nero<\/li><li>Analizar las formas de expresi\u00f3n de la discriminaci\u00f3n<\/li><li>Informar sobre los derechos de la diversidad sexual y de g\u00e9nero en Chile<\/li><\/ul><\/li><\/ul><h3><strong>Contenidos de las capacitaciones:<\/strong><\/h3><ul><li>Conceptos de orientaci\u00f3n sexual, conducta sexual, expresi\u00f3n e identidad de g\u00e9nero.<\/li><li>Discriminaci\u00f3n social y estatal.<\/li><li>Avances en materia de igualdad de derechos en los campos legislativo, municipal, privado,\u00a0 gubernamental e internacional.<\/li><li>Ley Antidiscriminatoria.<\/li><li>Ley de Uni\u00f3n Civil y matrimonio igualitario.<\/li><li>Ley de Identidad de G\u00e9nero.<\/li><li>Avances y desaf\u00edos en Educaci\u00f3n, Salud o Trabajo.<\/li><li>Recomendaciones para un trato igualitario.<\/li><li>Derechos humanos de la diversidad sexual y de g\u00e9nero en el campo internacional y en su relaci\u00f3n con Chile.<\/li><\/ul><h2><strong>Modalidad de las charlas:<\/strong><\/h2><p>Cada charla dura una hora y media.<\/p><p><span style=\"font-family: var( --e-global-typography-text-font-family ), Sans-serif; font-size: var(--wp--preset--font-size--small);\">Los contenidos pueden exponerse en una sola charla o m\u00e1s, seg\u00fan el nivel de profundizaci\u00f3n que quiera dar cada instituci\u00f3n a la tem\u00e1tica.<\/span><\/p><p>Las charlas son dictadas por un\/a representante de Movilh v\u00eda presencial o remota<\/p><p>Las fechas charlas se acuerdan entre las instituciones que las requieran y el Movilh a trav\u00e9s del correo <a href=\"mailto:educa@movilh.cl\">educa@movilh.cl<\/a><\/p><hr \/><h2><strong>Charlas gratuitas<\/strong><\/h2><p>Las charlas gratuitas son solo para establecimientos educacionales p\u00fablicos, entidades sin fines de lucro o cualquier grupo u organizaci\u00f3n que no pueda pagarlas.<\/p><p>Dado que se trata de una labor especial a cargo de un peque\u00f1o equipo que Movilh-Educa pone al servicio de instituciones que no pueden pagar el costo de una charla, previo a los talleres no se considera ning\u00fan tipo de reuni\u00f3n de coordinaci\u00f3n o pruebas de conexi\u00f3n con los solicitantes de las capacitaciones, a menos que tengan lugar unos 10 minutos antes de la actividad.<\/p><p>Este ahorro de tiempo nos permite brindar charlas gratuitas\u00a0 a m\u00e1s instituciones que no pueden pagarlas \u00a0 \u00a0y cuya demanda por capacitaciones es alta.<\/p><hr \/><h3><strong>\u00bfC\u00f3mo pido una charla?<\/strong><\/h3><p>La charla se pide al correo <strong><a href=\"mailto:educa@movilh.cl\">educa@movilh.cl<\/a><\/strong>, indicando el n\u00famero estimado de asistentes y edad promedio de los mismos, tras lo cual se coordinar\u00e1 la fecha y horario de la charla o curso.<\/p><hr \/>\t\t\t\t\t\t<\/div>\n\t\t\t\t<\/div>\n\t\t\t\t\t<\/div>\n\t\t<\/div>\n\t\t\t\t\t\t\t<\/div>\n\t\t<\/section>\n\t\t\t\t\t\t\t<\/div>\n\t\t","protected":false},"excerpt":{"rendered":"<p>La comprensi\u00f3n y conocimiento sobre la realidad de sectores hist\u00f3ricamente discriminados o desaventajados; como la poblaci\u00f3n l\u00e9sbica, gay, bisexual, trans, intersexual, queer, asexual y no binaria (LGBTIQANB+); es del todo relevante para aminorar prejuicios o exclusiones y para generar climas sociales y laborales arm\u00f3nicos y de respeto hacia el\/al otro\/a. Las entidades p\u00fablicas o privadas [&hellip;]<\/p>\n","protected":false},"author":1,"featured_media":0,"parent":0,"menu_order":0,"comment_status":"closed","ping_status":"closed","template":"","meta":{"footnotes":""},"class_list":["post-20","page","type-page","status-publish","hentry"],"yoast_head":"<!-- This site is optimized with the Yoast SEO plugin v23.1 - https:\/\/yoast.com\/wordpress\/plugins\/seo\/ -->\n<title>Servicios - Movilh Educa<\/title>\n<meta name=\"robots\" content=\"index, follow, max-snippet:-1, max-image-preview:large, max-video-preview:-1\" \/>\n<link rel=\"canonical\" href=\"https:\/\/www.movilh.cl\/educa\/servicios\/\" \/>\n<meta property=\"og:locale\" content=\"es_ES\" \/>\n<meta property=\"og:type\" content=\"article\" \/>\n<meta property=\"og:title\" content=\"Servicios - Movilh Educa\" \/>\n<meta property=\"og:description\" content=\"La comprensi\u00f3n y conocimiento sobre la realidad de sectores hist\u00f3ricamente discriminados o desaventajados; como la poblaci\u00f3n l\u00e9sbica, gay, bisexual, trans, intersexual, queer, asexual y no binaria (LGBTIQANB+); es del todo relevante para aminorar prejuicios o exclusiones y para generar climas sociales y laborales arm\u00f3nicos y de respeto hacia el\/al otro\/a. Las entidades p\u00fablicas o privadas [&hellip;]\" \/>\n<meta property=\"og:url\" content=\"https:\/\/www.movilh.cl\/educa\/servicios\/\" \/>\n<meta property=\"og:site_name\" content=\"Movilh Educa\" \/>\n<meta property=\"article:modified_time\" content=\"2026-03-16T14:06:57+00:00\" \/>\n<meta property=\"og:image\" content=\"https:\/\/www.movilh.cl\/educa\/wp-content\/uploads\/2023\/07\/capacitacion-SUVPREVDELITO.jpeg\" \/>\n<meta name=\"twitter:card\" content=\"summary_large_image\" \/>\n<meta name=\"twitter:label1\" content=\"Tiempo estimado de lectura\" \/>\n\t<meta name=\"twitter:data1\" content=\"5 minutos\" \/>\n<script type=\"application\/ld+json\" class=\"yoast-schema-graph\">{\"@context\":\"https:\/\/schema.org\",\"@graph\":[{\"@type\":\"WebPage\",\"@id\":\"https:\/\/www.movilh.cl\/educa\/servicios\/\",\"url\":\"https:\/\/www.movilh.cl\/educa\/servicios\/\",\"name\":\"Servicios - Movilh Educa\",\"isPartOf\":{\"@id\":\"https:\/\/www.movilh.cl\/educa\/#website\"},\"primaryImageOfPage\":{\"@id\":\"https:\/\/www.movilh.cl\/educa\/servicios\/#primaryimage\"},\"image\":{\"@id\":\"https:\/\/www.movilh.cl\/educa\/servicios\/#primaryimage\"},\"thumbnailUrl\":\"https:\/\/www.movilh.cl\/educa\/wp-content\/uploads\/2023\/07\/capacitacion-SUVPREVDELITO.jpeg\",\"datePublished\":\"2023-07-06T17:03:07+00:00\",\"dateModified\":\"2026-03-16T14:06:57+00:00\",\"breadcrumb\":{\"@id\":\"https:\/\/www.movilh.cl\/educa\/servicios\/#breadcrumb\"},\"inLanguage\":\"es-CL\",\"potentialAction\":[{\"@type\":\"ReadAction\",\"target\":[\"https:\/\/www.movilh.cl\/educa\/servicios\/\"]}]},{\"@type\":\"ImageObject\",\"inLanguage\":\"es-CL\",\"@id\":\"https:\/\/www.movilh.cl\/educa\/servicios\/#primaryimage\",\"url\":\"https:\/\/www.movilh.cl\/educa\/wp-content\/uploads\/2023\/07\/capacitacion-SUVPREVDELITO.jpeg\",\"contentUrl\":\"https:\/\/www.movilh.cl\/educa\/wp-content\/uploads\/2023\/07\/capacitacion-SUVPREVDELITO.jpeg\",\"width\":1300,\"height\":495,\"caption\":\"Subsecretar\u00eda de Prevenci\u00f3n del Delito\"},{\"@type\":\"BreadcrumbList\",\"@id\":\"https:\/\/www.movilh.cl\/educa\/servicios\/#breadcrumb\",\"itemListElement\":[{\"@type\":\"ListItem\",\"position\":1,\"name\":\"Portada\",\"item\":\"https:\/\/www.movilh.cl\/educa\/\"},{\"@type\":\"ListItem\",\"position\":2,\"name\":\"Servicios\"}]},{\"@type\":\"WebSite\",\"@id\":\"https:\/\/www.movilh.cl\/educa\/#website\",\"url\":\"https:\/\/www.movilh.cl\/educa\/\",\"name\":\"Movilh Educa\",\"description\":\"Centro especializado de capacitaci\u00f3n en diversidad sexual y del g\u00e9nero en Chile\",\"alternateName\":\"Centro especializado de capacitaci\u00f3n en diversidad sexual y del g\u00e9nero en Chile\",\"potentialAction\":[{\"@type\":\"SearchAction\",\"target\":{\"@type\":\"EntryPoint\",\"urlTemplate\":\"https:\/\/www.movilh.cl\/educa\/?s={search_term_string}\"},\"query-input\":\"required name=search_term_string\"}],\"inLanguage\":\"es-CL\"}]}<\/script>\n<!-- \/ Yoast SEO plugin. -->","yoast_head_json":{"title":"Servicios - Movilh Educa","robots":{"index":"index","follow":"follow","max-snippet":"max-snippet:-1","max-image-preview":"max-image-preview:large","max-video-preview":"max-video-preview:-1"},"canonical":"https:\/\/www.movilh.cl\/educa\/servicios\/","og_locale":"es_ES","og_type":"article","og_title":"Servicios - Movilh Educa","og_description":"La comprensi\u00f3n y conocimiento sobre la realidad de sectores hist\u00f3ricamente discriminados o desaventajados; como la poblaci\u00f3n l\u00e9sbica, gay, bisexual, trans, intersexual, queer, asexual y no binaria (LGBTIQANB+); es del todo relevante para aminorar prejuicios o exclusiones y para generar climas sociales y laborales arm\u00f3nicos y de respeto hacia el\/al otro\/a. Las entidades p\u00fablicas o privadas [&hellip;]","og_url":"https:\/\/www.movilh.cl\/educa\/servicios\/","og_site_name":"Movilh Educa","article_modified_time":"2026-03-16T14:06:57+00:00","og_image":[{"url":"https:\/\/www.movilh.cl\/educa\/wp-content\/uploads\/2023\/07\/capacitacion-SUVPREVDELITO.jpeg"}],"twitter_card":"summary_large_image","twitter_misc":{"Tiempo estimado de lectura":"5 minutos"},"schema":{"@context":"https:\/\/schema.org","@graph":[{"@type":"WebPage","@id":"https:\/\/www.movilh.cl\/educa\/servicios\/","url":"https:\/\/www.movilh.cl\/educa\/servicios\/","name":"Servicios - Movilh Educa","isPartOf":{"@id":"https:\/\/www.movilh.cl\/educa\/#website"},"primaryImageOfPage":{"@id":"https:\/\/www.movilh.cl\/educa\/servicios\/#primaryimage"},"image":{"@id":"https:\/\/www.movilh.cl\/educa\/servicios\/#primaryimage"},"thumbnailUrl":"https:\/\/www.movilh.cl\/educa\/wp-content\/uploads\/2023\/07\/capacitacion-SUVPREVDELITO.jpeg","datePublished":"2023-07-06T17:03:07+00:00","dateModified":"2026-03-16T14:06:57+00:00","breadcrumb":{"@id":"https:\/\/www.movilh.cl\/educa\/servicios\/#breadcrumb"},"inLanguage":"es-CL","potentialAction":[{"@type":"ReadAction","target":["https:\/\/www.movilh.cl\/educa\/servicios\/"]}]},{"@type":"ImageObject","inLanguage":"es-CL","@id":"https:\/\/www.movilh.cl\/educa\/servicios\/#primaryimage","url":"https:\/\/www.movilh.cl\/educa\/wp-content\/uploads\/2023\/07\/capacitacion-SUVPREVDELITO.jpeg","contentUrl":"https:\/\/www.movilh.cl\/educa\/wp-content\/uploads\/2023\/07\/capacitacion-SUVPREVDELITO.jpeg","width":1300,"height":495,"caption":"Subsecretar\u00eda de Prevenci\u00f3n del Delito"},{"@type":"BreadcrumbList","@id":"https:\/\/www.movilh.cl\/educa\/servicios\/#breadcrumb","itemListElement":[{"@type":"ListItem","position":1,"name":"Portada","item":"https:\/\/www.movilh.cl\/educa\/"},{"@type":"ListItem","position":2,"name":"Servicios"}]},{"@type":"WebSite","@id":"https:\/\/www.movilh.cl\/educa\/#website","url":"https:\/\/www.movilh.cl\/educa\/","name":"Movilh Educa","description":"Centro especializado de capacitaci\u00f3n en diversidad sexual y del g\u00e9nero en Chile","alternateName":"Centro especializado de capacitaci\u00f3n en diversidad sexual y del g\u00e9nero en Chile","potentialAction":[{"@type":"SearchAction","target":{"@type":"EntryPoint","urlTemplate":"https:\/\/www.movilh.cl\/educa\/?s={search_term_string}"},"query-input":"required name=search_term_string"}],"inLanguage":"es-CL"}]}},"_links":{"self":[{"href":"https:\/\/www.movilh.cl\/educa\/wp-json\/wp\/v2\/pages\/20","targetHints":{"allow":["GET"]}}],"collection":[{"href":"https:\/\/www.movilh.cl\/educa\/wp-json\/wp\/v2\/pages"}],"about":[{"href":"https:\/\/www.movilh.cl\/educa\/wp-json\/wp\/v2\/types\/page"}],"author":[{"embeddable":true,"href":"https:\/\/www.movilh.cl\/educa\/wp-json\/wp\/v2\/users\/1"}],"replies":[{"embeddable":true,"href":"https:\/\/www.movilh.cl\/educa\/wp-json\/wp\/v2\/comments?post=20"}],"version-history":[{"count":28,"href":"https:\/\/www.movilh.cl\/educa\/wp-json\/wp\/v2\/pages\/20\/revisions"}],"predecessor-version":[{"id":436,"href":"https:\/\/www.movilh.cl\/educa\/wp-json\/wp\/v2\/pages\/20\/revisions\/436"}],"wp:attachment":[{"href":"https:\/\/www.movilh.cl\/educa\/wp-json\/wp\/v2\/media?parent=20"}],"curies":[{"name":"wp","href":"https:\/\/api.w.org\/{rel}","templated":true}]}}