{"id":35,"date":"2023-07-17T12:26:26","date_gmt":"2023-07-17T15:26:26","guid":{"rendered":"https:\/\/www.movilh.cl\/donaciones\/?page_id=35"},"modified":"2023-07-18T13:35:47","modified_gmt":"2023-07-18T16:35:47","slug":"hazte-soci","status":"publish","type":"page","link":"https:\/\/www.movilh.cl\/donaciones\/","title":{"rendered":"Inicio"},"content":{"rendered":"\t\t<div data-elementor-type=\"wp-page\" data-elementor-id=\"35\" class=\"elementor elementor-35\">\n\t\t\t\t\t\t\t\t\t<section class=\"elementor-section elementor-top-section elementor-element elementor-element-0d2fa7c elementor-section-boxed elementor-section-height-default elementor-section-height-default\" data-id=\"0d2fa7c\" data-element_type=\"section\">\n\t\t\t\t\t\t<div class=\"elementor-container elementor-column-gap-default\">\n\t\t\t\t\t<div class=\"elementor-column elementor-col-100 elementor-top-column elementor-element elementor-element-de5716b\" data-id=\"de5716b\" data-element_type=\"column\">\n\t\t\t<div class=\"elementor-widget-wrap elementor-element-populated\">\n\t\t\t\t\t\t\t\t<div class=\"elementor-element elementor-element-4c5ba60 elementor-widget elementor-widget-heading\" data-id=\"4c5ba60\" data-element_type=\"widget\" data-widget_type=\"heading.default\">\n\t\t\t\t<div class=\"elementor-widget-container\">\n\t\t\t<style>\/*! elementor - v3.14.0 - 26-06-2023 *\/\n.elementor-heading-title{padding:0;margin:0;line-height:1}.elementor-widget-heading .elementor-heading-title[class*=elementor-size-]>a{color:inherit;font-size:inherit;line-height:inherit}.elementor-widget-heading .elementor-heading-title.elementor-size-small{font-size:15px}.elementor-widget-heading .elementor-heading-title.elementor-size-medium{font-size:19px}.elementor-widget-heading .elementor-heading-title.elementor-size-large{font-size:29px}.elementor-widget-heading .elementor-heading-title.elementor-size-xl{font-size:39px}.elementor-widget-heading .elementor-heading-title.elementor-size-xxl{font-size:59px}<\/style><h6 class=\"elementor-heading-title elementor-size-default\"><b>\u00a1Hola!<\/b><br>\n\nTe damos la bienvenida al formulario de <b>soci@s por la diversidad<\/b>.<br>\n\nSelecciona una donaci\u00f3n mensual para ser soci@ o una donaci\u00f3n \u00fanica.<\/h6>\t\t<\/div>\n\t\t\t\t<\/div>\n\t\t\t\t\t<\/div>\n\t\t<\/div>\n\t\t\t\t\t\t\t<\/div>\n\t\t<\/section>\n\t\t\t\t<section class=\"elementor-section elementor-top-section elementor-element elementor-element-a03d4d1 elementor-section-boxed elementor-section-height-default elementor-section-height-default\" data-id=\"a03d4d1\" data-element_type=\"section\">\n\t\t\t\t\t\t<div class=\"elementor-container elementor-column-gap-default\">\n\t\t\t\t\t<div class=\"elementor-column elementor-col-100 elementor-top-column elementor-element elementor-element-e0aee14\" data-id=\"e0aee14\" data-element_type=\"column\">\n\t\t\t<div class=\"elementor-widget-wrap elementor-element-populated\">\n\t\t\t\t\t\t\t\t<div class=\"elementor-element elementor-element-74e11d7 elementor-widget elementor-widget-html\" data-id=\"74e11d7\" data-element_type=\"widget\" data-widget_type=\"html.default\">\n\t\t\t\t<div class=\"elementor-widget-container\">\n\t\t\t<!doctype html>\r\n<html lang=\"en\">\r\n    <head>\r\n        <!-- Required meta tags -->\r\n        <meta charset=\"utf-8\">\r\n        <meta name=\"viewport\" content=\"width=device-width, initial-scale=1, shrink-to-fit=no\">\r\n        <!-- Bootstrap CSS -->\r\n        <link rel=\"stylesheet\" href=\"https:\/\/stackpath.bootstrapcdn.com\/bootstrap\/4.3.1\/css\/bootstrap.min.css\" integrity=\"sha384-ggOyR0iXCbMQv3Xipma34MD+dH\/1fQ784\/j6cY\/iJTQUOhcWr7x9JvoRxT2MZw1T\" crossorigin=\"anonymous\">\r\n        <style type=\"text\/css\">\r\n            .btn-circle.btn-xl {\r\n                width: 19%;\r\n                max-width: 100%;\r\n                height: 25%;\r\n                margin-top:5px;\r\n                padding: 1px 5px;\r\n                border-radius: 0px;\r\n                font-size: 100%;\r\n                line-height: 2.33;\r\n                background:#1025e0;\r\n                color: #fff;\r\n                cursor: pointer;\r\n                font-weight: bold;\r\n                \/*border:1px solid #50AA90;*\/\r\n            }\r\n\r\n            @media all and (max-width: 800px){\r\n                .btn-circle.btn-xl{\r\n                    width: 18.5%;\r\n                    max-width: 100%;\r\n                    height: 25%;\r\n                    padding: 5px 5px;\r\n                    font-size: 75%;\r\n                }\r\n            }\r\n\r\n            @media all and (max-width: 350px){\r\n                .btn-circle.btn-xl{\r\n                    width: 100%;\r\n                    max-width: 100%;\r\n                    height: 25%;\r\n                    padding: 2px 5px;\r\n                    font-size: 73%;\r\n                    line-height: 1.33;\r\n                }\r\n            }\r\n\r\n            @media screen and (max-width:300px) {\r\n                .btn-circle.btn-xl{\r\n                    width: 100%;\r\n                    max-width: 100%;\r\n                    height: 25%;\r\n                    padding: 2px 5px;\r\n                    font-size: 70%;\r\n                    line-height: 1.33;\r\n                }\r\n            }\r\n\r\n            .btn-circle.btn-xl:hover {\r\n                background: #fff;\r\n                color: #1025e0;\r\n                border:1px solid #1025e0;\r\n            }\r\n\r\n            .btn-circle.btn-xl.active{\r\n                background: #fff;\r\n                color: #1025e0;\r\n                border:1px solid #1025e0;\r\n                box-shadow: 0 15px 20px -10px rgba(0, 0, 0, 0.3);\r\n            }\r\n\r\n            \/* Submit Button *\/\r\n            .button-box-payku {\r\n                padding: 10px 0;\r\n                text-align: center;\r\n            }\r\n\r\n            .button-payku {\r\n                display: inline-block;\r\n                width: 100%;\r\n                margin-top: 0em;\r\n                padding: 0.4em;\r\n                max-width: 100%;\r\n                font-size: 1em;\r\n                color: #fff !important;\r\n                text-transform: uppercase;\r\n                text-decoration: none;\r\n                letter-spacing: .15em;\r\n                background:#1025e0!important;\r\n                border: none;\r\n                outline: none;\r\n                border-radius: 0 !important;\r\n                box-shadow: 0 15px 20px -10px rgba(0, 0, 0, 0.3);\r\n                transition: \r\n                color 0.6s, \r\n                box-shadow 0.3s, \r\n                transform 0.3s;\r\n                cursor: pointer;\r\n                font-weight: bold;\r\n            }\r\n\r\n            .button-payku:hover {\r\n                box-shadow: 0 3px 5px -5px rgba(0, 0, 0, 0.3);\r\n                background: #fff !important;\r\n                color: #1025e0 !important;\r\n                border:1px solid #1025e0;\r\n            }\r\n        <\/style>\r\n    <\/head>\r\n\r\n    <body class=\"\"  oncopy=\"return false\" onpaste=\"return false\" ondragstart=\"return false\" onselectstart=\"return false\" oncontextmenu=\"return false\">\r\n        <script src=\"https:\/\/code.jquery.com\/jquery-3.3.1.slim.min.js\" integrity=\"sha384-q8i\/X+965DzO0rT7abK41JStQIAqVgRVzpbzo5smXKp4YfRvH+8abtTE1Pi6jizo\" crossorigin=\"anonymous\"><\/script>\r\n        <script src=\"https:\/\/stackpath.bootstrapcdn.com\/bootstrap\/4.3.1\/js\/bootstrap.min.js\" integrity=\"sha384-JjSmVgyd0p3pXB1rRibZUAYoIIy6OrQ6VrjIEaFf\/nJGzIxFDsf4x0xIM+B07jRM\" crossorigin=\"anonymous\"><\/script>\r\n        <div class=\"row\" style=\"margin-right: auto !important;  margin-left: auto !important;\">\r\n            <div class=\"col-sm-12\">\r\n                <div class=\"card\" style=\"border: none !important;\">\r\n                    <div class=\"card-body\">\r\n                       \r\n                        <section class=\"horizon--bottom\" style=\"padding-bottom:2px;\">\r\n                            <form action=\"javascript:enlace();\" name=\"formulario\" method=\"POST\">\r\n                                <div class=\"folder-box\">\r\n                                    <ul class=\"nav nav-tabs\" id=\"myTab\" role=\"tablist\">\r\n                                        <li class=\"nav-item\">\r\n                                            <a class=\"nav-link active\" onclick=\"modo(0);\" id=\"home-tab\" data-toggle=\"tab\" href=\"#home\" role=\"tab\" aria-controls=\"home\" aria-selected=\"true\">Mensual<\/a>\r\n                                        <\/li>\r\n                                        <li class=\"nav-item\">\r\n                                            <a class=\"nav-link\"  onclick=\"modo(1);\" id=\"profile-tab\" data-toggle=\"tab\" href=\"#profile\" role=\"tab\" aria-controls=\"profile\" aria-selected=\"false\">\u00danica<\/a>\r\n                                        <\/li>\r\n                                    <\/ul>\r\n                                    <div class=\"tab-content\" id=\"myTabContent\">\r\n                                        <div class=\"tab-pane fade show active\" id=\"home\" role=\"tabpanel\" aria-labelledby=\"home-tab\">\r\n                                            <br>\r\n                                            <div class=\"form-group col-md-12\">\r\n                                                <select class=\"form-control\" name=\"monto_socio_mensual\" id=\"monto_socio_mensual\">\r\n                                                    <option value=\" \" >Seleccione un Monto :<\/option>\r\n                                                    <option value=\"5000\">$5.000<\/option>\r\n                                                    <option value=\"10000\" selected>$10.000<\/option>\r\n                                                    <option value=\"15000\">$15.000<\/option>\r\n                                                    <option value=\"20000\">$20.000<\/option>\r\n                                                    <option value=\"25000\">$25.000<\/option>\r\n                                                    <option value=\"30000\">$30.000<\/option>\r\n                                                    <option value=\"35000\">$35.000<\/option>\r\n                                                    <option value=\"40000\">$40.000<\/option>\r\n                                                    <option value=\"45000\">$45.000<\/option>\r\n                                                    <option value=\"50000\">$50.000<\/option>\r\n                                                    <option value=\"60000\">$60.000<\/option>\r\n                                                    <option value=\"70000\">$70.000<\/option>\r\n                                                    <option value=\"80000\">$80.000<\/option>\r\n                                                    <option value=\"90000\">$90.000<\/option>\r\n                                                    <option value=\"100000\">$100.000<\/option>\r\n                                                    <option value=\"150000\">$150.000<\/option>\r\n                                                    <option value=\"200000\">$200.000<\/option>\r\n                                                    <option value=\"Otromensual\">Otro monto<\/option>\r\n                                                <\/select>\r\n                                            <\/div>\r\n                                        <\/div>\r\n\r\n                                        <div class=\"tab-pane fade\" id=\"profile\" role=\"tabpanel\" aria-labelledby=\"profile-tab\">\r\n                                            <br> \r\n                                            <div class=\"form-group col-md-12\">\r\n                                                <select class=\"form-control\" name=\"monto_socio\" id=\"monto_socio\">\r\n                                                    <option value=\" \" >Seleccione un Monto :<\/option>\r\n                                                    <option value=\"5000\">$5.000<\/option>\r\n                                                    <option value=\"10000\" selected>$10.000<\/option>\r\n                                                    <option value=\"15000\">$15.000<\/option>\r\n                                                    <option value=\"20000\">$20.000<\/option>\r\n                                                    <option value=\"25000\">$25.000<\/option>\r\n                                                    <option value=\"30000\">$30.000<\/option>\r\n                                                    <option value=\"35000\">$35.000<\/option>\r\n                                                    <option value=\"40000\">$40.000<\/option>\r\n                                                    <option value=\"45000\">$45.000<\/option>\r\n                                                    <option value=\"50000\">$50.000<\/option>\r\n                                                    <option value=\"60000\">$60.000<\/option>\r\n                                                    <option value=\"70000\">$70.000<\/option>\r\n                                                    <option value=\"80000\">$80.000<\/option>\r\n                                                    <option value=\"90000\">$90.000<\/option>\r\n                                                    <option value=\"100000\">$100.000<\/option>\r\n                                                    <option value=\"150000\">$150.000<\/option>\r\n                                                    <option value=\"200000\">$200.000<\/option>\r\n                                                    <option value=\"Otro\" >Otro monto<\/option>\r\n                                                <\/select>\r\n                                            <\/div>\r\n                                        <\/div>\r\n                                        <br> \r\n                                    <\/div>\r\n                                    <div class=\"row\" >\r\n                                        <div class=\"col-sm-12\">\r\n                                            <div class=\"card\">\r\n                                                <div class=\"card-body\">\r\n                                                    <h5 class=\"card-title\">Tus Datos<\/h5>\r\n                                                    <div class=\"form-group\" id=\"divmonto\" style=\"display:none;\">\r\n                                                        <label for=\"monto\" class=\"form-control__label\">*Monto<\/label>\r\n                                                        <input type=\"number\" class=\"form-control\" name=\"monto\" id=\"monto\" aria-describedby=\"montoHelp\" placeholder=\"Ingrese Monto\" autocomplete=\"off\">\r\n                                                        <small id=\"montoHelp\" class=\"form-text text-muted\">Debe llenar este campo con un monto v\u00e1lido<\/small>\r\n                                                    <\/div>\r\n\r\n                                                    <div class=\"form-group\">\r\n                                                        <label for=\"nombre\" class=\"form-control__label\">*Nombre<\/label>\r\n                                                        <input type=\"text\" class=\"form-control\" name=\"nombre\" id=\"nombre\" aria-describedby=\"nombreHelp\" data-error-message=\"Debe contener s\u00f3lo valores alfab\u00e9ticos\" placeholder=\"Ingrese su Nombre\" autocomplete=\"off\" required\/>\r\n                                                        <small id=\"nombreHelp\" class=\"form-text text-muted\">Debe contener s\u00f3lo valores alfab\u00e9ticos.<\/small>\r\n                                                    <\/div>\r\n\t\t\t\t\t\t                            <div class=\"form-group\">\r\n                                                        <label for=\"apellido\" class=\"form-control__label\">*Apellido<\/label>\r\n                                                        <input type=\"text\" class=\"form-control\" name=\"apellido\" id=\"apellido\" aria-describedby=\"nombreHelp\" data-error-message=\"Debe contener s\u00f3lo valores alfab\u00e9ticos\" placeholder=\"Ingrese su Apellido\" autocomplete=\"off\" required\/>\r\n                                                        <small id=\"apellidoHelp\" class=\"form-text text-muted\">Debe contener s\u00f3lo valores alfab\u00e9ticos.<\/small>\r\n                                                    <\/div>\r\n                                                    <div class=\"form-group\">\r\n                                                        <label for=\"email\" class=\"form-control__label\">*E-mail<\/label>\r\n                                                        <input type=\"email\" class=\"form-control\" name=\"email\" id=\"email\" aria-describedby=\"emailHelp\" placeholder=\"Ingrese su e-mail\" autocomplete=\"off\" required>\r\n                                                        <small id=\"emailHelp\" class=\"form-text text-muted\">Debe llenar este campo con un e-mail v\u00e1lido<\/small>\r\n                                                    <\/div>\r\n                                                    <div class=\"form-group\">\r\n                                                        <label for=\"rut\" class=\"form-control__label\">*RUT<\/label>\r\n                                                        <input type=\"text\" class=\"form-control\" name=\"rut\" id=\"rut\" aria-describedby=\"rutHelp\" placeholder=\"Ingrese su rut\" autocomplete=\"off\"  required maxlength=\"12\">\r\n                                                        <small id=\"emailHelp\" class=\"form-text text-muted\">Debe llenar este campo con un rut v\u00e1lido<\/small>\r\n                                                    <\/div>\r\n                                                    <div class=\"form-group\">\r\n                                                        <label for=\"telefono\" class=\"form-control__label\">*Telefono<\/label>\r\n                                                        <input pattern=\".{9,}\" title=\"Escriba su n\u00famero de tel\u00e9fono completo\" maxlength=\"9\" type=\"text\" class=\"form-control\" name=\"telefono\" id=\"telefono\" aria-describedby=\"telefonoHelp\" data-error-message=\"Debe contener s\u00f3lo valores numericos\" placeholder=\"Ingrese su telefono\" autocomplete=\"off\" required\/>\r\n                                                        <small id=\"apellidoHelp\" class=\"form-text text-muted\">Debe contener telefono valido.<\/small>\r\n                                                    <\/div>\r\n                                                    <input type=\"hidden\" name=\"modod\" id=\"modod\">\r\n                                                    \r\n                                                   \r\n                                                    <div class=\"button-box\">\r\n                                                        <button id=\"button1\" type=\"submit\" class=\"button-payku trigger\"   href=\"javascript:enlace()\">Donar<\/button>\r\n                                                    <\/div>                                                        \r\n                                                <\/div>\r\n                                            <\/div>\r\n                                        <\/div>\r\n                                    <\/div>\r\n                                <\/div> \r\n                            <\/form>\r\n                        <\/section>\r\n                    <\/div>\r\n                <\/div>\r\n            <\/div>\r\n        <\/div>  \r\n    <\/body>\r\n<\/html>\r\n\r\n<script>\r\n    function modo(mostrar){\r\n        if (mostrar==1){\r\n            document.formulario.modod.value =1\r\n            var monto_unico= document.formulario.monto_socio.value;\r\n            if(monto_unico == 'Otro'){\r\n\t\t\t    document.getElementById('divmonto').style.display = 'block';\r\n            }else{\r\n                document.getElementById('divmonto').style.display = 'none';\r\n            }\r\n        }else{\r\n            document.formulario.modod.value =0\r\n            var monto_socio_mensual= document.formulario.monto_socio_mensual.value;\r\n            if(monto_socio_mensual == 'Otromensual'){\r\n\t\t\t    document.getElementById('divmonto').style.display = 'block';\r\n            }else{\r\n                document.getElementById('divmonto').style.display = 'none';\r\n            }\r\n        }\r\n    }\r\n            \r\n    $(\"#monto_socio_mensual\").change(function(){\r\n\t\t$montoD = $(\"#monto_socio_mensual\").val();\r\n\t\tif($montoD == 'Otromensual'){\r\n\t\t\tdocument.getElementById('divmonto').style.display = 'block';\r\n\t\t}else{\r\n\t\t\tdocument.getElementById('divmonto').style.display = 'none';\r\n\t\t}\r\n\t});\r\n\r\n    $(\"#monto_socio\").change(function(){\r\n\t\t$montoD = $(\"#monto_socio\").val();\r\n\t\tif($montoD == 'Otro'){\r\n\t\t\tdocument.getElementById('divmonto').style.display = 'block';\r\n\t\t}else{\r\n\t\t\tdocument.getElementById('divmonto').style.display = 'none';\r\n\t\t}\r\n\t});\r\n   \r\n    function enlace() {\r\n        var email= document.formulario.email.value;\r\n        var nombre= document.formulario.nombre.value;\r\n        var apellido= document.formulario.apellido.value;\r\n        var rut= document.formulario.rut.value;\r\n        var telefono= document.formulario.telefono.value;\r\n        var monto_mensual= document.formulario.monto_socio_mensual.value;\r\n        var monto_unico= document.formulario.monto_socio.value;\r\n        var monto= document.formulario.monto.value;\r\n        var modod= document.formulario.modod.value;\r\n\r\n        if (modod==1){\r\n            if(monto_unico==\"Otro\"){\r\n\t\t\t    monto=monto;\r\n            }else{\r\n                monto=monto_unico;\r\n            }\r\n            modo=\"idboton=24335\";\r\n            verif=\"dd3a55fc\";\r\n            URL=\"botonpago\";\r\n            direct='&direct=true';\r\n        }else{\r\n            modod=0;\r\n            if(monto_mensual==\"Otromensual\"){\r\n                monto=monto;\r\n            }else{\r\n                monto=monto_mensual;\r\n            }\r\n            modo='idplan=3756';\r\n            verif=\"5c0204ff\";\r\n            URL=\"suscripcion\";\r\n            direct='&direct_full=true';\r\n        }\r\n        document.location.href=\u00a0'https:\/\/app.payku.cl\/'+URL+'\/index?'+modo+'&verif='+verif+'&nombre='+nombre+'&email='+email+'&apellido='+apellido+'&monto='+monto+'&telefono='+telefono+'&rut='+rut;\r\n    }\r\n<\/script>\t\t<\/div>\n\t\t\t\t<\/div>\n\t\t\t\t\t<\/div>\n\t\t<\/div>\n\t\t\t\t\t\t\t<\/div>\n\t\t<\/section>\n\t\t\t\t<section class=\"elementor-section elementor-top-section elementor-element elementor-element-125591e elementor-section-boxed elementor-section-height-default elementor-section-height-default\" data-id=\"125591e\" data-element_type=\"section\">\n\t\t\t\t\t\t<div class=\"elementor-container elementor-column-gap-default\">\n\t\t\t\t\t<div class=\"elementor-column elementor-col-100 elementor-top-column elementor-element elementor-element-cf13502\" data-id=\"cf13502\" data-element_type=\"column\">\n\t\t\t<div class=\"elementor-widget-wrap\">\n\t\t\t\t\t\t\t\t\t<\/div>\n\t\t<\/div>\n\t\t\t\t\t\t\t<\/div>\n\t\t<\/section>\n\t\t\t\t\t\t\t<\/div>\n\t\t","protected":false},"excerpt":{"rendered":"<p>\u00a1Hola! Te damos la bienvenida al formulario de soci@s por la diversidad. Selecciona una donaci\u00f3n mensual para ser soci@ o una donaci\u00f3n \u00fanica. Mensual \u00danica Seleccione un Monto :$5.000$10.000$15.000$20.000$25.000$30.000$35.000$40.000$45.000$50.000$60.000$70.000$80.000$90.000$100.000$150.000$200.000Otro monto Seleccione un Monto :$5.000$10.000$15.000$20.000$25.000$30.000$35.000$40.000$45.000$50.000$60.000$70.000$80.000$90.000$100.000$150.000$200.000Otro monto Tus Datos *Monto Debe llenar este campo con un monto v\u00e1lido *Nombre Debe contener s\u00f3lo valores alfab\u00e9ticos. *Apellido Debe contener [&hellip;]<\/p>\n","protected":false},"author":1,"featured_media":0,"parent":0,"menu_order":0,"comment_status":"closed","ping_status":"closed","template":"","meta":{"footnotes":""},"class_list":["post-35","page","type-page","status-publish","hentry"],"_links":{"self":[{"href":"https:\/\/www.movilh.cl\/donaciones\/index.php?rest_route=\/wp\/v2\/pages\/35","targetHints":{"allow":["GET"]}}],"collection":[{"href":"https:\/\/www.movilh.cl\/donaciones\/index.php?rest_route=\/wp\/v2\/pages"}],"about":[{"href":"https:\/\/www.movilh.cl\/donaciones\/index.php?rest_route=\/wp\/v2\/types\/page"}],"author":[{"embeddable":true,"href":"https:\/\/www.movilh.cl\/donaciones\/index.php?rest_route=\/wp\/v2\/users\/1"}],"replies":[{"embeddable":true,"href":"https:\/\/www.movilh.cl\/donaciones\/index.php?rest_route=%2Fwp%2Fv2%2Fcomments&post=35"}],"version-history":[{"count":38,"href":"https:\/\/www.movilh.cl\/donaciones\/index.php?rest_route=\/wp\/v2\/pages\/35\/revisions"}],"predecessor-version":[{"id":83,"href":"https:\/\/www.movilh.cl\/donaciones\/index.php?rest_route=\/wp\/v2\/pages\/35\/revisions\/83"}],"wp:attachment":[{"href":"https:\/\/www.movilh.cl\/donaciones\/index.php?rest_route=%2Fwp%2Fv2%2Fmedia&parent=35"}],"curies":[{"name":"wp","href":"https:\/\/api.w.org\/{rel}","templated":true}]}}