{"id":72,"date":"2013-08-09T21:05:01","date_gmt":"2013-08-09T21:05:01","guid":{"rendered":"http:\/\/www.movilh.cl\/cine\/?page_id=72"},"modified":"2024-08-20T21:30:15","modified_gmt":"2024-08-20T21:30:15","slug":"archivo","status":"publish","type":"page","link":"https:\/\/www.movilh.cl\/cine\/archivo\/","title":{"rendered":"Archivo"},"content":{"rendered":"<p>[separator]<\/p>\n<h4>Mejores pel\u00edculas por votaci\u00f3n del p\u00fablico<\/h4>\n<p>[separator]<\/p>\n<p><a href=\"http:\/\/www.movilh.cl\/cine\/wp-content\/uploads\/2013\/08\/CINE-MOVILH-Santiago.jpg\"><img loading=\"lazy\" decoding=\"async\" class=\"alignleft  wp-image-1167\" alt=\"CINE MOVILH Santiago\" src=\"http:\/\/www.movilh.cl\/cine\/wp-content\/uploads\/2013\/08\/CINE-MOVILH-Santiago.jpg\" width=\"380\" height=\"521\" srcset=\"https:\/\/www.movilh.cl\/cine\/wp-content\/uploads\/2013\/08\/CINE-MOVILH-Santiago.jpg 992w, https:\/\/www.movilh.cl\/cine\/wp-content\/uploads\/2013\/08\/CINE-MOVILH-Santiago-145x200.jpg 145w, https:\/\/www.movilh.cl\/cine\/wp-content\/uploads\/2013\/08\/CINE-MOVILH-Santiago-240x330.jpg 240w, https:\/\/www.movilh.cl\/cine\/wp-content\/uploads\/2013\/08\/CINE-MOVILH-Santiago-620x850.jpg 620w\" sizes=\"(max-width: 380px) 100vw, 380px\" \/><\/a><\/p>\n<h1>2017<\/h1>\n<p>_________________________________<\/p>\n<ul>\n<li>\n<h6>Mejor largometraje:<\/h6>\n<\/li>\n<li><em><strong>Una mujer fant\u00e1stica<\/strong><\/em>, de Sebasti\u00e1n Lelio. <em>Chile.<\/em><\/li>\n<li>\n<h6>Mejor documental:<\/h6>\n<\/li>\n<li><strong><em>Gayby Baby<\/em><\/strong>, de Maya Newell.\u00a0<em>Australia.<\/em><\/li>\n<\/ul>\n<ul>\n<li>\n<h6>Mejor cortometraje:<\/h6>\n<\/li>\n<li><em><strong>El Sue\u00f1o de Ana<\/strong><\/em>, de Jos\u00e9 Luis Torres Leiva.\u00a0<em>Chile.<\/em><\/li>\n<\/ul>\n<p>&nbsp;<\/p>\n<p>&nbsp;<\/p>\n<p>&nbsp;<\/p>\n<p style=\"text-align: center;\"><a href=\"http:\/\/www.movilh.cl\/cine\/wp-content\/uploads\/2013\/08\/mejor-largometraje-cine-movilh-2017.jpg\"><img loading=\"lazy\" decoding=\"async\" class=\"wp-image-1195 alignleft\" alt=\"mejor-largometraje-cine-movilh-2017\" src=\"http:\/\/www.movilh.cl\/cine\/wp-content\/uploads\/2013\/08\/mejor-largometraje-cine-movilh-2017.jpg\" width=\"576\" height=\"382\" srcset=\"https:\/\/www.movilh.cl\/cine\/wp-content\/uploads\/2013\/08\/mejor-largometraje-cine-movilh-2017.jpg 3260w, https:\/\/www.movilh.cl\/cine\/wp-content\/uploads\/2013\/08\/mejor-largometraje-cine-movilh-2017-301x200.jpg 301w, https:\/\/www.movilh.cl\/cine\/wp-content\/uploads\/2013\/08\/mejor-largometraje-cine-movilh-2017-498x330.jpg 498w, https:\/\/www.movilh.cl\/cine\/wp-content\/uploads\/2013\/08\/mejor-largometraje-cine-movilh-2017-620x410.jpg 620w\" sizes=\"(max-width: 576px) 100vw, 576px\" \/><\/a><\/p>\n<p style=\"text-align: center;\"><a href=\"http:\/\/www.movilh.cl\/cine\/wp-content\/uploads\/2013\/08\/mejor-documental-cine-movilh-2017.jpg\"><img loading=\"lazy\" decoding=\"async\" class=\"wp-image-1196 alignleft\" alt=\"mejor-documental-cine-movilh-2017\" src=\"http:\/\/www.movilh.cl\/cine\/wp-content\/uploads\/2013\/08\/mejor-documental-cine-movilh-2017.jpg\" width=\"576\" height=\"382\" srcset=\"https:\/\/www.movilh.cl\/cine\/wp-content\/uploads\/2013\/08\/mejor-documental-cine-movilh-2017.jpg 3042w, https:\/\/www.movilh.cl\/cine\/wp-content\/uploads\/2013\/08\/mejor-documental-cine-movilh-2017-301x200.jpg 301w, https:\/\/www.movilh.cl\/cine\/wp-content\/uploads\/2013\/08\/mejor-documental-cine-movilh-2017-497x330.jpg 497w, https:\/\/www.movilh.cl\/cine\/wp-content\/uploads\/2013\/08\/mejor-documental-cine-movilh-2017-620x410.jpg 620w\" sizes=\"(max-width: 576px) 100vw, 576px\" \/><\/a><\/p>\n<p style=\"text-align: center;\"><a href=\"http:\/\/www.movilh.cl\/cine\/wp-content\/uploads\/2013\/08\/mejor-cortometraje-cine-movilh-2017.jpg\"><img loading=\"lazy\" decoding=\"async\" class=\"wp-image-1197 alignleft\" alt=\"mejor-cortometraje-cine-movilh-2017\" src=\"http:\/\/www.movilh.cl\/cine\/wp-content\/uploads\/2013\/08\/mejor-cortometraje-cine-movilh-2017.jpg\" width=\"576\" height=\"382\" srcset=\"https:\/\/www.movilh.cl\/cine\/wp-content\/uploads\/2013\/08\/mejor-cortometraje-cine-movilh-2017.jpg 3260w, https:\/\/www.movilh.cl\/cine\/wp-content\/uploads\/2013\/08\/mejor-cortometraje-cine-movilh-2017-301x200.jpg 301w, https:\/\/www.movilh.cl\/cine\/wp-content\/uploads\/2013\/08\/mejor-cortometraje-cine-movilh-2017-498x330.jpg 498w, https:\/\/www.movilh.cl\/cine\/wp-content\/uploads\/2013\/08\/mejor-cortometraje-cine-movilh-2017-620x410.jpg 620w\" sizes=\"(max-width: 576px) 100vw, 576px\" \/><\/a><\/p>\n<p style=\"text-align: center;\">[separator]<\/p>\n<h4><\/h4>\n<h1><a href=\"http:\/\/www.movilh.cl\/cine\/wp-content\/uploads\/2013\/08\/Afiche-Cine-Movilh-2016.jpg\"><img loading=\"lazy\" decoding=\"async\" class=\"alignleft  wp-image-931\" alt=\"Afiche-Cine-Movilh-2016\" src=\"http:\/\/www.movilh.cl\/cine\/wp-content\/uploads\/2013\/08\/Afiche-Cine-Movilh-2016.jpg\" width=\"380\" height=\"521\" srcset=\"https:\/\/www.movilh.cl\/cine\/wp-content\/uploads\/2013\/08\/Afiche-Cine-Movilh-2016.jpg 1240w, https:\/\/www.movilh.cl\/cine\/wp-content\/uploads\/2013\/08\/Afiche-Cine-Movilh-2016-145x200.jpg 145w, https:\/\/www.movilh.cl\/cine\/wp-content\/uploads\/2013\/08\/Afiche-Cine-Movilh-2016-240x330.jpg 240w, https:\/\/www.movilh.cl\/cine\/wp-content\/uploads\/2013\/08\/Afiche-Cine-Movilh-2016-620x851.jpg 620w\" sizes=\"(max-width: 380px) 100vw, 380px\" \/><\/a>2016<\/h1>\n<p>_________________________________<\/p>\n<ul>\n<li>\n<h6>Mejor largometraje:<\/h6>\n<\/li>\n<li><em><strong>Azul y no tan rosa<\/strong><\/em>, de Miguel Ferrari.\u00a0<em>Venezuela.<\/em><\/li>\n<li>\n<h6>Mejor documental:<\/h6>\n<\/li>\n<li><strong><em>La Primavera Rosa \u2013 M\u00e9xico<\/em><\/strong>, de Mario de la Torre.\u00a0<em>Espa\u00f1a.<\/em><\/li>\n<\/ul>\n<ul>\n<li>\n<h6>Mejor cortometraje:<\/h6>\n<\/li>\n<li><em><strong>Victoria Rosa y Maite<\/strong><\/em>, de Pamela Hurtado y I\u00f1aki Vel\u00e1squez.\u00a0<em>Chile.<\/em><\/li>\n<li><em><\/em><em><strong>No es nada<\/strong><\/em>, de Antonio Cort\u00e9s Amunarriz.\u00a0<em>Chile.<\/em><\/li>\n<\/ul>\n<p>&nbsp;<\/p>\n<p>&nbsp;<\/p>\n<p>[separator]<\/p>\n<h4><a href=\"http:\/\/www.movilh.cl\/cine\/wp-content\/uploads\/2013\/08\/Festival-de-Cine-MOVILH-20151.jpg\"><img decoding=\"async\" class=\"wp-image-689 alignleft\" alt=\"Festival-de-Cine-MOVILH-2015\" src=\"http:\/\/www.movilh.cl\/cine\/wp-content\/uploads\/2013\/08\/Festival-de-Cine-MOVILH-20151.jpg\" width=\"380\" srcset=\"https:\/\/www.movilh.cl\/cine\/wp-content\/uploads\/2013\/08\/Festival-de-Cine-MOVILH-20151.jpg 1488w, https:\/\/www.movilh.cl\/cine\/wp-content\/uploads\/2013\/08\/Festival-de-Cine-MOVILH-20151-145x200.jpg 145w, https:\/\/www.movilh.cl\/cine\/wp-content\/uploads\/2013\/08\/Festival-de-Cine-MOVILH-20151-240x330.jpg 240w, https:\/\/www.movilh.cl\/cine\/wp-content\/uploads\/2013\/08\/Festival-de-Cine-MOVILH-20151-620x850.jpg 620w\" sizes=\"(max-width: 1488px) 100vw, 1488px\" \/><\/a><\/h4>\n<h1>2015<\/h1>\n<p>_________________________________<\/p>\n<ul>\n<li>\n<h6>Mejor largometraje:<\/h6>\n<\/li>\n<li><em><strong>Free Fall<\/strong><\/em>, de Stephan Vacant.\u00a0<em>Alemania.<\/em><\/li>\n<li>\n<h6>Mejor documental:<\/h6>\n<\/li>\n<li><strong><em>Las Ventanas abiertas<\/em><\/strong>, de Michele Mass\u00e9.\u00a0<em>Francia.<\/em><\/li>\n<\/ul>\n<ul>\n<li>\n<h6>Mejor cortometraje:<\/h6>\n<\/li>\n<li><em><strong>San Crist\u00f3bal<\/strong><\/em>, de Omar Z\u00fa\u00f1iga.\u00a0<em>Chile.<\/em><\/li>\n<\/ul>\n<p>&nbsp;<\/p>\n<p>&nbsp;<\/p>\n<p>[separator]<\/p>\n<h4><a href=\"http:\/\/www.movilh.cl\/cine\/wp-content\/uploads\/2013\/08\/AFICHE-cine-20141.jpg\"><img loading=\"lazy\" decoding=\"async\" class=\"alignleft  wp-image-644\" alt=\"AFICHE-cine-2014\" src=\"http:\/\/www.movilh.cl\/cine\/wp-content\/uploads\/2013\/08\/AFICHE-cine-20141.jpg\" width=\"380\" height=\"521\" srcset=\"https:\/\/www.movilh.cl\/cine\/wp-content\/uploads\/2013\/08\/AFICHE-cine-20141.jpg 1240w, https:\/\/www.movilh.cl\/cine\/wp-content\/uploads\/2013\/08\/AFICHE-cine-20141-145x200.jpg 145w, https:\/\/www.movilh.cl\/cine\/wp-content\/uploads\/2013\/08\/AFICHE-cine-20141-240x330.jpg 240w, https:\/\/www.movilh.cl\/cine\/wp-content\/uploads\/2013\/08\/AFICHE-cine-20141-620x850.jpg 620w\" sizes=\"(max-width: 380px) 100vw, 380px\" \/><\/a><\/h4>\n<h1>2014<\/h1>\n<p>_________________________________<\/p>\n<ul>\n<li>\n<h6>Mejor largometraje:<\/h6>\n<\/li>\n<li><em><strong>Cloudburst<\/strong><\/em>, de Thom Fitzgerald y Doug Pettigrew.\u00a0<em>Canad\u00e1.<\/em><\/li>\n<li>\n<h6>Mejor documental:<\/h6>\n<\/li>\n<li><strong><em>I am Divine<\/em><\/strong>, de Jeffrey Schwarz.<em>\u00a0EE.UU.<\/em><\/li>\n<\/ul>\n<ul>\n<li>\n<h6>Mejor cortometraje:<\/h6>\n<\/li>\n<li><em><strong>Vecinas<\/strong><\/em>, de Manuel Lorenzo.\u00a0<em>Espa\u00f1a.<\/em><\/li>\n<\/ul>\n<p>[separator]<\/p>\n<h4><a href=\"http:\/\/www.movilh.cl\/cine\/wp-content\/uploads\/2013\/08\/Afiche-Cine-2013-alta.jpg\"><img loading=\"lazy\" decoding=\"async\" class=\" wp-image-353 alignleft\" alt=\"Afiche-Cine-2013-alta\" src=\"http:\/\/www.movilh.cl\/cine\/wp-content\/uploads\/2013\/08\/Afiche-Cine-2013-alta.jpg\" width=\"380\" height=\"521\" srcset=\"https:\/\/www.movilh.cl\/cine\/wp-content\/uploads\/2013\/08\/Afiche-Cine-2013-alta.jpg 1000w, https:\/\/www.movilh.cl\/cine\/wp-content\/uploads\/2013\/08\/Afiche-Cine-2013-alta-145x200.jpg 145w, https:\/\/www.movilh.cl\/cine\/wp-content\/uploads\/2013\/08\/Afiche-Cine-2013-alta-240x330.jpg 240w, https:\/\/www.movilh.cl\/cine\/wp-content\/uploads\/2013\/08\/Afiche-Cine-2013-alta-620x850.jpg 620w\" sizes=\"(max-width: 380px) 100vw, 380px\" \/><\/a><\/h4>\n<h1>\u00a02013<\/h1>\n<p>_________________________________<\/p>\n<ul>\n<li>\n<h6>Mejor largometraje:<\/h6>\n<\/li>\n<li><em><strong>Circumstance<\/strong><\/em>, de Maryam Keshavarz.\u00a0<em><span style=\"color: #808080;\">Estados unidos.<\/span><\/em><\/li>\n<li>\n<h6>Mejor documental:<\/h6>\n<\/li>\n<li><strong><em>Morir de pie<\/em><\/strong>, de Jacaranda Correa.<em><span style=\"color: #808080;\">\u00a0M\u00e9xico.<\/span><\/em><\/li>\n<\/ul>\n<ul>\n<li>\n<h6>Mejor cortometraje:<\/h6>\n<\/li>\n<li><strong><em>Tormenta<em><\/em><\/em><\/strong>, de \u00c1lvaro Aponte.\u00a0<em><span style=\"color: #808080;\">Chile.<\/span><\/em><\/li>\n<\/ul>\n<p>[separator]<\/p>\n<h1><\/h1>\n<h1><\/h1>\n<h1><\/h1>\n<h1><\/h1>\n<h1><\/h1>\n<p><img loading=\"lazy\" decoding=\"async\" class=\"size-full wp-image-150 alignleft\" alt=\"Festival-Cine-Movilh-2012\" src=\"http:\/\/www.movilh.cl\/cine\/wp-content\/uploads\/2013\/08\/Festival-Cine-Movilh-2012.jpg\" width=\"380\" height=\"558\" srcset=\"https:\/\/www.movilh.cl\/cine\/wp-content\/uploads\/2013\/08\/Festival-Cine-Movilh-2012.jpg 380w, https:\/\/www.movilh.cl\/cine\/wp-content\/uploads\/2013\/08\/Festival-Cine-Movilh-2012-136x200.jpg 136w, https:\/\/www.movilh.cl\/cine\/wp-content\/uploads\/2013\/08\/Festival-Cine-Movilh-2012-224x330.jpg 224w\" sizes=\"(max-width: 380px) 100vw, 380px\" \/><\/p>\n<h1>2012<\/h1>\n<p>_________________________________<\/p>\n<ul>\n<li>\n<h6>Mejor largometraje:<\/h6>\n<\/li>\n<li><em><strong>Weekend<\/strong><\/em>, de Andrew Haihg.\u00a0<em>Inglaterra<\/em><strong><em>.<\/em><\/strong><\/li>\n<li>\n<h6>Mejor documental:<\/h6>\n<\/li>\n<li><strong><em>Hola, mi nombre es lesbiana<\/em><\/strong>, de Iben Haahr\u00a0Andersen.\u00a0<em>Dinamarca.<\/em><\/li>\n<\/ul>\n<ul>\n<li>\n<h6>Mejor cortometraje:<\/h6>\n<\/li>\n<li><em><strong>A los que gritan<\/strong><\/em>, de Juanan Mart\u00ednez.\u00a0<em>Espa\u00f1a.<\/em><\/li>\n<\/ul>\n<p>[separator]<\/p>\n<p><strong><a href=\"http:\/\/www.movilh.cl\/cine\/wp-content\/uploads\/2013\/08\/Festival-Cine-Movilh-2011.jpg\"><img loading=\"lazy\" decoding=\"async\" class=\"size-full wp-image-149 alignleft\" alt=\"Festival-Cine-Movilh-2011\" src=\"http:\/\/www.movilh.cl\/cine\/wp-content\/uploads\/2013\/08\/Festival-Cine-Movilh-2011.jpg\" width=\"380\" height=\"521\" srcset=\"https:\/\/www.movilh.cl\/cine\/wp-content\/uploads\/2013\/08\/Festival-Cine-Movilh-2011.jpg 380w, https:\/\/www.movilh.cl\/cine\/wp-content\/uploads\/2013\/08\/Festival-Cine-Movilh-2011-145x200.jpg 145w, https:\/\/www.movilh.cl\/cine\/wp-content\/uploads\/2013\/08\/Festival-Cine-Movilh-2011-240x330.jpg 240w\" sizes=\"(max-width: 380px) 100vw, 380px\" \/><\/a><\/strong><\/p>\n<h1>2011<\/h1>\n<p>&nbsp;<\/p>\n<p>_________________________________<\/p>\n<ul>\n<li>\n<h6>Mejor Largometraje:<\/h6>\n<\/li>\n<li><em><strong>\u201cMi \u00daltimo Round\u201d<\/strong>, <\/em>de Julio Jorquera.\u00a0<em>Chile<\/em><\/li>\n<li>\n<h6>Mejor Documental:<\/h6>\n<\/li>\n<li><strong><em>\u201cLocas Mujeres\u201d<\/em>, <\/strong>de Maria Elena Wood.\u00a0<em>Chile<\/em><\/li>\n<li>\n<h6>Mejor corto:<\/h6>\n<\/li>\n<li><em><strong>\u00abBedfellows\u00bb, \u00a0<\/strong><\/em>de Pierre Stefanos.\u00a0<em>Estados Unidos.<\/em><\/li>\n<\/ul>\n<p>[separator]<\/p>\n<p><img loading=\"lazy\" decoding=\"async\" class=\"size-full wp-image-148 alignleft\" alt=\"Festival-Cine-Movilh-2010\" src=\"http:\/\/www.movilh.cl\/cine\/wp-content\/uploads\/2013\/08\/Festival-Cine-Movilh-2010.jpg\" width=\"380\" height=\"492\" srcset=\"https:\/\/www.movilh.cl\/cine\/wp-content\/uploads\/2013\/08\/Festival-Cine-Movilh-2010.jpg 380w, https:\/\/www.movilh.cl\/cine\/wp-content\/uploads\/2013\/08\/Festival-Cine-Movilh-2010-154x200.jpg 154w, https:\/\/www.movilh.cl\/cine\/wp-content\/uploads\/2013\/08\/Festival-Cine-Movilh-2010-254x330.jpg 254w\" sizes=\"(max-width: 380px) 100vw, 380px\" \/><\/p>\n<h1>2010<\/h1>\n<p>_________________________________<\/p>\n<ul>\n<li>\n<h6>Mejor Largometraje:<\/h6>\n<\/li>\n<li><em><strong>Vier Minuten,<\/strong> <\/em>de Chris Kraus.\u00a0<em>Alemania.<\/em><\/li>\n<li>\n<h6>Mejor Documental:<\/h6>\n<\/li>\n<li><em><strong>The Kuchus of Uganda<\/strong>, <\/em>de Mathilda Pieh<em>.\u00a0<\/em><em>Suecia.<\/em><\/li>\n<li>\n<h6>Mejor Corto:<\/h6>\n<\/li>\n<li><strong><em>El Reino del Calib\u00e1n, <\/em><\/strong>de Jimena Troncoso.\u00a0<em>Inglaterra-Chile.<\/em><\/li>\n<\/ul>\n<p>[separator]<\/p>\n<p><img loading=\"lazy\" decoding=\"async\" class=\"size-full wp-image-147 alignleft\" alt=\"Festival-Cine-Movilh-2009\" src=\"http:\/\/www.movilh.cl\/cine\/wp-content\/uploads\/2013\/08\/Festival-Cine-Movilh-2009.jpg\" width=\"380\" height=\"456\" srcset=\"https:\/\/www.movilh.cl\/cine\/wp-content\/uploads\/2013\/08\/Festival-Cine-Movilh-2009.jpg 380w, https:\/\/www.movilh.cl\/cine\/wp-content\/uploads\/2013\/08\/Festival-Cine-Movilh-2009-166x200.jpg 166w, https:\/\/www.movilh.cl\/cine\/wp-content\/uploads\/2013\/08\/Festival-Cine-Movilh-2009-275x330.jpg 275w\" sizes=\"(max-width: 380px) 100vw, 380px\" \/><\/p>\n<h1>2009<\/h1>\n<p>_________________________________<\/p>\n<ul>\n<li>\n<h6>Mejor Largometraje:<\/h6>\n<\/li>\n<li><strong><em>Breakfast with Scot\u201d,<\/em> <\/strong>de Laurie Lynd .\u00a0<em>Estados Unidos.<\/em><\/li>\n<li>\n<h6>Mejor Documental:<\/h6>\n<\/li>\n<li><em><strong>\u201cAn Island Calling\u201d, <\/strong><\/em>de Annie Goldson.\u00a0<em>Nueva Zelanda.<\/em><\/li>\n<li>\n<h6>Mejor Cortometraje:<\/h6>\n<\/li>\n<li><em><strong>Diario de un Coraz\u00f3n\u201d, <\/strong><\/em>de \u00a0Juan Jos\u00e9 Serrano.\u00a0<em>Espa\u00f1a\u00a0<\/em><\/li>\n<li><em><strong>Kenna y Paula, <\/strong><\/em>de Catalina Donoso.<em>\u00a0<\/em><em>Chile.<\/em><\/li>\n<\/ul>\n<p>[separator]<\/p>\n<p><img loading=\"lazy\" decoding=\"async\" class=\"size-full wp-image-146 alignleft\" alt=\"Festival-Cine-Movilh-2008\" src=\"http:\/\/www.movilh.cl\/cine\/wp-content\/uploads\/2013\/08\/Festival-Cine-Movilh-2008.jpg\" width=\"380\" height=\"544\" srcset=\"https:\/\/www.movilh.cl\/cine\/wp-content\/uploads\/2013\/08\/Festival-Cine-Movilh-2008.jpg 380w, https:\/\/www.movilh.cl\/cine\/wp-content\/uploads\/2013\/08\/Festival-Cine-Movilh-2008-139x200.jpg 139w, https:\/\/www.movilh.cl\/cine\/wp-content\/uploads\/2013\/08\/Festival-Cine-Movilh-2008-230x330.jpg 230w\" sizes=\"(max-width: 380px) 100vw, 380px\" \/><\/p>\n<h1>2008<\/h1>\n<p>_________________________________<\/p>\n<ul>\n<li>\n<h6>Mejor Largometraje:<\/h6>\n<\/li>\n<li><em><strong>\u201cUn Amor a Taire\u201d, \u00a0<\/strong><\/em>de Christian Faure.\u00a0<em>Francia.<\/em><\/li>\n<\/ul>\n","protected":false},"excerpt":{"rendered":"<p>[separator] Mejores pel&iacute;culas por votaci&oacute;n del p&uacute;blico [separator] 2017 _________________________________ Mejor largometraje: Una mujer fant&aacute;stica, de Sebasti&aacute;n Lelio. Chile. Mejor documental: Gayby Baby, de Maya Newell.&nbsp;Australia. Mejor cortometraje: El Sue&ntilde;o de Ana, de Jos&eacute; Luis Torres Leiva.&nbsp;Chile. &nbsp; &nbsp; &nbsp; [separator] 2016 _________________________________ Mejor largometraje: Azul y no tan rosa, de Miguel Ferrari.&nbsp;Venezuela. Mejor documental: &hellip; <\/p>\n<p class=\"link-more\"><a href=\"https:\/\/www.movilh.cl\/cine\/archivo\/\" class=\"more-link\">Leer m\u00e1s<span class=\"screen-reader-text\"> \u00abArchivo\u00bb<\/span><\/a><\/p>\n","protected":false},"author":2,"featured_media":0,"parent":0,"menu_order":0,"comment_status":"closed","ping_status":"open","template":"","meta":{"footnotes":""},"class_list":["post-72","page","type-page","status-publish","hentry"],"_links":{"self":[{"href":"https:\/\/www.movilh.cl\/cine\/wp-json\/wp\/v2\/pages\/72"}],"collection":[{"href":"https:\/\/www.movilh.cl\/cine\/wp-json\/wp\/v2\/pages"}],"about":[{"href":"https:\/\/www.movilh.cl\/cine\/wp-json\/wp\/v2\/types\/page"}],"author":[{"embeddable":true,"href":"https:\/\/www.movilh.cl\/cine\/wp-json\/wp\/v2\/users\/2"}],"replies":[{"embeddable":true,"href":"https:\/\/www.movilh.cl\/cine\/wp-json\/wp\/v2\/comments?post=72"}],"version-history":[{"count":68,"href":"https:\/\/www.movilh.cl\/cine\/wp-json\/wp\/v2\/pages\/72\/revisions"}],"predecessor-version":[{"id":1358,"href":"https:\/\/www.movilh.cl\/cine\/wp-json\/wp\/v2\/pages\/72\/revisions\/1358"}],"wp:attachment":[{"href":"https:\/\/www.movilh.cl\/cine\/wp-json\/wp\/v2\/media?parent=72"}],"curies":[{"name":"wp","href":"https:\/\/api.w.org\/{rel}","templated":true}]}}