{"id":68,"date":"2013-08-08T23:11:12","date_gmt":"2013-08-08T23:11:12","guid":{"rendered":"http:\/\/www.movilh.cl\/cine\/?page_id=68"},"modified":"2025-09-10T15:30:35","modified_gmt":"2025-09-10T15:30:35","slug":"el-festival","status":"publish","type":"page","link":"https:\/\/www.movilh.cl\/cine\/el-festival\/","title":{"rendered":"El Festival"},"content":{"rendered":"\n<div class=\"wp-block-columns is-layout-flex wp-container-core-columns-is-layout-1 wp-block-columns-is-layout-flex\">\n<div class=\"wp-block-column is-layout-flow wp-block-column-is-layout-flow\" style=\"border-style:none;border-width:0px;padding-top:0;padding-right:0;padding-bottom:0;padding-left:0\">\n<figure class=\"wp-block-image size-full is-resized\"><a href=\"https:\/\/www.movilh.cl\/cine\/wp-content\/uploads\/2025\/09\/POSTER-17\u00b0-Festival-Internacional-de-Cine-LGBTIQA-Cine-Movilh-2025-1.jpg\"><img loading=\"lazy\" decoding=\"async\" width=\"1920\" height=\"2404\" src=\"https:\/\/www.movilh.cl\/cine\/wp-content\/uploads\/2025\/09\/POSTER-17\u00b0-Festival-Internacional-de-Cine-LGBTIQA-Cine-Movilh-2025-1.jpg\" alt=\"\" class=\"wp-image-2260\" style=\"width:550px;height:auto\" srcset=\"https:\/\/www.movilh.cl\/cine\/wp-content\/uploads\/2025\/09\/POSTER-17\u00b0-Festival-Internacional-de-Cine-LGBTIQA-Cine-Movilh-2025-1.jpg 1920w, https:\/\/www.movilh.cl\/cine\/wp-content\/uploads\/2025\/09\/POSTER-17\u00b0-Festival-Internacional-de-Cine-LGBTIQA-Cine-Movilh-2025-1-160x200.jpg 160w, https:\/\/www.movilh.cl\/cine\/wp-content\/uploads\/2025\/09\/POSTER-17\u00b0-Festival-Internacional-de-Cine-LGBTIQA-Cine-Movilh-2025-1-264x330.jpg 264w\" sizes=\"(max-width: 1920px) 100vw, 1920px\" \/><\/a><\/figure>\n<\/div>\n\n\n\n<div class=\"wp-block-column is-layout-flow wp-block-column-is-layout-flow\">\n<p><strong>CINE MOVILH<\/strong> es el primer Festival de Cine L\u00e9sbico, Gay, Bisexual, Transexual, Intersexual y Queer (LGBTIQ+) de Chile, as\u00ed como la m\u00e1s grande y amplia muestra de cintas&nbsp;con tem\u00e1ticas de la diversidad sexual  y de g\u00e9nero producida en nuestro pa\u00eds.<\/p>\n\n\n\n<p>El Cine LGBTIQ+ ha estado a la vanguardia de las realidades sociales, pol\u00edticas, econ\u00f3micas y familiares, mostrando siempre una visi\u00f3n pluralista e integradora de las diversas culturas que contribuye a ampliar nuestra mirada sobre los derechos humanos.<\/p>\n\n\n\n<p>Producido por el <strong><a href=\"http:\/\/www.movilh.cl\">Movilh<\/a> <\/strong>desde el 2008, el Festival contempla&nbsp; variadas presentaciones a cargo de los realizadores de las cintas o de las embajadas correspondientes a los pa\u00edses de producci\u00f3n de las pel\u00edculas.<\/p>\n\n\n\n<p>En su decimos\u00e9ptima versi\u00f3n el Festival de Cine Movilh tendr\u00e1 lugar durante el mes de Octubre, los d\u00edas 7, 8, 9  en el Centro Cultural de Espa\u00f1a de Santiago de Chile y el 10, 11 y 12 en la Cineteca Nacional del Centro Cultural Palacio de La Moneda.<\/p>\n\n\n\n<p>En <strong>Cine Movilh<\/strong> los\/as espectadores\/as podr\u00e1n elegir a las mejores pel\u00edculas y seleccionar a sus favoritas, <strong><span style=\"text-decoration: underline;\"><a href=\"http:\/\/www.movilh.cl\/cine\/archivo\/premios-del-publico\/\" target=\"_blank\" rel=\"noopener\">al igual como lo han hecho en a\u00f1os anteriores.<\/a><\/span><\/strong><\/p>\n\n\n\n<p><strong>Cine Movilh<\/strong> es la continuaci\u00f3n del <strong>Primer Ciclo de Cine LGTB<\/strong> desarrollado por Movilh en la Biblioteca de Santiago en diciembre del 2007 y que en sus versiones siguientes se transform\u00f3 en un Festival, ampliando su oferta con m\u00e1s cintas para todos los chilenos y chilenas.<\/p>\n\n\n\n<p>En esta edici\u00f3n 2025,  agradecemos la colaboraci\u00f3n de las <em>embajadas de B\u00e9lgica,  Espa\u00f1a, Francia y M\u00e9xico,&nbsp;el Instituto Franc\u00e9s en Chile, la Agencia Espa\u00f1ola de Cooperaci\u00f3n Internacional<\/em> <em>para el Desarrollo, (AECID), el Centro Niemeyer, la Representaci\u00f3n Valonia-Bruselas en Chile, el Instituto Mexicano de Cinematogr\u00e1fico, &nbsp;el Instituto Italiano de Cultura en Santiago, el Centro Cultural Espa\u00f1a y la Cineteca Nacional<\/em>.<\/p>\n\n\n\n<hr class=\"wp-block-separator has-alpha-channel-opacity\"\/>\n\n\n\n<p><\/p>\n\n\n\n<p><strong>Producci\u00f3n:<\/strong> Gonzalo Vel\u00e1squez.<\/p>\n\n\n\n<p><\/p>\n\n\n\n<p><\/p>\n\n\n\n<hr class=\"wp-block-separator has-alpha-channel-opacity\"\/>\n<\/div>\n<\/div>\n","protected":false},"excerpt":{"rendered":"<p>CINE MOVILH es el primer Festival de Cine L&eacute;sbico, Gay, Bisexual, Transexual, Intersexual y Queer (LGBTIQ+) de Chile, as&iacute; como la m&aacute;s grande y amplia muestra de cintas&nbsp;con tem&aacute;ticas de la diversidad sexual y de g&eacute;nero producida en nuestro pa&iacute;s. El Cine LGBTIQ+ ha estado a la vanguardia de las realidades sociales, pol&iacute;ticas, econ&oacute;micas y &hellip; <\/p>\n<p class=\"link-more\"><a href=\"https:\/\/www.movilh.cl\/cine\/el-festival\/\" class=\"more-link\">Leer m\u00e1s<span class=\"screen-reader-text\"> \u00abEl Festival\u00bb<\/span><\/a><\/p>\n","protected":false},"author":1,"featured_media":0,"parent":0,"menu_order":0,"comment_status":"closed","ping_status":"open","template":"","meta":{"footnotes":""},"class_list":["post-68","page","type-page","status-publish","hentry"],"_links":{"self":[{"href":"https:\/\/www.movilh.cl\/cine\/wp-json\/wp\/v2\/pages\/68"}],"collection":[{"href":"https:\/\/www.movilh.cl\/cine\/wp-json\/wp\/v2\/pages"}],"about":[{"href":"https:\/\/www.movilh.cl\/cine\/wp-json\/wp\/v2\/types\/page"}],"author":[{"embeddable":true,"href":"https:\/\/www.movilh.cl\/cine\/wp-json\/wp\/v2\/users\/1"}],"replies":[{"embeddable":true,"href":"https:\/\/www.movilh.cl\/cine\/wp-json\/wp\/v2\/comments?post=68"}],"version-history":[{"count":87,"href":"https:\/\/www.movilh.cl\/cine\/wp-json\/wp\/v2\/pages\/68\/revisions"}],"predecessor-version":[{"id":2261,"href":"https:\/\/www.movilh.cl\/cine\/wp-json\/wp\/v2\/pages\/68\/revisions\/2261"}],"wp:attachment":[{"href":"https:\/\/www.movilh.cl\/cine\/wp-json\/wp\/v2\/media?parent=68"}],"curies":[{"name":"wp","href":"https:\/\/api.w.org\/{rel}","templated":true}]}}