{"id":2252,"date":"2025-09-09T19:04:56","date_gmt":"2025-09-09T19:04:56","guid":{"rendered":"https:\/\/www.movilh.cl\/cine\/?page_id=2252"},"modified":"2025-09-11T20:17:43","modified_gmt":"2025-09-11T20:17:43","slug":"susurros","status":"publish","type":"page","link":"https:\/\/www.movilh.cl\/cine\/susurros\/","title":{"rendered":"Susurros"},"content":{"rendered":"\n<div class=\"wp-block-columns is-layout-flex wp-container-core-columns-is-layout-1 wp-block-columns-is-layout-flex\">\n<div class=\"wp-block-column is-layout-flow wp-block-column-is-layout-flow\">\n<figure class=\"wp-block-image size-full is-resized\"><a href=\"https:\/\/www.movilh.cl\/cine\/wp-content\/uploads\/2025\/09\/Susurros.jpg\"><img loading=\"lazy\" decoding=\"async\" width=\"800\" height=\"1138\" src=\"https:\/\/www.movilh.cl\/cine\/wp-content\/uploads\/2025\/09\/Susurros.jpg\" alt=\"\" class=\"wp-image-2253\" style=\"width:450px\" srcset=\"https:\/\/www.movilh.cl\/cine\/wp-content\/uploads\/2025\/09\/Susurros.jpg 800w, https:\/\/www.movilh.cl\/cine\/wp-content\/uploads\/2025\/09\/Susurros-141x200.jpg 141w, https:\/\/www.movilh.cl\/cine\/wp-content\/uploads\/2025\/09\/Susurros-232x330.jpg 232w\" sizes=\"(max-width: 800px) 100vw, 800px\" \/><\/a><\/figure>\n<\/div>\n\n\n\n<div class=\"wp-block-column is-layout-flow wp-block-column-is-layout-flow\">\n<p><strong>A\u00f1o<\/strong>: 2024<\/p>\n\n\n\n<p><strong>Pa\u00eds:<\/strong> Espa\u00f1a<\/p>\n\n\n\n<p><strong>Direcci\u00f3n: <\/strong>Antonio Llaneza&nbsp;<\/p>\n\n\n\n<p><strong>Duraci\u00f3n:<\/strong> 20\u2032<\/p>\n\n\n\n<p><strong>Categor\u00eda:<\/strong> Cortometraje<\/p>\n\n\n\n<p><strong>Sinopsis:<\/strong> Despu\u00e9s de 5 a\u00f1os, Ulises vuelve desde Berl\u00edn para preparar una gira de conciertos con su amigo. <\/p>\n\n\n\n<p>Bajo la conservadora mirada de los habitantes de su pueblo natal, deber\u00e1 luchar contra sus sentimientos a la vez que se plantea por primera vez su identidad.<\/p>\n<\/div>\n<\/div>\n\n\n\n<hr class=\"wp-block-separator has-alpha-channel-opacity is-style-wide\" style=\"margin-top:var(--wp--preset--spacing--small);margin-bottom:var(--wp--preset--spacing--small)\"\/>\n\n\n\n<figure class=\"wp-block-embed is-type-video is-provider-youtube wp-block-embed-youtube wp-embed-aspect-16-9 wp-has-aspect-ratio\"><div class=\"wp-block-embed__wrapper\">\n<iframe loading=\"lazy\" title=\"62FICX | Tr\u00e1iler | Susurros\" width=\"950\" height=\"534\" src=\"https:\/\/www.youtube.com\/embed\/adToYVcyKwE?feature=oembed\" frameborder=\"0\" allow=\"accelerometer; autoplay; clipboard-write; encrypted-media; gyroscope; picture-in-picture; web-share\" referrerpolicy=\"strict-origin-when-cross-origin\" allowfullscreen><\/iframe>\n<\/div><\/figure>\n","protected":false},"excerpt":{"rendered":"<p>A&ntilde;o: 2024 Pa&iacute;s: Espa&ntilde;a Direcci&oacute;n: Antonio Llaneza&nbsp; Duraci&oacute;n: 20&prime; Categor&iacute;a: Cortometraje Sinopsis: Despu&eacute;s de 5 a&ntilde;os, Ulises vuelve desde Berl&iacute;n para preparar una gira de conciertos con su amigo. Bajo la conservadora mirada de los habitantes de su pueblo natal, deber&aacute; luchar contra sus sentimientos a la vez que se plantea por primera vez su &hellip; <\/p>\n<p class=\"link-more\"><a href=\"https:\/\/www.movilh.cl\/cine\/susurros\/\" class=\"more-link\">Leer m\u00e1s<span class=\"screen-reader-text\"> \u00abSusurros\u00bb<\/span><\/a><\/p>\n","protected":false},"author":1,"featured_media":0,"parent":0,"menu_order":0,"comment_status":"closed","ping_status":"closed","template":"","meta":{"footnotes":""},"class_list":["post-2252","page","type-page","status-publish","hentry"],"_links":{"self":[{"href":"https:\/\/www.movilh.cl\/cine\/wp-json\/wp\/v2\/pages\/2252"}],"collection":[{"href":"https:\/\/www.movilh.cl\/cine\/wp-json\/wp\/v2\/pages"}],"about":[{"href":"https:\/\/www.movilh.cl\/cine\/wp-json\/wp\/v2\/types\/page"}],"author":[{"embeddable":true,"href":"https:\/\/www.movilh.cl\/cine\/wp-json\/wp\/v2\/users\/1"}],"replies":[{"embeddable":true,"href":"https:\/\/www.movilh.cl\/cine\/wp-json\/wp\/v2\/comments?post=2252"}],"version-history":[{"count":4,"href":"https:\/\/www.movilh.cl\/cine\/wp-json\/wp\/v2\/pages\/2252\/revisions"}],"predecessor-version":[{"id":2281,"href":"https:\/\/www.movilh.cl\/cine\/wp-json\/wp\/v2\/pages\/2252\/revisions\/2281"}],"wp:attachment":[{"href":"https:\/\/www.movilh.cl\/cine\/wp-json\/wp\/v2\/media?parent=2252"}],"curies":[{"name":"wp","href":"https:\/\/api.w.org\/{rel}","templated":true}]}}