{"id":2249,"date":"2025-09-09T18:37:36","date_gmt":"2025-09-09T18:37:36","guid":{"rendered":"https:\/\/www.movilh.cl\/cine\/?page_id=2249"},"modified":"2025-09-11T20:17:05","modified_gmt":"2025-09-11T20:17:05","slug":"intercambio","status":"publish","type":"page","link":"https:\/\/www.movilh.cl\/cine\/intercambio\/","title":{"rendered":"Intercambio"},"content":{"rendered":"\n<div class=\"wp-block-columns is-layout-flex wp-container-core-columns-is-layout-1 wp-block-columns-is-layout-flex\">\n<div class=\"wp-block-column is-layout-flow wp-block-column-is-layout-flow\">\n<figure class=\"wp-block-image size-full is-resized\"><a href=\"https:\/\/www.movilh.cl\/cine\/wp-content\/uploads\/2025\/09\/intercambio-882306119-large.jpg\"><img loading=\"lazy\" decoding=\"async\" width=\"810\" height=\"1200\" src=\"https:\/\/www.movilh.cl\/cine\/wp-content\/uploads\/2025\/09\/intercambio-882306119-large.jpg\" alt=\"\" class=\"wp-image-2250\" style=\"width:450px\" srcset=\"https:\/\/www.movilh.cl\/cine\/wp-content\/uploads\/2025\/09\/intercambio-882306119-large.jpg 810w, https:\/\/www.movilh.cl\/cine\/wp-content\/uploads\/2025\/09\/intercambio-882306119-large-135x200.jpg 135w, https:\/\/www.movilh.cl\/cine\/wp-content\/uploads\/2025\/09\/intercambio-882306119-large-223x330.jpg 223w\" sizes=\"(max-width: 810px) 100vw, 810px\" \/><\/a><\/figure>\n<\/div>\n\n\n\n<div class=\"wp-block-column is-layout-flow wp-block-column-is-layout-flow\">\n<p><strong>A\u00f1o<\/strong>: 2024<\/p>\n\n\n\n<p><strong>Pa\u00eds:<\/strong> Espa\u00f1a<\/p>\n\n\n\n<p><strong>Direcci\u00f3n: <\/strong>Amaia Yoldi&nbsp;<\/p>\n\n\n\n<p><strong>Duraci\u00f3n:<\/strong> 14\u2032<\/p>\n\n\n\n<p><strong>Categor\u00eda:<\/strong> Cortometraje<\/p>\n\n\n\n<p><strong>Sinopsis:<\/strong> Antonio e In\u00e9s son dos completos desconocidos que se citan a trav\u00e9s de redes sociales para intercambiarse algo que In\u00e9s no tolera m\u00e1s y que Antonio quiere probar. <\/p>\n\n\n\n<p>Entre ellos aparece esa extra\u00f1a complicidad que a veces surge entre desconocidos. <\/p>\n\n\n\n<p>Sin embargo, lo que vivimos en la intimidad no siempre es algo que deseamos reconocer.<\/p>\n<\/div>\n<\/div>\n\n\n\n<figure class=\"wp-block-embed is-type-video is-provider-vimeo wp-block-embed-vimeo wp-embed-aspect-18-9 wp-has-aspect-ratio\"><div class=\"wp-block-embed__wrapper\">\n<iframe loading=\"lazy\" title=\"Trailer - INTERCAMBIO\" src=\"https:\/\/player.vimeo.com\/video\/956006389?dnt=1&amp;app_id=122963\" width=\"950\" height=\"475\" frameborder=\"0\" allow=\"autoplay; fullscreen; picture-in-picture; clipboard-write; encrypted-media; web-share\" referrerpolicy=\"strict-origin-when-cross-origin\"><\/iframe>\n<\/div><\/figure>\n","protected":false},"excerpt":{"rendered":"<p>A&ntilde;o: 2024 Pa&iacute;s: Espa&ntilde;a Direcci&oacute;n: Amaia Yoldi&nbsp; Duraci&oacute;n: 14&prime; Categor&iacute;a: Cortometraje Sinopsis: Antonio e In&eacute;s son dos completos desconocidos que se citan a trav&eacute;s de redes sociales para intercambiarse algo que In&eacute;s no tolera m&aacute;s y que Antonio quiere probar. Entre ellos aparece esa extra&ntilde;a complicidad que a veces surge entre desconocidos. Sin embargo, lo &hellip; <\/p>\n<p class=\"link-more\"><a href=\"https:\/\/www.movilh.cl\/cine\/intercambio\/\" class=\"more-link\">Leer m\u00e1s<span class=\"screen-reader-text\"> \u00abIntercambio\u00bb<\/span><\/a><\/p>\n","protected":false},"author":1,"featured_media":0,"parent":0,"menu_order":0,"comment_status":"closed","ping_status":"closed","template":"","meta":{"footnotes":""},"class_list":["post-2249","page","type-page","status-publish","hentry"],"_links":{"self":[{"href":"https:\/\/www.movilh.cl\/cine\/wp-json\/wp\/v2\/pages\/2249"}],"collection":[{"href":"https:\/\/www.movilh.cl\/cine\/wp-json\/wp\/v2\/pages"}],"about":[{"href":"https:\/\/www.movilh.cl\/cine\/wp-json\/wp\/v2\/types\/page"}],"author":[{"embeddable":true,"href":"https:\/\/www.movilh.cl\/cine\/wp-json\/wp\/v2\/users\/1"}],"replies":[{"embeddable":true,"href":"https:\/\/www.movilh.cl\/cine\/wp-json\/wp\/v2\/comments?post=2249"}],"version-history":[{"count":2,"href":"https:\/\/www.movilh.cl\/cine\/wp-json\/wp\/v2\/pages\/2249\/revisions"}],"predecessor-version":[{"id":2280,"href":"https:\/\/www.movilh.cl\/cine\/wp-json\/wp\/v2\/pages\/2249\/revisions\/2280"}],"wp:attachment":[{"href":"https:\/\/www.movilh.cl\/cine\/wp-json\/wp\/v2\/media?parent=2249"}],"curies":[{"name":"wp","href":"https:\/\/api.w.org\/{rel}","templated":true}]}}