{"id":2241,"date":"2025-09-09T18:00:40","date_gmt":"2025-09-09T18:00:40","guid":{"rendered":"https:\/\/www.movilh.cl\/cine\/?page_id=2241"},"modified":"2025-09-11T20:14:20","modified_gmt":"2025-09-11T20:14:20","slug":"ciao-bambina","status":"publish","type":"page","link":"https:\/\/www.movilh.cl\/cine\/ciao-bambina\/","title":{"rendered":"CIAO BAMBINA"},"content":{"rendered":"\n<div class=\"wp-block-columns is-layout-flex wp-container-core-columns-is-layout-1 wp-block-columns-is-layout-flex\">\n<div class=\"wp-block-column is-layout-flow wp-block-column-is-layout-flow\">\n<figure class=\"wp-block-image size-full is-resized\"><a href=\"http:\/\/www.movilh.cl\/cine\/wp-content\/uploads\/2025\/09\/CARTEL_CIAO_BAMBINA.JPG-scaled.jpg\"><img loading=\"lazy\" decoding=\"async\" width=\"1707\" height=\"2560\" src=\"https:\/\/www.movilh.cl\/cine\/wp-content\/uploads\/2025\/09\/CARTEL_CIAO_BAMBINA.JPG-scaled.jpg\" alt=\"\" class=\"wp-image-2233\" style=\"width:450px\" srcset=\"https:\/\/www.movilh.cl\/cine\/wp-content\/uploads\/2025\/09\/CARTEL_CIAO_BAMBINA.JPG-scaled.jpg 1707w, https:\/\/www.movilh.cl\/cine\/wp-content\/uploads\/2025\/09\/CARTEL_CIAO_BAMBINA.JPG-133x200.jpg 133w, https:\/\/www.movilh.cl\/cine\/wp-content\/uploads\/2025\/09\/CARTEL_CIAO_BAMBINA.JPG-220x330.jpg 220w, https:\/\/www.movilh.cl\/cine\/wp-content\/uploads\/2025\/09\/CARTEL_CIAO_BAMBINA.JPG-2000x3000.jpg 2000w\" sizes=\"(max-width: 1707px) 100vw, 1707px\" \/><\/a><\/figure>\n<\/div>\n\n\n\n<div class=\"wp-block-column is-layout-flow wp-block-column-is-layout-flow\">\n<p><strong>A\u00f1o<\/strong>: 2024<\/p>\n\n\n\n<p><strong>Pa\u00eds:<\/strong> Espa\u00f1a<\/p>\n\n\n\n<p><strong>Direcci\u00f3n: <\/strong>Afioco Gnecco, Carolina Yuste.<\/p>\n\n\n\n<p><strong>Duraci\u00f3n:<\/strong> 18\u2032<\/p>\n\n\n\n<p><strong>Categor\u00eda:<\/strong> Cortometraje<\/p>\n\n\n\n<p><strong>Sinopsis:<\/strong> Rafael comenz\u00f3 su transici\u00f3n hace diez meses. <\/p>\n\n\n\n<p>Su ansiado viaje con la testosterona no est\u00e1 siendo un camino f\u00e1cil, nadie le cont\u00f3 el proceso emocional que implicar\u00eda este cambio. <\/p>\n\n\n\n<p>Se siente tan inc\u00f3modo conforme avanzan los cambios de su cuerpo que se ve incapaz de hacer algo tan simple como ir a la playa. <\/p>\n\n\n\n<p>Junto a su amiga Carolina, que lo ha acompa\u00f1ado desde el inicio de su transici\u00f3n, intentar\u00e1 reconciliarse consigo mismo y con Rafaella \u2014su nombre muerto\u2014 para poder al fin ba\u00f1arse en el mar.<\/p>\n<\/div>\n<\/div>\n","protected":false},"excerpt":{"rendered":"<p>A&ntilde;o: 2024 Pa&iacute;s: Espa&ntilde;a Direcci&oacute;n: Afioco Gnecco, Carolina Yuste. Duraci&oacute;n: 18&prime; Categor&iacute;a: Cortometraje Sinopsis: Rafael comenz&oacute; su transici&oacute;n hace diez meses. Su ansiado viaje con la testosterona no est&aacute; siendo un camino f&aacute;cil, nadie le cont&oacute; el proceso emocional que implicar&iacute;a este cambio. Se siente tan inc&oacute;modo conforme avanzan los cambios de su cuerpo que &hellip; <\/p>\n<p class=\"link-more\"><a href=\"https:\/\/www.movilh.cl\/cine\/ciao-bambina\/\" class=\"more-link\">Leer m\u00e1s<span class=\"screen-reader-text\"> \u00abCIAO BAMBINA\u00bb<\/span><\/a><\/p>\n","protected":false},"author":1,"featured_media":0,"parent":0,"menu_order":0,"comment_status":"closed","ping_status":"closed","template":"","meta":{"footnotes":""},"class_list":["post-2241","page","type-page","status-publish","hentry"],"_links":{"self":[{"href":"https:\/\/www.movilh.cl\/cine\/wp-json\/wp\/v2\/pages\/2241"}],"collection":[{"href":"https:\/\/www.movilh.cl\/cine\/wp-json\/wp\/v2\/pages"}],"about":[{"href":"https:\/\/www.movilh.cl\/cine\/wp-json\/wp\/v2\/types\/page"}],"author":[{"embeddable":true,"href":"https:\/\/www.movilh.cl\/cine\/wp-json\/wp\/v2\/users\/1"}],"replies":[{"embeddable":true,"href":"https:\/\/www.movilh.cl\/cine\/wp-json\/wp\/v2\/comments?post=2241"}],"version-history":[{"count":2,"href":"https:\/\/www.movilh.cl\/cine\/wp-json\/wp\/v2\/pages\/2241\/revisions"}],"predecessor-version":[{"id":2276,"href":"https:\/\/www.movilh.cl\/cine\/wp-json\/wp\/v2\/pages\/2241\/revisions\/2276"}],"wp:attachment":[{"href":"https:\/\/www.movilh.cl\/cine\/wp-json\/wp\/v2\/media?parent=2241"}],"curies":[{"name":"wp","href":"https:\/\/api.w.org\/{rel}","templated":true}]}}