{"id":2153,"date":"2025-09-06T02:35:34","date_gmt":"2025-09-06T02:35:34","guid":{"rendered":"https:\/\/www.movilh.cl\/cine\/?page_id=2153"},"modified":"2025-09-06T02:35:34","modified_gmt":"2025-09-06T02:35:34","slug":"o-amor-nao-cabe-na-sala","status":"publish","type":"page","link":"https:\/\/www.movilh.cl\/cine\/o-amor-nao-cabe-na-sala\/","title":{"rendered":"O Amor N\u00e3o Cabe Na Sala"},"content":{"rendered":"\n<div class=\"wp-block-columns is-layout-flex wp-container-core-columns-is-layout-1 wp-block-columns-is-layout-flex\">\n<div class=\"wp-block-column is-layout-flow wp-block-column-is-layout-flow\">\n<figure class=\"wp-block-image size-large is-resized\"><a href=\"http:\/\/www.movilh.cl\/cine\/wp-content\/uploads\/2025\/09\/32-poster_O-amor-nao-cabe-na-sala.jpg\"><img loading=\"lazy\" decoding=\"async\" width=\"587\" height=\"330\" src=\"http:\/\/www.movilh.cl\/cine\/wp-content\/uploads\/2025\/09\/32-poster_O-amor-nao-cabe-na-sala-587x330.jpg\" alt=\"\" class=\"wp-image-2072\" style=\"aspect-ratio:3\/4;object-fit:cover;width:450px\" srcset=\"https:\/\/www.movilh.cl\/cine\/wp-content\/uploads\/2025\/09\/32-poster_O-amor-nao-cabe-na-sala-587x330.jpg 587w, https:\/\/www.movilh.cl\/cine\/wp-content\/uploads\/2025\/09\/32-poster_O-amor-nao-cabe-na-sala-356x200.jpg 356w, https:\/\/www.movilh.cl\/cine\/wp-content\/uploads\/2025\/09\/32-poster_O-amor-nao-cabe-na-sala.jpg 1920w\" sizes=\"(max-width: 587px) 100vw, 587px\" \/><\/a><\/figure>\n<\/div>\n\n\n\n<div class=\"wp-block-column is-layout-flow wp-block-column-is-layout-flow\">\n<p><strong>A\u00f1o<\/strong>: 2024<\/p>\n\n\n\n<p><strong>Pa\u00eds:<\/strong> Brasil<\/p>\n\n\n\n<p><strong>Direcci\u00f3n:<\/strong>\u00a0WALLACE\u00a0NOGUEIRA,\u00a0MARCELO\u00a0MATOS DE OLIVEIRA\u00a0<\/p>\n\n\n\n<p><strong>Duraci\u00f3n:<\/strong> 18\u2032<\/p>\n\n\n\n<p><strong>Categor\u00eda:<\/strong> Cortometraje\u00a0<\/p>\n\n\n\n<p><strong>Sinopsis: <\/strong>C\u00e1ssio y Otto est\u00e1n enamorados el uno del otro, pero el desaf\u00edo de la p\u00e9rdida de la visi\u00f3n es tambi\u00e9n el desaf\u00edo de permanecer juntos.<\/p>\n<\/div>\n<\/div>\n\n\n\n<hr class=\"wp-block-separator has-alpha-channel-opacity is-style-wide\" style=\"margin-top:var(--wp--preset--spacing--small);margin-bottom:var(--wp--preset--spacing--small)\"\/>\n\n\n\n<figure class=\"wp-block-embed is-type-video is-provider-youtube wp-block-embed-youtube wp-embed-aspect-16-9 wp-has-aspect-ratio\"><div class=\"wp-block-embed__wrapper\">\n<iframe loading=\"lazy\" title=\"Teaser O Amor n\u00e3o Cabe na Sala\" width=\"950\" height=\"534\" src=\"https:\/\/www.youtube.com\/embed\/KUMPgNF2nek?feature=oembed\" frameborder=\"0\" allow=\"accelerometer; autoplay; clipboard-write; encrypted-media; gyroscope; picture-in-picture; web-share\" referrerpolicy=\"strict-origin-when-cross-origin\" allowfullscreen><\/iframe>\n<\/div><\/figure>\n","protected":false},"excerpt":{"rendered":"<p>A&ntilde;o: 2024 Pa&iacute;s: Brasil Direcci&oacute;n:&nbsp;WALLACE&nbsp;NOGUEIRA,&nbsp;MARCELO&nbsp;MATOS DE OLIVEIRA&nbsp; Duraci&oacute;n: 18&prime; Categor&iacute;a: Cortometraje&nbsp; Sinopsis: C&aacute;ssio y Otto est&aacute;n enamorados el uno del otro, pero el desaf&iacute;o de la p&eacute;rdida de la visi&oacute;n es tambi&eacute;n el desaf&iacute;o de permanecer juntos.<\/p>\n","protected":false},"author":1,"featured_media":0,"parent":0,"menu_order":0,"comment_status":"closed","ping_status":"closed","template":"","meta":{"footnotes":""},"class_list":["post-2153","page","type-page","status-publish","hentry"],"_links":{"self":[{"href":"https:\/\/www.movilh.cl\/cine\/wp-json\/wp\/v2\/pages\/2153"}],"collection":[{"href":"https:\/\/www.movilh.cl\/cine\/wp-json\/wp\/v2\/pages"}],"about":[{"href":"https:\/\/www.movilh.cl\/cine\/wp-json\/wp\/v2\/types\/page"}],"author":[{"embeddable":true,"href":"https:\/\/www.movilh.cl\/cine\/wp-json\/wp\/v2\/users\/1"}],"replies":[{"embeddable":true,"href":"https:\/\/www.movilh.cl\/cine\/wp-json\/wp\/v2\/comments?post=2153"}],"version-history":[{"count":1,"href":"https:\/\/www.movilh.cl\/cine\/wp-json\/wp\/v2\/pages\/2153\/revisions"}],"predecessor-version":[{"id":2154,"href":"https:\/\/www.movilh.cl\/cine\/wp-json\/wp\/v2\/pages\/2153\/revisions\/2154"}],"wp:attachment":[{"href":"https:\/\/www.movilh.cl\/cine\/wp-json\/wp\/v2\/media?parent=2153"}],"curies":[{"name":"wp","href":"https:\/\/api.w.org\/{rel}","templated":true}]}}