{"id":2151,"date":"2025-09-06T02:33:56","date_gmt":"2025-09-06T02:33:56","guid":{"rendered":"https:\/\/www.movilh.cl\/cine\/?page_id=2151"},"modified":"2025-09-08T17:31:16","modified_gmt":"2025-09-08T17:31:16","slug":"lattente","status":"publish","type":"page","link":"https:\/\/www.movilh.cl\/cine\/lattente\/","title":{"rendered":"L&#8217;attente"},"content":{"rendered":"\n<div class=\"wp-block-columns is-layout-flex wp-container-core-columns-is-layout-1 wp-block-columns-is-layout-flex\">\n<div class=\"wp-block-column is-layout-flow wp-block-column-is-layout-flow\">\n<figure class=\"wp-block-image size-full is-resized\"><a href=\"http:\/\/www.movilh.cl\/cine\/wp-content\/uploads\/2025\/09\/Lattente.jpg\"><img loading=\"lazy\" decoding=\"async\" width=\"1000\" height=\"1334\" src=\"https:\/\/www.movilh.cl\/cine\/wp-content\/uploads\/2025\/09\/Lattente.jpg\" alt=\"\" class=\"wp-image-2071\" style=\"width:450px\" srcset=\"https:\/\/www.movilh.cl\/cine\/wp-content\/uploads\/2025\/09\/Lattente.jpg 1000w, https:\/\/www.movilh.cl\/cine\/wp-content\/uploads\/2025\/09\/Lattente-150x200.jpg 150w, https:\/\/www.movilh.cl\/cine\/wp-content\/uploads\/2025\/09\/Lattente-247x330.jpg 247w\" sizes=\"(max-width: 1000px) 100vw, 1000px\" \/><\/a><\/figure>\n<\/div>\n\n\n\n<div class=\"wp-block-column is-layout-flow wp-block-column-is-layout-flow\">\n<p><strong>A\u00f1o<\/strong>: 2022<\/p>\n\n\n\n<p><strong>Pa\u00eds:<\/strong> Francia<\/p>\n\n\n\n<p><strong>Direcci\u00f3n:<\/strong>&nbsp;Alice Douard&nbsp;<\/p>\n\n\n\n<p><strong>Duraci\u00f3n:<\/strong> 29\u2032<\/p>\n\n\n\n<p><strong>Categor\u00eda:<\/strong> Cortometraje&nbsp;<\/p>\n\n\n\n<p><strong>Sinopsis: <\/strong>C\u00e9line espera la llegada de su primer hijo. Es Jeanne, su compa\u00f1era, quien lo dar\u00e1 a luz. <\/p>\n\n\n\n<p>Durante la noche, en el hospital, conoce a hombres que, como ella, esperan..<\/p>\n<\/div>\n<\/div>\n\n\n\n<hr class=\"wp-block-separator has-alpha-channel-opacity is-style-wide\" style=\"margin-top:var(--wp--preset--spacing--small);margin-bottom:var(--wp--preset--spacing--small)\"\/>\n\n\n\n<figure class=\"wp-block-embed is-type-video is-provider-youtube wp-block-embed-youtube wp-embed-aspect-16-9 wp-has-aspect-ratio\"><div class=\"wp-block-embed__wrapper\">\n<iframe loading=\"lazy\" title=\"Expecting | L\u2019attente | Trailer\" width=\"950\" height=\"534\" src=\"https:\/\/www.youtube.com\/embed\/noxOfzW465c?feature=oembed\" frameborder=\"0\" allow=\"accelerometer; autoplay; clipboard-write; encrypted-media; gyroscope; picture-in-picture; web-share\" referrerpolicy=\"strict-origin-when-cross-origin\" allowfullscreen><\/iframe>\n<\/div><\/figure>\n","protected":false},"excerpt":{"rendered":"<p>A&ntilde;o: 2022 Pa&iacute;s: Francia Direcci&oacute;n:&nbsp;Alice Douard&nbsp; Duraci&oacute;n: 29&prime; Categor&iacute;a: Cortometraje&nbsp; Sinopsis: C&eacute;line espera la llegada de su primer hijo. Es Jeanne, su compa&ntilde;era, quien lo dar&aacute; a luz. Durante la noche, en el hospital, conoce a hombres que, como ella, esperan..<\/p>\n","protected":false},"author":1,"featured_media":0,"parent":0,"menu_order":0,"comment_status":"closed","ping_status":"closed","template":"","meta":{"footnotes":""},"class_list":["post-2151","page","type-page","status-publish","hentry"],"_links":{"self":[{"href":"https:\/\/www.movilh.cl\/cine\/wp-json\/wp\/v2\/pages\/2151"}],"collection":[{"href":"https:\/\/www.movilh.cl\/cine\/wp-json\/wp\/v2\/pages"}],"about":[{"href":"https:\/\/www.movilh.cl\/cine\/wp-json\/wp\/v2\/types\/page"}],"author":[{"embeddable":true,"href":"https:\/\/www.movilh.cl\/cine\/wp-json\/wp\/v2\/users\/1"}],"replies":[{"embeddable":true,"href":"https:\/\/www.movilh.cl\/cine\/wp-json\/wp\/v2\/comments?post=2151"}],"version-history":[{"count":2,"href":"https:\/\/www.movilh.cl\/cine\/wp-json\/wp\/v2\/pages\/2151\/revisions"}],"predecessor-version":[{"id":2206,"href":"https:\/\/www.movilh.cl\/cine\/wp-json\/wp\/v2\/pages\/2151\/revisions\/2206"}],"wp:attachment":[{"href":"https:\/\/www.movilh.cl\/cine\/wp-json\/wp\/v2\/media?parent=2151"}],"curies":[{"name":"wp","href":"https:\/\/api.w.org\/{rel}","templated":true}]}}