{"id":2149,"date":"2025-09-06T02:32:49","date_gmt":"2025-09-06T02:32:49","guid":{"rendered":"https:\/\/www.movilh.cl\/cine\/?page_id=2149"},"modified":"2025-09-08T17:30:29","modified_gmt":"2025-09-08T17:30:29","slug":"tienes-sitio","status":"publish","type":"page","link":"https:\/\/www.movilh.cl\/cine\/tienes-sitio\/","title":{"rendered":"\u00bfTienes sitio?"},"content":{"rendered":"\n<div class=\"wp-block-columns is-layout-flex wp-container-core-columns-is-layout-1 wp-block-columns-is-layout-flex\">\n<div class=\"wp-block-column is-layout-flow wp-block-column-is-layout-flow\">\n<figure class=\"wp-block-image size-full is-resized\"><a href=\"http:\/\/www.movilh.cl\/cine\/wp-content\/uploads\/2025\/09\/34-poster_Tienes-sitio-scaled.jpg\"><img loading=\"lazy\" decoding=\"async\" width=\"1810\" height=\"2560\" src=\"https:\/\/www.movilh.cl\/cine\/wp-content\/uploads\/2025\/09\/34-poster_Tienes-sitio-scaled.jpg\" alt=\"\" class=\"wp-image-2070\" style=\"width:450px\" srcset=\"https:\/\/www.movilh.cl\/cine\/wp-content\/uploads\/2025\/09\/34-poster_Tienes-sitio-scaled.jpg 1810w, https:\/\/www.movilh.cl\/cine\/wp-content\/uploads\/2025\/09\/34-poster_Tienes-sitio-141x200.jpg 141w, https:\/\/www.movilh.cl\/cine\/wp-content\/uploads\/2025\/09\/34-poster_Tienes-sitio-233x330.jpg 233w, https:\/\/www.movilh.cl\/cine\/wp-content\/uploads\/2025\/09\/34-poster_Tienes-sitio-2000x2828.jpg 2000w\" sizes=\"(max-width: 1810px) 100vw, 1810px\" \/><\/a><\/figure>\n<\/div>\n\n\n\n<div class=\"wp-block-column is-layout-flow wp-block-column-is-layout-flow\">\n<p><strong>A\u00f1o<\/strong>: 2025<\/p>\n\n\n\n<p><strong>Pa\u00eds:<\/strong> Espa\u00f1a<\/p>\n\n\n\n<p><strong>Direcci\u00f3n:<\/strong>&nbsp;ESTEFANIA&nbsp;SERRANO&nbsp;<\/p>\n\n\n\n<p><strong>Duraci\u00f3n:<\/strong> 16\u2032<\/p>\n\n\n\n<p><strong>Categor\u00eda:<\/strong> Cortometraje&nbsp;<\/p>\n\n\n\n<p><strong>Sinopsis: <\/strong>La precariedad laboral obliga a muchos j\u00f3venes a seguir viviendo con sus padres, lo que no solo limita su libertad diaria, sino tambi\u00e9n su capacidad para explorar su sexualidad con naturalidad. <\/p>\n\n\n\n<p>En este contexto, tres chicos ven reducido su encuentro sexual al \u00fanico lugar disponible: el autom\u00f3vil del abuelo de uno de ellos. Un veh\u00edculo estrecho, con mal olor y asientos de piel que rechinan a cada movimiento. <\/p>\n\n\n\n<p>Un espacio ajeno, donde la carne tropieza con los miedos, el placer se mezcla con la torpeza, y el cuerpo se oprime en conflicto entre lo que siente y lo que se le permite mostrar.<br><\/p>\n<\/div>\n<\/div>\n\n\n\n<p><\/p>\n","protected":false},"excerpt":{"rendered":"<p>A&ntilde;o: 2025 Pa&iacute;s: Espa&ntilde;a Direcci&oacute;n:&nbsp;ESTEFANIA&nbsp;SERRANO&nbsp; Duraci&oacute;n: 16&prime; Categor&iacute;a: Cortometraje&nbsp; Sinopsis: La precariedad laboral obliga a muchos j&oacute;venes a seguir viviendo con sus padres, lo que no solo limita su libertad diaria, sino tambi&eacute;n su capacidad para explorar su sexualidad con naturalidad. En este contexto, tres chicos ven reducido su encuentro sexual al &uacute;nico lugar disponible: &hellip; <\/p>\n<p class=\"link-more\"><a href=\"https:\/\/www.movilh.cl\/cine\/tienes-sitio\/\" class=\"more-link\">Leer m\u00e1s<span class=\"screen-reader-text\"> \u00ab\u00bfTienes sitio?\u00bb<\/span><\/a><\/p>\n","protected":false},"author":1,"featured_media":0,"parent":0,"menu_order":0,"comment_status":"closed","ping_status":"closed","template":"","meta":{"footnotes":""},"class_list":["post-2149","page","type-page","status-publish","hentry"],"_links":{"self":[{"href":"https:\/\/www.movilh.cl\/cine\/wp-json\/wp\/v2\/pages\/2149"}],"collection":[{"href":"https:\/\/www.movilh.cl\/cine\/wp-json\/wp\/v2\/pages"}],"about":[{"href":"https:\/\/www.movilh.cl\/cine\/wp-json\/wp\/v2\/types\/page"}],"author":[{"embeddable":true,"href":"https:\/\/www.movilh.cl\/cine\/wp-json\/wp\/v2\/users\/1"}],"replies":[{"embeddable":true,"href":"https:\/\/www.movilh.cl\/cine\/wp-json\/wp\/v2\/comments?post=2149"}],"version-history":[{"count":2,"href":"https:\/\/www.movilh.cl\/cine\/wp-json\/wp\/v2\/pages\/2149\/revisions"}],"predecessor-version":[{"id":2205,"href":"https:\/\/www.movilh.cl\/cine\/wp-json\/wp\/v2\/pages\/2149\/revisions\/2205"}],"wp:attachment":[{"href":"https:\/\/www.movilh.cl\/cine\/wp-json\/wp\/v2\/media?parent=2149"}],"curies":[{"name":"wp","href":"https:\/\/api.w.org\/{rel}","templated":true}]}}