{"id":2145,"date":"2025-09-06T02:29:13","date_gmt":"2025-09-06T02:29:13","guid":{"rendered":"https:\/\/www.movilh.cl\/cine\/?page_id=2145"},"modified":"2025-10-08T14:40:53","modified_gmt":"2025-10-08T14:40:53","slug":"cinco-formas-de-borrar-un-chupon","status":"publish","type":"page","link":"https:\/\/www.movilh.cl\/cine\/cinco-formas-de-borrar-un-chupon\/","title":{"rendered":"Cinco Formas De Borrar Un Chup\u00f3n"},"content":{"rendered":"\n<div class=\"wp-block-columns is-layout-flex wp-container-core-columns-is-layout-1 wp-block-columns-is-layout-flex\">\n<div class=\"wp-block-column is-layout-flow wp-block-column-is-layout-flow\">\n<figure class=\"wp-block-image size-full is-resized\"><a href=\"http:\/\/www.movilh.cl\/cine\/wp-content\/uploads\/2025\/10\/IMG_0609.jpeg\"><img loading=\"lazy\" decoding=\"async\" width=\"728\" height=\"1022\" src=\"http:\/\/www.movilh.cl\/cine\/wp-content\/uploads\/2025\/10\/IMG_0609.jpeg\" alt=\"\" class=\"wp-image-2289\" style=\"width:450px\" srcset=\"https:\/\/www.movilh.cl\/cine\/wp-content\/uploads\/2025\/10\/IMG_0609.jpeg 728w, https:\/\/www.movilh.cl\/cine\/wp-content\/uploads\/2025\/10\/IMG_0609-142x200.jpeg 142w, https:\/\/www.movilh.cl\/cine\/wp-content\/uploads\/2025\/10\/IMG_0609-235x330.jpeg 235w\" sizes=\"(max-width: 728px) 100vw, 728px\" \/><\/a><\/figure>\n<\/div>\n\n\n\n<div class=\"wp-block-column is-layout-flow wp-block-column-is-layout-flow\">\n<p><strong>A\u00f1o<\/strong>: 2024<\/p>\n\n\n\n<p><strong>Pa\u00eds:<\/strong> Chile<\/p>\n\n\n\n<p><strong>Direcci\u00f3n:<\/strong>&nbsp;&nbsp;COLECTIVO &nbsp;NI\u00d1ITA PERVERSA&nbsp;<\/p>\n\n\n\n<p><strong>Duraci\u00f3n:<\/strong> 17\u2032<\/p>\n\n\n\n<p><strong>Categor\u00eda:<\/strong> Cortometraje&nbsp;<\/p>\n\n\n\n<p><strong>Sinopsis: <\/strong>Manuela (14) y To\u00f1a (15) son sorprendidas en el ba\u00f1o de su colegio haci\u00e9ndose un chup\u00f3n. <\/p>\n\n\n\n<p>Luego de que las llevan a inspector\u00eda y son suspendidas por el d\u00eda, Manu se entera de que expulsaran a To\u00f1a del colegio por sus notas y su conducta. Manu decide no contarle y hacer todo lo posible por alargar la llegada a casa. <\/p>\n\n\n\n<p>As\u00ed, ambas emprenden un viaje que recorre el deseo, la culpa, y las despedidas en la periferia de la ciudad.<\/p>\n<\/div>\n<\/div>\n","protected":false},"excerpt":{"rendered":"<p>A&ntilde;o: 2024 Pa&iacute;s: Chile Direcci&oacute;n:&nbsp;&nbsp;COLECTIVO &nbsp;NI&Ntilde;ITA PERVERSA&nbsp; Duraci&oacute;n: 17&prime; Categor&iacute;a: Cortometraje&nbsp; Sinopsis: Manuela (14) y To&ntilde;a (15) son sorprendidas en el ba&ntilde;o de su colegio haci&eacute;ndose un chup&oacute;n. Luego de que las llevan a inspector&iacute;a y son suspendidas por el d&iacute;a, Manu se entera de que expulsaran a To&ntilde;a del colegio por sus notas y &hellip; <\/p>\n<p class=\"link-more\"><a href=\"https:\/\/www.movilh.cl\/cine\/cinco-formas-de-borrar-un-chupon\/\" class=\"more-link\">Leer m\u00e1s<span class=\"screen-reader-text\"> \u00abCinco Formas De Borrar Un Chup\u00f3n\u00bb<\/span><\/a><\/p>\n","protected":false},"author":1,"featured_media":0,"parent":0,"menu_order":0,"comment_status":"closed","ping_status":"closed","template":"","meta":{"footnotes":""},"class_list":["post-2145","page","type-page","status-publish","hentry"],"_links":{"self":[{"href":"https:\/\/www.movilh.cl\/cine\/wp-json\/wp\/v2\/pages\/2145"}],"collection":[{"href":"https:\/\/www.movilh.cl\/cine\/wp-json\/wp\/v2\/pages"}],"about":[{"href":"https:\/\/www.movilh.cl\/cine\/wp-json\/wp\/v2\/types\/page"}],"author":[{"embeddable":true,"href":"https:\/\/www.movilh.cl\/cine\/wp-json\/wp\/v2\/users\/1"}],"replies":[{"embeddable":true,"href":"https:\/\/www.movilh.cl\/cine\/wp-json\/wp\/v2\/comments?post=2145"}],"version-history":[{"count":3,"href":"https:\/\/www.movilh.cl\/cine\/wp-json\/wp\/v2\/pages\/2145\/revisions"}],"predecessor-version":[{"id":2292,"href":"https:\/\/www.movilh.cl\/cine\/wp-json\/wp\/v2\/pages\/2145\/revisions\/2292"}],"wp:attachment":[{"href":"https:\/\/www.movilh.cl\/cine\/wp-json\/wp\/v2\/media?parent=2145"}],"curies":[{"name":"wp","href":"https:\/\/api.w.org\/{rel}","templated":true}]}}