{"id":2139,"date":"2025-09-06T02:25:59","date_gmt":"2025-09-06T02:25:59","guid":{"rendered":"https:\/\/www.movilh.cl\/cine\/?page_id=2139"},"modified":"2025-09-08T17:24:58","modified_gmt":"2025-09-08T17:24:58","slug":"el-jardin-del-diable","status":"publish","type":"page","link":"https:\/\/www.movilh.cl\/cine\/el-jardin-del-diable\/","title":{"rendered":"El jard\u00edn del Diable"},"content":{"rendered":"\n<div class=\"wp-block-columns is-layout-flex wp-container-core-columns-is-layout-1 wp-block-columns-is-layout-flex\">\n<div class=\"wp-block-column is-layout-flow wp-block-column-is-layout-flow\">\n<figure class=\"wp-block-image size-full is-resized\"><a href=\"http:\/\/www.movilh.cl\/cine\/wp-content\/uploads\/2025\/09\/el_jardi_del_diable-276621118-large.jpg\"><img loading=\"lazy\" decoding=\"async\" width=\"848\" height=\"1200\" src=\"https:\/\/www.movilh.cl\/cine\/wp-content\/uploads\/2025\/09\/el_jardi_del_diable-276621118-large.jpg\" alt=\"\" class=\"wp-image-2065\" style=\"width:450px\" srcset=\"https:\/\/www.movilh.cl\/cine\/wp-content\/uploads\/2025\/09\/el_jardi_del_diable-276621118-large.jpg 848w, https:\/\/www.movilh.cl\/cine\/wp-content\/uploads\/2025\/09\/el_jardi_del_diable-276621118-large-141x200.jpg 141w, https:\/\/www.movilh.cl\/cine\/wp-content\/uploads\/2025\/09\/el_jardi_del_diable-276621118-large-233x330.jpg 233w\" sizes=\"(max-width: 848px) 100vw, 848px\" \/><\/a><\/figure>\n<\/div>\n\n\n\n<div class=\"wp-block-column is-layout-flow wp-block-column-is-layout-flow\">\n<p><strong>A\u00f1o<\/strong>: 2025<\/p>\n\n\n\n<p><strong>Pa\u00eds:<\/strong> Espa\u00f1a<\/p>\n\n\n\n<p><strong>Direcci\u00f3n:<\/strong>&nbsp;&nbsp;POL&nbsp;REBAQUE<\/p>\n\n\n\n<p><strong>Duraci\u00f3n:<\/strong> 19\u2032<\/p>\n\n\n\n<p><strong>Categor\u00eda:<\/strong> Cortometraje&nbsp;<\/p>\n\n\n\n<p><strong>Sinopsis: <\/strong>Despu\u00e9s de mucho de tiempo, dos ex amantes se encuentran en medio de la noche. <\/p>\n\n\n\n<p>Hambrientos, buscan un sitio donde comer algo y ponerse al d\u00eda. Pero con esa conversaci\u00f3n aparentemente superflua llega una confesi\u00f3n que convierte el encuentro en algo mucho m\u00e1s trascendente.<\/p>\n<\/div>\n<\/div>\n","protected":false},"excerpt":{"rendered":"<p>A&ntilde;o: 2025 Pa&iacute;s: Espa&ntilde;a Direcci&oacute;n:&nbsp;&nbsp;POL&nbsp;REBAQUE Duraci&oacute;n: 19&prime; Categor&iacute;a: Cortometraje&nbsp; Sinopsis: Despu&eacute;s de mucho de tiempo, dos ex amantes se encuentran en medio de la noche. Hambrientos, buscan un sitio donde comer algo y ponerse al d&iacute;a. Pero con esa conversaci&oacute;n aparentemente superflua llega una confesi&oacute;n que convierte el encuentro en algo mucho m&aacute;s trascendente.<\/p>\n","protected":false},"author":1,"featured_media":0,"parent":0,"menu_order":0,"comment_status":"closed","ping_status":"closed","template":"","meta":{"footnotes":""},"class_list":["post-2139","page","type-page","status-publish","hentry"],"_links":{"self":[{"href":"https:\/\/www.movilh.cl\/cine\/wp-json\/wp\/v2\/pages\/2139"}],"collection":[{"href":"https:\/\/www.movilh.cl\/cine\/wp-json\/wp\/v2\/pages"}],"about":[{"href":"https:\/\/www.movilh.cl\/cine\/wp-json\/wp\/v2\/types\/page"}],"author":[{"embeddable":true,"href":"https:\/\/www.movilh.cl\/cine\/wp-json\/wp\/v2\/users\/1"}],"replies":[{"embeddable":true,"href":"https:\/\/www.movilh.cl\/cine\/wp-json\/wp\/v2\/comments?post=2139"}],"version-history":[{"count":2,"href":"https:\/\/www.movilh.cl\/cine\/wp-json\/wp\/v2\/pages\/2139\/revisions"}],"predecessor-version":[{"id":2199,"href":"https:\/\/www.movilh.cl\/cine\/wp-json\/wp\/v2\/pages\/2139\/revisions\/2199"}],"wp:attachment":[{"href":"https:\/\/www.movilh.cl\/cine\/wp-json\/wp\/v2\/media?parent=2139"}],"curies":[{"name":"wp","href":"https:\/\/api.w.org\/{rel}","templated":true}]}}