{"id":2137,"date":"2025-09-06T02:23:24","date_gmt":"2025-09-06T02:23:24","guid":{"rendered":"https:\/\/www.movilh.cl\/cine\/?page_id=2137"},"modified":"2025-10-10T22:05:39","modified_gmt":"2025-10-10T22:05:39","slug":"gloria","status":"publish","type":"page","link":"https:\/\/www.movilh.cl\/cine\/gloria\/","title":{"rendered":"Gloria"},"content":{"rendered":"\n<div class=\"wp-block-columns is-layout-flex wp-container-core-columns-is-layout-1 wp-block-columns-is-layout-flex\">\n<div class=\"wp-block-column is-layout-flow wp-block-column-is-layout-flow\">\n<figure class=\"wp-block-image size-full is-resized\"><a href=\"http:\/\/www.movilh.cl\/cine\/wp-content\/uploads\/2025\/09\/Gloria.jpg\"><img loading=\"lazy\" decoding=\"async\" width=\"1000\" height=\"1481\" src=\"https:\/\/www.movilh.cl\/cine\/wp-content\/uploads\/2025\/09\/Gloria.jpg\" alt=\"\" class=\"wp-image-2064\" style=\"width:450px\" srcset=\"https:\/\/www.movilh.cl\/cine\/wp-content\/uploads\/2025\/09\/Gloria.jpg 1000w, https:\/\/www.movilh.cl\/cine\/wp-content\/uploads\/2025\/09\/Gloria-135x200.jpg 135w, https:\/\/www.movilh.cl\/cine\/wp-content\/uploads\/2025\/09\/Gloria-223x330.jpg 223w\" sizes=\"(max-width: 1000px) 100vw, 1000px\" \/><\/a><\/figure>\n<\/div>\n\n\n\n<div class=\"wp-block-column is-layout-flow wp-block-column-is-layout-flow\">\n<p><strong>A\u00f1o<\/strong>: 2015<\/p>\n\n\n\n<p><strong>Pa\u00eds:<\/strong> M\u00e9xico<\/p>\n\n\n\n<p><strong>Direcci\u00f3n:<\/strong>&nbsp;Luis Hern\u00e1ndez de la Pe\u00f1a<\/p>\n\n\n\n<p><strong>Duraci\u00f3n:<\/strong> 17\u2032<\/p>\n\n\n\n<p><strong>Categor\u00eda:<\/strong> Cortometraje&nbsp;<\/p>\n\n\n\n<p><strong>Sinopsis: <\/strong>Jos\u00e9 Mar\u00eda, conductor de buses en el d\u00eda, pero con doble personalidad en las noches.<\/p>\n<\/div>\n<\/div>\n\n\n\n<hr class=\"wp-block-separator has-alpha-channel-opacity is-style-wide\" style=\"margin-top:var(--wp--preset--spacing--small);margin-bottom:var(--wp--preset--spacing--small)\"\/>\n","protected":false},"excerpt":{"rendered":"<p>A&ntilde;o: 2015 Pa&iacute;s: M&eacute;xico Direcci&oacute;n:&nbsp;Luis Hern&aacute;ndez de la Pe&ntilde;a Duraci&oacute;n: 17&prime; Categor&iacute;a: Cortometraje&nbsp; Sinopsis: Jos&eacute; Mar&iacute;a, conductor de buses en el d&iacute;a, pero con doble personalidad en las noches.<\/p>\n","protected":false},"author":1,"featured_media":0,"parent":0,"menu_order":0,"comment_status":"closed","ping_status":"closed","template":"","meta":{"footnotes":""},"class_list":["post-2137","page","type-page","status-publish","hentry"],"_links":{"self":[{"href":"https:\/\/www.movilh.cl\/cine\/wp-json\/wp\/v2\/pages\/2137"}],"collection":[{"href":"https:\/\/www.movilh.cl\/cine\/wp-json\/wp\/v2\/pages"}],"about":[{"href":"https:\/\/www.movilh.cl\/cine\/wp-json\/wp\/v2\/types\/page"}],"author":[{"embeddable":true,"href":"https:\/\/www.movilh.cl\/cine\/wp-json\/wp\/v2\/users\/1"}],"replies":[{"embeddable":true,"href":"https:\/\/www.movilh.cl\/cine\/wp-json\/wp\/v2\/comments?post=2137"}],"version-history":[{"count":3,"href":"https:\/\/www.movilh.cl\/cine\/wp-json\/wp\/v2\/pages\/2137\/revisions"}],"predecessor-version":[{"id":2294,"href":"https:\/\/www.movilh.cl\/cine\/wp-json\/wp\/v2\/pages\/2137\/revisions\/2294"}],"wp:attachment":[{"href":"https:\/\/www.movilh.cl\/cine\/wp-json\/wp\/v2\/media?parent=2137"}],"curies":[{"name":"wp","href":"https:\/\/api.w.org\/{rel}","templated":true}]}}