{"id":2123,"date":"2025-09-06T02:05:32","date_gmt":"2025-09-06T02:05:32","guid":{"rendered":"https:\/\/www.movilh.cl\/cine\/?page_id=2123"},"modified":"2025-09-08T17:16:34","modified_gmt":"2025-09-08T17:16:34","slug":"la-boda-de-baba","status":"publish","type":"page","link":"https:\/\/www.movilh.cl\/cine\/la-boda-de-baba\/","title":{"rendered":"La boda de Baba"},"content":{"rendered":"\n<div class=\"wp-block-columns is-layout-flex wp-container-core-columns-is-layout-1 wp-block-columns-is-layout-flex\">\n<div class=\"wp-block-column is-layout-flow wp-block-column-is-layout-flow\">\n<figure class=\"wp-block-image size-full is-resized\"><a href=\"http:\/\/www.movilh.cl\/cine\/wp-content\/uploads\/2025\/09\/La-boda-de-Baba.jpg\"><img loading=\"lazy\" decoding=\"async\" width=\"1000\" height=\"1491\" src=\"https:\/\/www.movilh.cl\/cine\/wp-content\/uploads\/2025\/09\/La-boda-de-Baba.jpg\" alt=\"\" class=\"wp-image-2057\" style=\"width:450px\" srcset=\"https:\/\/www.movilh.cl\/cine\/wp-content\/uploads\/2025\/09\/La-boda-de-Baba.jpg 1000w, https:\/\/www.movilh.cl\/cine\/wp-content\/uploads\/2025\/09\/La-boda-de-Baba-134x200.jpg 134w, https:\/\/www.movilh.cl\/cine\/wp-content\/uploads\/2025\/09\/La-boda-de-Baba-221x330.jpg 221w\" sizes=\"(max-width: 1000px) 100vw, 1000px\" \/><\/a><\/figure>\n<\/div>\n\n\n\n<div class=\"wp-block-column is-layout-flow wp-block-column-is-layout-flow\">\n<p><strong>A\u00f1o<\/strong>: 2016<\/p>\n\n\n\n<p><strong>Pa\u00eds:<\/strong> M\u00e9xico.<\/p>\n\n\n\n<p><strong>Direcci\u00f3n:<\/strong>&nbsp;Luc\u00eda Carreras<\/p>\n\n\n\n<p><strong>Duraci\u00f3n:<\/strong> 15 \u2032<\/p>\n\n\n\n<p><strong>Categor\u00eda:<\/strong> Cortometraje<\/p>\n\n\n\n<p><strong>Sinopsis:<\/strong> Sebasti\u00e1n, un joven suizo, llega a M\u00e9xico a vivir con su novio Juan. <\/p>\n\n\n\n<p>Durante la suntuosa cena de bienvenida, Sebasti\u00e1n descubre el particular v\u00ednculo que Juan tiene con su madre y el lado infantil que esta relaci\u00f3n despierta en su varonil novio.<\/p>\n<\/div>\n<\/div>\n","protected":false},"excerpt":{"rendered":"<p>A&ntilde;o: 2016 Pa&iacute;s: M&eacute;xico. Direcci&oacute;n:&nbsp;Luc&iacute;a Carreras Duraci&oacute;n: 15 &prime; Categor&iacute;a: Cortometraje Sinopsis: Sebasti&aacute;n, un joven suizo, llega a M&eacute;xico a vivir con su novio Juan. Durante la suntuosa cena de bienvenida, Sebasti&aacute;n descubre el particular v&iacute;nculo que Juan tiene con su madre y el lado infantil que esta relaci&oacute;n despierta en su varonil novio.<\/p>\n","protected":false},"author":1,"featured_media":0,"parent":0,"menu_order":0,"comment_status":"closed","ping_status":"closed","template":"","meta":{"footnotes":""},"class_list":["post-2123","page","type-page","status-publish","hentry"],"_links":{"self":[{"href":"https:\/\/www.movilh.cl\/cine\/wp-json\/wp\/v2\/pages\/2123"}],"collection":[{"href":"https:\/\/www.movilh.cl\/cine\/wp-json\/wp\/v2\/pages"}],"about":[{"href":"https:\/\/www.movilh.cl\/cine\/wp-json\/wp\/v2\/types\/page"}],"author":[{"embeddable":true,"href":"https:\/\/www.movilh.cl\/cine\/wp-json\/wp\/v2\/users\/1"}],"replies":[{"embeddable":true,"href":"https:\/\/www.movilh.cl\/cine\/wp-json\/wp\/v2\/comments?post=2123"}],"version-history":[{"count":2,"href":"https:\/\/www.movilh.cl\/cine\/wp-json\/wp\/v2\/pages\/2123\/revisions"}],"predecessor-version":[{"id":2189,"href":"https:\/\/www.movilh.cl\/cine\/wp-json\/wp\/v2\/pages\/2123\/revisions\/2189"}],"wp:attachment":[{"href":"https:\/\/www.movilh.cl\/cine\/wp-json\/wp\/v2\/media?parent=2123"}],"curies":[{"name":"wp","href":"https:\/\/api.w.org\/{rel}","templated":true}]}}