{"id":2121,"date":"2025-09-06T02:04:50","date_gmt":"2025-09-06T02:04:50","guid":{"rendered":"https:\/\/www.movilh.cl\/cine\/?page_id=2121"},"modified":"2025-09-06T02:04:50","modified_gmt":"2025-09-06T02:04:50","slug":"amal","status":"publish","type":"page","link":"https:\/\/www.movilh.cl\/cine\/amal\/","title":{"rendered":"Amal"},"content":{"rendered":"\n<div class=\"wp-block-columns is-layout-flex wp-container-core-columns-is-layout-1 wp-block-columns-is-layout-flex\">\n<div class=\"wp-block-column is-layout-flow wp-block-column-is-layout-flow\">\n<figure class=\"wp-block-image size-full is-resized\"><a href=\"http:\/\/www.movilh.cl\/cine\/wp-content\/uploads\/2025\/09\/Amal-161174486-large.jpg\"><img loading=\"lazy\" decoding=\"async\" width=\"848\" height=\"1200\" src=\"https:\/\/www.movilh.cl\/cine\/wp-content\/uploads\/2025\/09\/Amal-161174486-large.jpg\" alt=\"\" class=\"wp-image-2056\" style=\"width:450px\" srcset=\"https:\/\/www.movilh.cl\/cine\/wp-content\/uploads\/2025\/09\/Amal-161174486-large.jpg 848w, https:\/\/www.movilh.cl\/cine\/wp-content\/uploads\/2025\/09\/Amal-161174486-large-141x200.jpg 141w, https:\/\/www.movilh.cl\/cine\/wp-content\/uploads\/2025\/09\/Amal-161174486-large-233x330.jpg 233w\" sizes=\"(max-width: 848px) 100vw, 848px\" \/><\/a><\/figure>\n<\/div>\n\n\n\n<div class=\"wp-block-column is-layout-flow wp-block-column-is-layout-flow\">\n<p><strong>A\u00f1o<\/strong>: 2023<\/p>\n\n\n\n<p><strong>Pa\u00eds:<\/strong> B\u00e9lgica.<\/p>\n\n\n\n<p><strong>Direcci\u00f3n:<\/strong>&nbsp;Jawad Rhalib<\/p>\n\n\n\n<p><strong>Duraci\u00f3n:<\/strong> 112 \u2032<\/p>\n\n\n\n<p><strong>Categor\u00eda:<\/strong> Largometraje<\/p>\n\n\n\n<p><strong>Sinopsis:<\/strong> Amal, una profesora francesa de un instituto de Bruselas, anima a sus alumnos a cultivar la pasi\u00f3n por la lectura, defender la libertad de expresi\u00f3n y promover la tolerancia. Sin embargo, sus ideas molestan a algunos alumnos y compa\u00f1eros vinculados con el extremismo isl\u00e1mico, totalmente opuesto a sus m\u00e9todos de ense\u00f1anza. Aun as\u00ed, Amal se mantiene firme, especialmente cuando tiene que ayudar a Monia, una de sus estudiantes, una chica reservada a la que han atacado, acosado y amenazado por las sospechas sobre su homosexualidad.<\/p>\n<\/div>\n<\/div>\n\n\n\n<hr class=\"wp-block-separator has-alpha-channel-opacity is-style-wide\" style=\"margin-top:var(--wp--preset--spacing--small);margin-bottom:var(--wp--preset--spacing--small)\"\/>\n\n\n\n<figure class=\"wp-block-embed is-type-video is-provider-youtube wp-block-embed-youtube wp-embed-aspect-16-9 wp-has-aspect-ratio\"><div class=\"wp-block-embed__wrapper\">\n<iframe loading=\"lazy\" title=\"Amal - Tr\u00e1iler espa\u00f1ol\" width=\"950\" height=\"534\" src=\"https:\/\/www.youtube.com\/embed\/c4No6U8xMWs?feature=oembed\" frameborder=\"0\" allow=\"accelerometer; autoplay; clipboard-write; encrypted-media; gyroscope; picture-in-picture; web-share\" referrerpolicy=\"strict-origin-when-cross-origin\" allowfullscreen><\/iframe>\n<\/div><\/figure>\n","protected":false},"excerpt":{"rendered":"<p>A&ntilde;o: 2023 Pa&iacute;s: B&eacute;lgica. Direcci&oacute;n:&nbsp;Jawad Rhalib Duraci&oacute;n: 112 &prime; Categor&iacute;a: Largometraje Sinopsis: Amal, una profesora francesa de un instituto de Bruselas, anima a sus alumnos a cultivar la pasi&oacute;n por la lectura, defender la libertad de expresi&oacute;n y promover la tolerancia. Sin embargo, sus ideas molestan a algunos alumnos y compa&ntilde;eros vinculados con el extremismo &hellip; <\/p>\n<p class=\"link-more\"><a href=\"https:\/\/www.movilh.cl\/cine\/amal\/\" class=\"more-link\">Leer m\u00e1s<span class=\"screen-reader-text\"> \u00abAmal\u00bb<\/span><\/a><\/p>\n","protected":false},"author":1,"featured_media":0,"parent":0,"menu_order":0,"comment_status":"closed","ping_status":"closed","template":"","meta":{"footnotes":""},"class_list":["post-2121","page","type-page","status-publish","hentry"],"_links":{"self":[{"href":"https:\/\/www.movilh.cl\/cine\/wp-json\/wp\/v2\/pages\/2121"}],"collection":[{"href":"https:\/\/www.movilh.cl\/cine\/wp-json\/wp\/v2\/pages"}],"about":[{"href":"https:\/\/www.movilh.cl\/cine\/wp-json\/wp\/v2\/types\/page"}],"author":[{"embeddable":true,"href":"https:\/\/www.movilh.cl\/cine\/wp-json\/wp\/v2\/users\/1"}],"replies":[{"embeddable":true,"href":"https:\/\/www.movilh.cl\/cine\/wp-json\/wp\/v2\/comments?post=2121"}],"version-history":[{"count":2,"href":"https:\/\/www.movilh.cl\/cine\/wp-json\/wp\/v2\/pages\/2121\/revisions"}],"predecessor-version":[{"id":2188,"href":"https:\/\/www.movilh.cl\/cine\/wp-json\/wp\/v2\/pages\/2121\/revisions\/2188"}],"wp:attachment":[{"href":"https:\/\/www.movilh.cl\/cine\/wp-json\/wp\/v2\/media?parent=2121"}],"curies":[{"name":"wp","href":"https:\/\/api.w.org\/{rel}","templated":true}]}}