{"id":2111,"date":"2025-09-06T01:56:58","date_gmt":"2025-09-06T01:56:58","guid":{"rendered":"https:\/\/www.movilh.cl\/cine\/?page_id=2111"},"modified":"2025-09-08T17:10:47","modified_gmt":"2025-09-08T17:10:47","slug":"trois-nuits-par-semaine","status":"publish","type":"page","link":"https:\/\/www.movilh.cl\/cine\/trois-nuits-par-semaine\/","title":{"rendered":"Trois nuits par semaine"},"content":{"rendered":"\n<div class=\"wp-block-columns is-layout-flex wp-container-core-columns-is-layout-1 wp-block-columns-is-layout-flex\">\n<div class=\"wp-block-column is-layout-flow wp-block-column-is-layout-flow\">\n<figure class=\"wp-block-image size-full is-resized\"><a href=\"http:\/\/www.movilh.cl\/cine\/wp-content\/uploads\/2025\/09\/Trois-nuits-par-semaine.webp\"><img loading=\"lazy\" decoding=\"async\" width=\"1178\" height=\"1600\" src=\"https:\/\/www.movilh.cl\/cine\/wp-content\/uploads\/2025\/09\/Trois-nuits-par-semaine.webp\" alt=\"\" class=\"wp-image-2050\" style=\"width:450px\" srcset=\"https:\/\/www.movilh.cl\/cine\/wp-content\/uploads\/2025\/09\/Trois-nuits-par-semaine.webp 1178w, https:\/\/www.movilh.cl\/cine\/wp-content\/uploads\/2025\/09\/Trois-nuits-par-semaine-147x200.webp 147w, https:\/\/www.movilh.cl\/cine\/wp-content\/uploads\/2025\/09\/Trois-nuits-par-semaine-243x330.webp 243w\" sizes=\"(max-width: 1178px) 100vw, 1178px\" \/><\/a><\/figure>\n<\/div>\n\n\n\n<div class=\"wp-block-column is-layout-flow wp-block-column-is-layout-flow\">\n<p><strong>A\u00f1o<\/strong>: 2022<\/p>\n\n\n\n<p><strong>Pa\u00eds:<\/strong> Francia<\/p>\n\n\n\n<p><strong>Direcci\u00f3n: <\/strong>&nbsp;Florent Gou\u00eblou<\/p>\n\n\n\n<p><strong>Duraci\u00f3n:<\/strong> 123\u2032<\/p>\n\n\n\n<p><strong>Categor\u00eda:<\/strong> Largometraje<\/p>\n\n\n\n<p><strong>Sinopsis:<\/strong> A los 29 a\u00f1os, Baptiste (Pablo Pauly) comprueba en silencio la sensaci\u00f3n de no hacer hecho nada con su vida, mientras trabaja en unos grandes almacenes y sigue una vida conyugal desestructurada por el ritmo de Samia (Hafsia Herzi), quien trabaja de noche en las calles de Par\u00eds previniendo el VI\u00c7H<\/p>\n\n\n\n<p>Pero surge lo inesperado, tras conocer a \u00abCookie Kunty\u00bb (Romain Eck), con peluca, abrigo de leopardo, maquillaje espectacular, provocaci\u00f3n y seducci\u00f3n. <\/p>\n\n\n\n<p>Como un hechizo y una ventana que se abre, Baptiste se deja arrastrar por el camino noct\u00e1mbulo del peque\u00f1o grupo de drag queens que rodea a Cookie, abri\u00e9ndose de paso a su vocaci\u00f3n: la fotograf\u00eda.<\/p>\n<\/div>\n<\/div>\n\n\n\n<hr class=\"wp-block-separator has-alpha-channel-opacity is-style-wide\"\/>\n\n\n\n<figure class=\"wp-block-embed is-type-video is-provider-youtube wp-block-embed-youtube wp-embed-aspect-16-9 wp-has-aspect-ratio\"><div class=\"wp-block-embed__wrapper\">\n<iframe loading=\"lazy\" title=\"Three Nights a Week \/ Trois nuits par semaine (2022) - Trailer (English Subs)\" width=\"950\" height=\"534\" src=\"https:\/\/www.youtube.com\/embed\/YgASCpIdcgc?feature=oembed\" frameborder=\"0\" allow=\"accelerometer; autoplay; clipboard-write; encrypted-media; gyroscope; picture-in-picture; web-share\" referrerpolicy=\"strict-origin-when-cross-origin\" allowfullscreen><\/iframe>\n<\/div><\/figure>\n","protected":false},"excerpt":{"rendered":"<p>A&ntilde;o: 2022 Pa&iacute;s: Francia Direcci&oacute;n: &nbsp;Florent Gou&euml;lou Duraci&oacute;n: 123&prime; Categor&iacute;a: Largometraje Sinopsis: A los 29 a&ntilde;os, Baptiste (Pablo Pauly) comprueba en silencio la sensaci&oacute;n de no hacer hecho nada con su vida, mientras trabaja en unos grandes almacenes y sigue una vida conyugal desestructurada por el ritmo de Samia (Hafsia Herzi), quien trabaja de noche &hellip; <\/p>\n<p class=\"link-more\"><a href=\"https:\/\/www.movilh.cl\/cine\/trois-nuits-par-semaine\/\" class=\"more-link\">Leer m\u00e1s<span class=\"screen-reader-text\"> \u00abTrois nuits par semaine\u00bb<\/span><\/a><\/p>\n","protected":false},"author":1,"featured_media":0,"parent":0,"menu_order":0,"comment_status":"closed","ping_status":"closed","template":"","meta":{"footnotes":""},"class_list":["post-2111","page","type-page","status-publish","hentry"],"_links":{"self":[{"href":"https:\/\/www.movilh.cl\/cine\/wp-json\/wp\/v2\/pages\/2111"}],"collection":[{"href":"https:\/\/www.movilh.cl\/cine\/wp-json\/wp\/v2\/pages"}],"about":[{"href":"https:\/\/www.movilh.cl\/cine\/wp-json\/wp\/v2\/types\/page"}],"author":[{"embeddable":true,"href":"https:\/\/www.movilh.cl\/cine\/wp-json\/wp\/v2\/users\/1"}],"replies":[{"embeddable":true,"href":"https:\/\/www.movilh.cl\/cine\/wp-json\/wp\/v2\/comments?post=2111"}],"version-history":[{"count":3,"href":"https:\/\/www.movilh.cl\/cine\/wp-json\/wp\/v2\/pages\/2111\/revisions"}],"predecessor-version":[{"id":2183,"href":"https:\/\/www.movilh.cl\/cine\/wp-json\/wp\/v2\/pages\/2111\/revisions\/2183"}],"wp:attachment":[{"href":"https:\/\/www.movilh.cl\/cine\/wp-json\/wp\/v2\/media?parent=2111"}],"curies":[{"name":"wp","href":"https:\/\/api.w.org\/{rel}","templated":true}]}}