{"id":2109,"date":"2025-09-06T01:55:09","date_gmt":"2025-09-06T01:55:09","guid":{"rendered":"https:\/\/www.movilh.cl\/cine\/?page_id=2109"},"modified":"2025-09-08T17:05:56","modified_gmt":"2025-09-08T17:05:56","slug":"la-casa-de-lamia","status":"publish","type":"page","link":"https:\/\/www.movilh.cl\/cine\/la-casa-de-lamia\/","title":{"rendered":"La Casa de Lamia"},"content":{"rendered":"\n<div class=\"wp-block-columns is-layout-flex wp-container-core-columns-is-layout-1 wp-block-columns-is-layout-flex\">\n<div class=\"wp-block-column is-layout-flow wp-block-column-is-layout-flow\">\n<figure class=\"wp-block-image size-full is-resized\"><a href=\"http:\/\/www.movilh.cl\/cine\/wp-content\/uploads\/2025\/09\/58-poster_Lamietxe-La-casa-de-Lamia.jpg\"><img loading=\"lazy\" decoding=\"async\" width=\"595\" height=\"842\" src=\"https:\/\/www.movilh.cl\/cine\/wp-content\/uploads\/2025\/09\/58-poster_Lamietxe-La-casa-de-Lamia.jpg\" alt=\"\" class=\"wp-image-2049\" style=\"width:450px\" srcset=\"https:\/\/www.movilh.cl\/cine\/wp-content\/uploads\/2025\/09\/58-poster_Lamietxe-La-casa-de-Lamia.jpg 595w, https:\/\/www.movilh.cl\/cine\/wp-content\/uploads\/2025\/09\/58-poster_Lamietxe-La-casa-de-Lamia-141x200.jpg 141w, https:\/\/www.movilh.cl\/cine\/wp-content\/uploads\/2025\/09\/58-poster_Lamietxe-La-casa-de-Lamia-233x330.jpg 233w\" sizes=\"(max-width: 595px) 100vw, 595px\" \/><\/a><\/figure>\n<\/div>\n\n\n\n<div class=\"wp-block-column is-layout-flow wp-block-column-is-layout-flow\">\n<p><strong>A\u00f1o<\/strong>: 2025<\/p>\n\n\n\n<p><strong>Pa\u00eds:<\/strong> Espa\u00f1a.<\/p>\n\n\n\n<p><strong>Direcci\u00f3n: <\/strong>&nbsp;Eneko&nbsp;L\u00f3pez De Luzuriaga<\/p>\n\n\n\n<p><strong>Duraci\u00f3n:<\/strong> 10\u2032<\/p>\n\n\n\n<p><strong>Categor\u00eda:<\/strong> Cortometraje<\/p>\n\n\n\n<p><strong>Sinopsis:<\/strong> Iker, un joven de 17 a\u00f1os que vive en un pueblo de una monta\u00f1a,  entabla amistad con Enzo, otro chico de su edad que pasa el verano all\u00ed con su familia. <\/p>\n\n\n\n<p>En su \u00faltimo d\u00eda juntos, Iker lo lleva a unas piscinas naturales y, movido por el deseo que siente hacia \u00e9l, lo invita a recorrer el bosque mientras le cuenta una leyenda local. <\/p>\n\n\n\n<p>A medida que avanza la tarde, Iker lucha contra el paso del tiempo y la incertidumbre de si podr\u00e1 confesar sus sentimientos antes de que caiga la noche y, en la cima de la monta\u00f1a, ambos enfrentan lo que sienten.<\/p>\n<\/div>\n<\/div>\n\n\n\n<p><\/p>\n","protected":false},"excerpt":{"rendered":"<p>A&ntilde;o: 2025 Pa&iacute;s: Espa&ntilde;a. Direcci&oacute;n: &nbsp;Eneko&nbsp;L&oacute;pez De Luzuriaga Duraci&oacute;n: 10&prime; Categor&iacute;a: Cortometraje Sinopsis: Iker, un joven de 17 a&ntilde;os que vive en un pueblo de una monta&ntilde;a, entabla amistad con Enzo, otro chico de su edad que pasa el verano all&iacute; con su familia. En su &uacute;ltimo d&iacute;a juntos, Iker lo lleva a unas piscinas &hellip; <\/p>\n<p class=\"link-more\"><a href=\"https:\/\/www.movilh.cl\/cine\/la-casa-de-lamia\/\" class=\"more-link\">Leer m\u00e1s<span class=\"screen-reader-text\"> \u00abLa Casa de Lamia\u00bb<\/span><\/a><\/p>\n","protected":false},"author":1,"featured_media":0,"parent":0,"menu_order":0,"comment_status":"closed","ping_status":"closed","template":"","meta":{"footnotes":""},"class_list":["post-2109","page","type-page","status-publish","hentry"],"_links":{"self":[{"href":"https:\/\/www.movilh.cl\/cine\/wp-json\/wp\/v2\/pages\/2109"}],"collection":[{"href":"https:\/\/www.movilh.cl\/cine\/wp-json\/wp\/v2\/pages"}],"about":[{"href":"https:\/\/www.movilh.cl\/cine\/wp-json\/wp\/v2\/types\/page"}],"author":[{"embeddable":true,"href":"https:\/\/www.movilh.cl\/cine\/wp-json\/wp\/v2\/users\/1"}],"replies":[{"embeddable":true,"href":"https:\/\/www.movilh.cl\/cine\/wp-json\/wp\/v2\/comments?post=2109"}],"version-history":[{"count":3,"href":"https:\/\/www.movilh.cl\/cine\/wp-json\/wp\/v2\/pages\/2109\/revisions"}],"predecessor-version":[{"id":2181,"href":"https:\/\/www.movilh.cl\/cine\/wp-json\/wp\/v2\/pages\/2109\/revisions\/2181"}],"wp:attachment":[{"href":"https:\/\/www.movilh.cl\/cine\/wp-json\/wp\/v2\/media?parent=2109"}],"curies":[{"name":"wp","href":"https:\/\/api.w.org\/{rel}","templated":true}]}}