{"id":2091,"date":"2025-09-06T01:37:06","date_gmt":"2025-09-06T01:37:06","guid":{"rendered":"https:\/\/www.movilh.cl\/cine\/?page_id=2091"},"modified":"2025-09-08T16:56:41","modified_gmt":"2025-09-08T16:56:41","slug":"quir","status":"publish","type":"page","link":"https:\/\/www.movilh.cl\/cine\/quir\/","title":{"rendered":"Quir"},"content":{"rendered":"\n<div class=\"wp-block-columns is-layout-flex wp-container-core-columns-is-layout-1 wp-block-columns-is-layout-flex\">\n<div class=\"wp-block-column is-layout-flow wp-block-column-is-layout-flow\">\n<figure class=\"wp-block-image size-full is-resized\"><a href=\"http:\/\/www.movilh.cl\/cine\/wp-content\/uploads\/2025\/09\/QUIR.jpeg\"><img loading=\"lazy\" decoding=\"async\" width=\"1191\" height=\"1684\" src=\"https:\/\/www.movilh.cl\/cine\/wp-content\/uploads\/2025\/09\/QUIR.jpeg\" alt=\"\" class=\"wp-image-2040\" style=\"width:450px\" srcset=\"https:\/\/www.movilh.cl\/cine\/wp-content\/uploads\/2025\/09\/QUIR.jpeg 1191w, https:\/\/www.movilh.cl\/cine\/wp-content\/uploads\/2025\/09\/QUIR-141x200.jpeg 141w, https:\/\/www.movilh.cl\/cine\/wp-content\/uploads\/2025\/09\/QUIR-233x330.jpeg 233w\" sizes=\"(max-width: 1191px) 100vw, 1191px\" \/><\/a><\/figure>\n<\/div>\n\n\n\n<div class=\"wp-block-column is-layout-flow wp-block-column-is-layout-flow\">\n<p><strong>A\u00f1o<\/strong>: 2024<\/p>\n\n\n\n<p><strong>Pa\u00eds:<\/strong> Italia.<\/p>\n\n\n\n<p><strong>Direcci\u00f3n: <\/strong>&nbsp;Nicola Bellucci<\/p>\n\n\n\n<p><strong>Duraci\u00f3n:<\/strong> 105\u2032<\/p>\n\n\n\n<p><strong>Categor\u00eda:<\/strong> Documental<\/p>\n\n\n\n<p><strong>Sinopsis:<\/strong> En Palermo existe una tienda \u00fanica llamada \u00abQuir\u00bb, un lugar donde el amor desaf\u00eda todas las convenciones. <\/p>\n\n\n\n<p>Sus propietarios, Massimo y Gino, llevan cuarenta y dos a\u00f1os juntos, siendo quiz\u00e1s la pareja gay m\u00e1s duradera de Italia. <\/p>\n\n\n\n<p>Su peque\u00f1a tienda de art\u00edculos de cuero se ha convertido en un punto de encuentro fundamental para las personas LGBTQ+: un espacio donde se comparten historias de amor, se busca consejo y se lucha por la aceptaci\u00f3n en Sicilia, un basti\u00f3n de la cultura patriarcal.<\/p>\n<\/div>\n<\/div>\n","protected":false},"excerpt":{"rendered":"<p>A&ntilde;o: 2024 Pa&iacute;s: Italia. Direcci&oacute;n: &nbsp;Nicola Bellucci Duraci&oacute;n: 105&prime; Categor&iacute;a: Documental Sinopsis: En Palermo existe una tienda &uacute;nica llamada &laquo;Quir&raquo;, un lugar donde el amor desaf&iacute;a todas las convenciones. Sus propietarios, Massimo y Gino, llevan cuarenta y dos a&ntilde;os juntos, siendo quiz&aacute;s la pareja gay m&aacute;s duradera de Italia. Su peque&ntilde;a tienda de art&iacute;culos de &hellip; <\/p>\n<p class=\"link-more\"><a href=\"https:\/\/www.movilh.cl\/cine\/quir\/\" class=\"more-link\">Leer m\u00e1s<span class=\"screen-reader-text\"> \u00abQuir\u00bb<\/span><\/a><\/p>\n","protected":false},"author":1,"featured_media":0,"parent":0,"menu_order":0,"comment_status":"closed","ping_status":"closed","template":"","meta":{"footnotes":""},"class_list":["post-2091","page","type-page","status-publish","hentry"],"_links":{"self":[{"href":"https:\/\/www.movilh.cl\/cine\/wp-json\/wp\/v2\/pages\/2091"}],"collection":[{"href":"https:\/\/www.movilh.cl\/cine\/wp-json\/wp\/v2\/pages"}],"about":[{"href":"https:\/\/www.movilh.cl\/cine\/wp-json\/wp\/v2\/types\/page"}],"author":[{"embeddable":true,"href":"https:\/\/www.movilh.cl\/cine\/wp-json\/wp\/v2\/users\/1"}],"replies":[{"embeddable":true,"href":"https:\/\/www.movilh.cl\/cine\/wp-json\/wp\/v2\/comments?post=2091"}],"version-history":[{"count":2,"href":"https:\/\/www.movilh.cl\/cine\/wp-json\/wp\/v2\/pages\/2091\/revisions"}],"predecessor-version":[{"id":2170,"href":"https:\/\/www.movilh.cl\/cine\/wp-json\/wp\/v2\/pages\/2091\/revisions\/2170"}],"wp:attachment":[{"href":"https:\/\/www.movilh.cl\/cine\/wp-json\/wp\/v2\/media?parent=2091"}],"curies":[{"name":"wp","href":"https:\/\/api.w.org\/{rel}","templated":true}]}}