{"id":2089,"date":"2025-09-06T01:36:09","date_gmt":"2025-09-06T01:36:09","guid":{"rendered":"https:\/\/www.movilh.cl\/cine\/?page_id=2089"},"modified":"2025-09-08T16:55:25","modified_gmt":"2025-09-08T16:55:25","slug":"galimatazos","status":"publish","type":"page","link":"https:\/\/www.movilh.cl\/cine\/galimatazos\/","title":{"rendered":"Galimatazos"},"content":{"rendered":"\n<div class=\"wp-block-columns is-layout-flex wp-container-core-columns-is-layout-1 wp-block-columns-is-layout-flex\">\n<div class=\"wp-block-column is-layout-flow wp-block-column-is-layout-flow\">\n<figure class=\"wp-block-image size-full is-resized\"><a href=\"http:\/\/www.movilh.cl\/cine\/wp-content\/uploads\/2025\/09\/65-poster_Galimatazos.jpg\"><img loading=\"lazy\" decoding=\"async\" width=\"676\" height=\"946\" src=\"https:\/\/www.movilh.cl\/cine\/wp-content\/uploads\/2025\/09\/65-poster_Galimatazos.jpg\" alt=\"\" class=\"wp-image-2038\" style=\"width:450px\" srcset=\"https:\/\/www.movilh.cl\/cine\/wp-content\/uploads\/2025\/09\/65-poster_Galimatazos.jpg 676w, https:\/\/www.movilh.cl\/cine\/wp-content\/uploads\/2025\/09\/65-poster_Galimatazos-143x200.jpg 143w, https:\/\/www.movilh.cl\/cine\/wp-content\/uploads\/2025\/09\/65-poster_Galimatazos-236x330.jpg 236w\" sizes=\"(max-width: 676px) 100vw, 676px\" \/><\/a><\/figure>\n<\/div>\n\n\n\n<div class=\"wp-block-column is-layout-flow wp-block-column-is-layout-flow\">\n<p><strong>A\u00f1o: <\/strong>2024<\/p>\n\n\n\n<p><strong>Pa\u00eds:<\/strong> Chile<\/p>\n\n\n\n<p><strong>Direcci\u00f3n:<\/strong> OSCAR&nbsp;MAR\u00cdN SEP\u00daLVEDA&nbsp;<\/p>\n\n\n\n<p><strong>Duraci\u00f3n:<\/strong> 17\u2032<\/p>\n\n\n\n<p><strong>Categor\u00eda: <\/strong>Cortometraje<\/p>\n\n\n\n<p><strong>Sinopsis: <\/strong>Fiodor (20), un joven homosexual inseguro, acepta tener un encuentro por una aplicaci\u00f3n con Sim\u00f3n (22). <\/p>\n\n\n\n<p>A la hora del acto, la incomodidad y miedos de Fiodor se hacen presentes al expulsar letras desde su cuerpo. <\/p>\n\n\n\n<p>Sim\u00f3n le propondr\u00e1 jugar una partida de bachillerato para acelerar y amenizar la expulsi\u00f3n. <\/p>\n\n\n\n<p>A trav\u00e9s del juego, Fiodor ir\u00e1 botando las letras y junto a Sim\u00f3n intentar\u00e1n combinarlas para encontrar significados que expliquen su situaci\u00f3n.<\/p>\n<\/div>\n<\/div>\n","protected":false},"excerpt":{"rendered":"<p>A&ntilde;o: 2024 Pa&iacute;s: Chile Direcci&oacute;n: OSCAR&nbsp;MAR&Iacute;N SEP&Uacute;LVEDA&nbsp; Duraci&oacute;n: 17&prime; Categor&iacute;a: Cortometraje Sinopsis: Fiodor (20), un joven homosexual inseguro, acepta tener un encuentro por una aplicaci&oacute;n con Sim&oacute;n (22). A la hora del acto, la incomodidad y miedos de Fiodor se hacen presentes al expulsar letras desde su cuerpo. Sim&oacute;n le propondr&aacute; jugar una partida de &hellip; <\/p>\n<p class=\"link-more\"><a href=\"https:\/\/www.movilh.cl\/cine\/galimatazos\/\" class=\"more-link\">Leer m\u00e1s<span class=\"screen-reader-text\"> \u00abGalimatazos\u00bb<\/span><\/a><\/p>\n","protected":false},"author":1,"featured_media":0,"parent":0,"menu_order":0,"comment_status":"closed","ping_status":"closed","template":"","meta":{"footnotes":""},"class_list":["post-2089","page","type-page","status-publish","hentry"],"_links":{"self":[{"href":"https:\/\/www.movilh.cl\/cine\/wp-json\/wp\/v2\/pages\/2089"}],"collection":[{"href":"https:\/\/www.movilh.cl\/cine\/wp-json\/wp\/v2\/pages"}],"about":[{"href":"https:\/\/www.movilh.cl\/cine\/wp-json\/wp\/v2\/types\/page"}],"author":[{"embeddable":true,"href":"https:\/\/www.movilh.cl\/cine\/wp-json\/wp\/v2\/users\/1"}],"replies":[{"embeddable":true,"href":"https:\/\/www.movilh.cl\/cine\/wp-json\/wp\/v2\/comments?post=2089"}],"version-history":[{"count":3,"href":"https:\/\/www.movilh.cl\/cine\/wp-json\/wp\/v2\/pages\/2089\/revisions"}],"predecessor-version":[{"id":2169,"href":"https:\/\/www.movilh.cl\/cine\/wp-json\/wp\/v2\/pages\/2089\/revisions\/2169"}],"wp:attachment":[{"href":"https:\/\/www.movilh.cl\/cine\/wp-json\/wp\/v2\/media?parent=2089"}],"curies":[{"name":"wp","href":"https:\/\/api.w.org\/{rel}","templated":true}]}}