{"id":2085,"date":"2025-09-06T01:33:56","date_gmt":"2025-09-06T01:33:56","guid":{"rendered":"https:\/\/www.movilh.cl\/cine\/?page_id=2085"},"modified":"2025-09-08T16:52:49","modified_gmt":"2025-09-08T16:52:49","slug":"un-hombre-tranquilo","status":"publish","type":"page","link":"https:\/\/www.movilh.cl\/cine\/un-hombre-tranquilo\/","title":{"rendered":"Un hombre tranquilo"},"content":{"rendered":"\n<div class=\"wp-block-columns is-layout-flex wp-container-core-columns-is-layout-1 wp-block-columns-is-layout-flex\">\n<div class=\"wp-block-column is-layout-flow wp-block-column-is-layout-flow\">\n<figure class=\"wp-block-image size-full is-resized\"><a href=\"http:\/\/www.movilh.cl\/cine\/wp-content\/uploads\/2025\/09\/CARTEL-UN-HOMBRE-TRANQUILO-1024x1463-1.jpg\"><img loading=\"lazy\" decoding=\"async\" width=\"1024\" height=\"1463\" src=\"https:\/\/www.movilh.cl\/cine\/wp-content\/uploads\/2025\/09\/CARTEL-UN-HOMBRE-TRANQUILO-1024x1463-1.jpg\" alt=\"\" class=\"wp-image-2036\" style=\"width:450px\" srcset=\"https:\/\/www.movilh.cl\/cine\/wp-content\/uploads\/2025\/09\/CARTEL-UN-HOMBRE-TRANQUILO-1024x1463-1.jpg 1024w, https:\/\/www.movilh.cl\/cine\/wp-content\/uploads\/2025\/09\/CARTEL-UN-HOMBRE-TRANQUILO-1024x1463-1-140x200.jpg 140w, https:\/\/www.movilh.cl\/cine\/wp-content\/uploads\/2025\/09\/CARTEL-UN-HOMBRE-TRANQUILO-1024x1463-1-231x330.jpg 231w\" sizes=\"(max-width: 1024px) 100vw, 1024px\" \/><\/a><\/figure>\n<\/div>\n\n\n\n<div class=\"wp-block-column is-layout-flow wp-block-column-is-layout-flow\">\n<p><strong>A\u00f1o<\/strong>: 2024<\/p>\n\n\n\n<p><strong>Pa\u00eds:<\/strong> Espa\u00f1a<\/p>\n\n\n\n<p><strong>Direcci\u00f3n: <\/strong>C\u00e9sar Vallejo, Santiago G\u00f3mez Merino y Alberto J. Fern\u00e1ndez.&nbsp;<\/p>\n\n\n\n<p><strong>Duraci\u00f3n:<\/strong> 52\u2032<\/p>\n\n\n\n<p><strong>Categor\u00eda:<\/strong> Documental<\/p>\n\n\n\n<p><strong>Sinopsis:<\/strong> \u201cUn hombre tranquilo\u201d retrata la vida y el activismo de Miguel \u00c1ngel S\u00e1nchez, uno de los pioneros m\u00e1s influyentes en la lucha por los derechos de la personas LGTBIQ+ en Espa\u00f1a que extendi\u00f3 sus redes de apoyo a diversos pa\u00edses de Am\u00e9rica Latina, incluido Chile. <\/p>\n\n\n\n<p>A lo largo de m\u00e1s de tres d\u00e9cadas, S\u00e1nchez fue una figura clave en el movimiento, desempe\u00f1ando roles de liderazgo como director de tres de las organizaciones LGTBIQ m\u00e1s importantes del Espa\u00f1a: COGAM, Fundaci\u00f3n Tri\u00e1ngulo y la FELGTB. <\/p>\n\n\n\n<p>El documental rinde homenaje a su legado, destacando c\u00f3mo su trabajo fue esencial para el avance de los derechos LGTBIQ+.<\/p>\n\n\n\n<p> A trav\u00e9s de su vida discreta pero decisiva, S\u00e1nchez encarn\u00f3 el verdadero esp\u00edritu del activismo: una batalla persistente por un futuro m\u00e1s justo, con la convicci\u00f3n que la conquista por la igualdad era posible para el colectivo LGTIQ+.<\/p>\n<\/div>\n<\/div>\n","protected":false},"excerpt":{"rendered":"<p>A&ntilde;o: 2024 Pa&iacute;s: Espa&ntilde;a Direcci&oacute;n: C&eacute;sar Vallejo, Santiago G&oacute;mez Merino y Alberto J. Fern&aacute;ndez.&nbsp; Duraci&oacute;n: 52&prime; Categor&iacute;a: Documental Sinopsis: &ldquo;Un hombre tranquilo&rdquo; retrata la vida y el activismo de Miguel &Aacute;ngel S&aacute;nchez, uno de los pioneros m&aacute;s influyentes en la lucha por los derechos de la personas LGTBIQ+ en Espa&ntilde;a que extendi&oacute; sus redes de &hellip; <\/p>\n<p class=\"link-more\"><a href=\"https:\/\/www.movilh.cl\/cine\/un-hombre-tranquilo\/\" class=\"more-link\">Leer m\u00e1s<span class=\"screen-reader-text\"> \u00abUn hombre tranquilo\u00bb<\/span><\/a><\/p>\n","protected":false},"author":1,"featured_media":0,"parent":0,"menu_order":0,"comment_status":"closed","ping_status":"closed","template":"","meta":{"footnotes":""},"class_list":["post-2085","page","type-page","status-publish","hentry"],"_links":{"self":[{"href":"https:\/\/www.movilh.cl\/cine\/wp-json\/wp\/v2\/pages\/2085"}],"collection":[{"href":"https:\/\/www.movilh.cl\/cine\/wp-json\/wp\/v2\/pages"}],"about":[{"href":"https:\/\/www.movilh.cl\/cine\/wp-json\/wp\/v2\/types\/page"}],"author":[{"embeddable":true,"href":"https:\/\/www.movilh.cl\/cine\/wp-json\/wp\/v2\/users\/1"}],"replies":[{"embeddable":true,"href":"https:\/\/www.movilh.cl\/cine\/wp-json\/wp\/v2\/comments?post=2085"}],"version-history":[{"count":3,"href":"https:\/\/www.movilh.cl\/cine\/wp-json\/wp\/v2\/pages\/2085\/revisions"}],"predecessor-version":[{"id":2166,"href":"https:\/\/www.movilh.cl\/cine\/wp-json\/wp\/v2\/pages\/2085\/revisions\/2166"}],"wp:attachment":[{"href":"https:\/\/www.movilh.cl\/cine\/wp-json\/wp\/v2\/media?parent=2085"}],"curies":[{"name":"wp","href":"https:\/\/api.w.org\/{rel}","templated":true}]}}