{"id":2,"date":"2013-08-06T22:16:11","date_gmt":"2013-08-06T22:16:11","guid":{"rendered":"http:\/\/www.movilh.cl\/cine\/?page_id=2"},"modified":"2025-09-09T11:57:07","modified_gmt":"2025-09-09T11:57:07","slug":"premios-del-publico","status":"publish","type":"page","link":"https:\/\/www.movilh.cl\/cine\/archivo\/premios-del-publico\/","title":{"rendered":"Premios del p\u00fablico"},"content":{"rendered":"\n<div class=\"wp-block-columns is-layout-flex wp-container-core-columns-is-layout-1 wp-block-columns-is-layout-flex\">\n<div class=\"wp-block-column is-layout-flow wp-block-column-is-layout-flow\" style=\"flex-basis:100%\">\n<h4><span style=\"font-size: 24pt;\">Mejores pel\u00edculas, documentales y cortometrajes por votaci\u00f3n del p\u00fablico<\/span><\/h4>\n<h1>2024<\/h1>\n<p><a href=\"http:\/\/www.movilh.cl\/cine\/wp-content\/uploads\/2024\/09\/Poster-CINE-MOVILH-2024-RR.SS_.jpg\"><img loading=\"lazy\" decoding=\"async\" class=\"wp-image-1993 alignnone\" src=\"http:\/\/www.movilh.cl\/cine\/wp-content\/uploads\/2024\/09\/Poster-CINE-MOVILH-2024-RR.SS_.jpg\" alt=\"\" width=\"380\" height=\"476\" srcset=\"https:\/\/www.movilh.cl\/cine\/wp-content\/uploads\/2024\/09\/Poster-CINE-MOVILH-2024-RR.SS_.jpg 1920w, https:\/\/www.movilh.cl\/cine\/wp-content\/uploads\/2024\/09\/Poster-CINE-MOVILH-2024-RR.SS_-160x200.jpg 160w, https:\/\/www.movilh.cl\/cine\/wp-content\/uploads\/2024\/09\/Poster-CINE-MOVILH-2024-RR.SS_-264x330.jpg 264w\" sizes=\"(max-width: 380px) 100vw, 380px\" \/><\/a><\/p>\n<p>_________________________________<\/p>\n<ul>\n<li>\n<h6>Mejor largometraje:<\/h6>\n<\/li>\n<li><em><strong>\u201cMin pappa Marianne\u201d <\/strong><\/em>, de Marten Klingberg. <em>Suecia.<\/em><\/li>\n<li>\n<h6>Mejor documental:<\/h6>\n<\/li>\n<li><em><strong>\u201cPrejuicio y Orgullo\u201d<\/strong><\/em>, deEva Beling. <em>Suecia.<\/em><\/li>\n<\/ul>\n<ul>\n<li>\n<h6>Mejor cortometraje:<\/h6>\n<\/li>\n<li><em><strong>\u201cAnalog Z Love\u201d<\/strong><\/em>, de Alicia Arwgar. <em>Espa\u00f1a.<\/em><\/li>\n<\/ul>\n<hr \/>\n<p><img loading=\"lazy\" decoding=\"async\" class=\"alignleft wp-image-1552\" src=\"http:\/\/www.movilh.cl\/cine\/wp-content\/uploads\/2023\/08\/Poster-CINEMOVILH-2023.jpg\" alt=\"\" width=\"380\" height=\"521\" \/><\/p>\n<h1>2023<\/h1>\n<p>_________________________________<\/p>\n<ul>\n<li>\n<h6>Mejor largometraje:<\/h6>\n<\/li>\n<li><em><strong>\u201cLa amiga de mi amiga\u201d <\/strong><\/em>, de Zaida Carmona. <em>Espa\u00f1a.<\/em><\/li>\n<li>\n<h6>Mejor documental:<\/h6>\n<\/li>\n<li><em><strong>\u201cOut of Uganda\u201d<\/strong><\/em>, de Rolando Colla y Josef Burri. <em>Suiza.<\/em><\/li>\n<\/ul>\n<ul>\n<li>\n<h6>Mejor cortometraje:<\/h6>\n<\/li>\n<li><em><strong>\u201cAshurbanipal, historia de un encuentro\u201d<\/strong><\/em>, de Francisco Fr\u00edas Fern\u00e1ndez y Juan Mart\u00edn G\u00f3mez. <em>Espa\u00f1a.<\/em><\/li>\n<\/ul>\n<h4>\u00a0<\/h4>\n<p><img loading=\"lazy\" decoding=\"async\" class=\"alignleft wp-image-1552\" src=\"http:\/\/www.movilh.cl\/cine\/wp-content\/uploads\/2022\/09\/Afiche-CINE-MOVILH-2022.jpg\" alt=\"\" width=\"380\" height=\"605\" \/><\/p>\n<h1>2022<\/h1>\n<p>_________________________________<\/p>\n<ul>\n<li>\n<h6>Mejor largometraje:<\/h6>\n<\/li>\n<li><em><strong>\u201cFinlandia\u201d <\/strong><\/em>, de Horacio Alcal\u00e1. <em>Espa\u00f1a.<\/em><\/li>\n<li>\n<h6>Mejor documental:<\/h6>\n<\/li>\n<li><em><strong>\u201cSoy Ni\u00f1o\u201d<\/strong><\/em>, de Lorena Villarroel. <em>Chile.<\/em><\/li>\n<\/ul>\n<ul>\n<li>\n<h6>Mejor cortometraje:<\/h6>\n<\/li>\n<li><em><strong>\u201cEl Bosque de la Quimera\u201d<\/strong><\/em>, de Antonio Fern\u00e1ndez Bernal. <em>Espa\u00f1a.<\/em><\/li>\n<\/ul>\n<h4>\u00a0<\/h4>\n<p><img loading=\"lazy\" decoding=\"async\" class=\"alignleft wp-image-1552\" src=\"http:\/\/www.movilh.cl\/cine\/wp-content\/uploads\/2021\/09\/Cine-Movilh-2021.jpg\" alt=\"\" width=\"380\" height=\"605\" srcset=\"https:\/\/www.movilh.cl\/cine\/wp-content\/uploads\/2021\/09\/Cine-Movilh-2021.jpg 1209w, https:\/\/www.movilh.cl\/cine\/wp-content\/uploads\/2021\/09\/Cine-Movilh-2021-126x200.jpg 126w, https:\/\/www.movilh.cl\/cine\/wp-content\/uploads\/2021\/09\/Cine-Movilh-2021-207x330.jpg 207w, https:\/\/www.movilh.cl\/cine\/wp-content\/uploads\/2021\/09\/Cine-Movilh-2021-768x1223.jpg 768w, https:\/\/www.movilh.cl\/cine\/wp-content\/uploads\/2021\/09\/Cine-Movilh-2021-964x1536.jpg 964w, https:\/\/www.movilh.cl\/cine\/wp-content\/uploads\/2021\/09\/Cine-Movilh-2021-620x988.jpg 620w\" sizes=\"(max-width: 380px) 100vw, 380px\" \/><\/p>\n<h1>2021<\/h1>\n<p>_________________________________<\/p>\n<ul>\n<li>\n<h6>Mejor largometraje:<\/h6>\n<\/li>\n<li><em><strong>\u201cEl Secreto de las Abejas\u201d \u00a0(Tell It To The Bees)<\/strong><\/em>, de Annabel Jankel. <em>Reino Unido.<\/em><\/li>\n<li>\n<h6>Mejor documental:<\/h6>\n<\/li>\n<li><em><strong>\u201cEran otros tiempos\u201d<\/strong><\/em>, de Alejandro Talaver\u00f3n.\u00a0<em>Espa\u00f1a.<\/em><\/li>\n<\/ul>\n<ul>\n<li>\n<h6>Mejor cortometraje:<\/h6>\n<\/li>\n<li><em><strong>\u201cEl Milagro\u201d<\/strong><\/em>, de Daniela L\u00f3pez Lugo.\u00a0<em>Chile.<\/em><\/li>\n<\/ul>\n<h4>\u00a0<\/h4>\n<p><img loading=\"lazy\" decoding=\"async\" class=\"alignleft wp-image-1409\" src=\"http:\/\/www.movilh.cl\/cine\/wp-content\/uploads\/2019\/09\/CINE-Movilh-web.jpg\" alt=\"\" width=\"380\" height=\"519\" srcset=\"https:\/\/www.movilh.cl\/cine\/wp-content\/uploads\/2019\/09\/CINE-Movilh-web.jpg 1024w, https:\/\/www.movilh.cl\/cine\/wp-content\/uploads\/2019\/09\/CINE-Movilh-web-146x200.jpg 146w, https:\/\/www.movilh.cl\/cine\/wp-content\/uploads\/2019\/09\/CINE-Movilh-web-241x330.jpg 241w, https:\/\/www.movilh.cl\/cine\/wp-content\/uploads\/2019\/09\/CINE-Movilh-web-620x846.jpg 620w\" sizes=\"(max-width: 380px) 100vw, 380px\" \/><\/p>\n<h1>2019<\/h1>\n<p>_________________________________<\/p>\n<ul>\n<li>\n<h6>Mejor largometraje:<\/h6>\n<\/li>\n<li><em><strong>Yo imposible<\/strong><\/em>, de Patricia Ortega. <em>Venezuela.<\/em><\/li>\n<li>\n<h6>Mejor documental:<\/h6>\n<\/li>\n<li><em><strong>The spark: the origins of pride<\/strong><\/em>, de Beno\u00eet Masocco.\u00a0<em>Francia.<\/em><\/li>\n<\/ul>\n<ul>\n<li>\n<h6>Mejor cortometraje:<\/h6>\n<\/li>\n<li><em><strong>Cocodrilo<\/strong><\/em>, de Jorge Judice.\u00a0<em>Espa\u00f1a.<\/em><\/li>\n<\/ul>\n<p><img loading=\"lazy\" decoding=\"async\" class=\"alignleft wp-image-1310\" src=\"http:\/\/www.movilh.cl\/cine\/wp-content\/uploads\/2013\/08\/Festival-de-Cine-Movilh-2018.jpg\" alt=\"\" width=\"380\" height=\"520\" srcset=\"https:\/\/www.movilh.cl\/cine\/wp-content\/uploads\/2013\/08\/Festival-de-Cine-Movilh-2018.jpg 1280w, https:\/\/www.movilh.cl\/cine\/wp-content\/uploads\/2013\/08\/Festival-de-Cine-Movilh-2018-146x200.jpg 146w, https:\/\/www.movilh.cl\/cine\/wp-content\/uploads\/2013\/08\/Festival-de-Cine-Movilh-2018-241x330.jpg 241w, https:\/\/www.movilh.cl\/cine\/wp-content\/uploads\/2013\/08\/Festival-de-Cine-Movilh-2018-620x847.jpg 620w\" sizes=\"(max-width: 380px) 100vw, 380px\" \/><\/p>\n<h1>2018<\/h1>\n<p>_________________________________<\/p>\n<ul>\n<li>\n<h6>Mejor largometraje:<\/h6>\n<\/li>\n<li><em><strong>Tom of Finland<\/strong><\/em>, de Dome Karuroski. <em>Finlandia.<\/em><\/li>\n<li>\n<h6>Mejor documental:<\/h6>\n<\/li>\n<li><strong><em>Woman on Fire<\/em><\/strong>, de Julie Sokolow.\u00a0<em>Estados Unidos.<\/em><\/li>\n<\/ul>\n<ul>\n<li>\n<h6>Mejor cortometraje:<\/h6>\n<\/li>\n<li><em><strong>Calamity<\/strong><\/em>, de S\u00e9verine De Streyker &amp; Maxime Feyers.\u00a0<em>B\u00e9lgica.<\/em><\/li>\n<\/ul>\n<p><img loading=\"lazy\" decoding=\"async\" class=\"alignleft wp-image-1167\" src=\"http:\/\/www.movilh.cl\/cine\/wp-content\/uploads\/2013\/08\/CINE-MOVILH-Santiago.jpg\" alt=\"\" width=\"381\" height=\"522\" srcset=\"https:\/\/www.movilh.cl\/cine\/wp-content\/uploads\/2013\/08\/CINE-MOVILH-Santiago.jpg 992w, https:\/\/www.movilh.cl\/cine\/wp-content\/uploads\/2013\/08\/CINE-MOVILH-Santiago-145x200.jpg 145w, https:\/\/www.movilh.cl\/cine\/wp-content\/uploads\/2013\/08\/CINE-MOVILH-Santiago-240x330.jpg 240w, https:\/\/www.movilh.cl\/cine\/wp-content\/uploads\/2013\/08\/CINE-MOVILH-Santiago-620x850.jpg 620w\" sizes=\"(max-width: 381px) 100vw, 381px\" \/><\/p>\n<h1>2017<\/h1>\n<p>_________________________________<\/p>\n<ul>\n<li>\n<h6>Mejor largometraje:<\/h6>\n<\/li>\n<li><em><strong>Una mujer fant\u00e1stica<\/strong><\/em>, de Sebasti\u00e1n Lelio. <em>Chile.<\/em><\/li>\n<li>\n<h6>Mejor documental:<\/h6>\n<\/li>\n<li><strong><em>Gayby Baby<\/em><\/strong>, de Maya Newell.\u00a0<em>Australia.<\/em><\/li>\n<\/ul>\n<ul>\n<li>\n<h6>Mejor cortometraje:<\/h6>\n<\/li>\n<li><em><strong>El Sue\u00f1o de Ana<\/strong><\/em>, de Jos\u00e9 Luis Torres Leiva.\u00a0<em>Chile.<\/em><\/li>\n<\/ul>\n<p><img loading=\"lazy\" decoding=\"async\" class=\"alignleft wp-image-931\" src=\"http:\/\/www.movilh.cl\/cine\/wp-content\/uploads\/2013\/08\/Afiche-Cine-Movilh-2016.jpg\" alt=\"Afiche-Cine-Movilh-2016\" width=\"380\" height=\"521\" srcset=\"https:\/\/www.movilh.cl\/cine\/wp-content\/uploads\/2013\/08\/Afiche-Cine-Movilh-2016.jpg 1240w, https:\/\/www.movilh.cl\/cine\/wp-content\/uploads\/2013\/08\/Afiche-Cine-Movilh-2016-145x200.jpg 145w, https:\/\/www.movilh.cl\/cine\/wp-content\/uploads\/2013\/08\/Afiche-Cine-Movilh-2016-240x330.jpg 240w, https:\/\/www.movilh.cl\/cine\/wp-content\/uploads\/2013\/08\/Afiche-Cine-Movilh-2016-620x851.jpg 620w\" sizes=\"(max-width: 380px) 100vw, 380px\" \/><\/p>\n<h1>2016<\/h1>\n<p>_________________________________<\/p>\n<ul>\n<li>\n<h6>Mejor largometraje:<\/h6>\n<\/li>\n<li><em><strong>Azul y no tan rosa<\/strong><\/em>, de Miguel Ferrari.\u00a0<em>Venezuela.<\/em><\/li>\n<li>\n<h6>Mejor documental:<\/h6>\n<\/li>\n<li><strong><em>La Primavera Rosa \u2013 M\u00e9xico<\/em><\/strong>, de Mario de la Torre.\u00a0<em>Espa\u00f1a.<\/em><\/li>\n<\/ul>\n<ul>\n<li>\n<h6>Mejor cortometraje:<\/h6>\n<\/li>\n<li><em><strong>Victoria Rosa y Maite<\/strong><\/em>, de Pamela Hurtado y I\u00f1aki Vel\u00e1squez.\u00a0<em>Chile.<\/em><\/li>\n<li><em><strong>No es nada<\/strong><\/em>, de Antonio Cort\u00e9s Amunarriz.\u00a0<em>Chile.<\/em><\/li>\n<\/ul>\n<p><img decoding=\"async\" class=\"wp-image-689 alignleft\" src=\"http:\/\/www.movilh.cl\/cine\/wp-content\/uploads\/2013\/08\/Festival-de-Cine-MOVILH-20151.jpg\" alt=\"Festival-de-Cine-MOVILH-2015\" width=\"380\" srcset=\"https:\/\/www.movilh.cl\/cine\/wp-content\/uploads\/2013\/08\/Festival-de-Cine-MOVILH-20151.jpg 1488w, https:\/\/www.movilh.cl\/cine\/wp-content\/uploads\/2013\/08\/Festival-de-Cine-MOVILH-20151-145x200.jpg 145w, https:\/\/www.movilh.cl\/cine\/wp-content\/uploads\/2013\/08\/Festival-de-Cine-MOVILH-20151-240x330.jpg 240w, https:\/\/www.movilh.cl\/cine\/wp-content\/uploads\/2013\/08\/Festival-de-Cine-MOVILH-20151-620x850.jpg 620w\" sizes=\"(max-width: 1488px) 100vw, 1488px\" \/><\/p>\n<h1>2015<\/h1>\n<p>_________________________________<\/p>\n<ul>\n<li>\n<h6>Mejor largometraje:<\/h6>\n<\/li>\n<li><em><strong>Free Fall<\/strong><\/em>, de Stephan Vacant.\u00a0<em>Alemania.<\/em><\/li>\n<li>\n<h6>Mejor documental:<\/h6>\n<\/li>\n<li><strong><em>Las Ventanas abiertas<\/em><\/strong>, de Michele Mass\u00e9.\u00a0<em>Francia.<\/em><\/li>\n<\/ul>\n<ul>\n<li>\n<h6>Mejor cortometraje:<\/h6>\n<\/li>\n<li><em><strong>San Crist\u00f3bal<\/strong><\/em>, de Omar Z\u00fa\u00f1iga.\u00a0<em>Chile.<\/em><\/li>\n<\/ul>\n<p><img loading=\"lazy\" decoding=\"async\" class=\"alignleft wp-image-644\" src=\"http:\/\/www.movilh.cl\/cine\/wp-content\/uploads\/2013\/08\/AFICHE-cine-20141.jpg\" alt=\"AFICHE-cine-2014\" width=\"380\" height=\"521\" srcset=\"https:\/\/www.movilh.cl\/cine\/wp-content\/uploads\/2013\/08\/AFICHE-cine-20141.jpg 1240w, https:\/\/www.movilh.cl\/cine\/wp-content\/uploads\/2013\/08\/AFICHE-cine-20141-145x200.jpg 145w, https:\/\/www.movilh.cl\/cine\/wp-content\/uploads\/2013\/08\/AFICHE-cine-20141-240x330.jpg 240w, https:\/\/www.movilh.cl\/cine\/wp-content\/uploads\/2013\/08\/AFICHE-cine-20141-620x850.jpg 620w\" sizes=\"(max-width: 380px) 100vw, 380px\" \/><\/p>\n<h1>2014<\/h1>\n<p>_________________________________<\/p>\n<ul>\n<li>\n<h6>Mejor largometraje:<\/h6>\n<\/li>\n<li><em><strong>Cloudburst<\/strong><\/em>, de Thom Fitzgerald y Doug Pettigrew.\u00a0<em>Canad\u00e1.<\/em><\/li>\n<li>\n<h6>Mejor documental:<\/h6>\n<\/li>\n<li><strong><em>I am Divine<\/em><\/strong>, de Jeffrey Schwarz.<em>\u00a0EE.UU.<\/em><\/li>\n<\/ul>\n<ul>\n<li>\n<h6>Mejor cortometraje:<\/h6>\n<\/li>\n<li><em><strong>Vecinas<\/strong><\/em>, de Manuel Lorenzo.\u00a0<em>Espa\u00f1a.<\/em><\/li>\n<\/ul>\n<p><img loading=\"lazy\" decoding=\"async\" class=\" wp-image-353 alignleft\" src=\"http:\/\/www.movilh.cl\/cine\/wp-content\/uploads\/2013\/08\/Afiche-Cine-2013-alta.jpg\" alt=\"Afiche-Cine-2013-alta\" width=\"380\" height=\"521\" srcset=\"https:\/\/www.movilh.cl\/cine\/wp-content\/uploads\/2013\/08\/Afiche-Cine-2013-alta.jpg 1000w, https:\/\/www.movilh.cl\/cine\/wp-content\/uploads\/2013\/08\/Afiche-Cine-2013-alta-145x200.jpg 145w, https:\/\/www.movilh.cl\/cine\/wp-content\/uploads\/2013\/08\/Afiche-Cine-2013-alta-240x330.jpg 240w, https:\/\/www.movilh.cl\/cine\/wp-content\/uploads\/2013\/08\/Afiche-Cine-2013-alta-620x850.jpg 620w\" sizes=\"(max-width: 380px) 100vw, 380px\" \/><\/p>\n<h1>\u00a02013<\/h1>\n<p>_________________________________<\/p>\n<ul>\n<li>\n<h6>Mejor largometraje:<\/h6>\n<\/li>\n<li><em><strong>Circumstance<\/strong><\/em>, de Maryam Keshavarz.\u00a0<em><span style=\"color: #808080;\">Estados unidos.<\/span><\/em><\/li>\n<li>\n<h6>Mejor documental:<\/h6>\n<\/li>\n<li><strong><em>Morir de pie<\/em><\/strong>, de Jacaranda Correa.<em><span style=\"color: #808080;\">\u00a0M\u00e9xico.<\/span><\/em><\/li>\n<\/ul>\n<ul>\n<li>\n<h6>Mejor cortometraje:<\/h6>\n<\/li>\n<li><strong><em>Tormenta<\/em><\/strong>, de \u00c1lvaro Aponte.\u00a0<em><span style=\"color: #808080;\">Chile.<\/span><\/em><\/li>\n<\/ul>\n<p><img loading=\"lazy\" decoding=\"async\" class=\"size-full wp-image-150 alignleft\" src=\"http:\/\/www.movilh.cl\/cine\/wp-content\/uploads\/2013\/08\/Festival-Cine-Movilh-2012.jpg\" alt=\"Festival-Cine-Movilh-2012\" width=\"380\" height=\"558\" srcset=\"https:\/\/www.movilh.cl\/cine\/wp-content\/uploads\/2013\/08\/Festival-Cine-Movilh-2012.jpg 380w, https:\/\/www.movilh.cl\/cine\/wp-content\/uploads\/2013\/08\/Festival-Cine-Movilh-2012-136x200.jpg 136w, https:\/\/www.movilh.cl\/cine\/wp-content\/uploads\/2013\/08\/Festival-Cine-Movilh-2012-224x330.jpg 224w\" sizes=\"(max-width: 380px) 100vw, 380px\" \/><\/p>\n<h1>2012<\/h1>\n<p>_________________________________<\/p>\n<ul>\n<li>\n<h6>Mejor largometraje:<\/h6>\n<\/li>\n<li><em><strong>Weekend<\/strong><\/em>, de Andrew Haihg.\u00a0<em>Inglaterra<\/em><strong><em>.<\/em><\/strong><\/li>\n<li>\n<h6>Mejor documental:<\/h6>\n<\/li>\n<li><strong><em>Hola, mi nombre es lesbiana<\/em><\/strong>, de Iben Haahr\u00a0Andersen.\u00a0<em>Dinamarca.<\/em><\/li>\n<\/ul>\n<ul>\n<li>\n<h6>Mejor cortometraje:<\/h6>\n<\/li>\n<li><em><strong>A los que gritan<\/strong><\/em>, de Juanan Mart\u00ednez.\u00a0<em>Espa\u00f1a.<\/em><\/li>\n<\/ul>\n<p><img loading=\"lazy\" decoding=\"async\" class=\"size-full wp-image-149 alignleft\" src=\"http:\/\/www.movilh.cl\/cine\/wp-content\/uploads\/2013\/08\/Festival-Cine-Movilh-2011.jpg\" alt=\"Festival-Cine-Movilh-2011\" width=\"380\" height=\"521\" srcset=\"https:\/\/www.movilh.cl\/cine\/wp-content\/uploads\/2013\/08\/Festival-Cine-Movilh-2011.jpg 380w, https:\/\/www.movilh.cl\/cine\/wp-content\/uploads\/2013\/08\/Festival-Cine-Movilh-2011-145x200.jpg 145w, https:\/\/www.movilh.cl\/cine\/wp-content\/uploads\/2013\/08\/Festival-Cine-Movilh-2011-240x330.jpg 240w\" sizes=\"(max-width: 380px) 100vw, 380px\" \/><\/p>\n<h1>2011<\/h1>\n<p>_________________________________<\/p>\n<ul>\n<li>\n<h6>Mejor Largometraje:<\/h6>\n<\/li>\n<li><em><strong>\u201cMi \u00daltimo Round\u201d<\/strong>, <\/em>de Julio Jorquera.\u00a0<em>Chile<\/em><\/li>\n<li>\n<h6>Mejor Documental:<\/h6>\n<\/li>\n<li><strong><em>\u201cLocas Mujeres\u201d<\/em>, <\/strong>de Maria Elena Wood.\u00a0<em>Chile<\/em><\/li>\n<li>\n<h6>Mejor corto:<\/h6>\n<\/li>\n<li><em><strong>\u00abBedfellows\u00bb, \u00a0<\/strong><\/em>de Pierre Stefanos.\u00a0<em>Estados Unidos.<\/em><\/li>\n<\/ul>\n<p><img loading=\"lazy\" decoding=\"async\" class=\"size-full wp-image-148 alignleft\" src=\"http:\/\/www.movilh.cl\/cine\/wp-content\/uploads\/2013\/08\/Festival-Cine-Movilh-2010.jpg\" alt=\"Festival-Cine-Movilh-2010\" width=\"380\" height=\"492\" srcset=\"https:\/\/www.movilh.cl\/cine\/wp-content\/uploads\/2013\/08\/Festival-Cine-Movilh-2010.jpg 380w, https:\/\/www.movilh.cl\/cine\/wp-content\/uploads\/2013\/08\/Festival-Cine-Movilh-2010-154x200.jpg 154w, https:\/\/www.movilh.cl\/cine\/wp-content\/uploads\/2013\/08\/Festival-Cine-Movilh-2010-254x330.jpg 254w\" sizes=\"(max-width: 380px) 100vw, 380px\" \/><\/p>\n<h1>2010<\/h1>\n<p>_________________________________<\/p>\n<ul>\n<li>\n<h6>Mejor Largometraje:<\/h6>\n<\/li>\n<li><em><strong>Vier Minuten,<\/strong> <\/em>de Chris Kraus.\u00a0<em>Alemania.<\/em><\/li>\n<li>\n<h6>Mejor Documental:<\/h6>\n<\/li>\n<li><em><strong>The Kuchus of Uganda<\/strong>, <\/em>de Mathilda Pieh<em>.\u00a0<\/em><em>Suecia.<\/em><\/li>\n<li>\n<h6>Mejor Corto:<\/h6>\n<\/li>\n<li><strong><em>El Reino del Calib\u00e1n, <\/em><\/strong>de Jimena Troncoso.\u00a0<em>Inglaterra-Chile.<\/em><\/li>\n<\/ul>\n<p><img loading=\"lazy\" decoding=\"async\" class=\"size-full wp-image-147 alignleft\" src=\"http:\/\/www.movilh.cl\/cine\/wp-content\/uploads\/2013\/08\/Festival-Cine-Movilh-2009.jpg\" alt=\"Festival-Cine-Movilh-2009\" width=\"380\" height=\"456\" srcset=\"https:\/\/www.movilh.cl\/cine\/wp-content\/uploads\/2013\/08\/Festival-Cine-Movilh-2009.jpg 380w, https:\/\/www.movilh.cl\/cine\/wp-content\/uploads\/2013\/08\/Festival-Cine-Movilh-2009-166x200.jpg 166w, https:\/\/www.movilh.cl\/cine\/wp-content\/uploads\/2013\/08\/Festival-Cine-Movilh-2009-275x330.jpg 275w\" sizes=\"(max-width: 380px) 100vw, 380px\" \/><\/p>\n<h1>2009<\/h1>\n<p>_________________________________<\/p>\n<ul>\n<li>\n<h6>Mejor Largometraje:<\/h6>\n<\/li>\n<li><strong><em>Breakfast with Scot\u201d,<\/em> <\/strong>de Laurie Lynd .\u00a0<em>Estados Unidos.<\/em><\/li>\n<li>\n<h6>Mejor Documental:<\/h6>\n<\/li>\n<li><em><strong>\u201cAn Island Calling\u201d, <\/strong><\/em>de Annie Goldson.\u00a0<em>Nueva Zelanda.<\/em><\/li>\n<li>\n<h6>Mejor Cortometraje:<\/h6>\n<\/li>\n<li><em><strong>Diario de un Coraz\u00f3n\u201d, <\/strong><\/em>de \u00a0Juan Jos\u00e9 Serrano.\u00a0<em>Espa\u00f1a\u00a0<\/em><\/li>\n<li><em><strong>Kenna y Paula, <\/strong><\/em>de Catalina Donoso.<em>\u00a0<\/em><em>Chile.<\/em><\/li>\n<\/ul>\n<p><img loading=\"lazy\" decoding=\"async\" class=\"size-full wp-image-146 alignleft\" src=\"http:\/\/www.movilh.cl\/cine\/wp-content\/uploads\/2013\/08\/Festival-Cine-Movilh-2008.jpg\" alt=\"Festival-Cine-Movilh-2008\" width=\"380\" height=\"544\" srcset=\"https:\/\/www.movilh.cl\/cine\/wp-content\/uploads\/2013\/08\/Festival-Cine-Movilh-2008.jpg 380w, https:\/\/www.movilh.cl\/cine\/wp-content\/uploads\/2013\/08\/Festival-Cine-Movilh-2008-139x200.jpg 139w, https:\/\/www.movilh.cl\/cine\/wp-content\/uploads\/2013\/08\/Festival-Cine-Movilh-2008-230x330.jpg 230w\" sizes=\"(max-width: 380px) 100vw, 380px\" \/><\/p>\n<h1>2008<\/h1>\n<p>_________________________________<\/p>\n<ul>\n<li>\n<h6>Mejor Largometraje:<\/h6>\n<\/li>\n<li><em><strong>\u201cUn Amor a Taire\u201d, \u00a0<\/strong><\/em>de Christian Faure.\u00a0<em>Francia.<\/em><\/li>\n<\/ul>\n<hr \/>\n<\/div>\n\n\n\n<div class=\"wp-block-column is-layout-flow wp-block-column-is-layout-flow\"><\/div>\n<\/div>\n\n\n\n<div class=\"wp-block-columns is-layout-flex wp-container-core-columns-is-layout-2 wp-block-columns-is-layout-flex\">\n<div class=\"wp-block-column is-layout-flow wp-block-column-is-layout-flow\"><\/div>\n\n\n\n<div class=\"wp-block-column is-layout-flow wp-block-column-is-layout-flow\"><\/div>\n<\/div>\n","protected":false},"excerpt":{"rendered":"<p>Mejores pel&iacute;culas, documentales y cortometrajes por votaci&oacute;n del p&uacute;blico 2024 _________________________________ Mejor largometraje: &ldquo;Min pappa Marianne&rdquo; , de Marten Klingberg. Suecia. Mejor documental: &ldquo;Prejuicio y Orgullo&rdquo;, deEva Beling. Suecia. Mejor cortometraje: &ldquo;Analog Z Love&rdquo;, de Alicia Arwgar. Espa&ntilde;a. 2023 _________________________________ Mejor largometraje: &ldquo;La amiga de mi amiga&rdquo; , de Zaida Carmona. Espa&ntilde;a. Mejor documental: &ldquo;Out &hellip; <\/p>\n<p class=\"link-more\"><a href=\"https:\/\/www.movilh.cl\/cine\/archivo\/premios-del-publico\/\" class=\"more-link\">Leer m\u00e1s<span class=\"screen-reader-text\"> \u00abPremios del p\u00fablico\u00bb<\/span><\/a><\/p>\n","protected":false},"author":1,"featured_media":0,"parent":72,"menu_order":0,"comment_status":"closed","ping_status":"open","template":"","meta":{"footnotes":""},"class_list":["post-2","page","type-page","status-publish","hentry"],"_links":{"self":[{"href":"https:\/\/www.movilh.cl\/cine\/wp-json\/wp\/v2\/pages\/2"}],"collection":[{"href":"https:\/\/www.movilh.cl\/cine\/wp-json\/wp\/v2\/pages"}],"about":[{"href":"https:\/\/www.movilh.cl\/cine\/wp-json\/wp\/v2\/types\/page"}],"author":[{"embeddable":true,"href":"https:\/\/www.movilh.cl\/cine\/wp-json\/wp\/v2\/users\/1"}],"replies":[{"embeddable":true,"href":"https:\/\/www.movilh.cl\/cine\/wp-json\/wp\/v2\/comments?post=2"}],"version-history":[{"count":42,"href":"https:\/\/www.movilh.cl\/cine\/wp-json\/wp\/v2\/pages\/2\/revisions"}],"predecessor-version":[{"id":2225,"href":"https:\/\/www.movilh.cl\/cine\/wp-json\/wp\/v2\/pages\/2\/revisions\/2225"}],"up":[{"embeddable":true,"href":"https:\/\/www.movilh.cl\/cine\/wp-json\/wp\/v2\/pages\/72"}],"wp:attachment":[{"href":"https:\/\/www.movilh.cl\/cine\/wp-json\/wp\/v2\/media?parent=2"}],"curies":[{"name":"wp","href":"https:\/\/api.w.org\/{rel}","templated":true}]}}