{"id":47,"date":"2025-09-12T19:34:48","date_gmt":"2025-09-12T22:34:48","guid":{"rendered":"https:\/\/www.movilh.cl\/chilediverso\/?page_id=47"},"modified":"2025-10-01T14:16:54","modified_gmt":"2025-10-01T17:16:54","slug":"parlamento","status":"publish","type":"page","link":"https:\/\/www.movilh.cl\/chilediverso\/parlamento\/","title":{"rendered":"Parlamento"},"content":{"rendered":"\n<figure class=\"wp-block-image size-full\"><img loading=\"lazy\" decoding=\"async\" width=\"1080\" height=\"474\" src=\"https:\/\/www.movilh.cl\/chilediverso\/wp-content\/uploads\/2025\/09\/congreso.jpg\" alt=\"\" class=\"wp-image-48\" srcset=\"https:\/\/www.movilh.cl\/chilediverso\/wp-content\/uploads\/2025\/09\/congreso.jpg 1080w, https:\/\/www.movilh.cl\/chilediverso\/wp-content\/uploads\/2025\/09\/congreso-300x132.jpg 300w, https:\/\/www.movilh.cl\/chilediverso\/wp-content\/uploads\/2025\/09\/congreso-1024x449.jpg 1024w, https:\/\/www.movilh.cl\/chilediverso\/wp-content\/uploads\/2025\/09\/congreso-768x337.jpg 768w\" sizes=\"auto, (max-width: 1080px) 100vw, 1080px\" \/><\/figure>\n\n\n\n<div style=\"height:59px\" aria-hidden=\"true\" class=\"wp-block-spacer\"><\/div>\n\n\n\n<p class=\"has-medium-font-size\">El Congreso Nacional, compuesto por el Senado y la C\u00e1mara de Diputadas y Diputados, cumple un rol clave en la garant\u00eda de la igualdad legal y la no discriminaci\u00f3n al tener como funci\u00f3n principal la creaci\u00f3n, modificaci\u00f3n, perfeccionamiento o derogaci\u00f3n de las leyes.<\/p>\n\n\n\n<p class=\"has-medium-font-size\">Durante las \u00faltimas tres d\u00e9cadas, Chile ha avanzado en la aprobaci\u00f3n de diversas leyes que protegen los derechos de las personas LGBTIQ+. Sin embargo, el Estado a\u00fan mantiene una deuda pendiente: reformas y nuevas legislaciones largamente demandadas por la sociedad civil contin\u00faan estancadas.<\/p>\n\n\n\n<p class=\"has-medium-font-size\">Por eso, es fundamental votar de manera informada y consciente. No solo est\u00e1 en juego la protecci\u00f3n de las leyes ya vigentes, sino tambi\u00e9n la posibilidad de perfeccionarlas, evitar retrocesos y promover nuevas normativas que salden las deudas hist\u00f3ricas en esta materia.<\/p>\n\n\n\n<p class=\"has-medium-font-size\">Votemos por candidatas y candidatos al Congreso que defienden abiertamente los derechos LGBTIQ+, que incluyen nuestras demandas en sus programas y que se comprometen de manera concreta en las siguientes \u00e1reas:<\/p>\n\n\n\n<ul class=\"wp-block-list has-medium-font-size\">\n<li class=\"has-medium-font-size\" style=\"padding-right:var(--wp--preset--spacing--50);padding-left:var(--wp--preset--spacing--50);font-style:normal;font-weight:500\">Velar que ninguna ley protectora de los derechos LGBTIQ+ sea derogada o modificada con el objetivo de debilitar su contenido o eliminar menciones expl\u00edcitas a las diversidades sexuales y de g\u00e9nero.<\/li>\n\n\n\n<li class=\"has-medium-font-size\" style=\"padding-right:var(--wp--preset--spacing--50);padding-left:var(--wp--preset--spacing--50);font-style:normal;font-weight:500\">Rechazar cualquier norma que discrimine por orientaci\u00f3n sexual, identidad de g\u00e9nero, expresi\u00f3n de g\u00e9nero o caracter\u00edsticas sexuales.<\/li>\n\n\n\n<li class=\"has-medium-font-size\" style=\"padding-right:var(--wp--preset--spacing--50);padding-left:var(--wp--preset--spacing--50);font-style:normal;font-weight:500\">Impulsar la reforma de la Ley N.\u00ba 20.609 (Ley Antidiscriminaci\u00f3n), incorporando est\u00e1ndares internacionales de derechos humanos, si esta modificaci\u00f3n a\u00fan no ha sido aprobada al inicio del mandato.<\/li>\n\n\n\n<li class=\"has-medium-font-size\" style=\"padding-right:var(--wp--preset--spacing--50);padding-left:var(--wp--preset--spacing--50);font-style:normal;font-weight:500\">Promover una ley que sancione y prevenga la incitaci\u00f3n al odio.<\/li>\n\n\n\n<li class=\"has-medium-font-size\" style=\"padding-right:var(--wp--preset--spacing--50);padding-left:var(--wp--preset--spacing--50);font-style:normal;font-weight:500\">Apoyar la creaci\u00f3n de una institucionalidad antidiscriminatoria aut\u00f3noma del Estado, que ofrezca orientaci\u00f3n jur\u00eddica y psicol\u00f3gica gratuita a v\u00edctimas de exclusi\u00f3n que no puedan costear dichos servicios; que desarrolle campa\u00f1as anuales de prevenci\u00f3n; y que produzca estad\u00edsticas y estudios nacionales, con financiamiento p\u00fablico asegurado. Si dicha institucionalidad ya existe y no cumple con estos objetivos, se impulsar\u00e1 su reforma.<\/li>\n\n\n\n<li class=\"has-medium-font-size\" style=\"padding-right:var(--wp--preset--spacing--50);padding-left:var(--wp--preset--spacing--50);font-style:normal;font-weight:500\">Presentar e impulsar una Ley de Educaci\u00f3n Sexual Integral, con enfoque en derechos humanos, que garantice la no discriminaci\u00f3n.<\/li>\n\n\n\n<li class=\"has-medium-font-size\" style=\"padding-right:var(--wp--preset--spacing--50);padding-left:var(--wp--preset--spacing--50);font-style:normal;font-weight:500\">Promover la creaci\u00f3n de un fondo econ\u00f3mico estatal destinado al fortalecimiento y desarrollo del trabajo de las organizaciones LGBTIQ+.<\/li>\n\n\n\n<li class=\"has-medium-font-size\" style=\"padding-right:var(--wp--preset--spacing--50);padding-left:var(--wp--preset--spacing--50);font-style:normal;font-weight:500\">Derogar o reformar el art\u00edculo 373 del C\u00f3digo Penal, que sanciona las \u201cofensas al pudor, la moral y las buenas costumbres\u201d, para evitar aplicaciones arbitrarias, discrecionales o discriminatorias.<\/li>\n\n\n\n<li class=\"has-medium-font-size\" style=\"padding-right:var(--wp--preset--spacing--50);padding-left:var(--wp--preset--spacing--50);font-style:normal;font-weight:500\">Modificar el Acuerdo de Uni\u00f3n Civil para que todos los beneficios sociales y estatales reconocidos al matrimonio se extiendan tambi\u00e9n a convivientes civiles.<\/li>\n\n\n\n<li class=\"has-medium-font-size\" style=\"padding-right:var(--wp--preset--spacing--50);padding-left:var(--wp--preset--spacing--50);font-style:normal;font-weight:500\">Colaborar con iniciativas simb\u00f3licas y legislativas del Congreso Nacional que respalden los derechos LGBTIQ+, como la aprobaci\u00f3n de acuerdos o el izamiento de la bandera de la diversidad el 17 de mayo, D\u00eda Internacional contra la LGBTQ+fobia.<\/li>\n\n\n\n<li class=\"has-medium-font-size\" style=\"padding-right:var(--wp--preset--spacing--50);padding-left:var(--wp--preset--spacing--50);font-style:normal;font-weight:500\">Reformar la Ley N.\u00ba 21.120 para regular la rectificaci\u00f3n de partidas de nacimiento de personas trans menores de 14 a\u00f1os y de personas no binarias.<\/li>\n\n\n\n<li class=\"has-medium-font-size\" style=\"padding-right:var(--wp--preset--spacing--50);padding-left:var(--wp--preset--spacing--50);font-style:normal;font-weight:500\">Respaldar todo presupuesto que, con patrocinio gubernamental o parlamentario, est\u00e9 destinado a mejorar la calidad de vida de las personas LGBTIQ+.<\/li>\n<\/ul>\n\n\n\n<div style=\"height:77px\" aria-hidden=\"true\" class=\"wp-block-spacer\"><\/div>\n","protected":false},"excerpt":{"rendered":"<p>El Congreso Nacional, compuesto por el Senado y la C\u00e1mara de Diputadas y Diputados, cumple un rol clave en la garant\u00eda de la igualdad legal y la no discriminaci\u00f3n al tener como funci\u00f3n principal la creaci\u00f3n, modificaci\u00f3n, perfeccionamiento o derogaci\u00f3n de las leyes. Durante las \u00faltimas tres d\u00e9cadas, Chile ha avanzado en la aprobaci\u00f3n de&hellip;&nbsp;<a href=\"https:\/\/www.movilh.cl\/chilediverso\/parlamento\/\" rel=\"bookmark\"><span class=\"screen-reader-text\">Parlamento<\/span><\/a><\/p>\n","protected":false},"author":1,"featured_media":0,"parent":0,"menu_order":0,"comment_status":"closed","ping_status":"closed","template":"","meta":{"neve_meta_sidebar":"","neve_meta_container":"","neve_meta_enable_content_width":"","neve_meta_content_width":0,"neve_meta_title_alignment":"","neve_meta_author_avatar":"","neve_post_elements_order":"","neve_meta_disable_header":"","neve_meta_disable_footer":"","neve_meta_disable_title":"","footnotes":""},"class_list":["post-47","page","type-page","status-publish","hentry"],"_links":{"self":[{"href":"https:\/\/www.movilh.cl\/chilediverso\/wp-json\/wp\/v2\/pages\/47","targetHints":{"allow":["GET"]}}],"collection":[{"href":"https:\/\/www.movilh.cl\/chilediverso\/wp-json\/wp\/v2\/pages"}],"about":[{"href":"https:\/\/www.movilh.cl\/chilediverso\/wp-json\/wp\/v2\/types\/page"}],"author":[{"embeddable":true,"href":"https:\/\/www.movilh.cl\/chilediverso\/wp-json\/wp\/v2\/users\/1"}],"replies":[{"embeddable":true,"href":"https:\/\/www.movilh.cl\/chilediverso\/wp-json\/wp\/v2\/comments?post=47"}],"version-history":[{"count":3,"href":"https:\/\/www.movilh.cl\/chilediverso\/wp-json\/wp\/v2\/pages\/47\/revisions"}],"predecessor-version":[{"id":102,"href":"https:\/\/www.movilh.cl\/chilediverso\/wp-json\/wp\/v2\/pages\/47\/revisions\/102"}],"wp:attachment":[{"href":"https:\/\/www.movilh.cl\/chilediverso\/wp-json\/wp\/v2\/media?parent=47"}],"curies":[{"name":"wp","href":"https:\/\/api.w.org\/{rel}","templated":true}]}}