{"id":40,"date":"2025-09-12T19:05:17","date_gmt":"2025-09-12T22:05:17","guid":{"rendered":"https:\/\/www.movilh.cl\/chilediverso\/?page_id=40"},"modified":"2025-11-06T09:13:31","modified_gmt":"2025-11-06T12:13:31","slug":"presidencia","status":"publish","type":"page","link":"https:\/\/www.movilh.cl\/chilediverso\/presidencia\/","title":{"rendered":"Presidencia"},"content":{"rendered":"\n<figure class=\"wp-block-image size-full\"><img loading=\"lazy\" decoding=\"async\" width=\"1366\" height=\"561\" src=\"https:\/\/www.movilh.cl\/chilediverso\/wp-content\/uploads\/2025\/09\/La-Moneda-1.jpg\" alt=\"\" class=\"wp-image-43\" srcset=\"https:\/\/www.movilh.cl\/chilediverso\/wp-content\/uploads\/2025\/09\/La-Moneda-1.jpg 1366w, https:\/\/www.movilh.cl\/chilediverso\/wp-content\/uploads\/2025\/09\/La-Moneda-1-300x123.jpg 300w, https:\/\/www.movilh.cl\/chilediverso\/wp-content\/uploads\/2025\/09\/La-Moneda-1-1024x421.jpg 1024w, https:\/\/www.movilh.cl\/chilediverso\/wp-content\/uploads\/2025\/09\/La-Moneda-1-768x315.jpg 768w\" sizes=\"auto, (max-width: 1366px) 100vw, 1366px\" \/><\/figure>\n\n\n\n<div style=\"height:62px\" aria-hidden=\"true\" class=\"wp-block-spacer\"><\/div>\n\n\n\n<p class=\"has-medium-font-size\">Quien preside un pa\u00eds en Chile cuenta con un amplio poder para implementar pol\u00edticas p\u00fablicas, proponer proyectos de ley y determinar las urgencias o prioridades en la tramitaci\u00f3n legislativa.<\/p>\n\n\n\n<p class=\"has-medium-font-size\">Consciente de esta responsabilidad, el Movilh se ha reunido hasta la fecha con los\/as candidatas\/as Marco Enr\u00edquez-Ominami, Jeannette Jara, Evelyn Matthei y Harold Mayne-Nicholls, as\u00ed como con los\/as precandidatos\/as Carolina Toh\u00e1, Ximena Rinc\u00f3n y Gonzalo Winter.<\/p>\n\n\n\n<p class=\"has-medium-font-size\">A los(as aspirantes a La Moneda les hemos presentado las siguientes propuestas para incluirlas total o parcialmente en sus programas o en el de sus coaliciones:<\/p>\n\n\n\n<ul style=\"border-style:none;border-width:0px;padding-right:var(--wp--preset--spacing--60);padding-left:var(--wp--preset--spacing--60)\" class=\"wp-block-list\">\n<li class=\"has-medium-font-size\" style=\"padding-top:var(--wp--preset--spacing--20);padding-right:var(--wp--preset--spacing--40);padding-bottom:var(--wp--preset--spacing--20);padding-left:var(--wp--preset--spacing--40);font-style:normal;font-weight:500\">Garantizar que ning\u00fan derecho vigente al momento de asumir el mandato, relacionado con personas LGBTIQ+, familias homoparentales o parejas del mismo sexo, sea eliminado, reducido o suspendido.<\/li>\n\n\n\n<li class=\"has-medium-font-size\" style=\"padding-top:var(--wp--preset--spacing--20);padding-right:var(--wp--preset--spacing--40);padding-bottom:var(--wp--preset--spacing--20);padding-left:var(--wp--preset--spacing--40);font-style:normal;font-weight:500\">Gestionar que toda pol\u00edtica p\u00fablica, norma, ley o proyecto referido a la no discriminaci\u00f3n mencione de forma expl\u00edcita todas las categor\u00edas protegidas contempladas en la Ley N.\u00ba 20.609.<\/li>\n\n\n\n<li class=\"has-medium-font-size\" style=\"padding-top:var(--wp--preset--spacing--20);padding-right:var(--wp--preset--spacing--40);padding-bottom:var(--wp--preset--spacing--20);padding-left:var(--wp--preset--spacing--40);font-style:normal;font-weight:500\">Impulsar que los programas de fertilizaci\u00f3n asistida del Fondo Nacional de Salud (Fonasa) beneficien en igualdad de condiciones a parejas heterosexuales y l\u00e9sbicas, aplicando a estas \u00faltimas el concepto de infertilidad primaria para acceder a las coberturas. En caso de que Fonasa no cuente con banco de donantes de espermios, permitir que las parejas l\u00e9sbicas utilicen donantes propios.<\/li>\n\n\n\n<li class=\"has-medium-font-size\" style=\"padding-top:var(--wp--preset--spacing--20);padding-right:var(--wp--preset--spacing--40);padding-bottom:var(--wp--preset--spacing--20);padding-left:var(--wp--preset--spacing--40);font-style:normal;font-weight:500\">Asegurar el acompa\u00f1amiento y apoyo a los procesos de transici\u00f3n de ni\u00f1os, ni\u00f1as y adolescentes trans, garantizando su acceso igualitario a los derechos de Salud y Educaci\u00f3n, sin discriminaci\u00f3n por edad o identidad de g\u00e9nero.<\/li>\n\n\n\n<li class=\"has-medium-font-size\" style=\"padding-top:var(--wp--preset--spacing--20);padding-right:var(--wp--preset--spacing--40);padding-bottom:var(--wp--preset--spacing--20);padding-left:var(--wp--preset--spacing--40);font-style:normal;font-weight:500\">Otorgar un c\u00f3digo Fonasa para todos los procedimientos necesarios en la transici\u00f3n de las personas trans.<\/li>\n\n\n\n<li class=\"has-medium-font-size\" style=\"padding-top:var(--wp--preset--spacing--20);padding-right:var(--wp--preset--spacing--40);padding-bottom:var(--wp--preset--spacing--20);padding-left:var(--wp--preset--spacing--40);font-style:normal;font-weight:500\">Resguardar que todo plan, programa o campa\u00f1a sobre derechos humanos, educaci\u00f3n sexual o formaci\u00f3n ciudadana complementaria a la base curricular incorpore de manera expl\u00edcita y sin discriminaci\u00f3n la tem\u00e1tica de diversidad sexual y de g\u00e9nero, tanto en la educaci\u00f3n parvularia como escolar.<\/li>\n\n\n\n<li class=\"has-medium-font-size\" style=\"padding-top:var(--wp--preset--spacing--20);padding-right:var(--wp--preset--spacing--40);padding-bottom:var(--wp--preset--spacing--20);padding-left:var(--wp--preset--spacing--40);font-style:normal;font-weight:500\">Modificar el Decreto N.\u00ba 924 del Ministerio de Educaci\u00f3n para garantizar la no discriminaci\u00f3n a todas las categor\u00edas protegidas por la Ley N.\u00ba 20.609.<\/li>\n\n\n\n<li class=\"has-medium-font-size\" style=\"padding-top:var(--wp--preset--spacing--20);padding-right:var(--wp--preset--spacing--40);padding-bottom:var(--wp--preset--spacing--20);padding-left:var(--wp--preset--spacing--40);font-style:normal;font-weight:500\">Incorporar en las estad\u00edsticas oficiales de protecci\u00f3n social o de poblaci\u00f3n, incluido el Censo, consultas desagregadas por orientaci\u00f3n sexual e identidad de g\u00e9nero, sin discriminaci\u00f3n por edad.<\/li>\n\n\n\n<li class=\"has-medium-font-size\" style=\"padding-top:var(--wp--preset--spacing--20);padding-right:var(--wp--preset--spacing--40);padding-bottom:var(--wp--preset--spacing--20);padding-left:var(--wp--preset--spacing--40);font-style:normal;font-weight:500\">Generar campa\u00f1as nacionales y anuales orientadas a prevenir y erradicar los discursos de odio.<\/li>\n\n\n\n<li class=\"has-medium-font-size\" style=\"padding-top:var(--wp--preset--spacing--20);padding-right:var(--wp--preset--spacing--40);padding-bottom:var(--wp--preset--spacing--20);padding-left:var(--wp--preset--spacing--40);font-style:normal;font-weight:500\">Velar por el cumplimiento \u00edntegro de toda condena internacional contra Chile por vulneraciones a los derechos LGBTIQ+, as\u00ed como de los Acuerdos de Soluci\u00f3n Amistosa en esta materia.<\/li>\n\n\n\n<li class=\"has-medium-font-size\" style=\"padding-top:var(--wp--preset--spacing--20);padding-right:var(--wp--preset--spacing--40);padding-bottom:var(--wp--preset--spacing--20);padding-left:var(--wp--preset--spacing--40);font-style:normal;font-weight:500\">Dar seguimiento y adoptar las medidas necesarias para cumplir con toda exigencia o recomendaci\u00f3n vinculante formulada por organismos internacionales de derechos humanos en favor del respeto pleno a los derechos LGBTIQ+.<\/li>\n\n\n\n<li class=\"has-medium-font-size\" style=\"padding-top:var(--wp--preset--spacing--20);padding-right:var(--wp--preset--spacing--40);padding-bottom:var(--wp--preset--spacing--20);padding-left:var(--wp--preset--spacing--40);font-style:normal;font-weight:500\">Gestionar que los fondos concursables del Estado contemplen l\u00edneas de financiamiento para iniciativas vinculadas a la orientaci\u00f3n sexual, identidad de g\u00e9nero y expresi\u00f3n de g\u00e9nero, en todos los \u00e1mbitos pertinentes.<\/li>\n\n\n\n<li class=\"has-medium-font-size\" style=\"padding-top:var(--wp--preset--spacing--20);padding-right:var(--wp--preset--spacing--40);padding-bottom:var(--wp--preset--spacing--20);padding-left:var(--wp--preset--spacing--40);font-style:normal;font-weight:500\">Impulsar la reforma de la Ley N.\u00ba 20.609, considerando los est\u00e1ndares internacionales de derechos humanos, en caso de que dicha modificaci\u00f3n no haya sido aprobada antes del inicio del mandato.<\/li>\n\n\n\n<li class=\"has-medium-font-size\" style=\"padding-top:var(--wp--preset--spacing--20);padding-right:var(--wp--preset--spacing--40);padding-bottom:var(--wp--preset--spacing--20);padding-left:var(--wp--preset--spacing--40);font-style:normal;font-weight:500\">Promover una ley que prevenga y sancione la incitaci\u00f3n a la discriminaci\u00f3n y al odio.<\/li>\n\n\n\n<li class=\"has-medium-font-size\" style=\"padding-top:var(--wp--preset--spacing--20);padding-right:var(--wp--preset--spacing--40);padding-bottom:var(--wp--preset--spacing--20);padding-left:var(--wp--preset--spacing--40);font-style:normal;font-weight:500\">Crear una institucionalidad antidiscriminatoria aut\u00f3noma del Estado que brinde orientaci\u00f3n jur\u00eddica y psicol\u00f3gica gratuita a v\u00edctimas de exclusi\u00f3n que no puedan costear dichos servicios; que desarrolle campa\u00f1as anuales de prevenci\u00f3n; y que produzca estudios y estad\u00edsticas a nivel nacional, contando con el presupuesto necesario. En caso de que dicha institucionalidad exista al asumir el mandato y no cumpla estos objetivos, se impulsar\u00e1 su reforma.<\/li>\n\n\n\n<li class=\"has-medium-font-size\" style=\"padding-top:var(--wp--preset--spacing--20);padding-right:var(--wp--preset--spacing--40);padding-bottom:var(--wp--preset--spacing--20);padding-left:var(--wp--preset--spacing--40);font-style:normal;font-weight:500\">Presentar e impulsar una Ley de Educaci\u00f3n Sexual Integral con enfoque en derechos humanos que garantice la no discriminaci\u00f3n.<\/li>\n\n\n\n<li class=\"has-medium-font-size\" style=\"padding-top:var(--wp--preset--spacing--20);padding-right:var(--wp--preset--spacing--40);padding-bottom:var(--wp--preset--spacing--20);padding-left:var(--wp--preset--spacing--40);font-style:normal;font-weight:500\">Promover la creaci\u00f3n de un fondo econ\u00f3mico estatal destinado a apoyar el trabajo de las organizaciones LGBTIQ+.<\/li>\n<\/ul>\n\n\n\n<div style=\"height:100px\" aria-hidden=\"true\" class=\"wp-block-spacer\"><\/div>\n","protected":false},"excerpt":{"rendered":"<p>Quien preside un pa\u00eds en Chile cuenta con un amplio poder para implementar pol\u00edticas p\u00fablicas, proponer proyectos de ley y determinar las urgencias o prioridades en la tramitaci\u00f3n legislativa. Consciente de esta responsabilidad, el Movilh se ha reunido hasta la fecha con los\/as candidatas\/as Marco Enr\u00edquez-Ominami, Jeannette Jara, Evelyn Matthei y Harold Mayne-Nicholls, as\u00ed como&hellip;&nbsp;<a href=\"https:\/\/www.movilh.cl\/chilediverso\/presidencia\/\" rel=\"bookmark\"><span class=\"screen-reader-text\">Presidencia<\/span><\/a><\/p>\n","protected":false},"author":1,"featured_media":0,"parent":0,"menu_order":0,"comment_status":"closed","ping_status":"closed","template":"","meta":{"neve_meta_sidebar":"","neve_meta_container":"","neve_meta_enable_content_width":"","neve_meta_content_width":0,"neve_meta_title_alignment":"","neve_meta_author_avatar":"","neve_post_elements_order":"","neve_meta_disable_header":"","neve_meta_disable_footer":"","neve_meta_disable_title":"","footnotes":""},"class_list":["post-40","page","type-page","status-publish","hentry"],"_links":{"self":[{"href":"https:\/\/www.movilh.cl\/chilediverso\/wp-json\/wp\/v2\/pages\/40","targetHints":{"allow":["GET"]}}],"collection":[{"href":"https:\/\/www.movilh.cl\/chilediverso\/wp-json\/wp\/v2\/pages"}],"about":[{"href":"https:\/\/www.movilh.cl\/chilediverso\/wp-json\/wp\/v2\/types\/page"}],"author":[{"embeddable":true,"href":"https:\/\/www.movilh.cl\/chilediverso\/wp-json\/wp\/v2\/users\/1"}],"replies":[{"embeddable":true,"href":"https:\/\/www.movilh.cl\/chilediverso\/wp-json\/wp\/v2\/comments?post=40"}],"version-history":[{"count":8,"href":"https:\/\/www.movilh.cl\/chilediverso\/wp-json\/wp\/v2\/pages\/40\/revisions"}],"predecessor-version":[{"id":108,"href":"https:\/\/www.movilh.cl\/chilediverso\/wp-json\/wp\/v2\/pages\/40\/revisions\/108"}],"wp:attachment":[{"href":"https:\/\/www.movilh.cl\/chilediverso\/wp-json\/wp\/v2\/media?parent=40"}],"curies":[{"name":"wp","href":"https:\/\/api.w.org\/{rel}","templated":true}]}}