{"id":37,"date":"2025-09-12T18:57:51","date_gmt":"2025-09-12T21:57:51","guid":{"rendered":"https:\/\/www.movilh.cl\/chilediverso\/?page_id=37"},"modified":"2025-10-01T14:04:36","modified_gmt":"2025-10-01T17:04:36","slug":"votantes-lgbtiq","status":"publish","type":"page","link":"https:\/\/www.movilh.cl\/chilediverso\/votantes-lgbtiq\/","title":{"rendered":"Votantes LGBTIQ+"},"content":{"rendered":"\n<div class=\"wp-block-cover\" style=\"min-height:591px;aspect-ratio:unset;\"><img loading=\"lazy\" decoding=\"async\" width=\"2000\" height=\"1333\" class=\"wp-block-cover__image-background wp-image-38\" alt=\"\" src=\"https:\/\/www.movilh.cl\/chilediverso\/wp-content\/uploads\/2025\/09\/2285785.jpg\" data-object-fit=\"cover\" srcset=\"https:\/\/www.movilh.cl\/chilediverso\/wp-content\/uploads\/2025\/09\/2285785.jpg 2000w, https:\/\/www.movilh.cl\/chilediverso\/wp-content\/uploads\/2025\/09\/2285785-300x200.jpg 300w, https:\/\/www.movilh.cl\/chilediverso\/wp-content\/uploads\/2025\/09\/2285785-1024x682.jpg 1024w, https:\/\/www.movilh.cl\/chilediverso\/wp-content\/uploads\/2025\/09\/2285785-768x512.jpg 768w, https:\/\/www.movilh.cl\/chilediverso\/wp-content\/uploads\/2025\/09\/2285785-1536x1024.jpg 1536w, https:\/\/www.movilh.cl\/chilediverso\/wp-content\/uploads\/2025\/09\/2285785-930x620.jpg 930w\" sizes=\"auto, (max-width: 2000px) 100vw, 2000px\" \/><span aria-hidden=\"true\" class=\"wp-block-cover__background has-background-dim\"><\/span><div class=\"wp-block-cover__inner-container is-layout-flow wp-block-cover-is-layout-flow\">\n<p class=\"has-text-align-center has-large-font-size\"><\/p>\n\n\n\n<p class=\"has-text-align-center has-large-font-size\"><strong>TU VOZ, TU VOTO, TU PODER.<\/strong><\/p>\n<\/div><\/div>\n\n\n\n<div style=\"height:48px\" aria-hidden=\"true\" class=\"wp-block-spacer\"><\/div>\n\n\n\n<p>A trav\u00e9s del voto, cada persona tiene el poder de decidir qui\u00e9nes ocupar\u00e1n cargos clave en La Moneda y en el Congreso Nacional. Estas decisiones inciden directamente en el tipo de pa\u00eds que queremos construir, especialmente en lo que respecta a los derechos humanos, la inclusi\u00f3n y la igualdad.<\/p>\n\n\n\n<p>Las elecciones presidenciales y parlamentarias se realizar\u00e1n el <strong>domingo 16 de noviembre de 2025<\/strong>, coincidiendo simb\u00f3licamente con el <strong>D\u00eda Nacional de la Diversidad<\/strong> y el <strong>D\u00eda Internacional de la Tolerancia<\/strong>. En caso de haber segunda vuelta presidencial, esta tendr\u00e1 lugar el <strong>domingo 14 de diciembre<\/strong>.<\/p>\n\n\n\n<p>El voto de las personas LGBTIQ+ puede ser determinante. Se estima que al alrededor del <strong>10% de la poblaci\u00f3n en Chile<\/strong> tiene orientaciones sexuales o identidades de g\u00e9nero diversas. Este porcentaje, si vota de forma consciente e informada, puede inclinar la balanza en favor de candidaturas que se comprometan con una sociedad m\u00e1s justa y libre de discriminaci\u00f3n.<\/p>\n\n\n\n<p>No todos los sectores pol\u00edticos defienden los mismos principios. En los \u00faltimos a\u00f1os, voces de la ultraderecha han ganado visibilidad promoviendo discursos o normas que niegan la existencia misma de las diversidades sexuales y de g\u00e9nero, cuestionan leyes de igualdad y\/o buscan retroceder en derechos conquistados. Su llegada a posiciones de poder no es neutra: <strong>puede significar un retroceso real en la protecci\u00f3n y el reconocimiento de nuestras vidas y dignidades<\/strong>.<\/p>\n\n\n\n<p>Votar es un derecho, pero tambi\u00e9n una responsabilidad. No se trata solo de qui\u00e9n representa nuestras ideas, sino de qui\u00e9n <strong>garantiza derechos para todas, todos y todes<\/strong>, sin exclusiones ni retrocesos.<\/p>\n\n\n\n<div style=\"height:42px\" aria-hidden=\"true\" class=\"wp-block-spacer\"><\/div>\n\n\n\n<h2 class=\"wp-block-heading has-text-color has-link-color wp-elements-64424195bdbe82b5cf518d6fe3ef6580\" style=\"color:#ff3400\"><strong>Inf\u00f3rmate. <\/strong><\/h2>\n\n\n\n<h2 class=\"wp-block-heading has-text-color has-link-color wp-elements-4ca31de76939a673ab46b9b82b18dd19\" style=\"color:#fe8c00\"><strong>Participa. <\/strong><\/h2>\n\n\n\n<h2 class=\"wp-block-heading has-text-color has-link-color wp-elements-4201fb6eb8f932e6db89686b6de9f050\" style=\"color:#3bb100\"><strong>Vota con empat\u00eda y sin prejuicios. <\/strong><\/h2>\n\n\n\n<h2 class=\"wp-block-heading has-neve-link-hover-color-color has-text-color has-link-color wp-elements-252714ec4a161b47454a2158c9227d92\"><strong><strong>Vota con memoria y con conciencia. <\/strong><\/strong><\/h2>\n\n\n\n<h2 class=\"wp-block-heading has-text-color has-link-color wp-elements-bf95363251693bc4418d152c5f536058\" style=\"color:#7302a4;padding-right:0;padding-left:0\"><strong><strong>Vota por un Chile que avance en igualdad.<\/strong><br><\/strong><\/h2>\n\n\n\n<div style=\"height:100px\" aria-hidden=\"true\" class=\"wp-block-spacer\"><\/div>\n","protected":false},"excerpt":{"rendered":"<p>A trav\u00e9s del voto, cada persona tiene el poder de decidir qui\u00e9nes ocupar\u00e1n cargos clave en La Moneda y en el Congreso Nacional. Estas decisiones inciden directamente en el tipo de pa\u00eds que queremos construir, especialmente en lo que respecta a los derechos humanos, la inclusi\u00f3n y la igualdad. Las elecciones presidenciales y parlamentarias se&hellip;&nbsp;<a href=\"https:\/\/www.movilh.cl\/chilediverso\/votantes-lgbtiq\/\" rel=\"bookmark\"><span class=\"screen-reader-text\">Votantes LGBTIQ+<\/span><\/a><\/p>\n","protected":false},"author":1,"featured_media":0,"parent":0,"menu_order":0,"comment_status":"closed","ping_status":"closed","template":"","meta":{"neve_meta_sidebar":"","neve_meta_container":"","neve_meta_enable_content_width":"","neve_meta_content_width":0,"neve_meta_title_alignment":"","neve_meta_author_avatar":"","neve_post_elements_order":"","neve_meta_disable_header":"","neve_meta_disable_footer":"","neve_meta_disable_title":"","footnotes":""},"class_list":["post-37","page","type-page","status-publish","hentry"],"_links":{"self":[{"href":"https:\/\/www.movilh.cl\/chilediverso\/wp-json\/wp\/v2\/pages\/37","targetHints":{"allow":["GET"]}}],"collection":[{"href":"https:\/\/www.movilh.cl\/chilediverso\/wp-json\/wp\/v2\/pages"}],"about":[{"href":"https:\/\/www.movilh.cl\/chilediverso\/wp-json\/wp\/v2\/types\/page"}],"author":[{"embeddable":true,"href":"https:\/\/www.movilh.cl\/chilediverso\/wp-json\/wp\/v2\/users\/1"}],"replies":[{"embeddable":true,"href":"https:\/\/www.movilh.cl\/chilediverso\/wp-json\/wp\/v2\/comments?post=37"}],"version-history":[{"count":8,"href":"https:\/\/www.movilh.cl\/chilediverso\/wp-json\/wp\/v2\/pages\/37\/revisions"}],"predecessor-version":[{"id":99,"href":"https:\/\/www.movilh.cl\/chilediverso\/wp-json\/wp\/v2\/pages\/37\/revisions\/99"}],"wp:attachment":[{"href":"https:\/\/www.movilh.cl\/chilediverso\/wp-json\/wp\/v2\/media?parent=37"}],"curies":[{"name":"wp","href":"https:\/\/api.w.org\/{rel}","templated":true}]}}