{"id":35,"date":"2025-09-12T18:51:12","date_gmt":"2025-09-12T21:51:12","guid":{"rendered":"https:\/\/www.movilh.cl\/chilediverso\/?page_id=35"},"modified":"2025-10-06T10:38:47","modified_gmt":"2025-10-06T13:38:47","slug":"que-es-chile-diverso","status":"publish","type":"page","link":"https:\/\/www.movilh.cl\/chilediverso\/que-es-chile-diverso\/","title":{"rendered":"\u00bfQu\u00e9 es Chile Diverso?"},"content":{"rendered":"\n<div style=\"height:85px\" aria-hidden=\"true\" class=\"wp-block-spacer\"><\/div>\n\n\n\n<div class=\"wp-block-columns is-layout-flex wp-container-core-columns-is-layout-9d6595d7 wp-block-columns-is-layout-flex\">\n<div class=\"wp-block-column is-layout-flow wp-block-column-is-layout-flow\">\n<figure class=\"wp-block-image size-large is-resized\"><img loading=\"lazy\" decoding=\"async\" width=\"831\" height=\"1024\" src=\"https:\/\/www.movilh.cl\/chilediverso\/wp-content\/uploads\/2025\/10\/Chilediverso-831x1024.jpg\" alt=\"\" class=\"wp-image-105\" style=\"width:530px\" srcset=\"https:\/\/www.movilh.cl\/chilediverso\/wp-content\/uploads\/2025\/10\/Chilediverso-831x1024.jpg 831w, https:\/\/www.movilh.cl\/chilediverso\/wp-content\/uploads\/2025\/10\/Chilediverso-243x300.jpg 243w, https:\/\/www.movilh.cl\/chilediverso\/wp-content\/uploads\/2025\/10\/Chilediverso-768x947.jpg 768w, https:\/\/www.movilh.cl\/chilediverso\/wp-content\/uploads\/2025\/10\/Chilediverso-1246x1536.jpg 1246w, https:\/\/www.movilh.cl\/chilediverso\/wp-content\/uploads\/2025\/10\/Chilediverso-1661x2048.jpg 1661w, https:\/\/www.movilh.cl\/chilediverso\/wp-content\/uploads\/2025\/10\/Chilediverso.jpg 1920w\" sizes=\"auto, (max-width: 831px) 100vw, 831px\" \/><\/figure>\n<\/div>\n\n\n\n<div class=\"wp-block-column is-layout-flow wp-block-column-is-layout-flow\">\n<p><strong>Chile Diverso<\/strong> es una campa\u00f1a desarrollada por el Movimiento de Integraci\u00f3n y Liberaci\u00f3n Homosexual (Movilh) en el marco de las elecciones presidenciales y parlamentarias, con el objetivo de fomentar la participaci\u00f3n ciudadana de las personas LGBTIQ+ en los comicios, as\u00ed como de comprometer a candidatos y candidatas con la promoci\u00f3n y defensa de los derechos humanos de las diversidades sexuales y de g\u00e9nero.<\/p>\n\n\n\n<p>Desde su creaci\u00f3n, <strong>Chile Diverso<\/strong> ha sido pionera en introducir el enfoque LGBTIQ+ en el debate electoral chileno.&nbsp;<\/p>\n\n\n\n<p>Gracias a esta iniciativa, numerosos compromisos adquiridos por postulantes a cargos p\u00fablicos han permitido visibilizar las problem\u00e1ticas que enfrentan las diversidades, generar propuestas legislativas concretas y avanzar en la implementaci\u00f3n de pol\u00edticas p\u00fablicas inclusivas. Su impacto ha sido clave para consolidar una agenda de derechos humanos m\u00e1s amplia, justa y representativa.<\/p>\n\n\n\n<p>En su edici\u00f3n 2025, Chile Diverso plantea como demandas centrales la erradicaci\u00f3n y prevenci\u00f3n de los discursos de odio, el combate a la discriminaci\u00f3n y la promoci\u00f3n de la plena igualdad legal, todo ello en el marco de una democracia que se profundice y fortalezca.&nbsp;<\/p>\n\n\n\n<p>Esta nueva versi\u00f3n de la campa\u00f1a surge en un momento particularmente cr\u00edtico: seg\u00fan el <strong>XXIII Informe Anual de Derechos Humanos de la Diversidad Sexual y de G\u00e9nero (Movilh, 2025)<\/strong>, durante 2024 se registr\u00f3 un alarmante aumento del <strong>78,7\u202f%<\/strong> en las denuncias por discriminaci\u00f3n hacia personas LGBTIQ+, alcanzando un r\u00e9cord de <strong>2.847 casos<\/strong>. En paralelo, los discursos de odio crecieron en un <strong>116,9\u202f%<\/strong>, revelando una preocupante escalada de violencia simb\u00f3lica y estructural.<\/p>\n\n\n\n<p>Frente a este panorama, <strong>Chile Diverso<\/strong> se levanta como una herramienta urgente y necesaria: no solo busca incidir en el proceso electoral, sino tambi\u00e9n promover espacios de reflexi\u00f3n, articulaci\u00f3n e incidencia para garantizar que los derechos LGBTIQ+ no retrocedan, sino que avancen como parte del fortalecimiento democr\u00e1tico del pa\u00eds.<\/p>\n\n\n\n<p>La campa\u00f1a 2025 cuenta con el respaldo de <strong>Outright International<\/strong>, lo cual reafirma su importancia como espacio clave para el accionar sociopol\u00edtico y cultural en favor de las diversidades.<\/p>\n\n\n\n<div style=\"height:100px\" aria-hidden=\"true\" class=\"wp-block-spacer\"><\/div>\n<\/div>\n<\/div>\n","protected":false},"excerpt":{"rendered":"<p>Chile Diverso es una campa\u00f1a desarrollada por el Movimiento de Integraci\u00f3n y Liberaci\u00f3n Homosexual (Movilh) en el marco de las elecciones presidenciales y parlamentarias, con el objetivo de fomentar la participaci\u00f3n ciudadana de las personas LGBTIQ+ en los comicios, as\u00ed como de comprometer a candidatos y candidatas con la promoci\u00f3n y defensa de los derechos&hellip;&nbsp;<a href=\"https:\/\/www.movilh.cl\/chilediverso\/que-es-chile-diverso\/\" rel=\"bookmark\"><span class=\"screen-reader-text\">\u00bfQu\u00e9 es Chile Diverso?<\/span><\/a><\/p>\n","protected":false},"author":1,"featured_media":0,"parent":0,"menu_order":0,"comment_status":"closed","ping_status":"closed","template":"","meta":{"neve_meta_sidebar":"","neve_meta_container":"","neve_meta_enable_content_width":"","neve_meta_content_width":0,"neve_meta_title_alignment":"","neve_meta_author_avatar":"","neve_post_elements_order":"","neve_meta_disable_header":"","neve_meta_disable_footer":"","neve_meta_disable_title":"","footnotes":""},"class_list":["post-35","page","type-page","status-publish","hentry"],"_links":{"self":[{"href":"https:\/\/www.movilh.cl\/chilediverso\/wp-json\/wp\/v2\/pages\/35","targetHints":{"allow":["GET"]}}],"collection":[{"href":"https:\/\/www.movilh.cl\/chilediverso\/wp-json\/wp\/v2\/pages"}],"about":[{"href":"https:\/\/www.movilh.cl\/chilediverso\/wp-json\/wp\/v2\/types\/page"}],"author":[{"embeddable":true,"href":"https:\/\/www.movilh.cl\/chilediverso\/wp-json\/wp\/v2\/users\/1"}],"replies":[{"embeddable":true,"href":"https:\/\/www.movilh.cl\/chilediverso\/wp-json\/wp\/v2\/comments?post=35"}],"version-history":[{"count":8,"href":"https:\/\/www.movilh.cl\/chilediverso\/wp-json\/wp\/v2\/pages\/35\/revisions"}],"predecessor-version":[{"id":106,"href":"https:\/\/www.movilh.cl\/chilediverso\/wp-json\/wp\/v2\/pages\/35\/revisions\/106"}],"wp:attachment":[{"href":"https:\/\/www.movilh.cl\/chilediverso\/wp-json\/wp\/v2\/media?parent=35"}],"curies":[{"name":"wp","href":"https:\/\/api.w.org\/{rel}","templated":true}]}}