{"id":568,"date":"2019-12-19T20:23:52","date_gmt":"2019-12-19T20:23:52","guid":{"rendered":"http:\/\/www.movilh.cl\/trans\/?page_id=568"},"modified":"2019-12-19T22:22:33","modified_gmt":"2019-12-19T22:22:33","slug":"apoya","status":"publish","type":"page","link":"http:\/\/www.movilh.cl\/trans\/apoya\/","title":{"rendered":"Apoya"},"content":{"rendered":"\n<hr class=\"wp-block-separator\"\/>\n\n\n\n<p>El Movilh es un organismo sin fines de lucro y\ncada una de sus actividades requieren de tu apoyo. Esperamos y agradecemos tu\nayuda la que va en directo beneficio de quienes padecen discriminaci\u00f3n.<\/p>\n\n\n\n<p><strong>Cuenta Corriente Banco Estado<\/strong><\/p>\n\n\n\n<p><strong>N\u00famero cuenta:<\/strong>&nbsp;2124602<\/p>\n\n\n\n<p><strong>Nombre:<\/strong>&nbsp;ONG Movilh<\/p>\n\n\n\n<p><strong>RUT:<\/strong>&nbsp;65535000-4<\/p>\n\n\n\n<p><strong>Direcci\u00f3n:<\/strong>&nbsp;Coquimbo 1410, Santiago<\/p>\n\n\n\n<p><strong>Email:<\/strong>&nbsp;movilh@gmail.com<\/p>\n\n\n\n<p>Todo\ndep\u00f3sitos a nuestra cuenta es de gran ayuda y cada aporte que recibimos lo\npublicamos en&nbsp;&nbsp;<a href=\"http:\/\/www.movilh.cl\/movilh-transparente\">nuestro sitio web<\/a>&nbsp;anualmente con el nombre de los\ndonantes o como an\u00f3nimo, seg\u00fan lo pida la persona que aporta.<\/p>\n\n\n\n<p>Si quieres hacer donaciones mensuales que se\ndescuenten autom\u00e1ticamente, cont\u00e1ctanos a movilh@gmail.com para indicarte como\nhacerlo.<\/p>\n","protected":false},"excerpt":{"rendered":"<p>El Movilh es un organismo sin fines de lucro y cada una de sus actividades requieren de tu apoyo. Esperamos y agradecemos tu ayuda la que va en directo beneficio de quienes padecen discriminaci\u00f3n. Cuenta Corriente Banco Estado N\u00famero cuenta:&nbsp;2124602 Nombre:&nbsp;ONG Movilh RUT:&nbsp;65535000-4 Direcci\u00f3n:&nbsp;Coquimbo 1410, Santiago Email:&nbsp;movilh@gmail.com Todo dep\u00f3sitos a nuestra cuenta es de gran&hellip;<\/p>\n","protected":false},"author":1,"featured_media":575,"parent":0,"menu_order":0,"comment_status":"closed","ping_status":"closed","template":"","meta":[],"_links":{"self":[{"href":"http:\/\/www.movilh.cl\/trans\/wp-json\/wp\/v2\/pages\/568"}],"collection":[{"href":"http:\/\/www.movilh.cl\/trans\/wp-json\/wp\/v2\/pages"}],"about":[{"href":"http:\/\/www.movilh.cl\/trans\/wp-json\/wp\/v2\/types\/page"}],"author":[{"embeddable":true,"href":"http:\/\/www.movilh.cl\/trans\/wp-json\/wp\/v2\/users\/1"}],"replies":[{"embeddable":true,"href":"http:\/\/www.movilh.cl\/trans\/wp-json\/wp\/v2\/comments?post=568"}],"version-history":[{"count":1,"href":"http:\/\/www.movilh.cl\/trans\/wp-json\/wp\/v2\/pages\/568\/revisions"}],"predecessor-version":[{"id":569,"href":"http:\/\/www.movilh.cl\/trans\/wp-json\/wp\/v2\/pages\/568\/revisions\/569"}],"wp:featuredmedia":[{"embeddable":true,"href":"http:\/\/www.movilh.cl\/trans\/wp-json\/wp\/v2\/media\/575"}],"wp:attachment":[{"href":"http:\/\/www.movilh.cl\/trans\/wp-json\/wp\/v2\/media?parent=568"}],"curies":[{"name":"wp","href":"https:\/\/api.w.org\/{rel}","templated":true}]}}