{"id":472,"date":"2019-12-17T20:42:51","date_gmt":"2019-12-17T20:42:51","guid":{"rendered":"http:\/\/www.movilh.cl\/trans\/?page_id=472"},"modified":"2019-12-19T21:19:32","modified_gmt":"2019-12-19T21:19:32","slug":"discriminacion","status":"publish","type":"page","link":"http:\/\/www.movilh.cl\/trans\/discriminacion\/","title":{"rendered":"Discriminaci\u00f3n"},"content":{"rendered":"\n<p>La discriminaci\u00f3n que afecta a las personas\ntrans es una de las m\u00e1s graves en Chile y en el mundo, pues el rechazo&nbsp; y\nla incomprensi\u00f3n la sentimos desde temprana edad, en nuestras propias familias.\nLuego en el barrio, en los colegios, en los trabajos y ante la casi totalidad\nde los organismos p\u00fablicos y privados del pa\u00eds.<\/p>\n\n\n\n<p>S\u00f3lo desde el 2002 se comenzaron a\ncontabilizar los casos de discriminaci\u00f3n a&nbsp; lesbianas, gays, bisexuales,\ntrans e intersexuales (LGBTI), conoci\u00e9ndose un total de 3.137 denuncias hasta\nel 2018.<\/p>\n\n\n\n<p>Del total de denuncias por abusos a la\ndiversidad sexual, el 15% ha afectado en forma exclusiva a personas trans. Una\ncifra alt\u00edsima por varias razones.<\/p>\n\n\n\n<p>En primer lugar, s\u00f3lo el 8% de las personas\nLGBTI nos atrevemos a reclamar abusos, por tanto las denuncias conocidas est\u00e1n\nmuy por debajo de la realidad.<\/p>\n\n\n\n<p>Adem\u00e1s, gran parte de la poblaci\u00f3n trans en\nespecial las mujeres, se auto-marginan de los establecimientos educacionales\nproducto de la presi\u00f3n&nbsp; social, y no acceden a trabajos, pues de antemano;\nes decir antes de postular; se asume, con justa raz\u00f3n, que ese&nbsp; derecho\nser\u00e1 negado.&nbsp;<\/p>\n\n\n\n<p>En consecuencia, y aunque hubo un incremento\nen 2017 y 2018, no existen muchas denuncias por hechos de discriminaci\u00f3n\nlaboral o educacional, simplemente porque la marginaci\u00f3n es estructural. Es decir\nhay una (auto)exclusi\u00f3n a priori antes de la ocurrencia de un hecho puntual de\nabuso. Como resultado de la falta de oportunidades, m\u00e1s del 80% de las mujeres\ntrans ejerce el comercio sexual.&nbsp;&nbsp;&nbsp;&nbsp;<\/p>\n\n\n\n<p>Por \u00faltimo, y de acuerdo a cifras\ninternacionales extrapoladas a Chile, en nuestro pa\u00eds habr\u00eda por lo bajo unos\n266 hombres transexuales y unas 717 mujeres transexuales que han asistido a un\nrecinto m\u00e9dico. El n\u00famero de quienes no han concurrido es desconocido\npara&nbsp; todas las cifras internacionales<\/p>\n\n\n\n<p>Pues bien, aunque multiplic\u00e1ramos&nbsp; por 10\nlas cifras anteriores,&nbsp; el hecho de que la poblaci\u00f3n transexual acumule el\n13% del total de abusos contra la diversidad sexual es una cifra alarmante,\ndado que un mill\u00f3n y medio de personas ser\u00edan lesbianas, gays, o bisexuales en\nnuestro pa\u00eds.<\/p>\n\n\n\n<p>Los abusos son grav\u00edsimos tambi\u00e9n desde\nan\u00e1lisis cualitativos, pues a la marginaci\u00f3n familiar, educacional y laboral,\nse suman agresiones f\u00edsicas brutales que en muchos casos terminan con la vida\nde la personas trans o las dejan con graves secuelas.<\/p>\n\n\n\n<p>As\u00ed de cruda es la realidad trans. As\u00ed de urgente entonces es movilizarnos siempre para terminar con los atropellos y contribuir a que las nuevas generaciones accedan a derechos ahora negados.<\/p>\n\n\n\n<hr class=\"wp-block-separator\"\/>\n","protected":false},"excerpt":{"rendered":"<p>La discriminaci\u00f3n que afecta a las personas trans es una de las m\u00e1s graves en Chile y en el mundo, pues el rechazo&nbsp; y la incomprensi\u00f3n la sentimos desde temprana edad, en nuestras propias familias. Luego en el barrio, en los colegios, en los trabajos y ante la casi totalidad de los organismos p\u00fablicos y&hellip;<\/p>\n","protected":false},"author":1,"featured_media":588,"parent":0,"menu_order":0,"comment_status":"closed","ping_status":"closed","template":"","meta":[],"_links":{"self":[{"href":"http:\/\/www.movilh.cl\/trans\/wp-json\/wp\/v2\/pages\/472"}],"collection":[{"href":"http:\/\/www.movilh.cl\/trans\/wp-json\/wp\/v2\/pages"}],"about":[{"href":"http:\/\/www.movilh.cl\/trans\/wp-json\/wp\/v2\/types\/page"}],"author":[{"embeddable":true,"href":"http:\/\/www.movilh.cl\/trans\/wp-json\/wp\/v2\/users\/1"}],"replies":[{"embeddable":true,"href":"http:\/\/www.movilh.cl\/trans\/wp-json\/wp\/v2\/comments?post=472"}],"version-history":[{"count":2,"href":"http:\/\/www.movilh.cl\/trans\/wp-json\/wp\/v2\/pages\/472\/revisions"}],"predecessor-version":[{"id":589,"href":"http:\/\/www.movilh.cl\/trans\/wp-json\/wp\/v2\/pages\/472\/revisions\/589"}],"wp:featuredmedia":[{"embeddable":true,"href":"http:\/\/www.movilh.cl\/trans\/wp-json\/wp\/v2\/media\/588"}],"wp:attachment":[{"href":"http:\/\/www.movilh.cl\/trans\/wp-json\/wp\/v2\/media?parent=472"}],"curies":[{"name":"wp","href":"https:\/\/api.w.org\/{rel}","templated":true}]}}