{"id":1800,"date":"2024-08-23T15:57:21","date_gmt":"2024-08-23T15:57:21","guid":{"rendered":"http:\/\/www.movilh.cl\/cine\/?page_id=1800"},"modified":"2024-08-23T15:57:21","modified_gmt":"2024-08-23T15:57:21","slug":"el-tigre-y-la-flor","status":"publish","type":"page","link":"http:\/\/www.movilh.cl\/cine\/el-tigre-y-la-flor\/","title":{"rendered":"El Tigre y la Flor"},"content":{"rendered":"<p><strong><a href=\"http:\/\/www.movilh.cl\/cine\/wp-content\/uploads\/2024\/08\/po-eltigreylaflor.jpeg.webp\"><img loading=\"lazy\" decoding=\"async\" class=\"alignleft wp-image-1802\" src=\"http:\/\/www.movilh.cl\/cine\/wp-content\/uploads\/2024\/08\/po-eltigreylaflor.jpeg.webp\" alt=\"\" width=\"298\" height=\"422\" srcset=\"http:\/\/www.movilh.cl\/cine\/wp-content\/uploads\/2024\/08\/po-eltigreylaflor.jpeg.webp 591w, http:\/\/www.movilh.cl\/cine\/wp-content\/uploads\/2024\/08\/po-eltigreylaflor.jpeg-141x200.webp 141w, http:\/\/www.movilh.cl\/cine\/wp-content\/uploads\/2024\/08\/po-eltigreylaflor.jpeg-233x330.webp 233w\" sizes=\"(max-width: 298px) 100vw, 298px\" \/><\/a>A\u00f1o:<\/strong> 2016<br \/>\n<strong>Pa\u00eds:<\/strong> M\u00e9xico<br \/>\n<strong>Direcci\u00f3n:<\/strong> Denisse Quintero<br \/>\n<strong>Duraci\u00f3n:<\/strong> 16\u2032<br \/>\n<strong>Categor\u00eda:<\/strong> Cortometraje<br \/>\n<strong>Sinopsis:<\/strong> Tras un a\u00f1o de sequ\u00eda, Nicol\u00e1s y Pablo, mejores amigos, se preparan para las peleas de tigres, ritual donde los hombres del pueblo pelean para imitar al trueno y propiciar la lluvia, esperanza de buenas cosechas.<\/p>\n<p><iframe loading=\"lazy\" src=\"\/\/www.youtube.com\/embed\/LKWUfPyxI_g\" width=\"560\" height=\"314\" allowfullscreen=\"allowfullscreen\"><\/iframe><\/p>\n","protected":false},"excerpt":{"rendered":"<p>A&ntilde;o: 2016Pa&iacute;s: M&eacute;xicoDirecci&oacute;n: Denisse QuinteroDuraci&oacute;n: 16&prime;Categor&iacute;a: CortometrajeSinopsis: Tras un a&ntilde;o de sequ&iacute;a, Nicol&aacute;s y Pablo, mejores amigos, se preparan para las peleas de tigres, ritual donde los hombres del pueblo pelean para imitar al trueno y propiciar la lluvia, esperanza de buenas cosechas.<\/p>\n","protected":false},"author":5,"featured_media":0,"parent":0,"menu_order":0,"comment_status":"closed","ping_status":"closed","template":"","meta":{"footnotes":""},"class_list":["post-1800","page","type-page","status-publish","hentry"],"_links":{"self":[{"href":"http:\/\/www.movilh.cl\/cine\/wp-json\/wp\/v2\/pages\/1800"}],"collection":[{"href":"http:\/\/www.movilh.cl\/cine\/wp-json\/wp\/v2\/pages"}],"about":[{"href":"http:\/\/www.movilh.cl\/cine\/wp-json\/wp\/v2\/types\/page"}],"author":[{"embeddable":true,"href":"http:\/\/www.movilh.cl\/cine\/wp-json\/wp\/v2\/users\/5"}],"replies":[{"embeddable":true,"href":"http:\/\/www.movilh.cl\/cine\/wp-json\/wp\/v2\/comments?post=1800"}],"version-history":[{"count":1,"href":"http:\/\/www.movilh.cl\/cine\/wp-json\/wp\/v2\/pages\/1800\/revisions"}],"predecessor-version":[{"id":1803,"href":"http:\/\/www.movilh.cl\/cine\/wp-json\/wp\/v2\/pages\/1800\/revisions\/1803"}],"wp:attachment":[{"href":"http:\/\/www.movilh.cl\/cine\/wp-json\/wp\/v2\/media?parent=1800"}],"curies":[{"name":"wp","href":"https:\/\/api.w.org\/{rel}","templated":true}]}}