{"id":1766,"date":"2024-08-23T15:57:21","date_gmt":"2024-08-23T15:57:21","guid":{"rendered":"http:\/\/www.movilh.cl\/cine\/?page_id=1766"},"modified":"2024-08-29T18:17:31","modified_gmt":"2024-08-29T18:17:31","slug":"girl-picture-chicas-chicas-chicas","status":"publish","type":"page","link":"http:\/\/www.movilh.cl\/cine\/girl-picture-chicas-chicas-chicas\/","title":{"rendered":"Girl Picture (Chicas, chicas, chicas.)"},"content":{"rendered":"<p><strong><a href=\"http:\/\/www.movilh.cl\/cine\/wp-content\/uploads\/2024\/08\/girl-picture-scaled-1.jpg\"><img loading=\"lazy\" decoding=\"async\" class=\"alignleft wp-image-1767\" src=\"http:\/\/www.movilh.cl\/cine\/wp-content\/uploads\/2024\/08\/girl-picture-scaled-1.jpg\" alt=\"\" width=\"298\" height=\"420\" srcset=\"http:\/\/www.movilh.cl\/cine\/wp-content\/uploads\/2024\/08\/girl-picture-scaled-1.jpg 1452w, http:\/\/www.movilh.cl\/cine\/wp-content\/uploads\/2024\/08\/girl-picture-scaled-1-142x200.jpg 142w, http:\/\/www.movilh.cl\/cine\/wp-content\/uploads\/2024\/08\/girl-picture-scaled-1-234x330.jpg 234w, http:\/\/www.movilh.cl\/cine\/wp-content\/uploads\/2024\/08\/girl-picture-scaled-1-768x1083.jpg 768w, http:\/\/www.movilh.cl\/cine\/wp-content\/uploads\/2024\/08\/girl-picture-scaled-1-1089x1536.jpg 1089w, http:\/\/www.movilh.cl\/cine\/wp-content\/uploads\/2024\/08\/girl-picture-scaled-1-620x874.jpg 620w\" sizes=\"(max-width: 298px) 100vw, 298px\" \/><\/a>A\u00f1o:<\/strong> 2022<br \/>\n<strong>Pa\u00eds:<\/strong> Finlandia<br \/>\n<strong>Direcci\u00f3n:<\/strong>\u00a0Alli Haapasalo<br \/>\n<strong>Duraci\u00f3n:<\/strong> 101\u2032<br \/>\n<strong>Categor\u00eda:<\/strong> Ficci\u00f3n<br \/>\n<strong>Sinopsis:<\/strong> Mimmi, Emma y R\u00f6nkk\u00f6 son chicas en la c\u00faspide de la feminidad, que intentan dibujar sus propios perfiles. En tres viernes consecutivos, dos de ellas experimentan los efectos conmovedores del enamoramiento, mientras que la tercera se lanza a la b\u00fasqueda de algo que nunca ha experimentado: el placer.<\/p>\n<p><iframe loading=\"lazy\" title=\"YouTube video player\" src=\"https:\/\/www.youtube.com\/embed\/9WYAxBEMSAs?si=VK2KXyBTjAEjdWKc\" width=\"560\" height=\"315\" frameborder=\"0\" allowfullscreen=\"allowfullscreen\"><\/iframe><\/p>\n","protected":false},"excerpt":{"rendered":"<p>A&ntilde;o: 2022Pa&iacute;s: FinlandiaDirecci&oacute;n:&nbsp;Alli HaapasaloDuraci&oacute;n: 101&prime;Categor&iacute;a: Ficci&oacute;nSinopsis: Mimmi, Emma y R&ouml;nkk&ouml; son chicas en la c&uacute;spide de la feminidad, que intentan dibujar sus propios perfiles. En tres viernes consecutivos, dos de ellas experimentan los efectos conmovedores del enamoramiento, mientras que la tercera se lanza a la b&uacute;squeda de algo que nunca ha experimentado: el placer.<\/p>\n","protected":false},"author":5,"featured_media":0,"parent":0,"menu_order":0,"comment_status":"closed","ping_status":"closed","template":"","meta":{"footnotes":""},"class_list":["post-1766","page","type-page","status-publish","hentry"],"_links":{"self":[{"href":"http:\/\/www.movilh.cl\/cine\/wp-json\/wp\/v2\/pages\/1766"}],"collection":[{"href":"http:\/\/www.movilh.cl\/cine\/wp-json\/wp\/v2\/pages"}],"about":[{"href":"http:\/\/www.movilh.cl\/cine\/wp-json\/wp\/v2\/types\/page"}],"author":[{"embeddable":true,"href":"http:\/\/www.movilh.cl\/cine\/wp-json\/wp\/v2\/users\/5"}],"replies":[{"embeddable":true,"href":"http:\/\/www.movilh.cl\/cine\/wp-json\/wp\/v2\/comments?post=1766"}],"version-history":[{"count":4,"href":"http:\/\/www.movilh.cl\/cine\/wp-json\/wp\/v2\/pages\/1766\/revisions"}],"predecessor-version":[{"id":1981,"href":"http:\/\/www.movilh.cl\/cine\/wp-json\/wp\/v2\/pages\/1766\/revisions\/1981"}],"wp:attachment":[{"href":"http:\/\/www.movilh.cl\/cine\/wp-json\/wp\/v2\/media?parent=1766"}],"curies":[{"name":"wp","href":"https:\/\/api.w.org\/{rel}","templated":true}]}}