{"id":1682,"date":"2023-08-30T21:51:25","date_gmt":"2023-08-30T21:51:25","guid":{"rendered":"https:\/\/www.movilh.cl\/cine\/?page_id=1682"},"modified":"2024-08-20T21:30:16","modified_gmt":"2024-08-20T21:30:16","slug":"cartelera-2022-2","status":"publish","type":"page","link":"http:\/\/www.movilh.cl\/cine\/cartelera-2022-2\/","title":{"rendered":"Cartelera 2022"},"content":{"rendered":"<p>[separator]<\/p>\n<h1 style=\"font-weight: 400;\"><strong>Largometrajes:<\/strong><\/h1>\n<p>[separator]<a name=\"finlandia\"><\/a><\/p>\n<ul>\n<li>\n<h2><strong>&#8211; Finlandia<\/strong><\/h2>\n<\/li>\n<\/ul>\n<p><a href=\"http:\/\/www.movilh.cl\/cine\/wp-content\/uploads\/2022\/09\/Finlandia-poster.jpeg\"><img loading=\"lazy\" decoding=\"async\" class=\"alignleft wp-image-1610\" src=\"http:\/\/www.movilh.cl\/cine\/wp-content\/uploads\/2022\/09\/Finlandia-poster.jpeg\" alt=\"\" width=\"300\" height=\"424\" srcset=\"http:\/\/www.movilh.cl\/cine\/wp-content\/uploads\/2022\/09\/Finlandia-poster.jpeg 707w, http:\/\/www.movilh.cl\/cine\/wp-content\/uploads\/2022\/09\/Finlandia-poster-141x200.jpeg 141w, http:\/\/www.movilh.cl\/cine\/wp-content\/uploads\/2022\/09\/Finlandia-poster-233x330.jpeg 233w, http:\/\/www.movilh.cl\/cine\/wp-content\/uploads\/2022\/09\/Finlandia-poster-620x877.jpeg 620w\" sizes=\"(max-width: 300px) 100vw, 300px\" \/><\/a><\/p>\n<p style=\"font-weight: 400;\"><strong>A\u00f1o: <\/strong>2021<\/p>\n<p style=\"font-weight: 400;\"><strong>Pa\u00eds: <\/strong>Espa\u00f1a<\/p>\n<p style=\"font-weight: 400;\"><strong>Direcci\u00f3n: <\/strong>Horacio Alcal\u00e1<\/p>\n<p style=\"font-weight: 400;\"><strong>Duraci\u00f3n: <\/strong>97&#8242;<\/p>\n<p style=\"font-weight: 400;\"><strong>Categor\u00eda: <\/strong>Largometraje de ficci\u00f3n<\/p>\n<p style=\"font-weight: 400;\"><strong>Sinopsis:<\/strong> Marta es dise\u00f1adora y realiza un viaje a Oaxaca para documentarse. Su forma de apreciar la realidad y la visi\u00f3n de s\u00ed misma cambia cuando comienza a convivir con las muxes, un colectivo que lucha por el reconocimiento de su g\u00e9nero como un tipo m\u00e1s en la sociedad, a la vez que combate con sus propias pasiones, traumas y sentimientos escondidos. Un inesperado terremoto, que sacude todas las emociones de la comunidad, consigue finalmente que Marta y el espectador descubran el origen de su tormento.<\/p>\n<p><iframe loading=\"lazy\" title=\"YouTube video player\" src=\"https:\/\/www.youtube.com\/embed\/TnOciiU9KKI\" width=\"560\" height=\"315\" frameborder=\"0\" allowfullscreen=\"allowfullscreen\" data-mce-fragment=\"1\"><\/iframe><\/p>\n<p>[separator]<a name=\"laprimeramuerte\"><\/a><\/p>\n<ul>\n<li>\n<h2><strong>&#8211; La Primera Muerte de Joana<\/strong><\/h2>\n<\/li>\n<\/ul>\n<p><a href=\"http:\/\/www.movilh.cl\/cine\/wp-content\/uploads\/2022\/09\/a_primeira_morte_de_joana-886043154-large.jpeg\"><img loading=\"lazy\" decoding=\"async\" class=\"alignleft wp-image-1620 \" src=\"http:\/\/www.movilh.cl\/cine\/wp-content\/uploads\/2022\/09\/a_primeira_morte_de_joana-886043154-large.jpeg\" alt=\"\" width=\"300\" height=\"425\" srcset=\"http:\/\/www.movilh.cl\/cine\/wp-content\/uploads\/2022\/09\/a_primeira_morte_de_joana-886043154-large.jpeg 421w, http:\/\/www.movilh.cl\/cine\/wp-content\/uploads\/2022\/09\/a_primeira_morte_de_joana-886043154-large-141x200.jpeg 141w, http:\/\/www.movilh.cl\/cine\/wp-content\/uploads\/2022\/09\/a_primeira_morte_de_joana-886043154-large-233x330.jpeg 233w\" sizes=\"(max-width: 300px) 100vw, 300px\" \/><\/a><\/p>\n<p style=\"font-weight: 400;\"><strong>A\u00f1o: <\/strong>2021<\/p>\n<p style=\"font-weight: 400;\"><strong>Pa\u00eds: <\/strong>Brasil<\/p>\n<p style=\"font-weight: 400;\"><strong>Direcci\u00f3n: <\/strong>Cristiane Oliveira<\/p>\n<p style=\"font-weight: 400;\"><strong>Duraci\u00f3n: <\/strong>91&#8242;<\/p>\n<p style=\"font-weight: 400;\"><strong>Categor\u00eda: <\/strong>Largometraje de ficci\u00f3n<strong>\u00a0<\/strong><\/p>\n<p style=\"font-weight: 400;\"><strong>Sinopsis:<\/strong> Joana quiere saber por qu\u00e9 su t\u00eda abuela falleci\u00f3 a los 70 a\u00f1os sin haber tenido pareja nunca. Pronto se da cuenta de que cada mujer de su familia tiene un secreto.<\/p>\n<p><iframe loading=\"lazy\" title=\"YouTube video player\" src=\"https:\/\/www.youtube.com\/embed\/oaDRPN2f740\" width=\"560\" height=\"315\" frameborder=\"0\" allowfullscreen=\"allowfullscreen\" data-mce-fragment=\"1\"><\/iframe><\/p>\n<p>[separator]<a name=\"lola\"><\/a><\/p>\n<ul>\n<li>\n<h2><strong>&#8211; Lola<\/strong><\/h2>\n<\/li>\n<\/ul>\n<p><a href=\"http:\/\/www.movilh.cl\/cine\/wp-content\/uploads\/2022\/09\/Poster-Lola-280422436-large.jpeg\"><img loading=\"lazy\" decoding=\"async\" class=\"alignleft wp-image-1621\" src=\"http:\/\/www.movilh.cl\/cine\/wp-content\/uploads\/2022\/09\/Poster-Lola-280422436-large.jpeg\" alt=\"\" width=\"300\" height=\"429\" srcset=\"http:\/\/www.movilh.cl\/cine\/wp-content\/uploads\/2022\/09\/Poster-Lola-280422436-large.jpeg 840w, http:\/\/www.movilh.cl\/cine\/wp-content\/uploads\/2022\/09\/Poster-Lola-280422436-large-140x200.jpeg 140w, http:\/\/www.movilh.cl\/cine\/wp-content\/uploads\/2022\/09\/Poster-Lola-280422436-large-231x330.jpeg 231w, http:\/\/www.movilh.cl\/cine\/wp-content\/uploads\/2022\/09\/Poster-Lola-280422436-large-768x1097.jpeg 768w, http:\/\/www.movilh.cl\/cine\/wp-content\/uploads\/2022\/09\/Poster-Lola-280422436-large-620x886.jpeg 620w\" sizes=\"(max-width: 300px) 100vw, 300px\" \/><\/a><\/p>\n<p style=\"font-weight: 400;\"><strong>A\u00f1o: <\/strong>2019<\/p>\n<p style=\"font-weight: 400;\"><strong>Pa\u00eds: <\/strong>B\u00e9lgica &#8211; Francia<\/p>\n<p style=\"font-weight: 400;\"><strong>Direcci\u00f3n: <\/strong>Laurent Micheli<\/p>\n<p style=\"font-weight: 400;\"><strong>Duraci\u00f3n: <\/strong>90&#8242;<\/p>\n<p style=\"font-weight: 400;\"><strong>Categor\u00eda: <\/strong>Largometraje de ficci\u00f3n<\/p>\n<p style=\"font-weight: 400;\"><strong>Sinopsis:<\/strong> Lola es una joven transexual de 18 a\u00f1os. Cuando se entera de que por fin se va a poder operar, su madre, que estaba pagando la operaci\u00f3n, muere repentinamente. Para respetar su \u00faltima voluntad, Lola y su padre, a quien no ve\u00eda desde hace dos a\u00f1os, tienen que viajar juntos hasta la costa de B\u00e9lgica. En el camino, ambos se van a dar cuenta que las cosas en el viaje no van a salir como esperaban&#8230;<\/p>\n<p><iframe loading=\"lazy\" title=\"YouTube video player\" src=\"https:\/\/www.youtube.com\/embed\/H31hbOugy-s\" width=\"560\" height=\"315\" frameborder=\"0\" allowfullscreen=\"allowfullscreen\" data-mce-fragment=\"1\"><\/iframe><\/p>\n<p>[separator]<a name=\"poppyfield\"><\/a><\/p>\n<ul>\n<li>\n<h2><strong>&#8211; Poppy Field<\/strong><\/h2>\n<\/li>\n<\/ul>\n<p><a href=\"http:\/\/www.movilh.cl\/cine\/wp-content\/uploads\/2022\/09\/Poster_POPPY-FIELD.jpeg\"><img loading=\"lazy\" decoding=\"async\" class=\"alignleft wp-image-1622\" src=\"http:\/\/www.movilh.cl\/cine\/wp-content\/uploads\/2022\/09\/Poster_POPPY-FIELD.jpeg\" alt=\"\" width=\"300\" height=\"429\" srcset=\"http:\/\/www.movilh.cl\/cine\/wp-content\/uploads\/2022\/09\/Poster_POPPY-FIELD.jpeg 700w, http:\/\/www.movilh.cl\/cine\/wp-content\/uploads\/2022\/09\/Poster_POPPY-FIELD-140x200.jpeg 140w, http:\/\/www.movilh.cl\/cine\/wp-content\/uploads\/2022\/09\/Poster_POPPY-FIELD-231x330.jpeg 231w, http:\/\/www.movilh.cl\/cine\/wp-content\/uploads\/2022\/09\/Poster_POPPY-FIELD-620x886.jpeg 620w\" sizes=\"(max-width: 300px) 100vw, 300px\" \/><\/a><\/p>\n<p style=\"font-weight: 400;\"><strong>A\u00f1o: <\/strong>2020<\/p>\n<p style=\"font-weight: 400;\"><strong>Pa\u00eds: <\/strong>Rumania<\/p>\n<p style=\"font-weight: 400;\"><strong>Direcci\u00f3n: <\/strong>Eugen Jebeleanu<\/p>\n<p style=\"font-weight: 400;\"><strong>Duraci\u00f3n: <\/strong>83&#8242;<\/p>\n<p style=\"font-weight: 400;\"><strong>Categor\u00eda: <\/strong>Largometraje de ficci\u00f3n<\/p>\n<p style=\"font-weight: 400;\"><strong>Sinopsis:<\/strong> POPPY FIELD sigue la lucha de un joven gendarme rumano, Cristi, que intenta encontrar el equilibrio entre dos partes aparentemente opuestas de su identidad: la de un hombre que trabaja en un entorno jer\u00e1rquico hiper-masculinizado y la de un gay en el armario que intenta mantener su vida personal en secreto. Mientras su novio franc\u00e9s de larga distancia, Hadi, le visita, Cristi es llamado para una intervenci\u00f3n en un cine, donde un grupo ultranacionalista y hom\u00f3fobo ha interrumpido la proyecci\u00f3n de una pel\u00edcula queer. Despu\u00e9s de que uno de los manifestantes le amenace con sacarle del armario, Cristi se ve envuelto en una espiral de descontrol.<\/p>\n<p><iframe loading=\"lazy\" title=\"YouTube video player\" src=\"https:\/\/www.youtube.com\/embed\/vS_-hBUpUVg\" width=\"560\" height=\"315\" frameborder=\"0\" allowfullscreen=\"allowfullscreen\" data-mce-fragment=\"1\"><\/iframe><\/p>\n<p>[separator]<a name=\"soynino\"><\/a><\/p>\n<ul>\n<li>\n<h2><strong>&#8211; Soy Ni\u00f1o<\/strong><\/h2>\n<\/li>\n<\/ul>\n<p><a href=\"http:\/\/www.movilh.cl\/cine\/wp-content\/uploads\/2022\/09\/SOY_NINO_POSTER_LOGOLESS_LORENA_ZILLERUELO_OUTPLAY_FILMS-scaled.jpeg\"><img loading=\"lazy\" decoding=\"async\" class=\"alignleft wp-image-1652\" src=\"http:\/\/www.movilh.cl\/cine\/wp-content\/uploads\/2022\/09\/SOY_NINO_POSTER_LOGOLESS_LORENA_ZILLERUELO_OUTPLAY_FILMS-scaled.jpeg\" alt=\"\" width=\"300\" height=\"424\" srcset=\"http:\/\/www.movilh.cl\/cine\/wp-content\/uploads\/2022\/09\/SOY_NINO_POSTER_LOGOLESS_LORENA_ZILLERUELO_OUTPLAY_FILMS-scaled.jpeg 1810w, http:\/\/www.movilh.cl\/cine\/wp-content\/uploads\/2022\/09\/SOY_NINO_POSTER_LOGOLESS_LORENA_ZILLERUELO_OUTPLAY_FILMS-141x200.jpeg 141w, http:\/\/www.movilh.cl\/cine\/wp-content\/uploads\/2022\/09\/SOY_NINO_POSTER_LOGOLESS_LORENA_ZILLERUELO_OUTPLAY_FILMS-233x330.jpeg 233w, http:\/\/www.movilh.cl\/cine\/wp-content\/uploads\/2022\/09\/SOY_NINO_POSTER_LOGOLESS_LORENA_ZILLERUELO_OUTPLAY_FILMS-768x1086.jpeg 768w, http:\/\/www.movilh.cl\/cine\/wp-content\/uploads\/2022\/09\/SOY_NINO_POSTER_LOGOLESS_LORENA_ZILLERUELO_OUTPLAY_FILMS-1086x1536.jpeg 1086w, http:\/\/www.movilh.cl\/cine\/wp-content\/uploads\/2022\/09\/SOY_NINO_POSTER_LOGOLESS_LORENA_ZILLERUELO_OUTPLAY_FILMS-1448x2048.jpeg 1448w, http:\/\/www.movilh.cl\/cine\/wp-content\/uploads\/2022\/09\/SOY_NINO_POSTER_LOGOLESS_LORENA_ZILLERUELO_OUTPLAY_FILMS-620x877.jpeg 620w\" sizes=\"(max-width: 300px) 100vw, 300px\" \/><\/a><\/p>\n<p style=\"font-weight: 400;\"><strong>A\u00f1o: <\/strong>2022<\/p>\n<p style=\"font-weight: 400;\"><strong>Pa\u00eds: <\/strong>Chile &#8211; Francia<\/p>\n<p style=\"font-weight: 400;\"><strong>Direcci\u00f3n: <\/strong>Lorena Zilleruelo<\/p>\n<p style=\"font-weight: 400;\"><strong>Duraci\u00f3n: <\/strong>62&#8242;<\/p>\n<p style=\"font-weight: 400;\"><strong>Categor\u00eda: <\/strong>Documental<\/p>\n<p style=\"font-weight: 400;\"><strong>Sinopsis:<\/strong> Bastian, un joven trans, tiene que enfrentarse a una \u00e9poca muy dif\u00edcil de la vida: la adolescencia. \u00c9sta se hace a\u00fan m\u00e1s dif\u00edcil cuando tiene que poner todo su empe\u00f1o en afirmar su individualidad.<\/p>\n<p style=\"font-weight: 400;\">De los 12 a los 18, Bastian es filmado por su querida prima Lorena, que capta cada atisbo de intimidad y las invariables dificultades del proceso. Somos testigos de c\u00f3mo los obst\u00e1culos sociales y econ\u00f3micos pueden poner en peligro la transici\u00f3n de Bastian.<\/p>\n<p style=\"font-weight: 400;\">Un viaje que nos presenta a un Chile m\u00e1s abierto de mente y m\u00e1s tolerante gracias a su nueva generaci\u00f3n.<\/p>\n<p><iframe loading=\"lazy\" title=\"YouTube video player\" src=\"https:\/\/www.youtube.com\/embed\/UQquiDA_Hq8\" width=\"560\" height=\"315\" frameborder=\"0\" allowfullscreen=\"allowfullscreen\" data-mce-fragment=\"1\"><\/iframe><\/p>\n<p>[separator]<\/p>\n<h1 style=\"font-weight: 400;\"><strong>Cortometrajes:<\/strong><\/h1>\n<p>[separator]<a name=\"andy\"><\/a><\/p>\n<ul>\n<li>\n<h2><strong>&#8211; Andy y las dem\u00e1s<\/strong><\/h2>\n<\/li>\n<\/ul>\n<p><a href=\"http:\/\/www.movilh.cl\/cine\/wp-content\/uploads\/2022\/09\/andy_y_las_demas-587644202-large.jpeg\"><img loading=\"lazy\" decoding=\"async\" class=\"alignleft wp-image-1623\" src=\"http:\/\/www.movilh.cl\/cine\/wp-content\/uploads\/2022\/09\/andy_y_las_demas-587644202-large.jpeg\" alt=\"\" width=\"300\" height=\"444\" srcset=\"http:\/\/www.movilh.cl\/cine\/wp-content\/uploads\/2022\/09\/andy_y_las_demas-587644202-large.jpeg 810w, http:\/\/www.movilh.cl\/cine\/wp-content\/uploads\/2022\/09\/andy_y_las_demas-587644202-large-135x200.jpeg 135w, http:\/\/www.movilh.cl\/cine\/wp-content\/uploads\/2022\/09\/andy_y_las_demas-587644202-large-223x330.jpeg 223w, http:\/\/www.movilh.cl\/cine\/wp-content\/uploads\/2022\/09\/andy_y_las_demas-587644202-large-768x1138.jpeg 768w, http:\/\/www.movilh.cl\/cine\/wp-content\/uploads\/2022\/09\/andy_y_las_demas-587644202-large-620x919.jpeg 620w\" sizes=\"(max-width: 300px) 100vw, 300px\" \/><\/a><\/p>\n<p style=\"font-weight: 400;\"><strong>A\u00f1o: <\/strong>2021<\/p>\n<p style=\"font-weight: 400;\"><strong>Pa\u00eds: <\/strong>Espa\u00f1a<\/p>\n<p style=\"font-weight: 400;\"><strong>Direcci\u00f3n: <\/strong>Cintia Ballb\u00e9<\/p>\n<p style=\"font-weight: 400;\"><strong>Duraci\u00f3n: <\/strong>17&#8242;<\/p>\n<p style=\"font-weight: 400;\"><strong>Categor\u00eda: <\/strong>Ficci\u00f3n<\/p>\n<p style=\"font-weight: 400;\"><strong>Sinopsis:<\/strong> Andy tiene tres relaciones abiertas. Ha quedado la noche de fin de a\u00f1o con su novia, Marion. Pero Andy echa de menos a Berta y a Cris, y se propone ir a visitarlos durante la noche. Aunque Andy no encuentra lo que espera en ninguno de los casos. Recorre las calles de Barcelona en busca de un lugar donde se sienta integrada y c\u00f3moda, pero ese lugar, primero debe encontrarlo en ella misma y no en los dem\u00e1s, para no desbordarse.<\/p>\n<p><iframe loading=\"lazy\" title=\"YouTube video player\" src=\"https:\/\/www.youtube.com\/embed\/nwWkjMedwcg\" width=\"560\" height=\"315\" frameborder=\"0\" allowfullscreen=\"allowfullscreen\" data-mce-fragment=\"1\"><\/iframe><\/p>\n<p>[separator]<a name=\"elbosque\"><\/a><\/p>\n<ul>\n<li>\n<h2><strong>&#8211; El bosque de la quimera <\/strong><\/h2>\n<\/li>\n<\/ul>\n<p><a href=\"http:\/\/www.movilh.cl\/cine\/wp-content\/uploads\/2022\/09\/ysRHdCartel_el_bosc_de_la_quimera_sitges_linkedin.jpeg\"><img loading=\"lazy\" decoding=\"async\" class=\"alignleft wp-image-1624\" src=\"http:\/\/www.movilh.cl\/cine\/wp-content\/uploads\/2022\/09\/ysRHdCartel_el_bosc_de_la_quimera_sitges_linkedin.jpeg\" alt=\"\" width=\"302\" height=\"427\" srcset=\"http:\/\/www.movilh.cl\/cine\/wp-content\/uploads\/2022\/09\/ysRHdCartel_el_bosc_de_la_quimera_sitges_linkedin.jpeg 1358w, http:\/\/www.movilh.cl\/cine\/wp-content\/uploads\/2022\/09\/ysRHdCartel_el_bosc_de_la_quimera_sitges_linkedin-141x200.jpeg 141w, http:\/\/www.movilh.cl\/cine\/wp-content\/uploads\/2022\/09\/ysRHdCartel_el_bosc_de_la_quimera_sitges_linkedin-233x330.jpeg 233w, http:\/\/www.movilh.cl\/cine\/wp-content\/uploads\/2022\/09\/ysRHdCartel_el_bosc_de_la_quimera_sitges_linkedin-768x1086.jpeg 768w, http:\/\/www.movilh.cl\/cine\/wp-content\/uploads\/2022\/09\/ysRHdCartel_el_bosc_de_la_quimera_sitges_linkedin-1086x1536.jpeg 1086w, http:\/\/www.movilh.cl\/cine\/wp-content\/uploads\/2022\/09\/ysRHdCartel_el_bosc_de_la_quimera_sitges_linkedin-620x877.jpeg 620w\" sizes=\"(max-width: 302px) 100vw, 302px\" \/><\/a><\/p>\n<p style=\"font-weight: 400;\"><strong>A\u00f1o: <\/strong>2021<\/p>\n<p style=\"font-weight: 400;\"><strong>Pa\u00eds: <\/strong>Espa\u00f1a<\/p>\n<p style=\"font-weight: 400;\"><strong>Direcci\u00f3n: <\/strong>Antonio Fern\u00e1ndez Bernal<\/p>\n<p style=\"font-weight: 400;\"><strong>Duraci\u00f3n: <\/strong>9&#8242;<\/p>\n<p style=\"font-weight: 400;\"><strong>Categor\u00eda: <\/strong>Ficci\u00f3n<strong>\u00a0<\/strong><\/p>\n<p style=\"font-weight: 400;\"><strong>Sinopsis:<\/strong> Una historia protagonizada por dos personajes con diversidad funcional que reflexionan sobre la discriminaci\u00f3n en un lugar id\u00edlico, a la vez que se desarrolla una acci\u00f3n totalmente rompedora en la que Antonio, un joven con s\u00edndrome de Down, es el protagonista. Un cortometraje que trata de posicionar a las personas con diversidad funcional en un espacio que suele estar marcado por estereotipos, posibilitando un nuevo imaginario cultural.<\/p>\n<p><iframe loading=\"lazy\" title=\"YouTube video player\" src=\"https:\/\/www.youtube.com\/embed\/JkZO_8_Rr8M\" width=\"560\" height=\"315\" frameborder=\"0\" allowfullscreen=\"allowfullscreen\" data-mce-fragment=\"1\"><\/iframe><\/p>\n<p>[separator]<a name=\"espejosrotos\"><\/a><\/p>\n<ul>\n<li>\n<h2><strong>&#8211; Espejos rotos <\/strong><\/h2>\n<\/li>\n<\/ul>\n<p><a href=\"http:\/\/www.movilh.cl\/cine\/wp-content\/uploads\/2022\/09\/espejos-rotos-scaled.jpg\"><img loading=\"lazy\" decoding=\"async\" class=\"alignleft wp-image-1625 size-medium\" src=\"http:\/\/www.movilh.cl\/cine\/wp-content\/uploads\/2022\/09\/espejos-rotos-333x200.jpg\" alt=\"\" width=\"333\" height=\"200\" srcset=\"http:\/\/www.movilh.cl\/cine\/wp-content\/uploads\/2022\/09\/espejos-rotos-333x200.jpg 333w, http:\/\/www.movilh.cl\/cine\/wp-content\/uploads\/2022\/09\/espejos-rotos-549x330.jpg 549w, http:\/\/www.movilh.cl\/cine\/wp-content\/uploads\/2022\/09\/espejos-rotos-300x180.jpg 300w, http:\/\/www.movilh.cl\/cine\/wp-content\/uploads\/2022\/09\/espejos-rotos-768x462.jpg 768w, http:\/\/www.movilh.cl\/cine\/wp-content\/uploads\/2022\/09\/espejos-rotos-1536x924.jpg 1536w, http:\/\/www.movilh.cl\/cine\/wp-content\/uploads\/2022\/09\/espejos-rotos-2048x1232.jpg 2048w, http:\/\/www.movilh.cl\/cine\/wp-content\/uploads\/2022\/09\/espejos-rotos-620x373.jpg 620w\" sizes=\"(max-width: 333px) 100vw, 333px\" \/><\/a><\/p>\n<p style=\"font-weight: 400;\"><strong>A\u00f1o: <\/strong>2022<\/p>\n<p style=\"font-weight: 400;\"><strong>Pa\u00eds: <\/strong>Chile<\/p>\n<p style=\"font-weight: 400;\"><strong>Direcci\u00f3n: <\/strong>Henry Pacheco<\/p>\n<p style=\"font-weight: 400;\"><strong>Duraci\u00f3n: <\/strong>13&#8242;<\/p>\n<p style=\"font-weight: 400;\"><strong>Categor\u00eda: <\/strong>Ficci\u00f3n<\/p>\n<p style=\"font-weight: 400;\"><strong>Sinopsis:<\/strong> Una pareja de mujeres lesbianas de nacionalidad extranjera, reciben una fuerte agresi\u00f3n de un vecino homof\u00f3bico.<\/p>\n<p><iframe loading=\"lazy\" title=\"YouTube video player\" src=\"https:\/\/www.youtube.com\/embed\/BJBzNtMEqRg\" width=\"560\" height=\"315\" frameborder=\"0\" allowfullscreen=\"allowfullscreen\" data-mce-fragment=\"1\"><\/iframe><\/p>\n<p>[separator]<a name=\"lascriaturas\"><\/a><\/p>\n<ul>\n<li>\n<h2><strong>&#8211; Las criaturas que se derriten bajo el sol <\/strong><\/h2>\n<\/li>\n<\/ul>\n<p><a href=\"http:\/\/www.movilh.cl\/cine\/wp-content\/uploads\/2022\/09\/las_criaturas_que_se_derriten_bajo_el_sol-904137520-large.jpeg\"><img loading=\"lazy\" decoding=\"async\" class=\"alignleft wp-image-1626\" src=\"http:\/\/www.movilh.cl\/cine\/wp-content\/uploads\/2022\/09\/las_criaturas_que_se_derriten_bajo_el_sol-904137520-large.jpeg\" alt=\"\" width=\"310\" height=\"438\" srcset=\"http:\/\/www.movilh.cl\/cine\/wp-content\/uploads\/2022\/09\/las_criaturas_que_se_derriten_bajo_el_sol-904137520-large.jpeg 848w, http:\/\/www.movilh.cl\/cine\/wp-content\/uploads\/2022\/09\/las_criaturas_que_se_derriten_bajo_el_sol-904137520-large-141x200.jpeg 141w, http:\/\/www.movilh.cl\/cine\/wp-content\/uploads\/2022\/09\/las_criaturas_que_se_derriten_bajo_el_sol-904137520-large-233x330.jpeg 233w, http:\/\/www.movilh.cl\/cine\/wp-content\/uploads\/2022\/09\/las_criaturas_que_se_derriten_bajo_el_sol-904137520-large-768x1087.jpeg 768w, http:\/\/www.movilh.cl\/cine\/wp-content\/uploads\/2022\/09\/las_criaturas_que_se_derriten_bajo_el_sol-904137520-large-620x877.jpeg 620w\" sizes=\"(max-width: 310px) 100vw, 310px\" \/><\/a><\/p>\n<p style=\"font-weight: 400;\"><strong>A\u00f1o: <\/strong>2022<\/p>\n<p style=\"font-weight: 400;\"><strong>Pa\u00eds: <\/strong>Chile &#8211; Francia<\/p>\n<p style=\"font-weight: 400;\"><strong>Direcci\u00f3n: <\/strong>Diego C\u00e9spedes<\/p>\n<p style=\"font-weight: 400;\"><strong>Duraci\u00f3n: <\/strong>16&#8242;<\/p>\n<p style=\"font-weight: 400;\"><strong>Categor\u00eda: <\/strong>Ficci\u00f3n<\/p>\n<p style=\"font-weight: 400;\"><strong>Sinopsis:<\/strong> Nataly, una mujer trans, visita una misteriosa comunidad que se derrite bajo el sol. En este viaje, se reencuentra con su amante y la acompa\u00f1a su hija peque\u00f1a. \u00c9l despierta los recuerdos de una larga relaci\u00f3n abusiva y ella le canta para sanar su coraz\u00f3n.<\/p>\n<p><iframe loading=\"lazy\" title=\"YouTube video player\" src=\"https:\/\/www.youtube.com\/embed\/wGLibkP4yD0\" width=\"560\" height=\"315\" frameborder=\"0\" allowfullscreen=\"allowfullscreen\" data-mce-fragment=\"1\"><\/iframe><\/p>\n<p>[separator]<a name=\"pielapiel\"><\/a><\/p>\n<ul>\n<li>\n<h2><strong>&#8211; Piel a Piel <\/strong><\/h2>\n<\/li>\n<\/ul>\n<p><a href=\"http:\/\/www.movilh.cl\/cine\/wp-content\/uploads\/2022\/09\/Piel_a_piel_C-715997952-large.jpeg\"><img loading=\"lazy\" decoding=\"async\" class=\"alignleft wp-image-1627\" src=\"http:\/\/www.movilh.cl\/cine\/wp-content\/uploads\/2022\/09\/Piel_a_piel_C-715997952-large.jpeg\" alt=\"\" width=\"302\" height=\"402\" srcset=\"http:\/\/www.movilh.cl\/cine\/wp-content\/uploads\/2022\/09\/Piel_a_piel_C-715997952-large.jpeg 900w, http:\/\/www.movilh.cl\/cine\/wp-content\/uploads\/2022\/09\/Piel_a_piel_C-715997952-large-150x200.jpeg 150w, http:\/\/www.movilh.cl\/cine\/wp-content\/uploads\/2022\/09\/Piel_a_piel_C-715997952-large-248x330.jpeg 248w, http:\/\/www.movilh.cl\/cine\/wp-content\/uploads\/2022\/09\/Piel_a_piel_C-715997952-large-768x1024.jpeg 768w, http:\/\/www.movilh.cl\/cine\/wp-content\/uploads\/2022\/09\/Piel_a_piel_C-715997952-large-620x827.jpeg 620w\" sizes=\"(max-width: 302px) 100vw, 302px\" \/><\/a><\/p>\n<p style=\"font-weight: 400;\"><strong>A\u00f1o: <\/strong>2021<\/p>\n<p style=\"font-weight: 400;\"><strong>Pa\u00eds: <\/strong>Espa\u00f1a<\/p>\n<p style=\"font-weight: 400;\"><strong>Direcci\u00f3n: <\/strong>Mel Arranz<\/p>\n<p style=\"font-weight: 400;\"><strong>Duraci\u00f3n: <\/strong>7&#8242;<\/p>\n<p style=\"font-weight: 400;\"><strong>Categor\u00eda: <\/strong>Animaci\u00f3n<\/p>\n<p style=\"font-weight: 400;\"><strong>Sinopsis:<\/strong> Entre l\u00edneas y formas, las manos se tocan, se conocen y se experimentan, queriendo buscar sus l\u00edmites entre la piel.<\/p>\n<p><iframe loading=\"lazy\" src=\"https:\/\/player.vimeo.com\/video\/579811840?h=46ef459ccb\" width=\"560\" height=\"420\" frameborder=\"0\" allowfullscreen=\"allowfullscreen\" data-mce-fragment=\"1\"><\/iframe><\/p>\n<p>[separator]<a name=\"sisupiese\"><\/a><\/p>\n<ul>\n<li>\n<h2><strong>&#8211; Si supiese <\/strong><\/h2>\n<\/li>\n<\/ul>\n<p><a href=\"http:\/\/www.movilh.cl\/cine\/wp-content\/uploads\/2022\/09\/berak_baleki-185519553-large.jpeg\"><img loading=\"lazy\" decoding=\"async\" class=\"alignleft wp-image-1628\" src=\"http:\/\/www.movilh.cl\/cine\/wp-content\/uploads\/2022\/09\/berak_baleki-185519553-large.jpeg\" alt=\"\" width=\"300\" height=\"425\" srcset=\"http:\/\/www.movilh.cl\/cine\/wp-content\/uploads\/2022\/09\/berak_baleki-185519553-large.jpeg 848w, http:\/\/www.movilh.cl\/cine\/wp-content\/uploads\/2022\/09\/berak_baleki-185519553-large-141x200.jpeg 141w, http:\/\/www.movilh.cl\/cine\/wp-content\/uploads\/2022\/09\/berak_baleki-185519553-large-233x330.jpeg 233w, http:\/\/www.movilh.cl\/cine\/wp-content\/uploads\/2022\/09\/berak_baleki-185519553-large-768x1087.jpeg 768w, http:\/\/www.movilh.cl\/cine\/wp-content\/uploads\/2022\/09\/berak_baleki-185519553-large-620x877.jpeg 620w\" sizes=\"(max-width: 300px) 100vw, 300px\" \/><\/a><\/p>\n<p style=\"font-weight: 400;\"><strong>A\u00f1o: <\/strong>2021<\/p>\n<p style=\"font-weight: 400;\"><strong>Pa\u00eds: <\/strong>Espa\u00f1a<\/p>\n<p style=\"font-weight: 400;\"><strong>Direcci\u00f3n: <\/strong>Aitor Gametxo<\/p>\n<p style=\"font-weight: 400;\"><strong>Duraci\u00f3n: <\/strong>16&#8242;<\/p>\n<p style=\"font-weight: 400;\"><strong>Categor\u00eda: <\/strong>Ficci\u00f3n<\/p>\n<p style=\"font-weight: 400;\"><strong>Sinopsis:<\/strong> Mart\u00edn llena de ilusi\u00f3n diariamente el plat\u00f3 donde trabaja. En su vida personal, en cambio, siente un gran vac\u00edo.<\/p>\n<p><iframe loading=\"lazy\" title=\"YouTube video player\" src=\"https:\/\/www.youtube.com\/embed\/SnblLUpmj3c\" width=\"560\" height=\"315\" frameborder=\"0\" allowfullscreen=\"allowfullscreen\" data-mce-fragment=\"1\"><\/iframe><\/p>\n<p>[separator]<\/p>\n","protected":false},"excerpt":{"rendered":"<p>[separator] Largometrajes: [separator] &ndash; Finlandia A&ntilde;o: 2021 Pa&iacute;s: Espa&ntilde;a Direcci&oacute;n: Horacio Alcal&aacute; Duraci&oacute;n: 97&prime; Categor&iacute;a: Largometraje de ficci&oacute;n Sinopsis: Marta es dise&ntilde;adora y realiza un viaje a Oaxaca para documentarse. Su forma de apreciar la realidad y la visi&oacute;n de s&iacute; misma cambia cuando comienza a convivir con las muxes, un colectivo que lucha por &hellip; <\/p>\n<p class=\"link-more\"><a href=\"http:\/\/www.movilh.cl\/cine\/cartelera-2022-2\/\" class=\"more-link\">Leer m\u00e1s<span class=\"screen-reader-text\"> \u00abCartelera 2022\u00bb<\/span><\/a><\/p>\n","protected":false},"author":1,"featured_media":0,"parent":0,"menu_order":0,"comment_status":"closed","ping_status":"closed","template":"","meta":{"footnotes":""},"class_list":["post-1682","page","type-page","status-publish","hentry"],"_links":{"self":[{"href":"http:\/\/www.movilh.cl\/cine\/wp-json\/wp\/v2\/pages\/1682"}],"collection":[{"href":"http:\/\/www.movilh.cl\/cine\/wp-json\/wp\/v2\/pages"}],"about":[{"href":"http:\/\/www.movilh.cl\/cine\/wp-json\/wp\/v2\/types\/page"}],"author":[{"embeddable":true,"href":"http:\/\/www.movilh.cl\/cine\/wp-json\/wp\/v2\/users\/1"}],"replies":[{"embeddable":true,"href":"http:\/\/www.movilh.cl\/cine\/wp-json\/wp\/v2\/comments?post=1682"}],"version-history":[{"count":1,"href":"http:\/\/www.movilh.cl\/cine\/wp-json\/wp\/v2\/pages\/1682\/revisions"}],"predecessor-version":[{"id":1683,"href":"http:\/\/www.movilh.cl\/cine\/wp-json\/wp\/v2\/pages\/1682\/revisions\/1683"}],"wp:attachment":[{"href":"http:\/\/www.movilh.cl\/cine\/wp-json\/wp\/v2\/media?parent=1682"}],"curies":[{"name":"wp","href":"https:\/\/api.w.org\/{rel}","templated":true}]}}