{"id":6,"date":"2020-11-24T17:31:08","date_gmt":"2020-11-24T20:31:08","guid":{"rendered":"http:\/\/www.movilh.cl\/cad\/?page_id=6"},"modified":"2026-03-16T14:39:45","modified_gmt":"2026-03-16T17:39:45","slug":"quienes-somos","status":"publish","type":"page","link":"http:\/\/www.movilh.cl\/cad\/quienes-somos\/","title":{"rendered":"Qui\u00e9nes somos"},"content":{"rendered":"<p><span style=\"font-size: 14pt;\"><\/span><\/p>\r\n<p><img decoding=\"async\" loading=\"lazy\" src=\"http:\/\/www.movilh.cl\/cad\/wp-content\/uploads\/2026\/03\/1720.jpg\" alt=\"\" width=\"1500\" height=\"600\" class=\"img-redonda aligncenter wp-image-273 size-full\" srcset=\"http:\/\/www.movilh.cl\/cad\/wp-content\/uploads\/2026\/03\/1720.jpg 1500w, http:\/\/www.movilh.cl\/cad\/wp-content\/uploads\/2026\/03\/1720-300x120.jpg 300w, http:\/\/www.movilh.cl\/cad\/wp-content\/uploads\/2026\/03\/1720-1024x410.jpg 1024w, http:\/\/www.movilh.cl\/cad\/wp-content\/uploads\/2026\/03\/1720-768x307.jpg 768w\" sizes=\"(max-width: 1500px) 100vw, 1500px\" \/><\/p>\r\n<p>&nbsp;<\/p>\r\n<p><span style=\"font-size: 16px;\">El <strong>Centro de Atenci\u00f3n a la Diversidad<\/strong> (CAD) es un programa del <strong><a href=\"https:\/\/www.movilh.cl\/\" target=\"_blank\" rel=\"noopener\">Movilh<\/a><\/strong> para ayudar y orientar de manera gratuita a las personas LGBTIQ+ que requieren informaci\u00f3n sobre sus derechos, que se ven afectadas por\u00a0 violencia, delitos , abusos y\/o por la discriminaci\u00f3n relacionada con su orientaci\u00f3n sexual, identidad de g\u00e9nero o expresi\u00f3n de g\u00e9nero, adem\u00e1s de ofrecer charlas de capacitaci\u00f3n a instituciones p\u00fablicas y privadas y atender dudas de estudiantes.<\/span><\/p>\r\n<p><span style=\"font-size: 16px;\">El programa beneficia a personas lesbianas, gays, bisexuales, trans, intersex, queer, asexuales, pansexuales y otras (LGBTIQ+) , a sus familiares y a la ciudadan\u00eda en general que requiere conocer la realidad y derechos de la diversidades sexuales y de g\u00e9nero en Chile<\/span><\/p>\r\n<p><span style=\"font-size: 16px;\">Desde su origen en 1991 el Movilh ha atendido al 93% de las denuncias por discriminaci\u00f3n conocidas en Chile que afectan a las personas LGBTIQ+ a lo largo de todo el pa\u00eds.<\/span><\/p>\r\n<p>&nbsp;<\/p>\r\n<p>&nbsp;<\/p>\r\n<p>&nbsp;<\/p>\r\n<p><span style=\"font-size: 14pt;\"><\/span><\/p>","protected":false},"excerpt":{"rendered":"<p>&nbsp; El Centro de Atenci\u00f3n a la Diversidad (CAD) es un programa del Movilh para ayudar y orientar de manera gratuita a las personas LGBTIQ+ que requieren informaci\u00f3n sobre sus derechos, que se ven afectadas por\u00a0 violencia, delitos , abusos y\/o por la discriminaci\u00f3n relacionada con su orientaci\u00f3n sexual, identidad [&hellip;]<\/p>\n","protected":false},"author":1,"featured_media":0,"parent":0,"menu_order":0,"comment_status":"closed","ping_status":"closed","template":"","meta":{"_themeisle_gutenberg_block_has_review":false},"_links":{"self":[{"href":"http:\/\/www.movilh.cl\/cad\/wp-json\/wp\/v2\/pages\/6"}],"collection":[{"href":"http:\/\/www.movilh.cl\/cad\/wp-json\/wp\/v2\/pages"}],"about":[{"href":"http:\/\/www.movilh.cl\/cad\/wp-json\/wp\/v2\/types\/page"}],"author":[{"embeddable":true,"href":"http:\/\/www.movilh.cl\/cad\/wp-json\/wp\/v2\/users\/1"}],"replies":[{"embeddable":true,"href":"http:\/\/www.movilh.cl\/cad\/wp-json\/wp\/v2\/comments?post=6"}],"version-history":[{"count":17,"href":"http:\/\/www.movilh.cl\/cad\/wp-json\/wp\/v2\/pages\/6\/revisions"}],"predecessor-version":[{"id":284,"href":"http:\/\/www.movilh.cl\/cad\/wp-json\/wp\/v2\/pages\/6\/revisions\/284"}],"wp:attachment":[{"href":"http:\/\/www.movilh.cl\/cad\/wp-json\/wp\/v2\/media?parent=6"}],"curies":[{"name":"wp","href":"https:\/\/api.w.org\/{rel}","templated":true}]}}