{"id":184,"date":"2026-03-16T12:11:09","date_gmt":"2026-03-16T15:11:09","guid":{"rendered":"https:\/\/www.movilh.cl\/cad\/inicio\/"},"modified":"2026-03-16T14:19:46","modified_gmt":"2026-03-16T17:19:46","slug":"inicio","status":"publish","type":"page","link":"http:\/\/www.movilh.cl\/cad\/","title":{"rendered":"Inicio"},"content":{"rendered":"<p><\/p>\r\n<p>&nbsp;<\/p>\r\n<div class=\"wp-block-cover alignfull has-white-background-color has-background-dim hestia-clear-top-padding\">\r\n<div class=\"wp-block-cover__inner-container\">\r\n<h5 class=\"has-text-align-center has-text-color wp-block-heading\" style=\"color: #3c4858;\">Acerca del CAD<\/h5>\r\n<\/div>\r\n<\/div>\r\n<div class=\"wp-block-columns container\">\r\n<div class=\"wp-block-column col-md-5\">\r\n\r\n\r\n<p><span>El Centro de Atenci\u00f3n a la Diversidad (CAD) es un programa del <\/span><a href=\"https:\/\/www.movilh.cl\/\" target=\"_blank\" rel=\"noopener\">Movilh<\/a><span> para ayudar y orientar de manera gratuita a las personas LGBTIQ+ que requieren informaci\u00f3n sobre sus derechos, que se ven afectadas por\u00a0 violencia, delitos , abusos y\/o por la discriminaci\u00f3n relacionada con su orientaci\u00f3n sexual, identidad de g\u00e9nero o expresi\u00f3n de g\u00e9nero<\/span><\/p>\r\n<\/div>\r\n\r\n\r\n\r\n<div class=\"wp-block-column col-md-6 col-md-offset1 is-layout-flow\">\r\n<div style=\"height: 55px;\" aria-hidden=\"true\" class=\"wp-block-spacer\"><\/div>\r\n\r\n\r\n\r\n<figure class=\"wp-block-image size-large\"><img decoding=\"async\" src=\"https:\/\/www.movilh.cl\/cad\/wp-content\/themes\/hestia\/assets\/img\/about-content.png\" alt=\"\" class=\"wp-image-81\" \/><\/figure>\r\n\r\n\r\n\r\n<p>&nbsp;<\/p>\r\n<\/div>\r\n<\/div>\r\n<!-- \/wp:columns -->","protected":false},"excerpt":{"rendered":"<p>&nbsp;<\/p>\n","protected":false},"author":1,"featured_media":0,"parent":0,"menu_order":0,"comment_status":"closed","ping_status":"closed","template":"","meta":{"_themeisle_gutenberg_block_has_review":false},"_links":{"self":[{"href":"http:\/\/www.movilh.cl\/cad\/wp-json\/wp\/v2\/pages\/184"}],"collection":[{"href":"http:\/\/www.movilh.cl\/cad\/wp-json\/wp\/v2\/pages"}],"about":[{"href":"http:\/\/www.movilh.cl\/cad\/wp-json\/wp\/v2\/types\/page"}],"author":[{"embeddable":true,"href":"http:\/\/www.movilh.cl\/cad\/wp-json\/wp\/v2\/users\/1"}],"replies":[{"embeddable":true,"href":"http:\/\/www.movilh.cl\/cad\/wp-json\/wp\/v2\/comments?post=184"}],"version-history":[{"count":7,"href":"http:\/\/www.movilh.cl\/cad\/wp-json\/wp\/v2\/pages\/184\/revisions"}],"predecessor-version":[{"id":269,"href":"http:\/\/www.movilh.cl\/cad\/wp-json\/wp\/v2\/pages\/184\/revisions\/269"}],"wp:attachment":[{"href":"http:\/\/www.movilh.cl\/cad\/wp-json\/wp\/v2\/media?parent=184"}],"curies":[{"name":"wp","href":"https:\/\/api.w.org\/{rel}","templated":true}]}}