{"id":18,"date":"2020-11-24T17:39:18","date_gmt":"2020-11-24T20:39:18","guid":{"rendered":"http:\/\/www.movilh.cl\/cad\/?page_id=18"},"modified":"2026-03-16T14:56:22","modified_gmt":"2026-03-16T17:56:22","slug":"contacto","status":"publish","type":"page","link":"http:\/\/www.movilh.cl\/cad\/contacto\/","title":{"rendered":"Contacto"},"content":{"rendered":"<p><span style=\"font-size: 14pt;\"><strong>1.- Si quieres comunicarte con nosotros por favor <\/strong><\/span><strong><span style=\"font-size: 14pt;\">escribe a nuestro correo: movilh@gmail.com<\/span><\/strong><\/p>\n<ul>\n<li style=\"text-align: left;\"><span style=\"font-size: 14pt;\">Por favor antes de escribir <strong>lee los pasos que debes seguir<\/strong> para que recibas orientaci\u00f3n <strong><a href=\"https:\/\/www.movilh.cl\/cad\/?page_id=10\" target=\"_blank\" rel=\"noopener noreferrer\">legal<\/a> <\/strong>o <strong><a href=\"http:\/\/www.movilh.cl\/cad\/apoyo-psicologico\/\" target=\"_blank\" rel=\"noopener noreferrer\">psicol\u00f3gica<\/a><\/strong> gratuita de parte nuestra. <\/span><\/li>\n<li style=\"text-align: left;\"><span style=\"font-size: 14pt;\"><span style=\"font-size: 14pt;\"><strong>Si eres estudiante<\/strong> o investigador\/a y necesitas orientaci\u00f3n para desarrollar alg\u00fan trabajo acad\u00e9mico, puedes pedir una hora de atenci\u00f3n siguiendo los pasos indicados en <a href=\"https:\/\/www.movilh.cl\/cad\/orientacion\/\" target=\"_blank\" rel=\"noopener\"><strong><em>este enlace<\/em><\/strong>.<\/a><\/span><\/span><span style=\"font-size: 14pt;\"><strong><a href=\"https:\/\/www.movilh.cl\/cad\/orientacion\/\" target=\"_blank\" rel=\"noopener\"><\/a><\/strong><\/span><\/li>\n<\/ul>\n<p>&nbsp;<\/p>\n<hr \/>\n<p><span style=\"font-size: 14pt;\"><strong>2.-<\/strong>.<strong><b><i>WHATSAPP SOLO PARA <\/i><\/b>EMERGENCIAS POR AGRESIONES F\u00edSICAS:\u00a0<a href=\"tel:+56%209%204520%208868\" target=\"_blank\" rel=\"noopener noreferrer\">+56 9 4520 8868<\/a><\/strong><\/span><\/p>\n<p><span style=\"font-size: 14pt; color: #0000ff;\">Por favor usar este Whatsapp solo en caso de agresiones f\u00edsicas. Luego de que env\u00edes un relato con lo ocurrido, ser\u00e1s llamado\/a u orientado\/a.<\/span><\/p>\n<p><span style=\"font-size: 14pt;\"><strong>Por favor NO USAR este whatsapp para otro tipo de dudas, conflictos o casos de discriminaci\u00f3n.<\/strong><\/span><\/p>\n<p>&nbsp;<\/p>\n","protected":false},"excerpt":{"rendered":"<p>1.- Si quieres comunicarte con nosotros por favor escribe a nuestro correo: movilh@gmail.com Por favor antes de escribir lee los pasos que debes seguir para que recibas orientaci\u00f3n legal o psicol\u00f3gica gratuita de parte nuestra. Si eres estudiante o investigador\/a y necesitas orientaci\u00f3n para desarrollar alg\u00fan trabajo acad\u00e9mico, puedes pedir [&hellip;]<\/p>\n","protected":false},"author":1,"featured_media":0,"parent":0,"menu_order":0,"comment_status":"closed","ping_status":"closed","template":"","meta":{"_themeisle_gutenberg_block_has_review":false},"_links":{"self":[{"href":"http:\/\/www.movilh.cl\/cad\/wp-json\/wp\/v2\/pages\/18"}],"collection":[{"href":"http:\/\/www.movilh.cl\/cad\/wp-json\/wp\/v2\/pages"}],"about":[{"href":"http:\/\/www.movilh.cl\/cad\/wp-json\/wp\/v2\/types\/page"}],"author":[{"embeddable":true,"href":"http:\/\/www.movilh.cl\/cad\/wp-json\/wp\/v2\/users\/1"}],"replies":[{"embeddable":true,"href":"http:\/\/www.movilh.cl\/cad\/wp-json\/wp\/v2\/comments?post=18"}],"version-history":[{"count":12,"href":"http:\/\/www.movilh.cl\/cad\/wp-json\/wp\/v2\/pages\/18\/revisions"}],"predecessor-version":[{"id":295,"href":"http:\/\/www.movilh.cl\/cad\/wp-json\/wp\/v2\/pages\/18\/revisions\/295"}],"wp:attachment":[{"href":"http:\/\/www.movilh.cl\/cad\/wp-json\/wp\/v2\/media?parent=18"}],"curies":[{"name":"wp","href":"https:\/\/api.w.org\/{rel}","templated":true}]}}