{"id":10,"date":"2020-11-24T17:35:04","date_gmt":"2020-11-24T20:35:04","guid":{"rendered":"http:\/\/www.movilh.cl\/cad\/?page_id=10"},"modified":"2026-03-16T14:47:46","modified_gmt":"2026-03-16T17:47:46","slug":"apoyo-legal","status":"publish","type":"page","link":"http:\/\/www.movilh.cl\/cad\/apoyo-legal\/","title":{"rendered":"Apoyo Legal"},"content":{"rendered":"<p><img decoding=\"async\" loading=\"lazy\" src=\"http:\/\/www.movilh.cl\/cad\/wp-content\/uploads\/2026\/03\/5010.jpg\" alt=\"\" width=\"1500\" height=\"429\" class=\"img-redonda aligncenter wp-image-290 size-full\" srcset=\"http:\/\/www.movilh.cl\/cad\/wp-content\/uploads\/2026\/03\/5010.jpg 1500w, http:\/\/www.movilh.cl\/cad\/wp-content\/uploads\/2026\/03\/5010-300x86.jpg 300w, http:\/\/www.movilh.cl\/cad\/wp-content\/uploads\/2026\/03\/5010-1024x293.jpg 1024w, http:\/\/www.movilh.cl\/cad\/wp-content\/uploads\/2026\/03\/5010-768x220.jpg 768w\" sizes=\"(max-width: 1500px) 100vw, 1500px\" \/><\/p>\n<p>&nbsp;<\/p>\n<p><span style=\"font-size: 16px;\">Si eres una persona LGBTIQ+,<span class=\"Apple-converted-space\">\u00a0<\/span>de nacionalidad chilena o extranjera, y sufriste en nuestro pa\u00eds alguna agresi\u00f3n u abuso, o discriminaci\u00f3n<span class=\"Apple-converted-space\">\u00a0\u00a0<\/span>en raz\u00f3n de tu orientaci\u00f3n sexual, identidad de g\u00e9nero o expresi\u00f3n de g\u00e9nero podemos darte orientaci\u00f3n jur\u00eddica.<\/span><\/p>\n<p><span style=\"font-size: 16px;\">La orientaci\u00f3n jur\u00eddica se brinda a las personas que previamente responden al correo<strong> <a href=\"mailto:movilh@gmail.com\">movilh@gmail.com<\/a> <\/strong>todas las consultas abajo expuestas, en el mismo orden que se plantean.<\/span><\/p>\n<p><span style=\"font-size: 16px;\">Recibir\u00e1s orientaci\u00f3n a trav\u00e9s del mismo correo y\/o de manera presencial o remota con nuestra abogada.<\/span><\/p>\n<p><span style=\"font-size: 16px;\">Para brindarte orientaci\u00f3n jur\u00eddica, es muy importante que en tu denuncia nos cuentes:<\/span><\/p>\n<p style=\"padding-left: 40px;\"><span style=\"font-size: 16px;\">1.- Nombre completo<\/span><\/p>\n<p style=\"padding-left: 40px;\"><span style=\"font-size: 16px;\">2.- Rut o n\u00famero de pasaporte:<\/span><\/p>\n<p style=\"padding-left: 40px;\"><span style=\"font-size: 16px;\">3.- Edad:<\/span><\/p>\n<p style=\"padding-left: 40px;\"><span style=\"font-size: 16px;\">4.- G\u00e9nero (masculino, femenino, no binario):<\/span><\/p>\n<p style=\"padding-left: 40px;\"><span style=\"font-size: 16px;\">5.- Orientaci\u00f3n sexual (lesbiana, gay, bisexual, pansexual, etc):<\/span><\/p>\n<p style=\"padding-left: 40px;\"><span style=\"font-size: 16px;\">6.- \u00bfEres una persona trans?<\/span><\/p>\n<p style=\"padding-left: 40px;\"><span style=\"font-size: 16px;\">7.- Nacionalidad:<\/span><\/p>\n<p style=\"padding-left: 40px;\"><span style=\"font-size: 16px;\">8.- Fono de contacto:<\/span><\/p>\n<p style=\"padding-left: 40px;\"><span style=\"font-size: 16px;\">9.- Fecha y hora de la discriminaci\u00f3n:<\/span><\/p>\n<p style=\"padding-left: 40px;\"><span style=\"font-size: 16px;\">10.- Direcci\u00f3n, comuna y regi\u00f3n de residencia:<\/span><\/p>\n<p style=\"padding-left: 40px;\"><span style=\"font-size: 16px;\">11.- Nombre de la(s) persona(s) o instituci\u00f3n responsable (s) de la discriminaci\u00f3n:<\/span><\/p>\n<p style=\"padding-left: 40px;\"><span style=\"font-size: 16px;\">12.- Relaci\u00f3n que tienes con la persona o instituci\u00f3n que te discrimin\u00f3:<\/span><\/p>\n<p style=\"padding-left: 40px;\"><span style=\"font-size: 16px;\">13.- Correo electr\u00f3nico y\/o tel\u00e9fono de la persona o instituci\u00f3n que te discrimin\u00f3 o vulner\u00f3 alguno de tus derechos:<\/span><\/p>\n<p style=\"padding-left: 40px;\"><span style=\"font-size: 16px;\">14.- \u00bfC\u00f3mo y cu\u00e1ndo la persona o instituci\u00f3n que te discrimin\u00f3 o vulner\u00f3 tus derechos se enter\u00f3 de tu orientaci\u00f3n sexual o identidad de g\u00e9nero?:<\/span><\/p>\n<p style=\"padding-left: 40px;\"><span style=\"font-size: 16px;\">15.- Relato sobre c\u00f3mo vulneraron tus derechos o te discriminaron explicando porque se debi\u00f3 a que eres LGBTIQ+:<\/span><\/p>\n<p style=\"padding-left: 40px;\"><span style=\"font-size: 16px;\">16.- Los responsables de la vulneraci\u00f3n de derechos \u00bfqu\u00e9 te dijeron exactamente sobre tu orientaci\u00f3n sexual o identidad de g\u00e9nero? Indica las frases o palabras con la mayor exactitud posible:<\/span><\/p>\n<p style=\"padding-left: 40px;\"><span style=\"font-size: 16px;\">17.- Si la vulneraci\u00f3n derechos ocurri\u00f3 en el marco de una discusi\u00f3n o pelea. \u00bfPor qu\u00e9 se origin\u00f3 la pelea o discusi\u00f3n y como deriv\u00f3 en discriminaci\u00f3n?:<\/span><\/p>\n<p style=\"padding-left: 40px;\"><span style=\"font-size: 16px;\">18.- El tipo de ayuda que quieres te brindemos:<\/span><\/p>\n<p style=\"padding-left: 40px;\"><span style=\"font-size: 16px;\">19.- Anexa a tus respuestas cualquier prueba que tengas sobre tu denuncia. Video, fotograf\u00edas, documentos, nombres y contactos de testigos. Deben ser exclusivamente pruebas que den cuenta de un acto de vulneraci\u00f3n de derechos o de discriminaci\u00f3n por tu orientaci\u00f3n sexual o identidad de g\u00e9nero:<\/span><\/p>\n<p style=\"padding-left: 40px;\"><span style=\"font-size: 16px;\">20.- En caso de haber denunciado el hecho ante otros organismos (polic\u00edas, tribunales, empresas, etc), anexa todos los documentos o cartas que den cuenta de ello:<\/span><\/p>\n<p style=\"padding-left: 40px;\"><span style=\"font-size: 16px;\">21.- Si no denunciaste la vulneraci\u00f3n de derechos ante ning\u00fan organismo, expl\u00edcanos por qu\u00e9:<\/span><\/p>\n<p style=\"padding-left: 40px;\"><span style=\"font-size: 16px;\">22.- Si el caso de discriminaci\u00f3n o vulneraci\u00f3n de derechos ocurri\u00f3 hace m\u00e1s de una semana, explica por qu\u00e9 reci\u00e9n nos contactas ahora:<\/span><\/p>\n<p style=\"padding-left: 40px;\"><span style=\"font-size: 16px;\">23.- Acl\u00e1ranos si est\u00e1s dispuesto\/as a que informemos sobre tu caso en nuestro sitio web:<\/span><\/p>\n<p style=\"padding-left: 40px;\"><span style=\"font-size: 16px;\">24.- Eres afrodescendiente (s\u00ed o no):<\/span><\/p>\n<p style=\"padding-left: 40px;\"><span style=\"font-size: 16px;\">25.- Te identificas como parte de un pueblo originario: (s\u00ed o no):<\/span><\/p>\n<p><span style=\"font-size: 16px;\">*Mantendremos en absoluta privacidad los datos personales de tu denuncia. Para recibir ayuda, no es necesario que hagas p\u00fablica tu orientaci\u00f3n sexual o identidad de g\u00e9nero<\/span><\/p>\n<p>&nbsp;<\/p>\n","protected":false},"excerpt":{"rendered":"<p>&nbsp; Si eres una persona LGBTIQ+,\u00a0de nacionalidad chilena o extranjera, y sufriste en nuestro pa\u00eds alguna agresi\u00f3n u abuso, o discriminaci\u00f3n\u00a0\u00a0en raz\u00f3n de tu orientaci\u00f3n sexual, identidad de g\u00e9nero o expresi\u00f3n de g\u00e9nero podemos darte orientaci\u00f3n jur\u00eddica. La orientaci\u00f3n jur\u00eddica se brinda a las personas que previamente responden al correo [&hellip;]<\/p>\n","protected":false},"author":1,"featured_media":0,"parent":0,"menu_order":0,"comment_status":"closed","ping_status":"closed","template":"","meta":{"_themeisle_gutenberg_block_has_review":false},"_links":{"self":[{"href":"http:\/\/www.movilh.cl\/cad\/wp-json\/wp\/v2\/pages\/10"}],"collection":[{"href":"http:\/\/www.movilh.cl\/cad\/wp-json\/wp\/v2\/pages"}],"about":[{"href":"http:\/\/www.movilh.cl\/cad\/wp-json\/wp\/v2\/types\/page"}],"author":[{"embeddable":true,"href":"http:\/\/www.movilh.cl\/cad\/wp-json\/wp\/v2\/users\/1"}],"replies":[{"embeddable":true,"href":"http:\/\/www.movilh.cl\/cad\/wp-json\/wp\/v2\/comments?post=10"}],"version-history":[{"count":14,"href":"http:\/\/www.movilh.cl\/cad\/wp-json\/wp\/v2\/pages\/10\/revisions"}],"predecessor-version":[{"id":291,"href":"http:\/\/www.movilh.cl\/cad\/wp-json\/wp\/v2\/pages\/10\/revisions\/291"}],"wp:attachment":[{"href":"http:\/\/www.movilh.cl\/cad\/wp-json\/wp\/v2\/media?parent=10"}],"curies":[{"name":"wp","href":"https:\/\/api.w.org\/{rel}","templated":true}]}}